{"id":29465,"date":"2026-02-01T18:44:25","date_gmt":"2026-02-01T16:44:25","guid":{"rendered":"https:\/\/ignista.lt\/?post_type=product&#038;p=29465"},"modified":"2026-02-10T16:04:20","modified_gmt":"2026-02-10T14:04:20","slug":"nerudijancio-plieno-isorine-krosnele-37kw-75cm-aisi316","status":"publish","type":"product","link":"https:\/\/ignista.lt\/en\/parduotuve\/krosneles\/nerudijancio-plieno-isorine-krosnele-37kw-75cm-aisi316\/","title":{"rendered":"Stainless steel external stove 37KW 75cm (AISI316)"},"content":{"rendered":"<p>&nbsp;<\/p>\n<div style=\"width: 2560px;\" class=\"wp-video\"><video class=\"wp-video-shortcode\" id=\"video-29465-1\" width=\"2560\" height=\"1436\" loop autoplay preload=\"auto\" controls=\"controls\"><source type=\"video\/mp4\" src=\"https:\/\/ignista.lt\/wp-content\/uploads\/2025\/09\/2017.0.mp4?_=1\" \/><a href=\"https:\/\/ignista.lt\/wp-content\/uploads\/2025\/09\/2017.0.mp4\">https:\/\/ignista.lt\/wp-content\/uploads\/2025\/09\/2017.0.mp4<\/a><\/video><\/div>\n<p>&nbsp;<\/p>\n<h1 data-start=\"167\" data-end=\"215\">Outdoor wood-burning stove for outdoor hot tubs<\/h1>\n<p data-start=\"217\" data-end=\"467\"><strong data-start=\"217\" data-end=\"252\">Kubilo external wood-burning stove<\/strong>\u00a0- is an efficient, reliable and long-lasting solution for outdoor hot tub water heating. The external design allows the water temperature to be raised quickly, without taking up space in the hot tub itself and ensuring safer use.<\/p>\n<p data-start=\"469\" data-end=\"641\">This\u00a0<strong data-start=\"472\" data-end=\"500\">wood-burning stove for hot tub<\/strong>\u00a0Ideal for private use, as well as for countryside farmhouses or spa areas where fast heating and reliable construction are important.<\/p>\n<hr data-start=\"643\" data-end=\"646\" \/>\n<h2 data-start=\"648\" data-end=\"703\">Why choose an external wood-burning stove for your hot tub?<\/h2>\n<ul data-start=\"705\" data-end=\"1030\">\n<li data-start=\"705\" data-end=\"777\">\n<p data-start=\"707\" data-end=\"777\"><strong data-start=\"710\" data-end=\"738\">Fast water heating<\/strong>\u00a0- Efficient heat transfer system<\/p>\n<\/li>\n<li data-start=\"778\" data-end=\"847\">\n<p data-start=\"780\" data-end=\"847\"><strong data-start=\"783\" data-end=\"804\">Wood-fired<\/strong>\u00a0- an economical and natural way of heating<\/p>\n<\/li>\n<li data-start=\"848\" data-end=\"910\">\n<p data-start=\"850\" data-end=\"910\"><strong data-start=\"853\" data-end=\"878\">More space in the hot tub<\/strong>\u00a0- the stove is externally mounted<\/p>\n<\/li>\n<li data-start=\"911\" data-end=\"987\">\n<p data-start=\"913\" data-end=\"987\"><strong data-start=\"917\" data-end=\"936\">Safer to use<\/strong>\u00a0- no direct contact with hot surfaces<\/p>\n<\/li>\n<li data-start=\"988\" data-end=\"1030\">\n<p data-start=\"990\" data-end=\"1030\"><strong data-start=\"993\" data-end=\"1030\">Suitable for use in all seasons<\/strong><\/p>\n<\/li>\n<\/ul>\n<p data-start=\"1032\" data-end=\"1194\"><strong data-start=\"1032\" data-end=\"1059\">External hot tub stove<\/strong>\u00a0ensures constant circulation of the water, so the heat is evenly distributed and the water heats up faster than with indoor stoves.<\/p>\n<hr data-start=\"1196\" data-end=\"1199\" \/>\n<h2 data-start=\"1201\" data-end=\"1247\">Stainless steel stove for outdoor hot tubs<\/h2>\n<p data-start=\"1249\" data-end=\"1338\">This\u00a0<strong data-start=\"1252\" data-end=\"1291\">stainless steel hot tub stove<\/strong>\u00a0made of high quality metal, resistant to:<\/p>\n<ul data-start=\"1339\" data-end=\"1414\">\n<li data-start=\"1339\" data-end=\"1363\">\n<p data-start=\"1341\" data-end=\"1363\">for high temperatures<\/p>\n<\/li>\n<li data-start=\"1364\" data-end=\"1375\">\n<p data-start=\"1366\" data-end=\"1375\">for humidity<\/p>\n<\/li>\n<li data-start=\"1376\" data-end=\"1389\">\n<p data-start=\"1378\" data-end=\"1389\">for corrosion<\/p>\n<\/li>\n<li data-start=\"1390\" data-end=\"1414\">\n<p data-start=\"1392\" data-end=\"1414\">for intensive use<\/p>\n<\/li>\n<\/ul>\n<p data-start=\"1416\" data-end=\"1504\">The robust construction guarantees a long service life even under difficult outdoor conditions.<\/p>\n<hr data-start=\"1506\" data-end=\"1509\" \/>\n<h2 data-start=\"1511\" data-end=\"1558\">How does a hot tub water heating stove work?<\/h2>\n<p data-start=\"1560\" data-end=\"1661\"><strong data-start=\"1560\" data-end=\"1595\">Hot tub water heating stove<\/strong>\u00a0connected to the water inlet and outlet of the hot tub. For wood burning:<\/p>\n<ol data-start=\"1662\" data-end=\"1769\">\n<li data-start=\"1662\" data-end=\"1698\">\n<p data-start=\"1665\" data-end=\"1698\">Water circulated through the stove<\/p>\n<\/li>\n<li data-start=\"1699\" data-end=\"1730\">\n<p data-start=\"1702\" data-end=\"1730\">Heating from the combustion chamber<\/p>\n<\/li>\n<li data-start=\"1731\" data-end=\"1769\">\n<p data-start=\"1734\" data-end=\"1769\">He goes back to the hot tub, already warmed up<\/p>\n<\/li>\n<\/ol>\n<p data-start=\"1771\" data-end=\"1865\">The efficient design achieves optimum heating rates and reduces wood consumption.<\/p>\n<hr data-start=\"1867\" data-end=\"1870\" \/>\n<h2 data-start=\"1872\" data-end=\"1895\">Technical information<\/h2>\n<ul data-start=\"1897\" data-end=\"2142\">\n<li data-start=\"1897\" data-end=\"1935\">\n<p data-start=\"1899\" data-end=\"1935\">Type of stove:\u00a0<strong data-start=\"1916\" data-end=\"1935\">external woodshed<\/strong><\/p>\n<\/li>\n<li data-start=\"1936\" data-end=\"1967\">\n<p data-start=\"1938\" data-end=\"1967\">Purpose:\u00a0<strong data-start=\"1949\" data-end=\"1967\">outdoor hot tubs<\/strong><\/p>\n<\/li>\n<li data-start=\"1968\" data-end=\"2004\">\n<p data-start=\"1970\" data-end=\"2004\">Material:\u00a0<strong data-start=\"1980\" data-end=\"2004\">stainless steel<\/strong><\/p>\n<\/li>\n<li data-start=\"2005\" data-end=\"2030\">\n<p data-start=\"2007\" data-end=\"2030\">Heating:\u00a0<strong data-start=\"2018\" data-end=\"2030\">firewood<\/strong><\/p>\n<\/li>\n<li data-start=\"2031\" data-end=\"2051\">\n<p data-start=\"2033\" data-end=\"2051\">Stack connection: \u2714\ufe0f<\/p>\n<\/li>\n<li data-start=\"2052\" data-end=\"2076\">\n<p data-start=\"2054\" data-end=\"2076\">Water connections: \u2714\ufe0f<\/p>\n<\/li>\n<li data-start=\"2077\" data-end=\"2142\">\n<p data-start=\"2079\" data-end=\"2142\">Suitable for hot tubs: from ~1000 to 2000 l (depending on model)<\/p>\n<\/li>\n<\/ul>\n<blockquote data-start=\"2144\" data-end=\"2235\">\n<p data-start=\"2146\" data-end=\"2235\">\u00a0Please refer to the product specification for the exact dimensions, capacity and connection diameters.<\/p>\n<\/blockquote>\n<hr data-start=\"2237\" data-end=\"2240\" \/>\n<h2 data-start=\"2242\" data-end=\"2294\">What is this wood-burning stove best suited for?<\/h2>\n<p data-start=\"2296\" data-end=\"2416\">\u00a0For private yards<br data-start=\"2317\" data-end=\"2320\" \/>\u00a0For farmhouses and rental businesses<br data-start=\"2349\" data-end=\"2352\" \/>\u00a0For winter bathing<br data-start=\"2371\" data-end=\"2374\" \/>\u00a0For long-term and intensive use<\/p>\n<hr data-start=\"2418\" data-end=\"2421\" \/>\n<h2 data-start=\"2423\" data-end=\"2480\">Why buy this outdoor hot tub?<\/h2>\n<ul data-start=\"2482\" data-end=\"2639\">\n<li data-start=\"2482\" data-end=\"2518\">\n<p data-start=\"2484\" data-end=\"2518\">Proven, practical design<\/p>\n<\/li>\n<li data-start=\"2519\" data-end=\"2552\">\n<p data-start=\"2521\" data-end=\"2552\">High thermal efficiency<\/p>\n<\/li>\n<li data-start=\"2553\" data-end=\"2575\">\n<p data-start=\"2555\" data-end=\"2575\">Easy maintenance<\/p>\n<\/li>\n<li data-start=\"2576\" data-end=\"2601\">\n<p data-start=\"2578\" data-end=\"2601\">Durable construction<\/p>\n<\/li>\n<li data-start=\"2602\" data-end=\"2639\">\n<p data-start=\"2604\" data-end=\"2639\">Excellent value for money<\/p>\n<\/li>\n<\/ul>","protected":false},"excerpt":{"rendered":"<p>&nbsp; &nbsp; Kubilo i\u0161orin\u0117 malkin\u0117 krosnel\u0117 lauko kubilams Kubilo i\u0161orin\u0117 malkin\u0117 krosnel\u0117\u00a0\u2013 tai efektyvus, patikimas ir ilgaam\u017eis sprendimas lauko kubilo<\/p>","protected":false},"featured_media":569,"template":"","meta":[],"product_brand":[],"product_cat":[29],"product_tag":[],"class_list":{"0":"post-29465","1":"product","2":"type-product","3":"status-publish","4":"has-post-thumbnail","6":"product_cat-krosneles","8":"first","9":"instock","10":"taxable","11":"shipping-taxable","12":"purchasable","13":"product-type-simple"},"yoast_head":"<!-- This site is optimized with the Yoast SEO plugin v27.4 - https:\/\/yoast.com\/product\/yoast-seo-wordpress\/ -->\n<title>Ner\u016bdijan\u010dio plieno i\u0161orin\u0117 krosnel\u0117 37KW 75cm (AISI316) | Ignista<\/title>\n<meta name=\"description\" content=\"Kubilo i\u0161orin\u0117 malkin\u0117 krosnel\u0117 - efektyvus lauko kubilo vandens \u0161ildymas malkomis. Ner\u016bdijantis plienas, greitas \u012fkaitimas, ilgaam\u017e\u0117 konstrukcija.\" \/>\n<meta name=\"robots\" content=\"index, follow, max-snippet:-1, max-image-preview:large, max-video-preview:-1\" \/>\n<link rel=\"canonical\" href=\"https:\/\/ignista.lt\/en\/parduotuve\/krosneles\/nerudijancio-plieno-isorine-krosnele-37kw-75cm-aisi316\/\" \/>\n<meta property=\"og:locale\" content=\"en_US\" \/>\n<meta property=\"og:type\" content=\"article\" \/>\n<meta property=\"og:title\" content=\"Ner\u016bdijan\u010dio plieno i\u0161orin\u0117 krosnel\u0117 37KW 75cm (AISI316) | Ignista\" \/>\n<meta property=\"og:description\" content=\"Kubilo i\u0161orin\u0117 malkin\u0117 krosnel\u0117 - efektyvus lauko kubilo vandens \u0161ildymas malkomis. Ner\u016bdijantis plienas, greitas \u012fkaitimas, ilgaam\u017e\u0117 konstrukcija.\" \/>\n<meta property=\"og:url\" content=\"https:\/\/ignista.lt\/en\/parduotuve\/krosneles\/nerudijancio-plieno-isorine-krosnele-37kw-75cm-aisi316\/\" \/>\n<meta property=\"og:site_name\" content=\"Ignista\" \/>\n<meta property=\"article:modified_time\" content=\"2026-02-10T14:04:20+00:00\" \/>\n<meta property=\"og:image\" content=\"https:\/\/ignista.lt\/wp-content\/uploads\/2025\/09\/468750675_122115614528417168_5051353500689754328_n.jpg\" \/>\n\t<meta property=\"og:image:width\" content=\"2048\" \/>\n\t<meta property=\"og:image:height\" content=\"1280\" \/>\n\t<meta property=\"og:image:type\" content=\"image\/jpeg\" \/>\n<script type=\"application\/ld+json\" class=\"yoast-schema-graph\">{\"@context\":\"https:\\\/\\\/schema.org\",\"@graph\":[{\"@type\":\"WebPage\",\"@id\":\"https:\\\/\\\/ignista.lt\\\/parduotuve\\\/krosneles\\\/nerudijancio-plieno-isorine-krosnele-37kw-75cm-aisi316\\\/\",\"url\":\"https:\\\/\\\/ignista.lt\\\/parduotuve\\\/krosneles\\\/nerudijancio-plieno-isorine-krosnele-37kw-75cm-aisi316\\\/\",\"name\":\"Ner\u016bdijan\u010dio plieno i\u0161orin\u0117 krosnel\u0117 37KW 75cm (AISI316) | Ignista\",\"isPartOf\":{\"@id\":\"https:\\\/\\\/ignista.lt\\\/#website\"},\"primaryImageOfPage\":{\"@id\":\"https:\\\/\\\/ignista.lt\\\/parduotuve\\\/krosneles\\\/nerudijancio-plieno-isorine-krosnele-37kw-75cm-aisi316\\\/#primaryimage\"},\"image\":{\"@id\":\"https:\\\/\\\/ignista.lt\\\/parduotuve\\\/krosneles\\\/nerudijancio-plieno-isorine-krosnele-37kw-75cm-aisi316\\\/#primaryimage\"},\"thumbnailUrl\":\"https:\\\/\\\/ignista.lt\\\/wp-content\\\/uploads\\\/2025\\\/09\\\/468750675_122115614528417168_5051353500689754328_n.jpg\",\"datePublished\":\"2026-02-01T16:44:25+00:00\",\"dateModified\":\"2026-02-10T14:04:20+00:00\",\"description\":\"Kubilo i\u0161orin\u0117 malkin\u0117 krosnel\u0117 - efektyvus lauko kubilo vandens \u0161ildymas malkomis. Ner\u016bdijantis plienas, greitas \u012fkaitimas, ilgaam\u017e\u0117 konstrukcija.\",\"breadcrumb\":{\"@id\":\"https:\\\/\\\/ignista.lt\\\/parduotuve\\\/krosneles\\\/nerudijancio-plieno-isorine-krosnele-37kw-75cm-aisi316\\\/#breadcrumb\"},\"inLanguage\":\"en-US\",\"potentialAction\":[{\"@type\":\"ReadAction\",\"target\":[\"https:\\\/\\\/ignista.lt\\\/parduotuve\\\/krosneles\\\/nerudijancio-plieno-isorine-krosnele-37kw-75cm-aisi316\\\/\"]}]},{\"@type\":\"ImageObject\",\"inLanguage\":\"en-US\",\"@id\":\"https:\\\/\\\/ignista.lt\\\/parduotuve\\\/krosneles\\\/nerudijancio-plieno-isorine-krosnele-37kw-75cm-aisi316\\\/#primaryimage\",\"url\":\"https:\\\/\\\/ignista.lt\\\/wp-content\\\/uploads\\\/2025\\\/09\\\/468750675_122115614528417168_5051353500689754328_n.jpg\",\"contentUrl\":\"https:\\\/\\\/ignista.lt\\\/wp-content\\\/uploads\\\/2025\\\/09\\\/468750675_122115614528417168_5051353500689754328_n.jpg\",\"width\":2048,\"height\":1280},{\"@type\":\"BreadcrumbList\",\"@id\":\"https:\\\/\\\/ignista.lt\\\/parduotuve\\\/krosneles\\\/nerudijancio-plieno-isorine-krosnele-37kw-75cm-aisi316\\\/#breadcrumb\",\"itemListElement\":[{\"@type\":\"ListItem\",\"position\":1,\"name\":\"Home\",\"item\":\"https:\\\/\\\/ignista.lt\\\/lt\\\/\"},{\"@type\":\"ListItem\",\"position\":2,\"name\":\"Parduotuv\u0117\",\"item\":\"https:\\\/\\\/ignista.lt\\\/lt\\\/parduotuve\\\/\"},{\"@type\":\"ListItem\",\"position\":3,\"name\":\"Ner\u016bdijan\u010dio plieno i\u0161orin\u0117 krosnel\u0117 37KW 75cm (AISI316)\"}]},{\"@type\":\"WebSite\",\"@id\":\"https:\\\/\\\/ignista.lt\\\/#website\",\"url\":\"https:\\\/\\\/ignista.lt\\\/\",\"name\":\"Ignista\",\"description\":\"ner\u016bdijan\u010dio plieno krosnel\u0117s kubilams ir \u012fvair\u016bs metalo gaminiai\",\"potentialAction\":[{\"@type\":\"SearchAction\",\"target\":{\"@type\":\"EntryPoint\",\"urlTemplate\":\"https:\\\/\\\/ignista.lt\\\/?s={search_term_string}\"},\"query-input\":{\"@type\":\"PropertyValueSpecification\",\"valueRequired\":true,\"valueName\":\"search_term_string\"}}],\"inLanguage\":\"en-US\"}]}<\/script>\n<!-- \/ Yoast SEO plugin. -->","yoast_head_json":{"title":"Ner\u016bdijan\u010dio plieno i\u0161orin\u0117 krosnel\u0117 37KW 75cm (AISI316) | Ignista","description":"Kubilo i\u0161orin\u0117 malkin\u0117 krosnel\u0117 - efektyvus lauko kubilo vandens \u0161ildymas malkomis. Ner\u016bdijantis plienas, greitas \u012fkaitimas, ilgaam\u017e\u0117 konstrukcija.","robots":{"index":"index","follow":"follow","max-snippet":"max-snippet:-1","max-image-preview":"max-image-preview:large","max-video-preview":"max-video-preview:-1"},"canonical":"https:\/\/ignista.lt\/en\/parduotuve\/krosneles\/nerudijancio-plieno-isorine-krosnele-37kw-75cm-aisi316\/","og_locale":"en_US","og_type":"article","og_title":"Ner\u016bdijan\u010dio plieno i\u0161orin\u0117 krosnel\u0117 37KW 75cm (AISI316) | Ignista","og_description":"Kubilo i\u0161orin\u0117 malkin\u0117 krosnel\u0117 - efektyvus lauko kubilo vandens \u0161ildymas malkomis. Ner\u016bdijantis plienas, greitas \u012fkaitimas, ilgaam\u017e\u0117 konstrukcija.","og_url":"https:\/\/ignista.lt\/en\/parduotuve\/krosneles\/nerudijancio-plieno-isorine-krosnele-37kw-75cm-aisi316\/","og_site_name":"Ignista","article_modified_time":"2026-02-10T14:04:20+00:00","og_image":[{"width":2048,"height":1280,"url":"https:\/\/ignista.lt\/wp-content\/uploads\/2025\/09\/468750675_122115614528417168_5051353500689754328_n.jpg","type":"image\/jpeg"}],"schema":{"@context":"https:\/\/schema.org","@graph":[{"@type":"WebPage","@id":"https:\/\/ignista.lt\/parduotuve\/krosneles\/nerudijancio-plieno-isorine-krosnele-37kw-75cm-aisi316\/","url":"https:\/\/ignista.lt\/parduotuve\/krosneles\/nerudijancio-plieno-isorine-krosnele-37kw-75cm-aisi316\/","name":"Ner\u016bdijan\u010dio plieno i\u0161orin\u0117 krosnel\u0117 37KW 75cm (AISI316) | Ignista","isPartOf":{"@id":"https:\/\/ignista.lt\/#website"},"primaryImageOfPage":{"@id":"https:\/\/ignista.lt\/parduotuve\/krosneles\/nerudijancio-plieno-isorine-krosnele-37kw-75cm-aisi316\/#primaryimage"},"image":{"@id":"https:\/\/ignista.lt\/parduotuve\/krosneles\/nerudijancio-plieno-isorine-krosnele-37kw-75cm-aisi316\/#primaryimage"},"thumbnailUrl":"https:\/\/ignista.lt\/wp-content\/uploads\/2025\/09\/468750675_122115614528417168_5051353500689754328_n.jpg","datePublished":"2026-02-01T16:44:25+00:00","dateModified":"2026-02-10T14:04:20+00:00","description":"Kubilo i\u0161orin\u0117 malkin\u0117 krosnel\u0117 - efektyvus lauko kubilo vandens \u0161ildymas malkomis. Ner\u016bdijantis plienas, greitas \u012fkaitimas, ilgaam\u017e\u0117 konstrukcija.","breadcrumb":{"@id":"https:\/\/ignista.lt\/parduotuve\/krosneles\/nerudijancio-plieno-isorine-krosnele-37kw-75cm-aisi316\/#breadcrumb"},"inLanguage":"en-US","potentialAction":[{"@type":"ReadAction","target":["https:\/\/ignista.lt\/parduotuve\/krosneles\/nerudijancio-plieno-isorine-krosnele-37kw-75cm-aisi316\/"]}]},{"@type":"ImageObject","inLanguage":"en-US","@id":"https:\/\/ignista.lt\/parduotuve\/krosneles\/nerudijancio-plieno-isorine-krosnele-37kw-75cm-aisi316\/#primaryimage","url":"https:\/\/ignista.lt\/wp-content\/uploads\/2025\/09\/468750675_122115614528417168_5051353500689754328_n.jpg","contentUrl":"https:\/\/ignista.lt\/wp-content\/uploads\/2025\/09\/468750675_122115614528417168_5051353500689754328_n.jpg","width":2048,"height":1280},{"@type":"BreadcrumbList","@id":"https:\/\/ignista.lt\/parduotuve\/krosneles\/nerudijancio-plieno-isorine-krosnele-37kw-75cm-aisi316\/#breadcrumb","itemListElement":[{"@type":"ListItem","position":1,"name":"Home","item":"https:\/\/ignista.lt\/lt\/"},{"@type":"ListItem","position":2,"name":"Parduotuv\u0117","item":"https:\/\/ignista.lt\/lt\/parduotuve\/"},{"@type":"ListItem","position":3,"name":"Ner\u016bdijan\u010dio plieno i\u0161orin\u0117 krosnel\u0117 37KW 75cm (AISI316)"}]},{"@type":"WebSite","@id":"https:\/\/ignista.lt\/#website","url":"https:\/\/ignista.lt\/","name":"Ignista","description":"stainless steel hot tub stoves and various metal products","potentialAction":[{"@type":"SearchAction","target":{"@type":"EntryPoint","urlTemplate":"https:\/\/ignista.lt\/?s={search_term_string}"},"query-input":{"@type":"PropertyValueSpecification","valueRequired":true,"valueName":"search_term_string"}}],"inLanguage":"en-US"}]}},"_links":{"self":[{"href":"https:\/\/ignista.lt\/en\/wp-json\/wp\/v2\/product\/29465","targetHints":{"allow":["GET"]}}],"collection":[{"href":"https:\/\/ignista.lt\/en\/wp-json\/wp\/v2\/product"}],"about":[{"href":"https:\/\/ignista.lt\/en\/wp-json\/wp\/v2\/types\/product"}],"wp:featuredmedia":[{"embeddable":true,"href":"https:\/\/ignista.lt\/en\/wp-json\/wp\/v2\/media\/569"}],"wp:attachment":[{"href":"https:\/\/ignista.lt\/en\/wp-json\/wp\/v2\/media?parent=29465"}],"wp:term":[{"taxonomy":"product_brand","embeddable":true,"href":"https:\/\/ignista.lt\/en\/wp-json\/wp\/v2\/product_brand?post=29465"},{"taxonomy":"product_cat","embeddable":true,"href":"https:\/\/ignista.lt\/en\/wp-json\/wp\/v2\/product_cat?post=29465"},{"taxonomy":"product_tag","embeddable":true,"href":"https:\/\/ignista.lt\/en\/wp-json\/wp\/v2\/product_tag?post=29465"}],"curies":[{"name":"wp","href":"https:\/\/api.w.org\/{rel}","templated":true}]}}