{"id":29512,"date":"2026-02-09T18:58:56","date_gmt":"2026-02-09T16:58:56","guid":{"rendered":"https:\/\/ignista.lt\/?post_type=product&#038;p=29512"},"modified":"2026-05-09T12:25:50","modified_gmt":"2026-05-09T09:25:50","slug":"skaitmeninis-termometras-su-valdymo-bloku-kubilams-ir-spa","status":"publish","type":"product","link":"https:\/\/ignista.lt\/en\/parduotuve\/kubilu-priedai\/skaitmeninis-termometras-su-valdymo-bloku-kubilams-ir-spa\/","title":{"rendered":"Digital thermometer with control unit"},"content":{"rendered":"<h2 data-start=\"267\" data-end=\"311\">Digital thermometer with control unit<\/h2>\n<p data-start=\"313\" data-end=\"565\">Digital thermometer with control unit for accurate water temperature measurement and easy system control. The unit is widely used in outdoor hot tubs, baths and other water heating systems. Can be used in combination with LED lighting.<\/p>\n<h3 data-start=\"567\" data-end=\"591\">Key features:<\/h3>\n<ul data-start=\"592\" data-end=\"835\">\n<li data-start=\"592\" data-end=\"627\">\n<p data-start=\"594\" data-end=\"627\">Clear LED digital display<\/p>\n<\/li>\n<li data-start=\"628\" data-end=\"670\">\n<p data-start=\"630\" data-end=\"670\">Accurate water temperature measurement<\/p>\n<\/li>\n<li data-start=\"671\" data-end=\"707\">\n<p data-start=\"673\" data-end=\"707\">Supplied with control unit<\/p>\n<\/li>\n<li data-start=\"708\" data-end=\"752\">\n<p data-start=\"710\" data-end=\"752\">Compatible with LED lighting systems<\/p>\n<\/li>\n<li data-start=\"753\" data-end=\"799\">\n<p data-start=\"755\" data-end=\"799\">Simple installation and ease of use<\/p>\n<\/li>\n<li data-start=\"800\" data-end=\"835\">\n<p data-start=\"802\" data-end=\"835\">Suitable for outdoor and indoor solutions<\/p>\n<\/li>\n<\/ul>\n<h3 data-start=\"837\" data-end=\"855\">Equipment:<\/h3>\n<ul data-start=\"856\" data-end=\"948\">\n<li data-start=\"856\" data-end=\"884\">\n<p data-start=\"858\" data-end=\"884\">Digital thermometer<\/p>\n<\/li>\n<li data-start=\"885\" data-end=\"910\">\n<p data-start=\"887\" data-end=\"910\">Temperature sensor<\/p>\n<\/li>\n<li data-start=\"911\" data-end=\"929\">\n<p data-start=\"913\" data-end=\"929\">Control unit<\/p>\n<\/li>\n<li data-start=\"930\" data-end=\"948\">\n<p data-start=\"932\" data-end=\"948\">Connection wires<\/p>\n<\/li>\n<\/ul>\n<h3 data-start=\"950\" data-end=\"966\">Adaptation:<\/h3>\n<ul data-start=\"967\" data-end=\"1056\">\n<li data-start=\"967\" data-end=\"984\">\n<p data-start=\"969\" data-end=\"984\">Outdoor hot tubs<\/p>\n<\/li>\n<li data-start=\"985\" data-end=\"995\">\n<p data-start=\"987\" data-end=\"995\">Bathrooms<\/p>\n<\/li>\n<li data-start=\"996\" data-end=\"1027\">\n<p data-start=\"998\" data-end=\"1027\">Spa and hydromassage systems<\/p>\n<\/li>\n<li data-start=\"1028\" data-end=\"1056\">\n<p data-start=\"1030\" data-end=\"1056\">Water heating solutions<\/p>\n<\/li>\n<\/ul>","protected":false},"excerpt":{"rendered":"<p>Digital thermometer with control unit for accurate water temperature measurement. Suitable for outdoor hot tubs, baths and spa systems, compatible with LED lighting, easy to install and user-friendly.<\/p>","protected":false},"featured_media":29513,"template":"","meta":[],"product_brand":[],"product_cat":[98],"product_tag":[],"class_list":{"0":"post-29512","1":"product","2":"type-product","3":"status-publish","4":"has-post-thumbnail","6":"product_cat-kubilu-priedai","8":"first","9":"outofstock","10":"taxable","11":"shipping-taxable","12":"purchasable","13":"product-type-simple"},"yoast_head":"<!-- This site is optimized with the Yoast SEO plugin v27.4 - https:\/\/yoast.com\/product\/yoast-seo-wordpress\/ -->\n<title>Skaitmeninis termometras su valdymo bloku | Ignista<\/title>\n<meta name=\"description\" content=\"Skaitmeninis termometras su valdymo bloku \u2013 tikslus vandens temperat\u016bros matavimas kubilams, vonioms ir SPA. Suderinamas su LED ap\u0161vietimu.\" \/>\n<meta name=\"robots\" content=\"index, follow, max-snippet:-1, max-image-preview:large, max-video-preview:-1\" \/>\n<link rel=\"canonical\" href=\"https:\/\/ignista.lt\/en\/parduotuve\/kubilu-priedai\/skaitmeninis-termometras-su-valdymo-bloku-kubilams-ir-spa\/\" \/>\n<meta property=\"og:locale\" content=\"en_US\" \/>\n<meta property=\"og:type\" content=\"article\" \/>\n<meta property=\"og:title\" content=\"Skaitmeninis termometras su valdymo bloku | Ignista\" \/>\n<meta property=\"og:description\" content=\"Skaitmeninis termometras su valdymo bloku \u2013 tikslus vandens temperat\u016bros matavimas kubilams, vonioms ir SPA. Suderinamas su LED ap\u0161vietimu.\" \/>\n<meta property=\"og:url\" content=\"https:\/\/ignista.lt\/en\/parduotuve\/kubilu-priedai\/skaitmeninis-termometras-su-valdymo-bloku-kubilams-ir-spa\/\" \/>\n<meta property=\"og:site_name\" content=\"Ignista\" \/>\n<meta property=\"article:modified_time\" content=\"2026-05-09T09:25:50+00:00\" \/>\n<meta property=\"og:image\" content=\"https:\/\/ignista.lt\/wp-content\/uploads\/2026\/02\/Termometras-eshop.jpg\" \/>\n\t<meta property=\"og:image:width\" content=\"1000\" \/>\n\t<meta property=\"og:image:height\" content=\"1000\" \/>\n\t<meta property=\"og:image:type\" content=\"image\/jpeg\" \/>\n<script type=\"application\/ld+json\" class=\"yoast-schema-graph\">{\"@context\":\"https:\\\/\\\/schema.org\",\"@graph\":[{\"@type\":\"WebPage\",\"@id\":\"https:\\\/\\\/ignista.lt\\\/parduotuve\\\/kubilu-priedai\\\/skaitmeninis-termometras-su-valdymo-bloku-kubilams-ir-spa\\\/\",\"url\":\"https:\\\/\\\/ignista.lt\\\/parduotuve\\\/kubilu-priedai\\\/skaitmeninis-termometras-su-valdymo-bloku-kubilams-ir-spa\\\/\",\"name\":\"Skaitmeninis termometras su valdymo bloku | Ignista\",\"isPartOf\":{\"@id\":\"https:\\\/\\\/ignista.lt\\\/#website\"},\"primaryImageOfPage\":{\"@id\":\"https:\\\/\\\/ignista.lt\\\/parduotuve\\\/kubilu-priedai\\\/skaitmeninis-termometras-su-valdymo-bloku-kubilams-ir-spa\\\/#primaryimage\"},\"image\":{\"@id\":\"https:\\\/\\\/ignista.lt\\\/parduotuve\\\/kubilu-priedai\\\/skaitmeninis-termometras-su-valdymo-bloku-kubilams-ir-spa\\\/#primaryimage\"},\"thumbnailUrl\":\"https:\\\/\\\/ignista.lt\\\/wp-content\\\/uploads\\\/2026\\\/02\\\/Termometras-eshop.jpg\",\"datePublished\":\"2026-02-09T16:58:56+00:00\",\"dateModified\":\"2026-05-09T09:25:50+00:00\",\"description\":\"Skaitmeninis termometras su valdymo bloku \u2013 tikslus vandens temperat\u016bros matavimas kubilams, vonioms ir SPA. Suderinamas su LED ap\u0161vietimu.\",\"breadcrumb\":{\"@id\":\"https:\\\/\\\/ignista.lt\\\/parduotuve\\\/kubilu-priedai\\\/skaitmeninis-termometras-su-valdymo-bloku-kubilams-ir-spa\\\/#breadcrumb\"},\"inLanguage\":\"en-US\",\"potentialAction\":[{\"@type\":\"ReadAction\",\"target\":[\"https:\\\/\\\/ignista.lt\\\/parduotuve\\\/kubilu-priedai\\\/skaitmeninis-termometras-su-valdymo-bloku-kubilams-ir-spa\\\/\"]}]},{\"@type\":\"ImageObject\",\"inLanguage\":\"en-US\",\"@id\":\"https:\\\/\\\/ignista.lt\\\/parduotuve\\\/kubilu-priedai\\\/skaitmeninis-termometras-su-valdymo-bloku-kubilams-ir-spa\\\/#primaryimage\",\"url\":\"https:\\\/\\\/ignista.lt\\\/wp-content\\\/uploads\\\/2026\\\/02\\\/Termometras-eshop.jpg\",\"contentUrl\":\"https:\\\/\\\/ignista.lt\\\/wp-content\\\/uploads\\\/2026\\\/02\\\/Termometras-eshop.jpg\",\"width\":1000,\"height\":1000},{\"@type\":\"BreadcrumbList\",\"@id\":\"https:\\\/\\\/ignista.lt\\\/parduotuve\\\/kubilu-priedai\\\/skaitmeninis-termometras-su-valdymo-bloku-kubilams-ir-spa\\\/#breadcrumb\",\"itemListElement\":[{\"@type\":\"ListItem\",\"position\":1,\"name\":\"Home\",\"item\":\"https:\\\/\\\/ignista.lt\\\/lt\\\/\"},{\"@type\":\"ListItem\",\"position\":2,\"name\":\"Parduotuv\u0117\",\"item\":\"https:\\\/\\\/ignista.lt\\\/lt\\\/parduotuve\\\/\"},{\"@type\":\"ListItem\",\"position\":3,\"name\":\"Skaitmeninis termometras su valdymo bloku\"}]},{\"@type\":\"WebSite\",\"@id\":\"https:\\\/\\\/ignista.lt\\\/#website\",\"url\":\"https:\\\/\\\/ignista.lt\\\/\",\"name\":\"Ignista\",\"description\":\"ner\u016bdijan\u010dio plieno krosnel\u0117s kubilams ir \u012fvair\u016bs metalo gaminiai\",\"potentialAction\":[{\"@type\":\"SearchAction\",\"target\":{\"@type\":\"EntryPoint\",\"urlTemplate\":\"https:\\\/\\\/ignista.lt\\\/?s={search_term_string}\"},\"query-input\":{\"@type\":\"PropertyValueSpecification\",\"valueRequired\":true,\"valueName\":\"search_term_string\"}}],\"inLanguage\":\"en-US\"}]}<\/script>\n<!-- \/ Yoast SEO plugin. -->","yoast_head_json":{"title":"Skaitmeninis termometras su valdymo bloku | Ignista","description":"Skaitmeninis termometras su valdymo bloku \u2013 tikslus vandens temperat\u016bros matavimas kubilams, vonioms ir SPA. Suderinamas su LED ap\u0161vietimu.","robots":{"index":"index","follow":"follow","max-snippet":"max-snippet:-1","max-image-preview":"max-image-preview:large","max-video-preview":"max-video-preview:-1"},"canonical":"https:\/\/ignista.lt\/en\/parduotuve\/kubilu-priedai\/skaitmeninis-termometras-su-valdymo-bloku-kubilams-ir-spa\/","og_locale":"en_US","og_type":"article","og_title":"Skaitmeninis termometras su valdymo bloku | Ignista","og_description":"Skaitmeninis termometras su valdymo bloku \u2013 tikslus vandens temperat\u016bros matavimas kubilams, vonioms ir SPA. Suderinamas su LED ap\u0161vietimu.","og_url":"https:\/\/ignista.lt\/en\/parduotuve\/kubilu-priedai\/skaitmeninis-termometras-su-valdymo-bloku-kubilams-ir-spa\/","og_site_name":"Ignista","article_modified_time":"2026-05-09T09:25:50+00:00","og_image":[{"width":1000,"height":1000,"url":"https:\/\/ignista.lt\/wp-content\/uploads\/2026\/02\/Termometras-eshop.jpg","type":"image\/jpeg"}],"schema":{"@context":"https:\/\/schema.org","@graph":[{"@type":"WebPage","@id":"https:\/\/ignista.lt\/parduotuve\/kubilu-priedai\/skaitmeninis-termometras-su-valdymo-bloku-kubilams-ir-spa\/","url":"https:\/\/ignista.lt\/parduotuve\/kubilu-priedai\/skaitmeninis-termometras-su-valdymo-bloku-kubilams-ir-spa\/","name":"Skaitmeninis termometras su valdymo bloku | Ignista","isPartOf":{"@id":"https:\/\/ignista.lt\/#website"},"primaryImageOfPage":{"@id":"https:\/\/ignista.lt\/parduotuve\/kubilu-priedai\/skaitmeninis-termometras-su-valdymo-bloku-kubilams-ir-spa\/#primaryimage"},"image":{"@id":"https:\/\/ignista.lt\/parduotuve\/kubilu-priedai\/skaitmeninis-termometras-su-valdymo-bloku-kubilams-ir-spa\/#primaryimage"},"thumbnailUrl":"https:\/\/ignista.lt\/wp-content\/uploads\/2026\/02\/Termometras-eshop.jpg","datePublished":"2026-02-09T16:58:56+00:00","dateModified":"2026-05-09T09:25:50+00:00","description":"Skaitmeninis termometras su valdymo bloku \u2013 tikslus vandens temperat\u016bros matavimas kubilams, vonioms ir SPA. Suderinamas su LED ap\u0161vietimu.","breadcrumb":{"@id":"https:\/\/ignista.lt\/parduotuve\/kubilu-priedai\/skaitmeninis-termometras-su-valdymo-bloku-kubilams-ir-spa\/#breadcrumb"},"inLanguage":"en-US","potentialAction":[{"@type":"ReadAction","target":["https:\/\/ignista.lt\/parduotuve\/kubilu-priedai\/skaitmeninis-termometras-su-valdymo-bloku-kubilams-ir-spa\/"]}]},{"@type":"ImageObject","inLanguage":"en-US","@id":"https:\/\/ignista.lt\/parduotuve\/kubilu-priedai\/skaitmeninis-termometras-su-valdymo-bloku-kubilams-ir-spa\/#primaryimage","url":"https:\/\/ignista.lt\/wp-content\/uploads\/2026\/02\/Termometras-eshop.jpg","contentUrl":"https:\/\/ignista.lt\/wp-content\/uploads\/2026\/02\/Termometras-eshop.jpg","width":1000,"height":1000},{"@type":"BreadcrumbList","@id":"https:\/\/ignista.lt\/parduotuve\/kubilu-priedai\/skaitmeninis-termometras-su-valdymo-bloku-kubilams-ir-spa\/#breadcrumb","itemListElement":[{"@type":"ListItem","position":1,"name":"Home","item":"https:\/\/ignista.lt\/lt\/"},{"@type":"ListItem","position":2,"name":"Parduotuv\u0117","item":"https:\/\/ignista.lt\/lt\/parduotuve\/"},{"@type":"ListItem","position":3,"name":"Skaitmeninis termometras su valdymo bloku"}]},{"@type":"WebSite","@id":"https:\/\/ignista.lt\/#website","url":"https:\/\/ignista.lt\/","name":"Ignista","description":"stainless steel hot tub stoves and various metal products","potentialAction":[{"@type":"SearchAction","target":{"@type":"EntryPoint","urlTemplate":"https:\/\/ignista.lt\/?s={search_term_string}"},"query-input":{"@type":"PropertyValueSpecification","valueRequired":true,"valueName":"search_term_string"}}],"inLanguage":"en-US"}]}},"_links":{"self":[{"href":"https:\/\/ignista.lt\/en\/wp-json\/wp\/v2\/product\/29512","targetHints":{"allow":["GET"]}}],"collection":[{"href":"https:\/\/ignista.lt\/en\/wp-json\/wp\/v2\/product"}],"about":[{"href":"https:\/\/ignista.lt\/en\/wp-json\/wp\/v2\/types\/product"}],"wp:featuredmedia":[{"embeddable":true,"href":"https:\/\/ignista.lt\/en\/wp-json\/wp\/v2\/media\/29513"}],"wp:attachment":[{"href":"https:\/\/ignista.lt\/en\/wp-json\/wp\/v2\/media?parent=29512"}],"wp:term":[{"taxonomy":"product_brand","embeddable":true,"href":"https:\/\/ignista.lt\/en\/wp-json\/wp\/v2\/product_brand?post=29512"},{"taxonomy":"product_cat","embeddable":true,"href":"https:\/\/ignista.lt\/en\/wp-json\/wp\/v2\/product_cat?post=29512"},{"taxonomy":"product_tag","embeddable":true,"href":"https:\/\/ignista.lt\/en\/wp-json\/wp\/v2\/product_tag?post=29512"}],"curies":[{"name":"wp","href":"https:\/\/api.w.org\/{rel}","templated":true}]}}