{"id":29518,"date":"2026-02-10T18:09:16","date_gmt":"2026-02-10T16:09:16","guid":{"rendered":"https:\/\/ignista.lt\/?post_type=product&#038;p=29518"},"modified":"2026-02-10T18:12:05","modified_gmt":"2026-02-10T16:12:05","slug":"suverzimo-juostos-o200cm-apvaliam-kubilui-su-integruota-krosnele","status":"publish","type":"product","link":"https:\/\/ignista.lt\/en\/parduotuve\/kubilu-priedai\/suverzimo-juostos-o200cm-apvaliam-kubilui-su-integruota-krosnele\/","title":{"rendered":"Clamping strips \u00d8200cm for round tub with integrated stove"},"content":{"rendered":"<h2 data-start=\"101\" data-end=\"170\">Clamping strips \u00d8200cm for round tub with integrated stove<\/h2>\n<p data-start=\"172\" data-end=\"393\">Clamping strips for round <strong data-start=\"207\" data-end=\"255\">For a 200 cm diameter hot tub with external stove<\/strong>. Used for structural reinforcement and stability. Made of stainless steel, resistant to moisture and outdoor conditions.<\/p>\n<h3 data-start=\"395\" data-end=\"420\">Technical information:<\/h3>\n<ul data-start=\"421\" data-end=\"686\">\n<li data-start=\"421\" data-end=\"478\">\n<p data-start=\"423\" data-end=\"478\"><strong data-start=\"423\" data-end=\"437\">Purpose:<\/strong> for round tubs with external furnace<\/p>\n<\/li>\n<li data-start=\"479\" data-end=\"504\">\n<p data-start=\"481\" data-end=\"504\"><strong data-start=\"481\" data-end=\"493\">Kubil:<\/strong> \u00d8 225 cm<\/p>\n<\/li>\n<li data-start=\"505\" data-end=\"556\">\n<p data-start=\"507\" data-end=\"556\"><strong data-start=\"507\" data-end=\"520\">Material:<\/strong> stainless steel <strong data-start=\"542\" data-end=\"554\">AISI 430<\/strong><\/p>\n<\/li>\n<li data-start=\"557\" data-end=\"598\">\n<p data-start=\"559\" data-end=\"598\"><strong data-start=\"559\" data-end=\"580\">Strip dimensions:<\/strong> <strong data-start=\"581\" data-end=\"596\">1,2 \u00d7 50 mm<\/strong><\/p>\n<\/li>\n<li data-start=\"599\" data-end=\"652\">\n<p data-start=\"601\" data-end=\"652\"><strong data-start=\"601\" data-end=\"616\">Resistance:<\/strong> to humidity and temperature changes<\/p>\n<\/li>\n<li data-start=\"653\" data-end=\"686\">\n<p data-start=\"655\" data-end=\"686\"><strong data-start=\"655\" data-end=\"670\">Usage:<\/strong> in outdoor conditions<\/p>\n<\/li>\n<\/ul>\n<p data-start=\"688\" data-end=\"791\">Strong and reliable clamping straps ensure the durability of the hot tub structure and safe use.<\/p>","protected":false},"excerpt":{"rendered":"<p>Clamping strips for <strong data-start=\"506\" data-end=\"563\">for a round tub with integrated stove, 200 cm diameter<\/strong>. Made of <strong data-start=\"579\" data-end=\"611\">AISI 430 stainless steel<\/strong>, ensures the strength, stability and durability of the hot tub structure. Suitable for outdoor use.<\/p>","protected":false},"featured_media":29515,"template":"","meta":[],"product_brand":[],"product_cat":[99,98],"product_tag":[],"class_list":{"0":"post-29518","1":"product","2":"type-product","3":"status-publish","4":"has-post-thumbnail","6":"product_cat-krosneliu-priedai","7":"product_cat-kubilu-priedai","9":"first","10":"instock","11":"taxable","12":"shipping-taxable","13":"purchasable","14":"product-type-simple"},"yoast_head":"<!-- This site is optimized with the Yoast SEO plugin v27.4 - https:\/\/yoast.com\/product\/yoast-seo-wordpress\/ -->\n<title>Suver\u017eimo juostos \u00d8200cm apvaliam kubilui su integruota krosnele | Ignista<\/title>\n<meta name=\"description\" content=\"Suver\u017eimo juostos apvaliam 200 cm kubilui su integruota krosnele. Pagamintos i\u0161 AISI 430 ner\u016bdijan\u010dio plieno, 1.2\u00d750 mm, tinkamos naudoti lauke.\" \/>\n<meta name=\"robots\" content=\"index, follow, max-snippet:-1, max-image-preview:large, max-video-preview:-1\" \/>\n<link rel=\"canonical\" href=\"https:\/\/ignista.lt\/en\/parduotuve\/kubilu-priedai\/suverzimo-juostos-o200cm-apvaliam-kubilui-su-integruota-krosnele\/\" \/>\n<meta property=\"og:locale\" content=\"en_US\" \/>\n<meta property=\"og:type\" content=\"article\" \/>\n<meta property=\"og:title\" content=\"Suver\u017eimo juostos \u00d8200cm apvaliam kubilui su integruota krosnele | Ignista\" \/>\n<meta property=\"og:description\" content=\"Suver\u017eimo juostos apvaliam 200 cm kubilui su integruota krosnele. Pagamintos i\u0161 AISI 430 ner\u016bdijan\u010dio plieno, 1.2\u00d750 mm, tinkamos naudoti lauke.\" \/>\n<meta property=\"og:url\" content=\"https:\/\/ignista.lt\/en\/parduotuve\/kubilu-priedai\/suverzimo-juostos-o200cm-apvaliam-kubilui-su-integruota-krosnele\/\" \/>\n<meta property=\"og:site_name\" content=\"Ignista\" \/>\n<meta property=\"article:modified_time\" content=\"2026-02-10T16:12:05+00:00\" \/>\n<meta property=\"og:image\" content=\"https:\/\/ignista.lt\/wp-content\/uploads\/2026\/02\/juosta.jpg\" \/>\n\t<meta property=\"og:image:width\" content=\"1000\" \/>\n\t<meta property=\"og:image:height\" content=\"1000\" \/>\n\t<meta property=\"og:image:type\" content=\"image\/jpeg\" \/>\n<script type=\"application\/ld+json\" class=\"yoast-schema-graph\">{\"@context\":\"https:\\\/\\\/schema.org\",\"@graph\":[{\"@type\":\"WebPage\",\"@id\":\"https:\\\/\\\/ignista.lt\\\/parduotuve\\\/kubilu-priedai\\\/suverzimo-juostos-o200cm-apvaliam-kubilui-su-integruota-krosnele\\\/\",\"url\":\"https:\\\/\\\/ignista.lt\\\/parduotuve\\\/kubilu-priedai\\\/suverzimo-juostos-o200cm-apvaliam-kubilui-su-integruota-krosnele\\\/\",\"name\":\"Suver\u017eimo juostos \u00d8200cm apvaliam kubilui su integruota krosnele | Ignista\",\"isPartOf\":{\"@id\":\"https:\\\/\\\/ignista.lt\\\/#website\"},\"primaryImageOfPage\":{\"@id\":\"https:\\\/\\\/ignista.lt\\\/parduotuve\\\/kubilu-priedai\\\/suverzimo-juostos-o200cm-apvaliam-kubilui-su-integruota-krosnele\\\/#primaryimage\"},\"image\":{\"@id\":\"https:\\\/\\\/ignista.lt\\\/parduotuve\\\/kubilu-priedai\\\/suverzimo-juostos-o200cm-apvaliam-kubilui-su-integruota-krosnele\\\/#primaryimage\"},\"thumbnailUrl\":\"https:\\\/\\\/ignista.lt\\\/wp-content\\\/uploads\\\/2026\\\/02\\\/juosta.jpg\",\"datePublished\":\"2026-02-10T16:09:16+00:00\",\"dateModified\":\"2026-02-10T16:12:05+00:00\",\"description\":\"Suver\u017eimo juostos apvaliam 200 cm kubilui su integruota krosnele. Pagamintos i\u0161 AISI 430 ner\u016bdijan\u010dio plieno, 1.2\u00d750 mm, tinkamos naudoti lauke.\",\"breadcrumb\":{\"@id\":\"https:\\\/\\\/ignista.lt\\\/parduotuve\\\/kubilu-priedai\\\/suverzimo-juostos-o200cm-apvaliam-kubilui-su-integruota-krosnele\\\/#breadcrumb\"},\"inLanguage\":\"en-US\",\"potentialAction\":[{\"@type\":\"ReadAction\",\"target\":[\"https:\\\/\\\/ignista.lt\\\/parduotuve\\\/kubilu-priedai\\\/suverzimo-juostos-o200cm-apvaliam-kubilui-su-integruota-krosnele\\\/\"]}]},{\"@type\":\"ImageObject\",\"inLanguage\":\"en-US\",\"@id\":\"https:\\\/\\\/ignista.lt\\\/parduotuve\\\/kubilu-priedai\\\/suverzimo-juostos-o200cm-apvaliam-kubilui-su-integruota-krosnele\\\/#primaryimage\",\"url\":\"https:\\\/\\\/ignista.lt\\\/wp-content\\\/uploads\\\/2026\\\/02\\\/juosta.jpg\",\"contentUrl\":\"https:\\\/\\\/ignista.lt\\\/wp-content\\\/uploads\\\/2026\\\/02\\\/juosta.jpg\",\"width\":1000,\"height\":1000},{\"@type\":\"BreadcrumbList\",\"@id\":\"https:\\\/\\\/ignista.lt\\\/parduotuve\\\/kubilu-priedai\\\/suverzimo-juostos-o200cm-apvaliam-kubilui-su-integruota-krosnele\\\/#breadcrumb\",\"itemListElement\":[{\"@type\":\"ListItem\",\"position\":1,\"name\":\"Home\",\"item\":\"https:\\\/\\\/ignista.lt\\\/lt\\\/\"},{\"@type\":\"ListItem\",\"position\":2,\"name\":\"Parduotuv\u0117\",\"item\":\"https:\\\/\\\/ignista.lt\\\/lt\\\/parduotuve\\\/\"},{\"@type\":\"ListItem\",\"position\":3,\"name\":\"Suver\u017eimo juostos \u00d8200cm apvaliam kubilui su integruota krosnele\"}]},{\"@type\":\"WebSite\",\"@id\":\"https:\\\/\\\/ignista.lt\\\/#website\",\"url\":\"https:\\\/\\\/ignista.lt\\\/\",\"name\":\"Ignista\",\"description\":\"ner\u016bdijan\u010dio plieno krosnel\u0117s kubilams ir \u012fvair\u016bs metalo gaminiai\",\"potentialAction\":[{\"@type\":\"SearchAction\",\"target\":{\"@type\":\"EntryPoint\",\"urlTemplate\":\"https:\\\/\\\/ignista.lt\\\/?s={search_term_string}\"},\"query-input\":{\"@type\":\"PropertyValueSpecification\",\"valueRequired\":true,\"valueName\":\"search_term_string\"}}],\"inLanguage\":\"en-US\"}]}<\/script>\n<!-- \/ Yoast SEO plugin. -->","yoast_head_json":{"title":"Suver\u017eimo juostos \u00d8200cm apvaliam kubilui su integruota krosnele | Ignista","description":"Suver\u017eimo juostos apvaliam 200 cm kubilui su integruota krosnele. Pagamintos i\u0161 AISI 430 ner\u016bdijan\u010dio plieno, 1.2\u00d750 mm, tinkamos naudoti lauke.","robots":{"index":"index","follow":"follow","max-snippet":"max-snippet:-1","max-image-preview":"max-image-preview:large","max-video-preview":"max-video-preview:-1"},"canonical":"https:\/\/ignista.lt\/en\/parduotuve\/kubilu-priedai\/suverzimo-juostos-o200cm-apvaliam-kubilui-su-integruota-krosnele\/","og_locale":"en_US","og_type":"article","og_title":"Suver\u017eimo juostos \u00d8200cm apvaliam kubilui su integruota krosnele | Ignista","og_description":"Suver\u017eimo juostos apvaliam 200 cm kubilui su integruota krosnele. Pagamintos i\u0161 AISI 430 ner\u016bdijan\u010dio plieno, 1.2\u00d750 mm, tinkamos naudoti lauke.","og_url":"https:\/\/ignista.lt\/en\/parduotuve\/kubilu-priedai\/suverzimo-juostos-o200cm-apvaliam-kubilui-su-integruota-krosnele\/","og_site_name":"Ignista","article_modified_time":"2026-02-10T16:12:05+00:00","og_image":[{"width":1000,"height":1000,"url":"https:\/\/ignista.lt\/wp-content\/uploads\/2026\/02\/juosta.jpg","type":"image\/jpeg"}],"schema":{"@context":"https:\/\/schema.org","@graph":[{"@type":"WebPage","@id":"https:\/\/ignista.lt\/parduotuve\/kubilu-priedai\/suverzimo-juostos-o200cm-apvaliam-kubilui-su-integruota-krosnele\/","url":"https:\/\/ignista.lt\/parduotuve\/kubilu-priedai\/suverzimo-juostos-o200cm-apvaliam-kubilui-su-integruota-krosnele\/","name":"Suver\u017eimo juostos \u00d8200cm apvaliam kubilui su integruota krosnele | Ignista","isPartOf":{"@id":"https:\/\/ignista.lt\/#website"},"primaryImageOfPage":{"@id":"https:\/\/ignista.lt\/parduotuve\/kubilu-priedai\/suverzimo-juostos-o200cm-apvaliam-kubilui-su-integruota-krosnele\/#primaryimage"},"image":{"@id":"https:\/\/ignista.lt\/parduotuve\/kubilu-priedai\/suverzimo-juostos-o200cm-apvaliam-kubilui-su-integruota-krosnele\/#primaryimage"},"thumbnailUrl":"https:\/\/ignista.lt\/wp-content\/uploads\/2026\/02\/juosta.jpg","datePublished":"2026-02-10T16:09:16+00:00","dateModified":"2026-02-10T16:12:05+00:00","description":"Suver\u017eimo juostos apvaliam 200 cm kubilui su integruota krosnele. Pagamintos i\u0161 AISI 430 ner\u016bdijan\u010dio plieno, 1.2\u00d750 mm, tinkamos naudoti lauke.","breadcrumb":{"@id":"https:\/\/ignista.lt\/parduotuve\/kubilu-priedai\/suverzimo-juostos-o200cm-apvaliam-kubilui-su-integruota-krosnele\/#breadcrumb"},"inLanguage":"en-US","potentialAction":[{"@type":"ReadAction","target":["https:\/\/ignista.lt\/parduotuve\/kubilu-priedai\/suverzimo-juostos-o200cm-apvaliam-kubilui-su-integruota-krosnele\/"]}]},{"@type":"ImageObject","inLanguage":"en-US","@id":"https:\/\/ignista.lt\/parduotuve\/kubilu-priedai\/suverzimo-juostos-o200cm-apvaliam-kubilui-su-integruota-krosnele\/#primaryimage","url":"https:\/\/ignista.lt\/wp-content\/uploads\/2026\/02\/juosta.jpg","contentUrl":"https:\/\/ignista.lt\/wp-content\/uploads\/2026\/02\/juosta.jpg","width":1000,"height":1000},{"@type":"BreadcrumbList","@id":"https:\/\/ignista.lt\/parduotuve\/kubilu-priedai\/suverzimo-juostos-o200cm-apvaliam-kubilui-su-integruota-krosnele\/#breadcrumb","itemListElement":[{"@type":"ListItem","position":1,"name":"Home","item":"https:\/\/ignista.lt\/lt\/"},{"@type":"ListItem","position":2,"name":"Parduotuv\u0117","item":"https:\/\/ignista.lt\/lt\/parduotuve\/"},{"@type":"ListItem","position":3,"name":"Suver\u017eimo juostos \u00d8200cm apvaliam kubilui su integruota krosnele"}]},{"@type":"WebSite","@id":"https:\/\/ignista.lt\/#website","url":"https:\/\/ignista.lt\/","name":"Ignista","description":"stainless steel hot tub stoves and various metal products","potentialAction":[{"@type":"SearchAction","target":{"@type":"EntryPoint","urlTemplate":"https:\/\/ignista.lt\/?s={search_term_string}"},"query-input":{"@type":"PropertyValueSpecification","valueRequired":true,"valueName":"search_term_string"}}],"inLanguage":"en-US"}]}},"_links":{"self":[{"href":"https:\/\/ignista.lt\/en\/wp-json\/wp\/v2\/product\/29518","targetHints":{"allow":["GET"]}}],"collection":[{"href":"https:\/\/ignista.lt\/en\/wp-json\/wp\/v2\/product"}],"about":[{"href":"https:\/\/ignista.lt\/en\/wp-json\/wp\/v2\/types\/product"}],"wp:featuredmedia":[{"embeddable":true,"href":"https:\/\/ignista.lt\/en\/wp-json\/wp\/v2\/media\/29515"}],"wp:attachment":[{"href":"https:\/\/ignista.lt\/en\/wp-json\/wp\/v2\/media?parent=29518"}],"wp:term":[{"taxonomy":"product_brand","embeddable":true,"href":"https:\/\/ignista.lt\/en\/wp-json\/wp\/v2\/product_brand?post=29518"},{"taxonomy":"product_cat","embeddable":true,"href":"https:\/\/ignista.lt\/en\/wp-json\/wp\/v2\/product_cat?post=29518"},{"taxonomy":"product_tag","embeddable":true,"href":"https:\/\/ignista.lt\/en\/wp-json\/wp\/v2\/product_tag?post=29518"}],"curies":[{"name":"wp","href":"https:\/\/api.w.org\/{rel}","templated":true}]}}