{"id":29520,"date":"2026-02-16T16:20:37","date_gmt":"2026-02-16T14:20:37","guid":{"rendered":"https:\/\/ignista.lt\/?post_type=product&#038;p=29520"},"modified":"2026-02-16T16:43:01","modified_gmt":"2026-02-16T14:43:01","slug":"led-apsvietimas-kubilui-50mm","status":"publish","type":"product","link":"https:\/\/ignista.lt\/en\/parduotuve\/kubilu-priedai\/led-apsvietimas-kubilui-50mm\/","title":{"rendered":"LED lighting for hot tub and spa 50 mm with pneumatic switch"},"content":{"rendered":"<h1 data-start=\"655\" data-end=\"682\">Full product description<\/h1>\n<h2 data-start=\"684\" data-end=\"757\">LED lighting for hot tubs and spas - a safe and reliable solution<\/h2>\n<p data-start=\"759\" data-end=\"975\">LED lighting for hot tubs is a safe and reliable solution for hot tubs, spa pools and other water tanks. Pneumatic control allows the lighting to be safely switched on and off without direct electrical contact with the water.<\/p>\n<p data-start=\"977\" data-end=\"1169\">The LED light provides bright and pleasant illumination and the robust control box guarantees stable operation. The system is easy to install and ideal for both new hot tubs and retrofits.<\/p>\n<hr data-start=\"1171\" data-end=\"1174\" \/>\n<h2 data-start=\"1176\" data-end=\"1202\">Key benefits<\/h2>\n<ul data-start=\"1204\" data-end=\"1455\">\n<li data-start=\"1204\" data-end=\"1241\">\n<p data-start=\"1206\" data-end=\"1241\">Safe pneumatic actuation system<\/p>\n<\/li>\n<li data-start=\"1242\" data-end=\"1275\">\n<p data-start=\"1244\" data-end=\"1275\">Waterproof LED light<\/p>\n<\/li>\n<li data-start=\"1276\" data-end=\"1311\">\n<p data-start=\"1278\" data-end=\"1311\">Simple and quick installation<\/p>\n<\/li>\n<li data-start=\"1312\" data-end=\"1348\">\n<p data-start=\"1314\" data-end=\"1348\">Suitable for hot tubs, spas and swimming pools<\/p>\n<\/li>\n<li data-start=\"1349\" data-end=\"1382\">\n<p data-start=\"1351\" data-end=\"1382\">Reliable 230V control unit<\/p>\n<\/li>\n<li data-start=\"1383\" data-end=\"1409\">\n<p data-start=\"1385\" data-end=\"1409\">Long service life<\/p>\n<\/li>\n<li data-start=\"1410\" data-end=\"1455\">\n<p data-start=\"1412\" data-end=\"1455\">The professional solution for hot tub manufacturers<\/p>\n<\/li>\n<\/ul>\n<hr data-start=\"1457\" data-end=\"1460\" \/>\n<h2 data-start=\"1462\" data-end=\"1481\">The set includes<\/h2>\n<ul data-start=\"1483\" data-end=\"1639\">\n<li data-start=\"1483\" data-end=\"1504\">\n<p data-start=\"1485\" data-end=\"1504\">LED bulb 50 mm<\/p>\n<\/li>\n<li data-start=\"1505\" data-end=\"1546\">\n<p data-start=\"1507\" data-end=\"1546\">Pneumatic control box 230V\/50Hz<\/p>\n<\/li>\n<li data-start=\"1547\" data-end=\"1603\">\n<p data-start=\"1549\" data-end=\"1603\">Pneumatic ON\/OFF button (brass, chrome)<\/p>\n<\/li>\n<li data-start=\"1604\" data-end=\"1639\">\n<p data-start=\"1606\" data-end=\"1639\">PVC pneumatic hose 1 m (3\u00d76 mm)<\/p>\n<\/li>\n<\/ul>\n<hr data-start=\"1641\" data-end=\"1644\" \/>\n<h2 data-start=\"1646\" data-end=\"1671\">Technical specification<\/h2>\n<ul data-start=\"1673\" data-end=\"1920\">\n<li data-start=\"1673\" data-end=\"1701\">\n<p data-start=\"1675\" data-end=\"1701\">Bulb diameter: 50 mm<\/p>\n<\/li>\n<li data-start=\"1702\" data-end=\"1729\">\n<p data-start=\"1704\" data-end=\"1729\">Power: 230V\/50Hz<\/p>\n<\/li>\n<li data-start=\"1730\" data-end=\"1755\">\n<p data-start=\"1732\" data-end=\"1755\">Control: pneumatic<\/p>\n<\/li>\n<li data-start=\"1756\" data-end=\"1798\">\n<p data-start=\"1758\" data-end=\"1798\">Button material: brass, chrome plated<\/p>\n<\/li>\n<li data-start=\"1799\" data-end=\"1820\">\n<p data-start=\"1801\" data-end=\"1820\">Hose length: 1 m<\/p>\n<\/li>\n<li data-start=\"1821\" data-end=\"1849\">\n<p data-start=\"1823\" data-end=\"1849\">Hose diameter: 3\u00d76 mm<\/p>\n<\/li>\n<li data-start=\"1850\" data-end=\"1880\">\n<p data-start=\"1852\" data-end=\"1880\">Waterproof: yes<\/p>\n<\/li>\n<li data-start=\"1881\" data-end=\"1920\">\n<p data-start=\"1883\" data-end=\"1920\">Applications: hot tubs, spas, swimming pools<\/p>\n<\/li>\n<\/ul>","protected":false},"excerpt":{"rendered":"<p>LED lighting for hot tubs with pneumatic switch - a safe, waterproof and easy-to-install solution for hot tubs and spas.<\/p>","protected":false},"featured_media":29521,"template":"","meta":[],"product_brand":[],"product_cat":[98],"product_tag":[104,107,103,106,105],"class_list":{"0":"post-29520","1":"product","2":"type-product","3":"status-publish","4":"has-post-thumbnail","6":"product_cat-kubilu-priedai","7":"product_tag-kubilu-apsvietimas","8":"product_tag-kubilu-priedai","9":"product_tag-led-apsvietimas-kubilui","10":"product_tag-led-kubilui","11":"product_tag-spa-apsvietimas","13":"first","14":"instock","15":"taxable","16":"shipping-taxable","17":"purchasable","18":"product-type-simple"},"yoast_head":"<!-- This site is optimized with the Yoast SEO plugin v27.4 - https:\/\/yoast.com\/product\/yoast-seo-wordpress\/ -->\n<title>LED ap\u0161vietimas kubilui 50 mm su pneumatiniu jungikliu<\/title>\n<meta name=\"description\" content=\"LED ap\u0161vietimo sistema kubilui ir SPA su pneumatiniu jungikliu. Saugi, patikima, lengvai montuojama. Greitas pristatymas i\u0161 sand\u0117lio Lietuvoje.\" \/>\n<meta name=\"robots\" content=\"index, follow, max-snippet:-1, max-image-preview:large, max-video-preview:-1\" \/>\n<link rel=\"canonical\" href=\"https:\/\/ignista.lt\/en\/parduotuve\/kubilu-priedai\/led-apsvietimas-kubilui-50mm\/\" \/>\n<meta property=\"og:locale\" content=\"en_US\" \/>\n<meta property=\"og:type\" content=\"article\" \/>\n<meta property=\"og:title\" content=\"LED ap\u0161vietimas kubilui 50 mm su pneumatiniu jungikliu\" \/>\n<meta property=\"og:description\" content=\"LED ap\u0161vietimo sistema kubilui ir SPA su pneumatiniu jungikliu. Saugi, patikima, lengvai montuojama. Greitas pristatymas i\u0161 sand\u0117lio Lietuvoje.\" \/>\n<meta property=\"og:url\" content=\"https:\/\/ignista.lt\/en\/parduotuve\/kubilu-priedai\/led-apsvietimas-kubilui-50mm\/\" \/>\n<meta property=\"og:site_name\" content=\"Ignista\" \/>\n<meta property=\"article:modified_time\" content=\"2026-02-16T14:43:01+00:00\" \/>\n<meta property=\"og:image\" content=\"https:\/\/ignista.lt\/wp-content\/uploads\/2026\/02\/LED-apsvietimo-sistema.jpg\" \/>\n\t<meta property=\"og:image:width\" content=\"1000\" \/>\n\t<meta property=\"og:image:height\" content=\"1000\" \/>\n\t<meta property=\"og:image:type\" content=\"image\/jpeg\" \/>\n<script type=\"application\/ld+json\" class=\"yoast-schema-graph\">{\"@context\":\"https:\\\/\\\/schema.org\",\"@graph\":[{\"@type\":\"WebPage\",\"@id\":\"https:\\\/\\\/ignista.lt\\\/parduotuve\\\/kubilu-priedai\\\/led-apsvietimas-kubilui-50mm\\\/\",\"url\":\"https:\\\/\\\/ignista.lt\\\/parduotuve\\\/kubilu-priedai\\\/led-apsvietimas-kubilui-50mm\\\/\",\"name\":\"LED ap\u0161vietimas kubilui 50 mm su pneumatiniu jungikliu\",\"isPartOf\":{\"@id\":\"https:\\\/\\\/ignista.lt\\\/#website\"},\"primaryImageOfPage\":{\"@id\":\"https:\\\/\\\/ignista.lt\\\/parduotuve\\\/kubilu-priedai\\\/led-apsvietimas-kubilui-50mm\\\/#primaryimage\"},\"image\":{\"@id\":\"https:\\\/\\\/ignista.lt\\\/parduotuve\\\/kubilu-priedai\\\/led-apsvietimas-kubilui-50mm\\\/#primaryimage\"},\"thumbnailUrl\":\"https:\\\/\\\/ignista.lt\\\/wp-content\\\/uploads\\\/2026\\\/02\\\/LED-apsvietimo-sistema.jpg\",\"datePublished\":\"2026-02-16T14:20:37+00:00\",\"dateModified\":\"2026-02-16T14:43:01+00:00\",\"description\":\"LED ap\u0161vietimo sistema kubilui ir SPA su pneumatiniu jungikliu. Saugi, patikima, lengvai montuojama. Greitas pristatymas i\u0161 sand\u0117lio Lietuvoje.\",\"breadcrumb\":{\"@id\":\"https:\\\/\\\/ignista.lt\\\/parduotuve\\\/kubilu-priedai\\\/led-apsvietimas-kubilui-50mm\\\/#breadcrumb\"},\"inLanguage\":\"en-US\",\"potentialAction\":[{\"@type\":\"ReadAction\",\"target\":[\"https:\\\/\\\/ignista.lt\\\/parduotuve\\\/kubilu-priedai\\\/led-apsvietimas-kubilui-50mm\\\/\"]}]},{\"@type\":\"ImageObject\",\"inLanguage\":\"en-US\",\"@id\":\"https:\\\/\\\/ignista.lt\\\/parduotuve\\\/kubilu-priedai\\\/led-apsvietimas-kubilui-50mm\\\/#primaryimage\",\"url\":\"https:\\\/\\\/ignista.lt\\\/wp-content\\\/uploads\\\/2026\\\/02\\\/LED-apsvietimo-sistema.jpg\",\"contentUrl\":\"https:\\\/\\\/ignista.lt\\\/wp-content\\\/uploads\\\/2026\\\/02\\\/LED-apsvietimo-sistema.jpg\",\"width\":1000,\"height\":1000,\"caption\":\"LED ap\u0161vietimas kubilui 50 mm su pneumatiniu jungikliu\"},{\"@type\":\"BreadcrumbList\",\"@id\":\"https:\\\/\\\/ignista.lt\\\/parduotuve\\\/kubilu-priedai\\\/led-apsvietimas-kubilui-50mm\\\/#breadcrumb\",\"itemListElement\":[{\"@type\":\"ListItem\",\"position\":1,\"name\":\"Home\",\"item\":\"https:\\\/\\\/ignista.lt\\\/lt\\\/\"},{\"@type\":\"ListItem\",\"position\":2,\"name\":\"Parduotuv\u0117\",\"item\":\"https:\\\/\\\/ignista.lt\\\/lt\\\/parduotuve\\\/\"},{\"@type\":\"ListItem\",\"position\":3,\"name\":\"LED ap\u0161vietimas kubilui ir SPA 50 mm su pneumatiniu jungikliu\"}]},{\"@type\":\"WebSite\",\"@id\":\"https:\\\/\\\/ignista.lt\\\/#website\",\"url\":\"https:\\\/\\\/ignista.lt\\\/\",\"name\":\"Ignista\",\"description\":\"ner\u016bdijan\u010dio plieno krosnel\u0117s kubilams ir \u012fvair\u016bs metalo gaminiai\",\"potentialAction\":[{\"@type\":\"SearchAction\",\"target\":{\"@type\":\"EntryPoint\",\"urlTemplate\":\"https:\\\/\\\/ignista.lt\\\/?s={search_term_string}\"},\"query-input\":{\"@type\":\"PropertyValueSpecification\",\"valueRequired\":true,\"valueName\":\"search_term_string\"}}],\"inLanguage\":\"en-US\"}]}<\/script>\n<!-- \/ Yoast SEO plugin. -->","yoast_head_json":{"title":"LED ap\u0161vietimas kubilui 50 mm su pneumatiniu jungikliu","description":"LED ap\u0161vietimo sistema kubilui ir SPA su pneumatiniu jungikliu. Saugi, patikima, lengvai montuojama. Greitas pristatymas i\u0161 sand\u0117lio Lietuvoje.","robots":{"index":"index","follow":"follow","max-snippet":"max-snippet:-1","max-image-preview":"max-image-preview:large","max-video-preview":"max-video-preview:-1"},"canonical":"https:\/\/ignista.lt\/en\/parduotuve\/kubilu-priedai\/led-apsvietimas-kubilui-50mm\/","og_locale":"en_US","og_type":"article","og_title":"LED ap\u0161vietimas kubilui 50 mm su pneumatiniu jungikliu","og_description":"LED ap\u0161vietimo sistema kubilui ir SPA su pneumatiniu jungikliu. Saugi, patikima, lengvai montuojama. Greitas pristatymas i\u0161 sand\u0117lio Lietuvoje.","og_url":"https:\/\/ignista.lt\/en\/parduotuve\/kubilu-priedai\/led-apsvietimas-kubilui-50mm\/","og_site_name":"Ignista","article_modified_time":"2026-02-16T14:43:01+00:00","og_image":[{"width":1000,"height":1000,"url":"https:\/\/ignista.lt\/wp-content\/uploads\/2026\/02\/LED-apsvietimo-sistema.jpg","type":"image\/jpeg"}],"schema":{"@context":"https:\/\/schema.org","@graph":[{"@type":"WebPage","@id":"https:\/\/ignista.lt\/parduotuve\/kubilu-priedai\/led-apsvietimas-kubilui-50mm\/","url":"https:\/\/ignista.lt\/parduotuve\/kubilu-priedai\/led-apsvietimas-kubilui-50mm\/","name":"LED ap\u0161vietimas kubilui 50 mm su pneumatiniu jungikliu","isPartOf":{"@id":"https:\/\/ignista.lt\/#website"},"primaryImageOfPage":{"@id":"https:\/\/ignista.lt\/parduotuve\/kubilu-priedai\/led-apsvietimas-kubilui-50mm\/#primaryimage"},"image":{"@id":"https:\/\/ignista.lt\/parduotuve\/kubilu-priedai\/led-apsvietimas-kubilui-50mm\/#primaryimage"},"thumbnailUrl":"https:\/\/ignista.lt\/wp-content\/uploads\/2026\/02\/LED-apsvietimo-sistema.jpg","datePublished":"2026-02-16T14:20:37+00:00","dateModified":"2026-02-16T14:43:01+00:00","description":"LED ap\u0161vietimo sistema kubilui ir SPA su pneumatiniu jungikliu. Saugi, patikima, lengvai montuojama. Greitas pristatymas i\u0161 sand\u0117lio Lietuvoje.","breadcrumb":{"@id":"https:\/\/ignista.lt\/parduotuve\/kubilu-priedai\/led-apsvietimas-kubilui-50mm\/#breadcrumb"},"inLanguage":"en-US","potentialAction":[{"@type":"ReadAction","target":["https:\/\/ignista.lt\/parduotuve\/kubilu-priedai\/led-apsvietimas-kubilui-50mm\/"]}]},{"@type":"ImageObject","inLanguage":"en-US","@id":"https:\/\/ignista.lt\/parduotuve\/kubilu-priedai\/led-apsvietimas-kubilui-50mm\/#primaryimage","url":"https:\/\/ignista.lt\/wp-content\/uploads\/2026\/02\/LED-apsvietimo-sistema.jpg","contentUrl":"https:\/\/ignista.lt\/wp-content\/uploads\/2026\/02\/LED-apsvietimo-sistema.jpg","width":1000,"height":1000,"caption":"LED ap\u0161vietimas kubilui 50 mm su pneumatiniu jungikliu"},{"@type":"BreadcrumbList","@id":"https:\/\/ignista.lt\/parduotuve\/kubilu-priedai\/led-apsvietimas-kubilui-50mm\/#breadcrumb","itemListElement":[{"@type":"ListItem","position":1,"name":"Home","item":"https:\/\/ignista.lt\/lt\/"},{"@type":"ListItem","position":2,"name":"Parduotuv\u0117","item":"https:\/\/ignista.lt\/lt\/parduotuve\/"},{"@type":"ListItem","position":3,"name":"LED ap\u0161vietimas kubilui ir SPA 50 mm su pneumatiniu jungikliu"}]},{"@type":"WebSite","@id":"https:\/\/ignista.lt\/#website","url":"https:\/\/ignista.lt\/","name":"Ignista","description":"stainless steel hot tub stoves and various metal products","potentialAction":[{"@type":"SearchAction","target":{"@type":"EntryPoint","urlTemplate":"https:\/\/ignista.lt\/?s={search_term_string}"},"query-input":{"@type":"PropertyValueSpecification","valueRequired":true,"valueName":"search_term_string"}}],"inLanguage":"en-US"}]}},"_links":{"self":[{"href":"https:\/\/ignista.lt\/en\/wp-json\/wp\/v2\/product\/29520","targetHints":{"allow":["GET"]}}],"collection":[{"href":"https:\/\/ignista.lt\/en\/wp-json\/wp\/v2\/product"}],"about":[{"href":"https:\/\/ignista.lt\/en\/wp-json\/wp\/v2\/types\/product"}],"wp:featuredmedia":[{"embeddable":true,"href":"https:\/\/ignista.lt\/en\/wp-json\/wp\/v2\/media\/29521"}],"wp:attachment":[{"href":"https:\/\/ignista.lt\/en\/wp-json\/wp\/v2\/media?parent=29520"}],"wp:term":[{"taxonomy":"product_brand","embeddable":true,"href":"https:\/\/ignista.lt\/en\/wp-json\/wp\/v2\/product_brand?post=29520"},{"taxonomy":"product_cat","embeddable":true,"href":"https:\/\/ignista.lt\/en\/wp-json\/wp\/v2\/product_cat?post=29520"},{"taxonomy":"product_tag","embeddable":true,"href":"https:\/\/ignista.lt\/en\/wp-json\/wp\/v2\/product_tag?post=29520"}],"curies":[{"name":"wp","href":"https:\/\/api.w.org\/{rel}","templated":true}]}}