{"id":29526,"date":"2026-03-12T10:11:38","date_gmt":"2026-03-12T08:11:38","guid":{"rendered":"https:\/\/ignista.lt\/?post_type=product&#038;p=29526"},"modified":"2026-04-30T07:29:36","modified_gmt":"2026-04-30T04:29:36","slug":"nerudijancio-plieno-isorine-kubilo-krosnele-45kw-l75cm-aisi304","status":"publish","type":"product","link":"https:\/\/ignista.lt\/en\/parduotuve\/krosneles\/nerudijancio-plieno-isorine-kubilo-krosnele-45kw-l75cm-aisi304\/","title":{"rendered":"Stainless steel external hot tub stove 45KW L75cm (AISI304)"},"content":{"rendered":"<p>&nbsp;<\/p>\n<div style=\"width: 2560px;\" class=\"wp-video\"><video class=\"wp-video-shortcode\" id=\"video-29526-1\" width=\"2560\" height=\"1436\" loop autoplay preload=\"auto\" controls=\"controls\"><source type=\"video\/mp4\" src=\"https:\/\/ignista.lt\/wp-content\/uploads\/2026\/03\/2017.3.mp4?_=1\" \/><a href=\"https:\/\/ignista.lt\/wp-content\/uploads\/2026\/03\/2017.3.mp4\">https:\/\/ignista.lt\/wp-content\/uploads\/2026\/03\/2017.3.mp4<\/a><\/video><\/div>\n<h3 data-start=\"162\" data-end=\"218\">Stainless steel external hot tub stove 45KW L75cm (AISI304)<\/h3>\n<p data-start=\"220\" data-end=\"530\">Compact, efficient and durable IGNISTA 8-corner external stove made of AISI 304 stainless steel. Thanks to the improved air circulation system, the water heats up faster and more evenly. Power output is 45 kW\/h, heating up the tub in just 2-3 hours.<\/p>\n<hr data-start=\"532\" data-end=\"535\" \/>\n<p data-start=\"537\" data-end=\"558\">Full description:<\/p>\n<p data-start=\"560\" data-end=\"811\">The IGNISTA stainless steel outdoor hot tub stove is designed for outdoor hot tubs. It is made of 1.5 mm thick AISI 316 stainless steel, which ensures durability, corrosion resistance and aesthetic appearance even with intensive use.<\/p>\n<p data-start=\"813\" data-end=\"979\">The stove has an output of 45 kW\/h and an efficiency of 70%. This allows a standard hot tub to be heated in 2-3 hours, regardless of the time of year.<\/p>\n<p data-start=\"981\" data-end=\"1225\">The updated 8-corner design with an improved air circulation system offers even greater heating efficiency. Air circulation pipes integrated at the back of the stove improve heat exchange, so water heats faster and more evenly.<\/p>\n<p data-start=\"1227\" data-end=\"1456\">The front door with 4 mm heat-resistant glass allows you to enjoy the view of the flame, while the adjustable air supply gives you full control over the combustion. The stove has concealed feet for a clean, minimalist design.<\/p>\n<hr data-start=\"1458\" data-end=\"1461\" \/>\n<p data-start=\"1463\" data-end=\"1489\">Technical data:<\/p>\n<ul data-start=\"1490\" data-end=\"1926\">\n<li data-start=\"1490\" data-end=\"1512\">\n<p data-start=\"1492\" data-end=\"1512\">Power: 45 kW\/h<\/p>\n<\/li>\n<li data-start=\"1513\" data-end=\"1549\">\n<p data-start=\"1515\" data-end=\"1549\">Coefficient of performance: 80%<\/p>\n<\/li>\n<li data-start=\"1550\" data-end=\"1571\">\n<p data-start=\"1552\" data-end=\"1571\">Length: 750 mm<\/p>\n<\/li>\n<li data-start=\"1572\" data-end=\"1595\">\n<p data-start=\"1574\" data-end=\"1595\">Height: 660 mm<\/p>\n<\/li>\n<li data-start=\"1596\" data-end=\"1618\">\n<p data-start=\"1598\" data-end=\"1618\">Width: 485 mm<\/p>\n<\/li>\n<li data-start=\"1619\" data-end=\"1650\">\n<p data-start=\"1621\" data-end=\"1650\">Wall thickness: 1.5 mm<\/p>\n<\/li>\n<li data-start=\"1651\" data-end=\"1698\">\n<p data-start=\"1653\" data-end=\"1698\">Material: stainless steel AISI 304<\/p>\n<\/li>\n<li data-start=\"1699\" data-end=\"1727\">\n<p data-start=\"1701\" data-end=\"1727\">Chimney opening: \u00d8125 mm<\/p>\n<\/li>\n<li data-start=\"1728\" data-end=\"1774\">\n<p data-start=\"1730\" data-end=\"1774\">Water inlet\/outlet connections: \u00d848 mm<\/p>\n<\/li>\n<li data-start=\"1775\" data-end=\"1823\">\n<p data-start=\"1777\" data-end=\"1823\">Door with 4 mm heat-resistant glass<\/p>\n<\/li>\n<li data-start=\"1824\" data-end=\"1887\">\n<p data-start=\"1826\" data-end=\"1887\">Rear air circulation with integrated chambers<\/p>\n<\/li>\n<li data-start=\"1888\" data-end=\"1926\">\n<p data-start=\"1890\" data-end=\"1926\">Legs - hidden in the structure<\/p>\n<\/li>\n<\/ul>","protected":false},"excerpt":{"rendered":"<p><strong data-start=\"33\" data-end=\"103\">Stainless steel outdoor hot tub IGNISTA 45 kW (L75 cm)<\/strong> - the most powerful stove on the market, made of AISI 304 stainless steel. Thanks to the improved 8-corner design and the efficient air circulation system, the water in the hot tub heats up quickly and evenly in about 1-2 hours. The robust construction, the heat-resistant glass in the door and the minimalist design ensure ease of use and durability.<\/p>","protected":false},"featured_media":29534,"template":"","meta":[],"product_brand":[],"product_cat":[29],"product_tag":[],"class_list":{"0":"post-29526","1":"product","2":"type-product","3":"status-publish","4":"has-post-thumbnail","6":"product_cat-krosneles","8":"first","9":"instock","10":"taxable","11":"shipping-taxable","12":"purchasable","13":"product-type-simple"},"yoast_head":"<!-- This site is optimized with the Yoast SEO plugin v27.4 - https:\/\/yoast.com\/product\/yoast-seo-wordpress\/ -->\n<title>Ner\u016bdijan\u010dio plieno i\u0161orin\u0117 kubilo krosnel\u0117 45KW L75cm (AISI304) | Ignista<\/title>\n<meta name=\"description\" content=\"Ner\u016bdijan\u010dio plieno i\u0161orin\u0117 kubilo krosnel\u0117 45KW L75cm (AISI304) - i\u0161orin\u0117 ner\u016bdijan\u010dio plieno malkin\u0117 kubilo krosnel\u0117 skirta lauko kubilams i\u0161 1.5 mm storio AISI 304 ner\u016bdijan\u010dio plieno.\" \/>\n<meta name=\"robots\" content=\"index, follow, max-snippet:-1, max-image-preview:large, max-video-preview:-1\" \/>\n<link rel=\"canonical\" href=\"https:\/\/ignista.lt\/en\/parduotuve\/krosneles\/nerudijancio-plieno-isorine-kubilo-krosnele-45kw-l75cm-aisi304\/\" \/>\n<meta property=\"og:locale\" content=\"en_US\" \/>\n<meta property=\"og:type\" content=\"article\" \/>\n<meta property=\"og:title\" content=\"Ner\u016bdijan\u010dio plieno i\u0161orin\u0117 kubilo krosnel\u0117 45KW L75cm (AISI304) | Ignista\" \/>\n<meta property=\"og:description\" content=\"Ner\u016bdijan\u010dio plieno i\u0161orin\u0117 kubilo krosnel\u0117 45KW L75cm (AISI304) - i\u0161orin\u0117 ner\u016bdijan\u010dio plieno malkin\u0117 kubilo krosnel\u0117 skirta lauko kubilams i\u0161 1.5 mm storio AISI 304 ner\u016bdijan\u010dio plieno.\" \/>\n<meta property=\"og:url\" content=\"https:\/\/ignista.lt\/en\/parduotuve\/krosneles\/nerudijancio-plieno-isorine-kubilo-krosnele-45kw-l75cm-aisi304\/\" \/>\n<meta property=\"og:site_name\" content=\"Ignista\" \/>\n<meta property=\"article:modified_time\" content=\"2026-04-30T04:29:36+00:00\" \/>\n<meta property=\"og:image\" content=\"https:\/\/ignista.lt\/wp-content\/uploads\/2026\/03\/ignista.ltkubilo-krosneles45kw-ignista-3.jpg\" \/>\n\t<meta property=\"og:image:width\" content=\"1000\" \/>\n\t<meta property=\"og:image:height\" content=\"1000\" \/>\n\t<meta property=\"og:image:type\" content=\"image\/jpeg\" \/>\n<script type=\"application\/ld+json\" class=\"yoast-schema-graph\">{\"@context\":\"https:\\\/\\\/schema.org\",\"@graph\":[{\"@type\":\"WebPage\",\"@id\":\"https:\\\/\\\/ignista.lt\\\/parduotuve\\\/krosneles\\\/nerudijancio-plieno-isorine-kubilo-krosnele-45kw-l75cm-aisi304\\\/\",\"url\":\"https:\\\/\\\/ignista.lt\\\/parduotuve\\\/krosneles\\\/nerudijancio-plieno-isorine-kubilo-krosnele-45kw-l75cm-aisi304\\\/\",\"name\":\"Ner\u016bdijan\u010dio plieno i\u0161orin\u0117 kubilo krosnel\u0117 45KW L75cm (AISI304) | Ignista\",\"isPartOf\":{\"@id\":\"https:\\\/\\\/ignista.lt\\\/#website\"},\"primaryImageOfPage\":{\"@id\":\"https:\\\/\\\/ignista.lt\\\/parduotuve\\\/krosneles\\\/nerudijancio-plieno-isorine-kubilo-krosnele-45kw-l75cm-aisi304\\\/#primaryimage\"},\"image\":{\"@id\":\"https:\\\/\\\/ignista.lt\\\/parduotuve\\\/krosneles\\\/nerudijancio-plieno-isorine-kubilo-krosnele-45kw-l75cm-aisi304\\\/#primaryimage\"},\"thumbnailUrl\":\"https:\\\/\\\/ignista.lt\\\/wp-content\\\/uploads\\\/2026\\\/03\\\/ignista.ltkubilo-krosneles45kw-ignista-3.jpg\",\"datePublished\":\"2026-03-12T08:11:38+00:00\",\"dateModified\":\"2026-04-30T04:29:36+00:00\",\"description\":\"Ner\u016bdijan\u010dio plieno i\u0161orin\u0117 kubilo krosnel\u0117 45KW L75cm (AISI304) - i\u0161orin\u0117 ner\u016bdijan\u010dio plieno malkin\u0117 kubilo krosnel\u0117 skirta lauko kubilams i\u0161 1.5 mm storio AISI 304 ner\u016bdijan\u010dio plieno.\",\"breadcrumb\":{\"@id\":\"https:\\\/\\\/ignista.lt\\\/parduotuve\\\/krosneles\\\/nerudijancio-plieno-isorine-kubilo-krosnele-45kw-l75cm-aisi304\\\/#breadcrumb\"},\"inLanguage\":\"en-US\",\"potentialAction\":[{\"@type\":\"ReadAction\",\"target\":[\"https:\\\/\\\/ignista.lt\\\/parduotuve\\\/krosneles\\\/nerudijancio-plieno-isorine-kubilo-krosnele-45kw-l75cm-aisi304\\\/\"]}]},{\"@type\":\"ImageObject\",\"inLanguage\":\"en-US\",\"@id\":\"https:\\\/\\\/ignista.lt\\\/parduotuve\\\/krosneles\\\/nerudijancio-plieno-isorine-kubilo-krosnele-45kw-l75cm-aisi304\\\/#primaryimage\",\"url\":\"https:\\\/\\\/ignista.lt\\\/wp-content\\\/uploads\\\/2026\\\/03\\\/ignista.ltkubilo-krosneles45kw-ignista-3.jpg\",\"contentUrl\":\"https:\\\/\\\/ignista.lt\\\/wp-content\\\/uploads\\\/2026\\\/03\\\/ignista.ltkubilo-krosneles45kw-ignista-3.jpg\",\"width\":1000,\"height\":1000,\"caption\":\"IGNISTA 45 kW ner\u016bdijan\u010dio plieno kubilo krosnel\u0117 lauko kubilams\"},{\"@type\":\"BreadcrumbList\",\"@id\":\"https:\\\/\\\/ignista.lt\\\/parduotuve\\\/krosneles\\\/nerudijancio-plieno-isorine-kubilo-krosnele-45kw-l75cm-aisi304\\\/#breadcrumb\",\"itemListElement\":[{\"@type\":\"ListItem\",\"position\":1,\"name\":\"Home\",\"item\":\"https:\\\/\\\/ignista.lt\\\/lt\\\/\"},{\"@type\":\"ListItem\",\"position\":2,\"name\":\"Parduotuv\u0117\",\"item\":\"https:\\\/\\\/ignista.lt\\\/lt\\\/parduotuve\\\/\"},{\"@type\":\"ListItem\",\"position\":3,\"name\":\"Ner\u016bdijan\u010dio plieno i\u0161orin\u0117 kubilo krosnel\u0117 45KW L75cm (AISI304)\"}]},{\"@type\":\"WebSite\",\"@id\":\"https:\\\/\\\/ignista.lt\\\/#website\",\"url\":\"https:\\\/\\\/ignista.lt\\\/\",\"name\":\"Ignista\",\"description\":\"ner\u016bdijan\u010dio plieno krosnel\u0117s kubilams ir \u012fvair\u016bs metalo gaminiai\",\"potentialAction\":[{\"@type\":\"SearchAction\",\"target\":{\"@type\":\"EntryPoint\",\"urlTemplate\":\"https:\\\/\\\/ignista.lt\\\/?s={search_term_string}\"},\"query-input\":{\"@type\":\"PropertyValueSpecification\",\"valueRequired\":true,\"valueName\":\"search_term_string\"}}],\"inLanguage\":\"en-US\"}]}<\/script>\n<!-- \/ Yoast SEO plugin. -->","yoast_head_json":{"title":"Ner\u016bdijan\u010dio plieno i\u0161orin\u0117 kubilo krosnel\u0117 45KW L75cm (AISI304) | Ignista","description":"Ner\u016bdijan\u010dio plieno i\u0161orin\u0117 kubilo krosnel\u0117 45KW L75cm (AISI304) - i\u0161orin\u0117 ner\u016bdijan\u010dio plieno malkin\u0117 kubilo krosnel\u0117 skirta lauko kubilams i\u0161 1.5 mm storio AISI 304 ner\u016bdijan\u010dio plieno.","robots":{"index":"index","follow":"follow","max-snippet":"max-snippet:-1","max-image-preview":"max-image-preview:large","max-video-preview":"max-video-preview:-1"},"canonical":"https:\/\/ignista.lt\/en\/parduotuve\/krosneles\/nerudijancio-plieno-isorine-kubilo-krosnele-45kw-l75cm-aisi304\/","og_locale":"en_US","og_type":"article","og_title":"Ner\u016bdijan\u010dio plieno i\u0161orin\u0117 kubilo krosnel\u0117 45KW L75cm (AISI304) | Ignista","og_description":"Ner\u016bdijan\u010dio plieno i\u0161orin\u0117 kubilo krosnel\u0117 45KW L75cm (AISI304) - i\u0161orin\u0117 ner\u016bdijan\u010dio plieno malkin\u0117 kubilo krosnel\u0117 skirta lauko kubilams i\u0161 1.5 mm storio AISI 304 ner\u016bdijan\u010dio plieno.","og_url":"https:\/\/ignista.lt\/en\/parduotuve\/krosneles\/nerudijancio-plieno-isorine-kubilo-krosnele-45kw-l75cm-aisi304\/","og_site_name":"Ignista","article_modified_time":"2026-04-30T04:29:36+00:00","og_image":[{"width":1000,"height":1000,"url":"https:\/\/ignista.lt\/wp-content\/uploads\/2026\/03\/ignista.ltkubilo-krosneles45kw-ignista-3.jpg","type":"image\/jpeg"}],"schema":{"@context":"https:\/\/schema.org","@graph":[{"@type":"WebPage","@id":"https:\/\/ignista.lt\/parduotuve\/krosneles\/nerudijancio-plieno-isorine-kubilo-krosnele-45kw-l75cm-aisi304\/","url":"https:\/\/ignista.lt\/parduotuve\/krosneles\/nerudijancio-plieno-isorine-kubilo-krosnele-45kw-l75cm-aisi304\/","name":"Ner\u016bdijan\u010dio plieno i\u0161orin\u0117 kubilo krosnel\u0117 45KW L75cm (AISI304) | Ignista","isPartOf":{"@id":"https:\/\/ignista.lt\/#website"},"primaryImageOfPage":{"@id":"https:\/\/ignista.lt\/parduotuve\/krosneles\/nerudijancio-plieno-isorine-kubilo-krosnele-45kw-l75cm-aisi304\/#primaryimage"},"image":{"@id":"https:\/\/ignista.lt\/parduotuve\/krosneles\/nerudijancio-plieno-isorine-kubilo-krosnele-45kw-l75cm-aisi304\/#primaryimage"},"thumbnailUrl":"https:\/\/ignista.lt\/wp-content\/uploads\/2026\/03\/ignista.ltkubilo-krosneles45kw-ignista-3.jpg","datePublished":"2026-03-12T08:11:38+00:00","dateModified":"2026-04-30T04:29:36+00:00","description":"Ner\u016bdijan\u010dio plieno i\u0161orin\u0117 kubilo krosnel\u0117 45KW L75cm (AISI304) - i\u0161orin\u0117 ner\u016bdijan\u010dio plieno malkin\u0117 kubilo krosnel\u0117 skirta lauko kubilams i\u0161 1.5 mm storio AISI 304 ner\u016bdijan\u010dio plieno.","breadcrumb":{"@id":"https:\/\/ignista.lt\/parduotuve\/krosneles\/nerudijancio-plieno-isorine-kubilo-krosnele-45kw-l75cm-aisi304\/#breadcrumb"},"inLanguage":"en-US","potentialAction":[{"@type":"ReadAction","target":["https:\/\/ignista.lt\/parduotuve\/krosneles\/nerudijancio-plieno-isorine-kubilo-krosnele-45kw-l75cm-aisi304\/"]}]},{"@type":"ImageObject","inLanguage":"en-US","@id":"https:\/\/ignista.lt\/parduotuve\/krosneles\/nerudijancio-plieno-isorine-kubilo-krosnele-45kw-l75cm-aisi304\/#primaryimage","url":"https:\/\/ignista.lt\/wp-content\/uploads\/2026\/03\/ignista.ltkubilo-krosneles45kw-ignista-3.jpg","contentUrl":"https:\/\/ignista.lt\/wp-content\/uploads\/2026\/03\/ignista.ltkubilo-krosneles45kw-ignista-3.jpg","width":1000,"height":1000,"caption":"IGNISTA 45 kW ner\u016bdijan\u010dio plieno kubilo krosnel\u0117 lauko kubilams"},{"@type":"BreadcrumbList","@id":"https:\/\/ignista.lt\/parduotuve\/krosneles\/nerudijancio-plieno-isorine-kubilo-krosnele-45kw-l75cm-aisi304\/#breadcrumb","itemListElement":[{"@type":"ListItem","position":1,"name":"Home","item":"https:\/\/ignista.lt\/lt\/"},{"@type":"ListItem","position":2,"name":"Parduotuv\u0117","item":"https:\/\/ignista.lt\/lt\/parduotuve\/"},{"@type":"ListItem","position":3,"name":"Ner\u016bdijan\u010dio plieno i\u0161orin\u0117 kubilo krosnel\u0117 45KW L75cm (AISI304)"}]},{"@type":"WebSite","@id":"https:\/\/ignista.lt\/#website","url":"https:\/\/ignista.lt\/","name":"Ignista","description":"stainless steel hot tub stoves and various metal products","potentialAction":[{"@type":"SearchAction","target":{"@type":"EntryPoint","urlTemplate":"https:\/\/ignista.lt\/?s={search_term_string}"},"query-input":{"@type":"PropertyValueSpecification","valueRequired":true,"valueName":"search_term_string"}}],"inLanguage":"en-US"}]}},"_links":{"self":[{"href":"https:\/\/ignista.lt\/en\/wp-json\/wp\/v2\/product\/29526","targetHints":{"allow":["GET"]}}],"collection":[{"href":"https:\/\/ignista.lt\/en\/wp-json\/wp\/v2\/product"}],"about":[{"href":"https:\/\/ignista.lt\/en\/wp-json\/wp\/v2\/types\/product"}],"wp:featuredmedia":[{"embeddable":true,"href":"https:\/\/ignista.lt\/en\/wp-json\/wp\/v2\/media\/29534"}],"wp:attachment":[{"href":"https:\/\/ignista.lt\/en\/wp-json\/wp\/v2\/media?parent=29526"}],"wp:term":[{"taxonomy":"product_brand","embeddable":true,"href":"https:\/\/ignista.lt\/en\/wp-json\/wp\/v2\/product_brand?post=29526"},{"taxonomy":"product_cat","embeddable":true,"href":"https:\/\/ignista.lt\/en\/wp-json\/wp\/v2\/product_cat?post=29526"},{"taxonomy":"product_tag","embeddable":true,"href":"https:\/\/ignista.lt\/en\/wp-json\/wp\/v2\/product_tag?post=29526"}],"curies":[{"name":"wp","href":"https:\/\/api.w.org\/{rel}","templated":true}]}}