{"id":410,"date":"2023-09-27T09:51:19","date_gmt":"2023-09-27T06:51:19","guid":{"rendered":"https:\/\/ignista.lt\/?post_type=product&#038;p=410"},"modified":"2026-02-10T16:07:31","modified_gmt":"2026-02-10T14:07:31","slug":"nerudijancio-plieno-isorine-krosnele37kw-aisi304","status":"publish","type":"product","link":"https:\/\/ignista.lt\/en\/parduotuve\/krosneles\/nerudijancio-plieno-isorine-krosnele37kw-aisi304\/","title":{"rendered":"Stainless steel external stove 50cm 28KW (AISI304)"},"content":{"rendered":"<p>&nbsp;<\/p>\n<div style=\"width: 2560px;\" class=\"wp-video\"><video class=\"wp-video-shortcode\" id=\"video-410-1\" width=\"2560\" height=\"1436\" loop autoplay preload=\"auto\" controls=\"controls\"><source type=\"video\/mp4\" src=\"https:\/\/ignista.lt\/wp-content\/uploads\/2023\/09\/2017.2-1.mp4?_=1\" \/><a href=\"https:\/\/ignista.lt\/wp-content\/uploads\/2023\/09\/2017.2-1.mp4\">https:\/\/ignista.lt\/wp-content\/uploads\/2023\/09\/2017.2-1.mp4<\/a><\/video><\/div>\n<h3 data-start=\"162\" data-end=\"218\">Stainless steel external hot tub stove 28KW 50cm (AISI304)<\/h3>\n<p data-start=\"220\" data-end=\"530\">Compact, efficient and durable IGNISTA 8-corner external stove made of AISI 304 stainless steel. Thanks to the improved air circulation system, the water heats up faster and more evenly. Power output is 35 kW\/h, heating up the hot tub in just 2-3 hours.<\/p>\n<hr data-start=\"532\" data-end=\"535\" \/>\n<p data-start=\"537\" data-end=\"558\">Full description:<\/p>\n<p data-start=\"560\" data-end=\"811\">The IGNISTA stainless steel outdoor hot tub stove is designed for outdoor hot tubs. It is made of 1.5 mm thick AISI 304 stainless steel, which ensures durability, corrosion resistance and aesthetic appearance even with intensive use.<\/p>\n<p data-start=\"813\" data-end=\"979\">The stove has an output of 35 kW\/h and an efficiency of 70%. This allows a standard hot tub to be heated in 2-3 hours, regardless of the time of year.<\/p>\n<p data-start=\"981\" data-end=\"1225\">The updated 8-corner design with an improved air circulation system offers even greater heating efficiency. Air circulation pipes integrated at the back of the stove improve heat exchange, so water heats faster and more evenly.<\/p>\n<p data-start=\"1227\" data-end=\"1456\">The front door with 4 mm heat-resistant glass allows you to enjoy the view of the flame, while the adjustable air supply gives you full control over the combustion. The stove has concealed feet for a clean, minimalist design.<\/p>\n<hr data-start=\"1458\" data-end=\"1461\" \/>\n<p data-start=\"1463\" data-end=\"1489\">Technical data:<\/p>\n<ul data-start=\"1490\" data-end=\"1926\">\n<li data-start=\"1490\" data-end=\"1512\">\n<p data-start=\"1492\" data-end=\"1512\">Power: 28 kW\/h<\/p>\n<\/li>\n<li data-start=\"1513\" data-end=\"1549\">\n<p data-start=\"1515\" data-end=\"1549\">Coefficient of performance: 80%<\/p>\n<\/li>\n<li data-start=\"1550\" data-end=\"1571\">\n<p data-start=\"1552\" data-end=\"1571\">Length: 500 mm<\/p>\n<\/li>\n<li data-start=\"1572\" data-end=\"1595\">\n<p data-start=\"1574\" data-end=\"1595\">Height: 660 mm<\/p>\n<\/li>\n<li data-start=\"1596\" data-end=\"1618\">\n<p data-start=\"1598\" data-end=\"1618\">Width: 485 mm<\/p>\n<\/li>\n<li data-start=\"1619\" data-end=\"1650\">\n<p data-start=\"1621\" data-end=\"1650\">Wall thickness: 1.5 mm<\/p>\n<\/li>\n<li data-start=\"1651\" data-end=\"1698\">\n<p data-start=\"1653\" data-end=\"1698\">Material: stainless steel AISI 304<\/p>\n<\/li>\n<li data-start=\"1699\" data-end=\"1727\">\n<p data-start=\"1701\" data-end=\"1727\">Chimney opening: \u00d8125 mm<\/p>\n<\/li>\n<li data-start=\"1728\" data-end=\"1774\">\n<p data-start=\"1730\" data-end=\"1774\">Water inlet\/outlet connections: \u00d848 mm<\/p>\n<\/li>\n<li data-start=\"1775\" data-end=\"1823\">\n<p data-start=\"1777\" data-end=\"1823\">Door with 4 mm heat-resistant glass<\/p>\n<\/li>\n<li data-start=\"1824\" data-end=\"1887\">\n<p data-start=\"1826\" data-end=\"1887\">Rear air circulation with integrated pipes<\/p>\n<\/li>\n<li data-start=\"1888\" data-end=\"1926\">\n<p data-start=\"1890\" data-end=\"1926\">Legs - hidden in the structure<\/p>\n<\/li>\n<\/ul>\n<p>&nbsp;<\/p>","protected":false},"excerpt":{"rendered":"<p>&nbsp; Ner\u016bdijan\u010dio plieno i\u0161orin\u0117 kubilo krosnel\u0117 28KW 50cm (AISI304) Kompakti\u0161ka, efektyvi ir ilgaam\u017e\u0117 IGNISTA 8 kamp\u0173 i\u0161orin\u0117 krosnel\u0117, pagaminta i\u0161<\/p>","protected":false},"featured_media":564,"template":"","meta":[],"product_brand":[],"product_cat":[29],"product_tag":[],"class_list":{"0":"post-410","1":"product","2":"type-product","3":"status-publish","4":"has-post-thumbnail","6":"product_cat-krosneles","8":"first","9":"instock","10":"taxable","11":"shipping-taxable","12":"purchasable","13":"product-type-simple"},"yoast_head":"<!-- This site is optimized with the Yoast SEO plugin v27.4 - https:\/\/yoast.com\/product\/yoast-seo-wordpress\/ -->\n<title>Ner\u016bdijan\u010dio plieno i\u0161orin\u0117 krosnel\u0117 50cm 28KW (AISI304) | Ignista<\/title>\n<meta name=\"description\" content=\"Ner\u016bdijan\u010dio plieno i\u0161orin\u0117 krosnel\u0117 50cm 28KW (AISI304) I\u0161orin\u0117 malkin\u0117 krosnel\u0117 kubilui - greitas ir ekonomi\u0161kas lauko kubilo \u0161ildymas. Ner\u016bdijan\u010dio plieno krosnel\u0117 patikimam naudojimui visais met\u0173 laikais.\" \/>\n<meta name=\"robots\" content=\"index, follow, max-snippet:-1, max-image-preview:large, max-video-preview:-1\" \/>\n<link rel=\"canonical\" href=\"https:\/\/ignista.lt\/en\/parduotuve\/krosneles\/nerudijancio-plieno-isorine-krosnele37kw-aisi304\/\" \/>\n<meta property=\"og:locale\" content=\"en_US\" \/>\n<meta property=\"og:type\" content=\"article\" \/>\n<meta property=\"og:title\" content=\"Ner\u016bdijan\u010dio plieno i\u0161orin\u0117 krosnel\u0117 50cm 28KW (AISI304) | Ignista\" \/>\n<meta property=\"og:description\" content=\"Ner\u016bdijan\u010dio plieno i\u0161orin\u0117 krosnel\u0117 50cm 28KW (AISI304) I\u0161orin\u0117 malkin\u0117 krosnel\u0117 kubilui - greitas ir ekonomi\u0161kas lauko kubilo \u0161ildymas. Ner\u016bdijan\u010dio plieno krosnel\u0117 patikimam naudojimui visais met\u0173 laikais.\" \/>\n<meta property=\"og:url\" content=\"https:\/\/ignista.lt\/en\/parduotuve\/krosneles\/nerudijancio-plieno-isorine-krosnele37kw-aisi304\/\" \/>\n<meta property=\"og:site_name\" content=\"Ignista\" \/>\n<meta property=\"article:modified_time\" content=\"2026-02-10T14:07:31+00:00\" \/>\n<meta property=\"og:image\" content=\"https:\/\/ignista.lt\/wp-content\/uploads\/2023\/09\/Layer-Visibility1.jpg\" \/>\n\t<meta property=\"og:image:width\" content=\"1149\" \/>\n\t<meta property=\"og:image:height\" content=\"1084\" \/>\n\t<meta property=\"og:image:type\" content=\"image\/jpeg\" \/>\n<script type=\"application\/ld+json\" class=\"yoast-schema-graph\">{\"@context\":\"https:\\\/\\\/schema.org\",\"@graph\":[{\"@type\":\"WebPage\",\"@id\":\"https:\\\/\\\/ignista.lt\\\/parduotuve\\\/krosneles\\\/nerudijancio-plieno-isorine-krosnele37kw-aisi304\\\/\",\"url\":\"https:\\\/\\\/ignista.lt\\\/parduotuve\\\/krosneles\\\/nerudijancio-plieno-isorine-krosnele37kw-aisi304\\\/\",\"name\":\"Ner\u016bdijan\u010dio plieno i\u0161orin\u0117 krosnel\u0117 50cm 28KW (AISI304) | Ignista\",\"isPartOf\":{\"@id\":\"https:\\\/\\\/ignista.lt\\\/#website\"},\"primaryImageOfPage\":{\"@id\":\"https:\\\/\\\/ignista.lt\\\/parduotuve\\\/krosneles\\\/nerudijancio-plieno-isorine-krosnele37kw-aisi304\\\/#primaryimage\"},\"image\":{\"@id\":\"https:\\\/\\\/ignista.lt\\\/parduotuve\\\/krosneles\\\/nerudijancio-plieno-isorine-krosnele37kw-aisi304\\\/#primaryimage\"},\"thumbnailUrl\":\"https:\\\/\\\/ignista.lt\\\/wp-content\\\/uploads\\\/2023\\\/09\\\/Layer-Visibility1.jpg\",\"datePublished\":\"2023-09-27T06:51:19+00:00\",\"dateModified\":\"2026-02-10T14:07:31+00:00\",\"description\":\"Ner\u016bdijan\u010dio plieno i\u0161orin\u0117 krosnel\u0117 50cm 28KW (AISI304) I\u0161orin\u0117 malkin\u0117 krosnel\u0117 kubilui - greitas ir ekonomi\u0161kas lauko kubilo \u0161ildymas. Ner\u016bdijan\u010dio plieno krosnel\u0117 patikimam naudojimui visais met\u0173 laikais.\",\"breadcrumb\":{\"@id\":\"https:\\\/\\\/ignista.lt\\\/parduotuve\\\/krosneles\\\/nerudijancio-plieno-isorine-krosnele37kw-aisi304\\\/#breadcrumb\"},\"inLanguage\":\"en-US\",\"potentialAction\":[{\"@type\":\"ReadAction\",\"target\":[\"https:\\\/\\\/ignista.lt\\\/parduotuve\\\/krosneles\\\/nerudijancio-plieno-isorine-krosnele37kw-aisi304\\\/\"]}]},{\"@type\":\"ImageObject\",\"inLanguage\":\"en-US\",\"@id\":\"https:\\\/\\\/ignista.lt\\\/parduotuve\\\/krosneles\\\/nerudijancio-plieno-isorine-krosnele37kw-aisi304\\\/#primaryimage\",\"url\":\"https:\\\/\\\/ignista.lt\\\/wp-content\\\/uploads\\\/2023\\\/09\\\/Layer-Visibility1.jpg\",\"contentUrl\":\"https:\\\/\\\/ignista.lt\\\/wp-content\\\/uploads\\\/2023\\\/09\\\/Layer-Visibility1.jpg\",\"width\":1149,\"height\":1084},{\"@type\":\"BreadcrumbList\",\"@id\":\"https:\\\/\\\/ignista.lt\\\/parduotuve\\\/krosneles\\\/nerudijancio-plieno-isorine-krosnele37kw-aisi304\\\/#breadcrumb\",\"itemListElement\":[{\"@type\":\"ListItem\",\"position\":1,\"name\":\"Home\",\"item\":\"https:\\\/\\\/ignista.lt\\\/lt\\\/\"},{\"@type\":\"ListItem\",\"position\":2,\"name\":\"Parduotuv\u0117\",\"item\":\"https:\\\/\\\/ignista.lt\\\/lt\\\/parduotuve\\\/\"},{\"@type\":\"ListItem\",\"position\":3,\"name\":\"Ner\u016bdijan\u010dio plieno i\u0161orin\u0117 krosnel\u0117 50cm 28KW (AISI304)\"}]},{\"@type\":\"WebSite\",\"@id\":\"https:\\\/\\\/ignista.lt\\\/#website\",\"url\":\"https:\\\/\\\/ignista.lt\\\/\",\"name\":\"Ignista\",\"description\":\"ner\u016bdijan\u010dio plieno krosnel\u0117s kubilams ir \u012fvair\u016bs metalo gaminiai\",\"potentialAction\":[{\"@type\":\"SearchAction\",\"target\":{\"@type\":\"EntryPoint\",\"urlTemplate\":\"https:\\\/\\\/ignista.lt\\\/?s={search_term_string}\"},\"query-input\":{\"@type\":\"PropertyValueSpecification\",\"valueRequired\":true,\"valueName\":\"search_term_string\"}}],\"inLanguage\":\"en-US\"}]}<\/script>\n<!-- \/ Yoast SEO plugin. -->","yoast_head_json":{"title":"Ner\u016bdijan\u010dio plieno i\u0161orin\u0117 krosnel\u0117 50cm 28KW (AISI304) | Ignista","description":"Ner\u016bdijan\u010dio plieno i\u0161orin\u0117 krosnel\u0117 50cm 28KW (AISI304) I\u0161orin\u0117 malkin\u0117 krosnel\u0117 kubilui - greitas ir ekonomi\u0161kas lauko kubilo \u0161ildymas. Ner\u016bdijan\u010dio plieno krosnel\u0117 patikimam naudojimui visais met\u0173 laikais.","robots":{"index":"index","follow":"follow","max-snippet":"max-snippet:-1","max-image-preview":"max-image-preview:large","max-video-preview":"max-video-preview:-1"},"canonical":"https:\/\/ignista.lt\/en\/parduotuve\/krosneles\/nerudijancio-plieno-isorine-krosnele37kw-aisi304\/","og_locale":"en_US","og_type":"article","og_title":"Ner\u016bdijan\u010dio plieno i\u0161orin\u0117 krosnel\u0117 50cm 28KW (AISI304) | Ignista","og_description":"Ner\u016bdijan\u010dio plieno i\u0161orin\u0117 krosnel\u0117 50cm 28KW (AISI304) I\u0161orin\u0117 malkin\u0117 krosnel\u0117 kubilui - greitas ir ekonomi\u0161kas lauko kubilo \u0161ildymas. Ner\u016bdijan\u010dio plieno krosnel\u0117 patikimam naudojimui visais met\u0173 laikais.","og_url":"https:\/\/ignista.lt\/en\/parduotuve\/krosneles\/nerudijancio-plieno-isorine-krosnele37kw-aisi304\/","og_site_name":"Ignista","article_modified_time":"2026-02-10T14:07:31+00:00","og_image":[{"width":1149,"height":1084,"url":"https:\/\/ignista.lt\/wp-content\/uploads\/2023\/09\/Layer-Visibility1.jpg","type":"image\/jpeg"}],"schema":{"@context":"https:\/\/schema.org","@graph":[{"@type":"WebPage","@id":"https:\/\/ignista.lt\/parduotuve\/krosneles\/nerudijancio-plieno-isorine-krosnele37kw-aisi304\/","url":"https:\/\/ignista.lt\/parduotuve\/krosneles\/nerudijancio-plieno-isorine-krosnele37kw-aisi304\/","name":"Ner\u016bdijan\u010dio plieno i\u0161orin\u0117 krosnel\u0117 50cm 28KW (AISI304) | Ignista","isPartOf":{"@id":"https:\/\/ignista.lt\/#website"},"primaryImageOfPage":{"@id":"https:\/\/ignista.lt\/parduotuve\/krosneles\/nerudijancio-plieno-isorine-krosnele37kw-aisi304\/#primaryimage"},"image":{"@id":"https:\/\/ignista.lt\/parduotuve\/krosneles\/nerudijancio-plieno-isorine-krosnele37kw-aisi304\/#primaryimage"},"thumbnailUrl":"https:\/\/ignista.lt\/wp-content\/uploads\/2023\/09\/Layer-Visibility1.jpg","datePublished":"2023-09-27T06:51:19+00:00","dateModified":"2026-02-10T14:07:31+00:00","description":"Ner\u016bdijan\u010dio plieno i\u0161orin\u0117 krosnel\u0117 50cm 28KW (AISI304) I\u0161orin\u0117 malkin\u0117 krosnel\u0117 kubilui - greitas ir ekonomi\u0161kas lauko kubilo \u0161ildymas. Ner\u016bdijan\u010dio plieno krosnel\u0117 patikimam naudojimui visais met\u0173 laikais.","breadcrumb":{"@id":"https:\/\/ignista.lt\/parduotuve\/krosneles\/nerudijancio-plieno-isorine-krosnele37kw-aisi304\/#breadcrumb"},"inLanguage":"en-US","potentialAction":[{"@type":"ReadAction","target":["https:\/\/ignista.lt\/parduotuve\/krosneles\/nerudijancio-plieno-isorine-krosnele37kw-aisi304\/"]}]},{"@type":"ImageObject","inLanguage":"en-US","@id":"https:\/\/ignista.lt\/parduotuve\/krosneles\/nerudijancio-plieno-isorine-krosnele37kw-aisi304\/#primaryimage","url":"https:\/\/ignista.lt\/wp-content\/uploads\/2023\/09\/Layer-Visibility1.jpg","contentUrl":"https:\/\/ignista.lt\/wp-content\/uploads\/2023\/09\/Layer-Visibility1.jpg","width":1149,"height":1084},{"@type":"BreadcrumbList","@id":"https:\/\/ignista.lt\/parduotuve\/krosneles\/nerudijancio-plieno-isorine-krosnele37kw-aisi304\/#breadcrumb","itemListElement":[{"@type":"ListItem","position":1,"name":"Home","item":"https:\/\/ignista.lt\/lt\/"},{"@type":"ListItem","position":2,"name":"Parduotuv\u0117","item":"https:\/\/ignista.lt\/lt\/parduotuve\/"},{"@type":"ListItem","position":3,"name":"Ner\u016bdijan\u010dio plieno i\u0161orin\u0117 krosnel\u0117 50cm 28KW (AISI304)"}]},{"@type":"WebSite","@id":"https:\/\/ignista.lt\/#website","url":"https:\/\/ignista.lt\/","name":"Ignista","description":"stainless steel hot tub stoves and various metal products","potentialAction":[{"@type":"SearchAction","target":{"@type":"EntryPoint","urlTemplate":"https:\/\/ignista.lt\/?s={search_term_string}"},"query-input":{"@type":"PropertyValueSpecification","valueRequired":true,"valueName":"search_term_string"}}],"inLanguage":"en-US"}]}},"_links":{"self":[{"href":"https:\/\/ignista.lt\/en\/wp-json\/wp\/v2\/product\/410","targetHints":{"allow":["GET"]}}],"collection":[{"href":"https:\/\/ignista.lt\/en\/wp-json\/wp\/v2\/product"}],"about":[{"href":"https:\/\/ignista.lt\/en\/wp-json\/wp\/v2\/types\/product"}],"wp:featuredmedia":[{"embeddable":true,"href":"https:\/\/ignista.lt\/en\/wp-json\/wp\/v2\/media\/564"}],"wp:attachment":[{"href":"https:\/\/ignista.lt\/en\/wp-json\/wp\/v2\/media?parent=410"}],"wp:term":[{"taxonomy":"product_brand","embeddable":true,"href":"https:\/\/ignista.lt\/en\/wp-json\/wp\/v2\/product_brand?post=410"},{"taxonomy":"product_cat","embeddable":true,"href":"https:\/\/ignista.lt\/en\/wp-json\/wp\/v2\/product_cat?post=410"},{"taxonomy":"product_tag","embeddable":true,"href":"https:\/\/ignista.lt\/en\/wp-json\/wp\/v2\/product_tag?post=410"}],"curies":[{"name":"wp","href":"https:\/\/api.w.org\/{rel}","templated":true}]}}