{"id":426,"date":"2023-09-27T17:20:43","date_gmt":"2023-09-27T14:20:43","guid":{"rendered":"https:\/\/ignista.lt\/?post_type=product&#038;p=426"},"modified":"2026-02-10T16:07:17","modified_gmt":"2026-02-10T14:07:17","slug":"integruota-krosnele-aisi304-42kw","status":"publish","type":"product","link":"https:\/\/ignista.lt\/en\/parduotuve\/krosneles\/integruota-krosnele-aisi304-42kw\/","title":{"rendered":"Integrated stove 42KW (AISI304)"},"content":{"rendered":"<div style=\"width: 2560px;\" class=\"wp-video\"><video class=\"wp-video-shortcode\" id=\"video-426-1\" width=\"2560\" height=\"1154\" loop autoplay preload=\"metadata\" controls=\"controls\"><source type=\"video\/mp4\" src=\"https:\/\/ignista.lt\/wp-content\/uploads\/2023\/09\/untitled-1.mp4?_=1\" \/><a href=\"https:\/\/ignista.lt\/wp-content\/uploads\/2023\/09\/untitled-1.mp4\">https:\/\/ignista.lt\/wp-content\/uploads\/2023\/09\/untitled-1.mp4<\/a><\/video><\/div>\n<h1 data-start=\"200\" data-end=\"251\">Hot tub integrated wood-burning stove for outdoor hot tubs<\/h1>\n<p data-start=\"253\" data-end=\"506\"><strong data-start=\"253\" data-end=\"291\">Integrated wood-burning stove in the hot tub<\/strong> - is a compact and efficient solution for heating outdoor hot tub water. The stove is mounted <strong data-start=\"386\" data-end=\"403\">inside the hot tub<\/strong>, This ensures direct and rapid heat transfer to the water without the need for additional external connections.<\/p>\n<p data-start=\"508\" data-end=\"636\">This <strong data-start=\"511\" data-end=\"546\">Indoor wood-burning stove for the hot tub<\/strong> perfect for those looking for a simple, reliable and aesthetically pleasing solution for private use.<\/p>\n<hr data-start=\"638\" data-end=\"641\" \/>\n<h2 data-start=\"643\" data-end=\"701\">Why choose an integrated wood-burning stove for your hot tub?<\/h2>\n<ul data-start=\"703\" data-end=\"1049\">\n<li data-start=\"703\" data-end=\"782\">\n<p data-start=\"705\" data-end=\"782\"><strong data-start=\"708\" data-end=\"739\">Fast water heating<\/strong> - heat is transferred directly to the water<\/p>\n<\/li>\n<li data-start=\"783\" data-end=\"854\">\n<p data-start=\"785\" data-end=\"854\"><strong data-start=\"788\" data-end=\"809\">Wood-fired<\/strong> - cost-effective and independent of electricity<\/p>\n<\/li>\n<li data-start=\"855\" data-end=\"931\">\n<p data-start=\"857\" data-end=\"931\"><strong data-start=\"860\" data-end=\"887\">Compact solution<\/strong> - no need for extra space next to the hot tub<\/p>\n<\/li>\n<li data-start=\"932\" data-end=\"984\">\n<p data-start=\"934\" data-end=\"984\"><strong data-start=\"938\" data-end=\"956\">Fewer connections<\/strong> - easier installation<\/p>\n<\/li>\n<li data-start=\"985\" data-end=\"1049\">\n<p data-start=\"987\" data-end=\"1049\"><strong data-start=\"990\" data-end=\"1017\">Natural heating method<\/strong> - Suitable for a relaxing holiday in nature<\/p>\n<\/li>\n<\/ul>\n<p data-start=\"1051\" data-end=\"1176\"><strong data-start=\"1051\" data-end=\"1081\">Kubilo integrated stove<\/strong> is usually chosen when simplicity, minimalism and lower system costs are important.<\/p>\n<hr data-start=\"1178\" data-end=\"1181\" \/>\n<h2 data-start=\"1183\" data-end=\"1229\">Stainless steel indoor stove for hot tub<\/h2>\n<p data-start=\"1231\" data-end=\"1316\">This <strong data-start=\"1234\" data-end=\"1273\">stainless steel hot tub stove<\/strong> made of high quality metal that:<\/p>\n<ul data-start=\"1318\" data-end=\"1428\">\n<li data-start=\"1318\" data-end=\"1351\">\n<p data-start=\"1320\" data-end=\"1351\">resistant to high temperatures<\/p>\n<\/li>\n<li data-start=\"1352\" data-end=\"1381\">\n<p data-start=\"1354\" data-end=\"1381\">not afraid of moisture and water<\/p>\n<\/li>\n<li data-start=\"1382\" data-end=\"1404\">\n<p data-start=\"1384\" data-end=\"1404\">corrosion resistant<\/p>\n<\/li>\n<li data-start=\"1405\" data-end=\"1428\">\n<p data-start=\"1407\" data-end=\"1428\">easy to maintain<\/p>\n<\/li>\n<\/ul>\n<p data-start=\"1430\" data-end=\"1529\">For this reason <strong data-start=\"1437\" data-end=\"1476\">integrated wood-burning hot tub<\/strong> is durable and suitable for use in all seasons.<\/p>\n<hr data-start=\"1531\" data-end=\"1534\" \/>\n<h2 data-start=\"1536\" data-end=\"1594\">How does the integrated water heating stove in a hot tub work?<\/h2>\n<ol data-start=\"1596\" data-end=\"1765\">\n<li data-start=\"1596\" data-end=\"1634\">\n<p data-start=\"1599\" data-end=\"1634\">The stove is installed inside the hot tub<\/p>\n<\/li>\n<li data-start=\"1635\" data-end=\"1683\">\n<p data-start=\"1638\" data-end=\"1683\">When burning wood, the walls of the stove get hot<\/p>\n<\/li>\n<li data-start=\"1684\" data-end=\"1727\">\n<p data-start=\"1687\" data-end=\"1727\">Heat transferred directly to water<\/p>\n<\/li>\n<li data-start=\"1728\" data-end=\"1765\">\n<p data-start=\"1731\" data-end=\"1765\">Water warms up quickly and evenly<\/p>\n<\/li>\n<\/ol>\n<p data-start=\"1767\" data-end=\"1901\">This type of <strong data-start=\"1778\" data-end=\"1813\">hot tub water heating stove<\/strong> has a simple design and efficient operation without the need for additional circulation systems.<\/p>\n<hr data-start=\"1903\" data-end=\"1906\" \/>\n<h2 data-start=\"1908\" data-end=\"1931\">Technical information<\/h2>\n<ul data-start=\"1933\" data-end=\"2195\">\n<li data-start=\"1933\" data-end=\"1975\">\n<p data-start=\"1935\" data-end=\"1975\">Type of stove: <strong data-start=\"1952\" data-end=\"1975\">integrated (internal)<\/strong><\/p>\n<\/li>\n<li data-start=\"1976\" data-end=\"2007\">\n<p data-start=\"1978\" data-end=\"2007\">Purpose: <strong data-start=\"1989\" data-end=\"2007\">outdoor hot tubs<\/strong><\/p>\n<\/li>\n<li data-start=\"2008\" data-end=\"2044\">\n<p data-start=\"2010\" data-end=\"2044\">Material: <strong data-start=\"2020\" data-end=\"2044\">stainless steel<\/strong><\/p>\n<\/li>\n<li data-start=\"2045\" data-end=\"2070\">\n<p data-start=\"2047\" data-end=\"2070\">Heating: <strong data-start=\"2058\" data-end=\"2070\">firewood<\/strong><\/p>\n<\/li>\n<li data-start=\"2071\" data-end=\"2102\">\n<p data-start=\"2073\" data-end=\"2102\">Installation: <strong data-start=\"2085\" data-end=\"2102\">inside the hot tub<\/strong><\/p>\n<\/li>\n<li data-start=\"2103\" data-end=\"2161\">\n<p data-start=\"2105\" data-end=\"2161\">Suitable for hot tubs: 100cm-225cm (depending on model)<\/p>\n<\/li>\n<li data-start=\"2162\" data-end=\"2195\">\n<p data-start=\"2164\" data-end=\"2195\">Use: all seasons<\/p>\n<\/li>\n<\/ul>\n<blockquote data-start=\"2197\" data-end=\"2304\">\n<p data-start=\"2199\" data-end=\"2304\">\u00a0The exact dimensions, wall thickness, stack diameter and capacity are given in the product specification.<\/p>\n<\/blockquote>\n<hr data-start=\"2306\" data-end=\"2309\" \/>\n<h2 data-start=\"2311\" data-end=\"2354\">Who is this hot tub stove most suitable for?<\/h2>\n<p data-start=\"2356\" data-end=\"2480\">\u00a0For the private courtyard<br data-start=\"2375\" data-end=\"2378\" \/>\u00a0For small outdoor hot tubs<br data-start=\"2407\" data-end=\"2410\" \/>\u00a0For those looking for a simple solution<br data-start=\"2443\" data-end=\"2446\" \/>\u00a0For relaxation without complicated systems<\/p>\n<hr data-start=\"2482\" data-end=\"2485\" \/>\n<h2 data-start=\"2487\" data-end=\"2541\">Why choose this integrated hot tub stove?<\/h2>\n<ul data-start=\"2543\" data-end=\"2721\">\n<li data-start=\"2543\" data-end=\"2580\">\n<p data-start=\"2545\" data-end=\"2580\">Simple and reliable design<\/p>\n<\/li>\n<li data-start=\"2581\" data-end=\"2609\">\n<p data-start=\"2583\" data-end=\"2609\">Fast water heating<\/p>\n<\/li>\n<li data-start=\"2610\" data-end=\"2648\">\n<p data-start=\"2612\" data-end=\"2648\">Lower cost than external systems<\/p>\n<\/li>\n<li data-start=\"2649\" data-end=\"2675\">\n<p data-start=\"2651\" data-end=\"2675\">Less installation work<\/p>\n<\/li>\n<li data-start=\"2676\" data-end=\"2721\">\n<p data-start=\"2678\" data-end=\"2721\">Durable stainless steel construction<\/p>\n<\/li>\n<\/ul>","protected":false},"excerpt":{"rendered":"<p>Kubilo integruota malkin\u0117 krosnel\u0117 lauko kubilams Kubilo integruota malkin\u0117 krosnel\u0117 &#8211; tai kompakti\u0161kas ir efektyvus sprendimas lauko kubilo vandens \u0161ildymui.<\/p>","protected":false},"featured_media":455,"template":"","meta":[],"product_brand":[],"product_cat":[29],"product_tag":[],"class_list":{"0":"post-426","1":"product","2":"type-product","3":"status-publish","4":"has-post-thumbnail","6":"product_cat-krosneles","8":"first","9":"instock","10":"taxable","11":"shipping-taxable","12":"purchasable","13":"product-type-simple"},"yoast_head":"<!-- This site is optimized with the Yoast SEO plugin v27.4 - https:\/\/yoast.com\/product\/yoast-seo-wordpress\/ -->\n<title>Integruota krosnel\u0117 42KW (AISI304) | Ignista<\/title>\n<meta name=\"description\" content=\"Kubilo i\u0161orin\u0117 malkin\u0117 krosnel\u0117 i\u0161 ner\u016bdijan\u010dio plieno - efektyvus vandens \u0161ildymas lauko kubilams. Tinka priva\u010diam ir komerciniam naudojimui.\" \/>\n<meta name=\"robots\" content=\"index, follow, max-snippet:-1, max-image-preview:large, max-video-preview:-1\" \/>\n<link rel=\"canonical\" href=\"https:\/\/ignista.lt\/en\/parduotuve\/krosneles\/integruota-krosnele-aisi304-42kw\/\" \/>\n<meta property=\"og:locale\" content=\"en_US\" \/>\n<meta property=\"og:type\" content=\"article\" \/>\n<meta property=\"og:title\" content=\"Integruota krosnel\u0117 42KW (AISI304) | Ignista\" \/>\n<meta property=\"og:description\" content=\"Kubilo i\u0161orin\u0117 malkin\u0117 krosnel\u0117 i\u0161 ner\u016bdijan\u010dio plieno - efektyvus vandens \u0161ildymas lauko kubilams. Tinka priva\u010diam ir komerciniam naudojimui.\" \/>\n<meta property=\"og:url\" content=\"https:\/\/ignista.lt\/en\/parduotuve\/krosneles\/integruota-krosnele-aisi304-42kw\/\" \/>\n<meta property=\"og:site_name\" content=\"Ignista\" \/>\n<meta property=\"article:modified_time\" content=\"2026-02-10T14:07:17+00:00\" \/>\n<meta property=\"og:image\" content=\"https:\/\/ignista.lt\/wp-content\/uploads\/2023\/09\/untitled.1-Copy.jpg\" \/>\n\t<meta property=\"og:image:width\" content=\"1280\" \/>\n\t<meta property=\"og:image:height\" content=\"720\" \/>\n\t<meta property=\"og:image:type\" content=\"image\/jpeg\" \/>\n<script type=\"application\/ld+json\" class=\"yoast-schema-graph\">{\"@context\":\"https:\\\/\\\/schema.org\",\"@graph\":[{\"@type\":\"WebPage\",\"@id\":\"https:\\\/\\\/ignista.lt\\\/parduotuve\\\/krosneles\\\/integruota-krosnele-aisi304-42kw\\\/\",\"url\":\"https:\\\/\\\/ignista.lt\\\/parduotuve\\\/krosneles\\\/integruota-krosnele-aisi304-42kw\\\/\",\"name\":\"Integruota krosnel\u0117 42KW (AISI304) | Ignista\",\"isPartOf\":{\"@id\":\"https:\\\/\\\/ignista.lt\\\/#website\"},\"primaryImageOfPage\":{\"@id\":\"https:\\\/\\\/ignista.lt\\\/parduotuve\\\/krosneles\\\/integruota-krosnele-aisi304-42kw\\\/#primaryimage\"},\"image\":{\"@id\":\"https:\\\/\\\/ignista.lt\\\/parduotuve\\\/krosneles\\\/integruota-krosnele-aisi304-42kw\\\/#primaryimage\"},\"thumbnailUrl\":\"https:\\\/\\\/ignista.lt\\\/wp-content\\\/uploads\\\/2023\\\/09\\\/untitled.1-Copy.jpg\",\"datePublished\":\"2023-09-27T14:20:43+00:00\",\"dateModified\":\"2026-02-10T14:07:17+00:00\",\"description\":\"Kubilo i\u0161orin\u0117 malkin\u0117 krosnel\u0117 i\u0161 ner\u016bdijan\u010dio plieno - efektyvus vandens \u0161ildymas lauko kubilams. Tinka priva\u010diam ir komerciniam naudojimui.\",\"breadcrumb\":{\"@id\":\"https:\\\/\\\/ignista.lt\\\/parduotuve\\\/krosneles\\\/integruota-krosnele-aisi304-42kw\\\/#breadcrumb\"},\"inLanguage\":\"en-US\",\"potentialAction\":[{\"@type\":\"ReadAction\",\"target\":[\"https:\\\/\\\/ignista.lt\\\/parduotuve\\\/krosneles\\\/integruota-krosnele-aisi304-42kw\\\/\"]}]},{\"@type\":\"ImageObject\",\"inLanguage\":\"en-US\",\"@id\":\"https:\\\/\\\/ignista.lt\\\/parduotuve\\\/krosneles\\\/integruota-krosnele-aisi304-42kw\\\/#primaryimage\",\"url\":\"https:\\\/\\\/ignista.lt\\\/wp-content\\\/uploads\\\/2023\\\/09\\\/untitled.1-Copy.jpg\",\"contentUrl\":\"https:\\\/\\\/ignista.lt\\\/wp-content\\\/uploads\\\/2023\\\/09\\\/untitled.1-Copy.jpg\",\"width\":1280,\"height\":720},{\"@type\":\"BreadcrumbList\",\"@id\":\"https:\\\/\\\/ignista.lt\\\/parduotuve\\\/krosneles\\\/integruota-krosnele-aisi304-42kw\\\/#breadcrumb\",\"itemListElement\":[{\"@type\":\"ListItem\",\"position\":1,\"name\":\"Home\",\"item\":\"https:\\\/\\\/ignista.lt\\\/lt\\\/\"},{\"@type\":\"ListItem\",\"position\":2,\"name\":\"Parduotuv\u0117\",\"item\":\"https:\\\/\\\/ignista.lt\\\/lt\\\/parduotuve\\\/\"},{\"@type\":\"ListItem\",\"position\":3,\"name\":\"Integruota krosnel\u0117 42KW (AISI304)\"}]},{\"@type\":\"WebSite\",\"@id\":\"https:\\\/\\\/ignista.lt\\\/#website\",\"url\":\"https:\\\/\\\/ignista.lt\\\/\",\"name\":\"Ignista\",\"description\":\"ner\u016bdijan\u010dio plieno krosnel\u0117s kubilams ir \u012fvair\u016bs metalo gaminiai\",\"potentialAction\":[{\"@type\":\"SearchAction\",\"target\":{\"@type\":\"EntryPoint\",\"urlTemplate\":\"https:\\\/\\\/ignista.lt\\\/?s={search_term_string}\"},\"query-input\":{\"@type\":\"PropertyValueSpecification\",\"valueRequired\":true,\"valueName\":\"search_term_string\"}}],\"inLanguage\":\"en-US\"}]}<\/script>\n<!-- \/ Yoast SEO plugin. -->","yoast_head_json":{"title":"Integruota krosnel\u0117 42KW (AISI304) | Ignista","description":"Kubilo i\u0161orin\u0117 malkin\u0117 krosnel\u0117 i\u0161 ner\u016bdijan\u010dio plieno - efektyvus vandens \u0161ildymas lauko kubilams. Tinka priva\u010diam ir komerciniam naudojimui.","robots":{"index":"index","follow":"follow","max-snippet":"max-snippet:-1","max-image-preview":"max-image-preview:large","max-video-preview":"max-video-preview:-1"},"canonical":"https:\/\/ignista.lt\/en\/parduotuve\/krosneles\/integruota-krosnele-aisi304-42kw\/","og_locale":"en_US","og_type":"article","og_title":"Integruota krosnel\u0117 42KW (AISI304) | Ignista","og_description":"Kubilo i\u0161orin\u0117 malkin\u0117 krosnel\u0117 i\u0161 ner\u016bdijan\u010dio plieno - efektyvus vandens \u0161ildymas lauko kubilams. Tinka priva\u010diam ir komerciniam naudojimui.","og_url":"https:\/\/ignista.lt\/en\/parduotuve\/krosneles\/integruota-krosnele-aisi304-42kw\/","og_site_name":"Ignista","article_modified_time":"2026-02-10T14:07:17+00:00","og_image":[{"width":1280,"height":720,"url":"https:\/\/ignista.lt\/wp-content\/uploads\/2023\/09\/untitled.1-Copy.jpg","type":"image\/jpeg"}],"schema":{"@context":"https:\/\/schema.org","@graph":[{"@type":"WebPage","@id":"https:\/\/ignista.lt\/parduotuve\/krosneles\/integruota-krosnele-aisi304-42kw\/","url":"https:\/\/ignista.lt\/parduotuve\/krosneles\/integruota-krosnele-aisi304-42kw\/","name":"Integruota krosnel\u0117 42KW (AISI304) | Ignista","isPartOf":{"@id":"https:\/\/ignista.lt\/#website"},"primaryImageOfPage":{"@id":"https:\/\/ignista.lt\/parduotuve\/krosneles\/integruota-krosnele-aisi304-42kw\/#primaryimage"},"image":{"@id":"https:\/\/ignista.lt\/parduotuve\/krosneles\/integruota-krosnele-aisi304-42kw\/#primaryimage"},"thumbnailUrl":"https:\/\/ignista.lt\/wp-content\/uploads\/2023\/09\/untitled.1-Copy.jpg","datePublished":"2023-09-27T14:20:43+00:00","dateModified":"2026-02-10T14:07:17+00:00","description":"Kubilo i\u0161orin\u0117 malkin\u0117 krosnel\u0117 i\u0161 ner\u016bdijan\u010dio plieno - efektyvus vandens \u0161ildymas lauko kubilams. Tinka priva\u010diam ir komerciniam naudojimui.","breadcrumb":{"@id":"https:\/\/ignista.lt\/parduotuve\/krosneles\/integruota-krosnele-aisi304-42kw\/#breadcrumb"},"inLanguage":"en-US","potentialAction":[{"@type":"ReadAction","target":["https:\/\/ignista.lt\/parduotuve\/krosneles\/integruota-krosnele-aisi304-42kw\/"]}]},{"@type":"ImageObject","inLanguage":"en-US","@id":"https:\/\/ignista.lt\/parduotuve\/krosneles\/integruota-krosnele-aisi304-42kw\/#primaryimage","url":"https:\/\/ignista.lt\/wp-content\/uploads\/2023\/09\/untitled.1-Copy.jpg","contentUrl":"https:\/\/ignista.lt\/wp-content\/uploads\/2023\/09\/untitled.1-Copy.jpg","width":1280,"height":720},{"@type":"BreadcrumbList","@id":"https:\/\/ignista.lt\/parduotuve\/krosneles\/integruota-krosnele-aisi304-42kw\/#breadcrumb","itemListElement":[{"@type":"ListItem","position":1,"name":"Home","item":"https:\/\/ignista.lt\/lt\/"},{"@type":"ListItem","position":2,"name":"Parduotuv\u0117","item":"https:\/\/ignista.lt\/lt\/parduotuve\/"},{"@type":"ListItem","position":3,"name":"Integruota krosnel\u0117 42KW (AISI304)"}]},{"@type":"WebSite","@id":"https:\/\/ignista.lt\/#website","url":"https:\/\/ignista.lt\/","name":"Ignista","description":"stainless steel hot tub stoves and various metal products","potentialAction":[{"@type":"SearchAction","target":{"@type":"EntryPoint","urlTemplate":"https:\/\/ignista.lt\/?s={search_term_string}"},"query-input":{"@type":"PropertyValueSpecification","valueRequired":true,"valueName":"search_term_string"}}],"inLanguage":"en-US"}]}},"_links":{"self":[{"href":"https:\/\/ignista.lt\/en\/wp-json\/wp\/v2\/product\/426","targetHints":{"allow":["GET"]}}],"collection":[{"href":"https:\/\/ignista.lt\/en\/wp-json\/wp\/v2\/product"}],"about":[{"href":"https:\/\/ignista.lt\/en\/wp-json\/wp\/v2\/types\/product"}],"wp:featuredmedia":[{"embeddable":true,"href":"https:\/\/ignista.lt\/en\/wp-json\/wp\/v2\/media\/455"}],"wp:attachment":[{"href":"https:\/\/ignista.lt\/en\/wp-json\/wp\/v2\/media?parent=426"}],"wp:term":[{"taxonomy":"product_brand","embeddable":true,"href":"https:\/\/ignista.lt\/en\/wp-json\/wp\/v2\/product_brand?post=426"},{"taxonomy":"product_cat","embeddable":true,"href":"https:\/\/ignista.lt\/en\/wp-json\/wp\/v2\/product_cat?post=426"},{"taxonomy":"product_tag","embeddable":true,"href":"https:\/\/ignista.lt\/en\/wp-json\/wp\/v2\/product_tag?post=426"}],"curies":[{"name":"wp","href":"https:\/\/api.w.org\/{rel}","templated":true}]}}