{"id":652,"date":"2025-09-24T14:56:04","date_gmt":"2025-09-24T11:56:04","guid":{"rendered":"https:\/\/ignista.lt\/?post_type=product&#038;p=652"},"modified":"2026-03-21T15:01:13","modified_gmt":"2026-03-21T13:01:13","slug":"zarna-48-57mm-4bar","status":"publish","type":"product","link":"https:\/\/ignista.lt\/en\/parduotuve\/krosneliu-priedai\/zarna-48-57mm-4bar\/","title":{"rendered":"Hose 48\/57mm 4bar 1m"},"content":{"rendered":"<h3 data-start=\"78\" data-end=\"114\">Cooling hose 48\/57 mm, 4 bar<\/h3>\n<p data-start=\"116\" data-end=\"282\">High-quality cooling hose for water circulation in stoves and hot tubs. Made of durable material, resistant to pressure and temperature changes.<\/p>\n<p data-start=\"284\" data-end=\"310\"><strong data-start=\"284\" data-end=\"308\">Technical data:<\/strong><\/p>\n<ul data-start=\"311\" data-end=\"408\">\n<li data-start=\"311\" data-end=\"343\">\n<p data-start=\"313\" data-end=\"343\">Inner diameter: <strong data-start=\"332\" data-end=\"341\">48 mm<\/strong><\/p>\n<\/li>\n<li data-start=\"344\" data-end=\"377\">\n<p data-start=\"346\" data-end=\"377\">Outer diameter: <strong data-start=\"366\" data-end=\"375\">57 mm<\/strong><\/p>\n<\/li>\n<li data-start=\"378\" data-end=\"408\">\n<p data-start=\"380\" data-end=\"408\">Operating pressure: <strong data-start=\"397\" data-end=\"406\">4 bar<\/strong><\/p>\n<\/li>\n<\/ul>\n<p data-start=\"410\" data-end=\"465\">A reliable and durable solution for cooling systems.<\/p>\n<p>&nbsp;<\/p>","protected":false},"excerpt":{"rendered":"<p>\u017darna au\u0161inimo 48\/57 mm, 4 bar Auk\u0161tos kokyb\u0117s au\u0161inimo \u017earna, skirta vandens cirkuliacijai krosnel\u0117se ir kubiluose. Pagaminta i\u0161 patvarios med\u017eiagos,<\/p>","protected":false},"featured_media":632,"template":"","meta":[],"product_brand":[],"product_cat":[99],"product_tag":[],"class_list":{"0":"post-652","1":"product","2":"type-product","3":"status-publish","4":"has-post-thumbnail","6":"product_cat-krosneliu-priedai","8":"first","9":"instock","10":"taxable","11":"shipping-taxable","12":"purchasable","13":"product-type-simple"},"yoast_head":"<!-- This site is optimized with the Yoast SEO plugin v27.4 - https:\/\/yoast.com\/product\/yoast-seo-wordpress\/ -->\n<title>\u017darna 48\/57mm 4bar 1m | Ignista<\/title>\n<meta name=\"description\" content=\"Auk\u0161tos kokyb\u0117s au\u0161inimo \u017earna, skirta vandens cirkuliacijai krosnel\u0117se ir kubiluose. Pagaminta i\u0161 patvarios med\u017eiagos, atsparios sl\u0117giui ir temperat\u016bros poky\u010diams.\" \/>\n<meta name=\"robots\" content=\"index, follow, max-snippet:-1, max-image-preview:large, max-video-preview:-1\" \/>\n<link rel=\"canonical\" href=\"https:\/\/ignista.lt\/en\/parduotuve\/krosneliu-priedai\/zarna-48-57mm-4bar\/\" \/>\n<meta property=\"og:locale\" content=\"en_US\" \/>\n<meta property=\"og:type\" content=\"article\" \/>\n<meta property=\"og:title\" content=\"\u017darna 48\/57mm 4bar 1m | Ignista\" \/>\n<meta property=\"og:description\" content=\"Auk\u0161tos kokyb\u0117s au\u0161inimo \u017earna, skirta vandens cirkuliacijai krosnel\u0117se ir kubiluose. Pagaminta i\u0161 patvarios med\u017eiagos, atsparios sl\u0117giui ir temperat\u016bros poky\u010diams.\" \/>\n<meta property=\"og:url\" content=\"https:\/\/ignista.lt\/en\/parduotuve\/krosneliu-priedai\/zarna-48-57mm-4bar\/\" \/>\n<meta property=\"og:site_name\" content=\"Ignista\" \/>\n<meta property=\"article:modified_time\" content=\"2026-03-21T13:01:13+00:00\" \/>\n<meta property=\"og:image\" content=\"https:\/\/ignista.lt\/wp-content\/uploads\/2025\/09\/WhatsApp-Image-2025-09-24-at-12.07.29_26d6b0b9.jpg\" \/>\n\t<meta property=\"og:image:width\" content=\"1600\" \/>\n\t<meta property=\"og:image:height\" content=\"1200\" \/>\n\t<meta property=\"og:image:type\" content=\"image\/jpeg\" \/>\n<script type=\"application\/ld+json\" class=\"yoast-schema-graph\">{\"@context\":\"https:\\\/\\\/schema.org\",\"@graph\":[{\"@type\":\"WebPage\",\"@id\":\"https:\\\/\\\/ignista.lt\\\/parduotuve\\\/krosneliu-priedai\\\/zarna-48-57mm-4bar\\\/\",\"url\":\"https:\\\/\\\/ignista.lt\\\/parduotuve\\\/krosneliu-priedai\\\/zarna-48-57mm-4bar\\\/\",\"name\":\"\u017darna 48\\\/57mm 4bar 1m | Ignista\",\"isPartOf\":{\"@id\":\"https:\\\/\\\/ignista.lt\\\/#website\"},\"primaryImageOfPage\":{\"@id\":\"https:\\\/\\\/ignista.lt\\\/parduotuve\\\/krosneliu-priedai\\\/zarna-48-57mm-4bar\\\/#primaryimage\"},\"image\":{\"@id\":\"https:\\\/\\\/ignista.lt\\\/parduotuve\\\/krosneliu-priedai\\\/zarna-48-57mm-4bar\\\/#primaryimage\"},\"thumbnailUrl\":\"https:\\\/\\\/ignista.lt\\\/wp-content\\\/uploads\\\/2025\\\/09\\\/WhatsApp-Image-2025-09-24-at-12.07.29_26d6b0b9.jpg\",\"datePublished\":\"2025-09-24T11:56:04+00:00\",\"dateModified\":\"2026-03-21T13:01:13+00:00\",\"description\":\"Auk\u0161tos kokyb\u0117s au\u0161inimo \u017earna, skirta vandens cirkuliacijai krosnel\u0117se ir kubiluose. Pagaminta i\u0161 patvarios med\u017eiagos, atsparios sl\u0117giui ir temperat\u016bros poky\u010diams.\",\"breadcrumb\":{\"@id\":\"https:\\\/\\\/ignista.lt\\\/parduotuve\\\/krosneliu-priedai\\\/zarna-48-57mm-4bar\\\/#breadcrumb\"},\"inLanguage\":\"en-US\",\"potentialAction\":[{\"@type\":\"ReadAction\",\"target\":[\"https:\\\/\\\/ignista.lt\\\/parduotuve\\\/krosneliu-priedai\\\/zarna-48-57mm-4bar\\\/\"]}]},{\"@type\":\"ImageObject\",\"inLanguage\":\"en-US\",\"@id\":\"https:\\\/\\\/ignista.lt\\\/parduotuve\\\/krosneliu-priedai\\\/zarna-48-57mm-4bar\\\/#primaryimage\",\"url\":\"https:\\\/\\\/ignista.lt\\\/wp-content\\\/uploads\\\/2025\\\/09\\\/WhatsApp-Image-2025-09-24-at-12.07.29_26d6b0b9.jpg\",\"contentUrl\":\"https:\\\/\\\/ignista.lt\\\/wp-content\\\/uploads\\\/2025\\\/09\\\/WhatsApp-Image-2025-09-24-at-12.07.29_26d6b0b9.jpg\",\"width\":1600,\"height\":1200},{\"@type\":\"BreadcrumbList\",\"@id\":\"https:\\\/\\\/ignista.lt\\\/parduotuve\\\/krosneliu-priedai\\\/zarna-48-57mm-4bar\\\/#breadcrumb\",\"itemListElement\":[{\"@type\":\"ListItem\",\"position\":1,\"name\":\"Home\",\"item\":\"https:\\\/\\\/ignista.lt\\\/lt\\\/\"},{\"@type\":\"ListItem\",\"position\":2,\"name\":\"Parduotuv\u0117\",\"item\":\"https:\\\/\\\/ignista.lt\\\/lt\\\/parduotuve\\\/\"},{\"@type\":\"ListItem\",\"position\":3,\"name\":\"\u017darna 48\\\/57mm 4bar 1m\"}]},{\"@type\":\"WebSite\",\"@id\":\"https:\\\/\\\/ignista.lt\\\/#website\",\"url\":\"https:\\\/\\\/ignista.lt\\\/\",\"name\":\"Ignista\",\"description\":\"ner\u016bdijan\u010dio plieno krosnel\u0117s kubilams ir \u012fvair\u016bs metalo gaminiai\",\"potentialAction\":[{\"@type\":\"SearchAction\",\"target\":{\"@type\":\"EntryPoint\",\"urlTemplate\":\"https:\\\/\\\/ignista.lt\\\/?s={search_term_string}\"},\"query-input\":{\"@type\":\"PropertyValueSpecification\",\"valueRequired\":true,\"valueName\":\"search_term_string\"}}],\"inLanguage\":\"en-US\"}]}<\/script>\n<!-- \/ Yoast SEO plugin. -->","yoast_head_json":{"title":"\u017darna 48\/57mm 4bar 1m | Ignista","description":"High-quality cooling hose for water circulation in stoves and hot tubs. Made of durable material, resistant to pressure and temperature changes.","robots":{"index":"index","follow":"follow","max-snippet":"max-snippet:-1","max-image-preview":"max-image-preview:large","max-video-preview":"max-video-preview:-1"},"canonical":"https:\/\/ignista.lt\/en\/parduotuve\/krosneliu-priedai\/zarna-48-57mm-4bar\/","og_locale":"en_US","og_type":"article","og_title":"\u017darna 48\/57mm 4bar 1m | Ignista","og_description":"Auk\u0161tos kokyb\u0117s au\u0161inimo \u017earna, skirta vandens cirkuliacijai krosnel\u0117se ir kubiluose. Pagaminta i\u0161 patvarios med\u017eiagos, atsparios sl\u0117giui ir temperat\u016bros poky\u010diams.","og_url":"https:\/\/ignista.lt\/en\/parduotuve\/krosneliu-priedai\/zarna-48-57mm-4bar\/","og_site_name":"Ignista","article_modified_time":"2026-03-21T13:01:13+00:00","og_image":[{"width":1600,"height":1200,"url":"https:\/\/ignista.lt\/wp-content\/uploads\/2025\/09\/WhatsApp-Image-2025-09-24-at-12.07.29_26d6b0b9.jpg","type":"image\/jpeg"}],"schema":{"@context":"https:\/\/schema.org","@graph":[{"@type":"WebPage","@id":"https:\/\/ignista.lt\/parduotuve\/krosneliu-priedai\/zarna-48-57mm-4bar\/","url":"https:\/\/ignista.lt\/parduotuve\/krosneliu-priedai\/zarna-48-57mm-4bar\/","name":"\u017darna 48\/57mm 4bar 1m | Ignista","isPartOf":{"@id":"https:\/\/ignista.lt\/#website"},"primaryImageOfPage":{"@id":"https:\/\/ignista.lt\/parduotuve\/krosneliu-priedai\/zarna-48-57mm-4bar\/#primaryimage"},"image":{"@id":"https:\/\/ignista.lt\/parduotuve\/krosneliu-priedai\/zarna-48-57mm-4bar\/#primaryimage"},"thumbnailUrl":"https:\/\/ignista.lt\/wp-content\/uploads\/2025\/09\/WhatsApp-Image-2025-09-24-at-12.07.29_26d6b0b9.jpg","datePublished":"2025-09-24T11:56:04+00:00","dateModified":"2026-03-21T13:01:13+00:00","description":"High-quality cooling hose for water circulation in stoves and hot tubs. Made of durable material, resistant to pressure and temperature changes.","breadcrumb":{"@id":"https:\/\/ignista.lt\/parduotuve\/krosneliu-priedai\/zarna-48-57mm-4bar\/#breadcrumb"},"inLanguage":"en-US","potentialAction":[{"@type":"ReadAction","target":["https:\/\/ignista.lt\/parduotuve\/krosneliu-priedai\/zarna-48-57mm-4bar\/"]}]},{"@type":"ImageObject","inLanguage":"en-US","@id":"https:\/\/ignista.lt\/parduotuve\/krosneliu-priedai\/zarna-48-57mm-4bar\/#primaryimage","url":"https:\/\/ignista.lt\/wp-content\/uploads\/2025\/09\/WhatsApp-Image-2025-09-24-at-12.07.29_26d6b0b9.jpg","contentUrl":"https:\/\/ignista.lt\/wp-content\/uploads\/2025\/09\/WhatsApp-Image-2025-09-24-at-12.07.29_26d6b0b9.jpg","width":1600,"height":1200},{"@type":"BreadcrumbList","@id":"https:\/\/ignista.lt\/parduotuve\/krosneliu-priedai\/zarna-48-57mm-4bar\/#breadcrumb","itemListElement":[{"@type":"ListItem","position":1,"name":"Home","item":"https:\/\/ignista.lt\/lt\/"},{"@type":"ListItem","position":2,"name":"Parduotuv\u0117","item":"https:\/\/ignista.lt\/lt\/parduotuve\/"},{"@type":"ListItem","position":3,"name":"\u017darna 48\/57mm 4bar 1m"}]},{"@type":"WebSite","@id":"https:\/\/ignista.lt\/#website","url":"https:\/\/ignista.lt\/","name":"Ignista","description":"stainless steel hot tub stoves and various metal products","potentialAction":[{"@type":"SearchAction","target":{"@type":"EntryPoint","urlTemplate":"https:\/\/ignista.lt\/?s={search_term_string}"},"query-input":{"@type":"PropertyValueSpecification","valueRequired":true,"valueName":"search_term_string"}}],"inLanguage":"en-US"}]}},"_links":{"self":[{"href":"https:\/\/ignista.lt\/en\/wp-json\/wp\/v2\/product\/652","targetHints":{"allow":["GET"]}}],"collection":[{"href":"https:\/\/ignista.lt\/en\/wp-json\/wp\/v2\/product"}],"about":[{"href":"https:\/\/ignista.lt\/en\/wp-json\/wp\/v2\/types\/product"}],"wp:featuredmedia":[{"embeddable":true,"href":"https:\/\/ignista.lt\/en\/wp-json\/wp\/v2\/media\/632"}],"wp:attachment":[{"href":"https:\/\/ignista.lt\/en\/wp-json\/wp\/v2\/media?parent=652"}],"wp:term":[{"taxonomy":"product_brand","embeddable":true,"href":"https:\/\/ignista.lt\/en\/wp-json\/wp\/v2\/product_brand?post=652"},{"taxonomy":"product_cat","embeddable":true,"href":"https:\/\/ignista.lt\/en\/wp-json\/wp\/v2\/product_cat?post=652"},{"taxonomy":"product_tag","embeddable":true,"href":"https:\/\/ignista.lt\/en\/wp-json\/wp\/v2\/product_tag?post=652"}],"curies":[{"name":"wp","href":"https:\/\/api.w.org\/{rel}","templated":true}]}}