{"id":690,"date":"2025-12-22T10:36:09","date_gmt":"2025-12-22T08:36:09","guid":{"rendered":"https:\/\/ignista.lt\/?post_type=product&#038;p=690"},"modified":"2026-05-08T13:54:57","modified_gmt":"2026-05-08T10:54:57","slug":"lauko-kubilo-termo-dangtis-juodos-spalvos-200cm","status":"publish","type":"product","link":"https:\/\/ignista.lt\/en\/parduotuve\/kubilu-priedai\/lauko-kubilo-termo-dangtis-juodos-spalvos-200cm\/","title":{"rendered":"Outdoor hot tub thermo cover in black 200cm\u00a0"},"content":{"rendered":"<h3 data-start=\"78\" data-end=\"114\">Outdoor hot tub thermo cover in black 200cm<\/h3>\n<p>&nbsp;<\/p>","protected":false},"excerpt":{"rendered":"<p>Outdoor hot tub thermo cover in black 200cm &nbsp;<\/p>","protected":false},"featured_media":686,"template":"","meta":[],"product_brand":[],"product_cat":[98],"product_tag":[],"class_list":{"0":"post-690","1":"product","2":"type-product","3":"status-publish","4":"has-post-thumbnail","6":"product_cat-kubilu-priedai","8":"first","9":"instock","10":"taxable","11":"shipping-taxable","12":"purchasable","13":"product-type-simple"},"yoast_head":"<!-- This site is optimized with the Yoast SEO plugin v27.4 - https:\/\/yoast.com\/product\/yoast-seo-wordpress\/ -->\n<title>Lauko kubilo termo dangtis juodos spalvos 200cm\u00a0 | Ignista<\/title>\n<meta name=\"description\" content=\"Lauko kubilo termo dangtis juodos spalvos 200cm\" \/>\n<meta name=\"robots\" content=\"index, follow, max-snippet:-1, max-image-preview:large, max-video-preview:-1\" \/>\n<link rel=\"canonical\" href=\"https:\/\/ignista.lt\/en\/parduotuve\/kubilu-priedai\/lauko-kubilo-termo-dangtis-juodos-spalvos-200cm\/\" \/>\n<meta property=\"og:locale\" content=\"en_US\" \/>\n<meta property=\"og:type\" content=\"article\" \/>\n<meta property=\"og:title\" content=\"Lauko kubilo termo dangtis juodos spalvos 200cm\u00a0 | Ignista\" \/>\n<meta property=\"og:description\" content=\"Lauko kubilo termo dangtis juodos spalvos 200cm\" \/>\n<meta property=\"og:url\" content=\"https:\/\/ignista.lt\/en\/parduotuve\/kubilu-priedai\/lauko-kubilo-termo-dangtis-juodos-spalvos-200cm\/\" \/>\n<meta property=\"og:site_name\" content=\"Ignista\" \/>\n<meta property=\"article:modified_time\" content=\"2026-05-08T10:54:57+00:00\" \/>\n<meta property=\"og:image\" content=\"https:\/\/ignista.lt\/wp-content\/uploads\/2025\/12\/WhatsApp-Image-2025-12-19-at-16.10.38.jpeg\" \/>\n\t<meta property=\"og:image:width\" content=\"1600\" \/>\n\t<meta property=\"og:image:height\" content=\"1200\" \/>\n\t<meta property=\"og:image:type\" content=\"image\/jpeg\" \/>\n<script type=\"application\/ld+json\" class=\"yoast-schema-graph\">{\"@context\":\"https:\\\/\\\/schema.org\",\"@graph\":[{\"@type\":\"WebPage\",\"@id\":\"https:\\\/\\\/ignista.lt\\\/parduotuve\\\/kubilu-priedai\\\/lauko-kubilo-termo-dangtis-juodos-spalvos-200cm\\\/\",\"url\":\"https:\\\/\\\/ignista.lt\\\/parduotuve\\\/kubilu-priedai\\\/lauko-kubilo-termo-dangtis-juodos-spalvos-200cm\\\/\",\"name\":\"Lauko kubilo termo dangtis juodos spalvos 200cm\u00a0 | Ignista\",\"isPartOf\":{\"@id\":\"https:\\\/\\\/ignista.lt\\\/#website\"},\"primaryImageOfPage\":{\"@id\":\"https:\\\/\\\/ignista.lt\\\/parduotuve\\\/kubilu-priedai\\\/lauko-kubilo-termo-dangtis-juodos-spalvos-200cm\\\/#primaryimage\"},\"image\":{\"@id\":\"https:\\\/\\\/ignista.lt\\\/parduotuve\\\/kubilu-priedai\\\/lauko-kubilo-termo-dangtis-juodos-spalvos-200cm\\\/#primaryimage\"},\"thumbnailUrl\":\"https:\\\/\\\/ignista.lt\\\/wp-content\\\/uploads\\\/2025\\\/12\\\/WhatsApp-Image-2025-12-19-at-16.10.38.jpeg\",\"datePublished\":\"2025-12-22T08:36:09+00:00\",\"dateModified\":\"2026-05-08T10:54:57+00:00\",\"description\":\"Lauko kubilo termo dangtis juodos spalvos 200cm\",\"breadcrumb\":{\"@id\":\"https:\\\/\\\/ignista.lt\\\/parduotuve\\\/kubilu-priedai\\\/lauko-kubilo-termo-dangtis-juodos-spalvos-200cm\\\/#breadcrumb\"},\"inLanguage\":\"en-US\",\"potentialAction\":[{\"@type\":\"ReadAction\",\"target\":[\"https:\\\/\\\/ignista.lt\\\/parduotuve\\\/kubilu-priedai\\\/lauko-kubilo-termo-dangtis-juodos-spalvos-200cm\\\/\"]}]},{\"@type\":\"ImageObject\",\"inLanguage\":\"en-US\",\"@id\":\"https:\\\/\\\/ignista.lt\\\/parduotuve\\\/kubilu-priedai\\\/lauko-kubilo-termo-dangtis-juodos-spalvos-200cm\\\/#primaryimage\",\"url\":\"https:\\\/\\\/ignista.lt\\\/wp-content\\\/uploads\\\/2025\\\/12\\\/WhatsApp-Image-2025-12-19-at-16.10.38.jpeg\",\"contentUrl\":\"https:\\\/\\\/ignista.lt\\\/wp-content\\\/uploads\\\/2025\\\/12\\\/WhatsApp-Image-2025-12-19-at-16.10.38.jpeg\",\"width\":1600,\"height\":1200},{\"@type\":\"BreadcrumbList\",\"@id\":\"https:\\\/\\\/ignista.lt\\\/parduotuve\\\/kubilu-priedai\\\/lauko-kubilo-termo-dangtis-juodos-spalvos-200cm\\\/#breadcrumb\",\"itemListElement\":[{\"@type\":\"ListItem\",\"position\":1,\"name\":\"Home\",\"item\":\"https:\\\/\\\/ignista.lt\\\/lt\\\/\"},{\"@type\":\"ListItem\",\"position\":2,\"name\":\"Parduotuv\u0117\",\"item\":\"https:\\\/\\\/ignista.lt\\\/lt\\\/parduotuve\\\/\"},{\"@type\":\"ListItem\",\"position\":3,\"name\":\"Lauko kubilo termo dangtis juodos spalvos 200cm\u00a0\"}]},{\"@type\":\"WebSite\",\"@id\":\"https:\\\/\\\/ignista.lt\\\/#website\",\"url\":\"https:\\\/\\\/ignista.lt\\\/\",\"name\":\"Ignista\",\"description\":\"ner\u016bdijan\u010dio plieno krosnel\u0117s kubilams ir \u012fvair\u016bs metalo gaminiai\",\"potentialAction\":[{\"@type\":\"SearchAction\",\"target\":{\"@type\":\"EntryPoint\",\"urlTemplate\":\"https:\\\/\\\/ignista.lt\\\/?s={search_term_string}\"},\"query-input\":{\"@type\":\"PropertyValueSpecification\",\"valueRequired\":true,\"valueName\":\"search_term_string\"}}],\"inLanguage\":\"en-US\"}]}<\/script>\n<!-- \/ Yoast SEO plugin. -->","yoast_head_json":{"title":"Lauko kubilo termo dangtis juodos spalvos 200cm\u00a0 | Ignista","description":"Outdoor hot tub thermo cover in black 200cm","robots":{"index":"index","follow":"follow","max-snippet":"max-snippet:-1","max-image-preview":"max-image-preview:large","max-video-preview":"max-video-preview:-1"},"canonical":"https:\/\/ignista.lt\/en\/parduotuve\/kubilu-priedai\/lauko-kubilo-termo-dangtis-juodos-spalvos-200cm\/","og_locale":"en_US","og_type":"article","og_title":"Lauko kubilo termo dangtis juodos spalvos 200cm\u00a0 | Ignista","og_description":"Lauko kubilo termo dangtis juodos spalvos 200cm","og_url":"https:\/\/ignista.lt\/en\/parduotuve\/kubilu-priedai\/lauko-kubilo-termo-dangtis-juodos-spalvos-200cm\/","og_site_name":"Ignista","article_modified_time":"2026-05-08T10:54:57+00:00","og_image":[{"width":1600,"height":1200,"url":"https:\/\/ignista.lt\/wp-content\/uploads\/2025\/12\/WhatsApp-Image-2025-12-19-at-16.10.38.jpeg","type":"image\/jpeg"}],"schema":{"@context":"https:\/\/schema.org","@graph":[{"@type":"WebPage","@id":"https:\/\/ignista.lt\/parduotuve\/kubilu-priedai\/lauko-kubilo-termo-dangtis-juodos-spalvos-200cm\/","url":"https:\/\/ignista.lt\/parduotuve\/kubilu-priedai\/lauko-kubilo-termo-dangtis-juodos-spalvos-200cm\/","name":"Lauko kubilo termo dangtis juodos spalvos 200cm\u00a0 | Ignista","isPartOf":{"@id":"https:\/\/ignista.lt\/#website"},"primaryImageOfPage":{"@id":"https:\/\/ignista.lt\/parduotuve\/kubilu-priedai\/lauko-kubilo-termo-dangtis-juodos-spalvos-200cm\/#primaryimage"},"image":{"@id":"https:\/\/ignista.lt\/parduotuve\/kubilu-priedai\/lauko-kubilo-termo-dangtis-juodos-spalvos-200cm\/#primaryimage"},"thumbnailUrl":"https:\/\/ignista.lt\/wp-content\/uploads\/2025\/12\/WhatsApp-Image-2025-12-19-at-16.10.38.jpeg","datePublished":"2025-12-22T08:36:09+00:00","dateModified":"2026-05-08T10:54:57+00:00","description":"Outdoor hot tub thermo cover in black 200cm","breadcrumb":{"@id":"https:\/\/ignista.lt\/parduotuve\/kubilu-priedai\/lauko-kubilo-termo-dangtis-juodos-spalvos-200cm\/#breadcrumb"},"inLanguage":"en-US","potentialAction":[{"@type":"ReadAction","target":["https:\/\/ignista.lt\/parduotuve\/kubilu-priedai\/lauko-kubilo-termo-dangtis-juodos-spalvos-200cm\/"]}]},{"@type":"ImageObject","inLanguage":"en-US","@id":"https:\/\/ignista.lt\/parduotuve\/kubilu-priedai\/lauko-kubilo-termo-dangtis-juodos-spalvos-200cm\/#primaryimage","url":"https:\/\/ignista.lt\/wp-content\/uploads\/2025\/12\/WhatsApp-Image-2025-12-19-at-16.10.38.jpeg","contentUrl":"https:\/\/ignista.lt\/wp-content\/uploads\/2025\/12\/WhatsApp-Image-2025-12-19-at-16.10.38.jpeg","width":1600,"height":1200},{"@type":"BreadcrumbList","@id":"https:\/\/ignista.lt\/parduotuve\/kubilu-priedai\/lauko-kubilo-termo-dangtis-juodos-spalvos-200cm\/#breadcrumb","itemListElement":[{"@type":"ListItem","position":1,"name":"Home","item":"https:\/\/ignista.lt\/lt\/"},{"@type":"ListItem","position":2,"name":"Parduotuv\u0117","item":"https:\/\/ignista.lt\/lt\/parduotuve\/"},{"@type":"ListItem","position":3,"name":"Lauko kubilo termo dangtis juodos spalvos 200cm\u00a0"}]},{"@type":"WebSite","@id":"https:\/\/ignista.lt\/#website","url":"https:\/\/ignista.lt\/","name":"Ignista","description":"stainless steel hot tub stoves and various metal products","potentialAction":[{"@type":"SearchAction","target":{"@type":"EntryPoint","urlTemplate":"https:\/\/ignista.lt\/?s={search_term_string}"},"query-input":{"@type":"PropertyValueSpecification","valueRequired":true,"valueName":"search_term_string"}}],"inLanguage":"en-US"}]}},"_links":{"self":[{"href":"https:\/\/ignista.lt\/en\/wp-json\/wp\/v2\/product\/690","targetHints":{"allow":["GET"]}}],"collection":[{"href":"https:\/\/ignista.lt\/en\/wp-json\/wp\/v2\/product"}],"about":[{"href":"https:\/\/ignista.lt\/en\/wp-json\/wp\/v2\/types\/product"}],"wp:featuredmedia":[{"embeddable":true,"href":"https:\/\/ignista.lt\/en\/wp-json\/wp\/v2\/media\/686"}],"wp:attachment":[{"href":"https:\/\/ignista.lt\/en\/wp-json\/wp\/v2\/media?parent=690"}],"wp:term":[{"taxonomy":"product_brand","embeddable":true,"href":"https:\/\/ignista.lt\/en\/wp-json\/wp\/v2\/product_brand?post=690"},{"taxonomy":"product_cat","embeddable":true,"href":"https:\/\/ignista.lt\/en\/wp-json\/wp\/v2\/product_cat?post=690"},{"taxonomy":"product_tag","embeddable":true,"href":"https:\/\/ignista.lt\/en\/wp-json\/wp\/v2\/product_tag?post=690"}],"curies":[{"name":"wp","href":"https:\/\/api.w.org\/{rel}","templated":true}]}}