{"id":692,"date":"2025-12-22T10:38:22","date_gmt":"2025-12-22T08:38:22","guid":{"rendered":"https:\/\/ignista.lt\/?post_type=product&#038;p=692"},"modified":"2026-05-15T15:38:09","modified_gmt":"2026-05-15T12:38:09","slug":"hidromasazo-sistema-kubilo-hidromasazas-hidromasazas-kubilui-vandens-masazo-sistema-spa-iranga-kubilo-priedai-hidromasazo-siurblys","status":"publish","type":"product","link":"https:\/\/ignista.lt\/en\/parduotuve\/kubilu-priedai\/hidromasazo-sistema-kubilo-hidromasazas-hidromasazas-kubilui-vandens-masazo-sistema-spa-iranga-kubilo-priedai-hidromasazo-siurblys\/","title":{"rendered":"Hydro-massage system for hot tub \/ bath - 1,1 kW, 8 jets"},"content":{"rendered":"<h3 data-start=\"131\" data-end=\"194\">Hydro-massage system for hot tub \/ bath - 1,1 kW, 8 jets<\/h3>\n<p data-start=\"196\" data-end=\"444\">High quality <strong data-start=\"212\" data-end=\"235\">hydromassage system<\/strong> for hot tubs and baths, providing efficient water flow and a pleasant massage sensation. Ready for easy installation, the set is suitable for both new projects and retrofitting of existing hot tubs or baths.<\/p>\n<h4 data-start=\"446\" data-end=\"468\">Set includes:<\/h4>\n<ul data-start=\"469\" data-end=\"867\">\n<li data-start=\"469\" data-end=\"547\">\n<p data-start=\"471\" data-end=\"547\"><strong data-start=\"471\" data-end=\"498\">1.1 kW water pump<\/strong> - a powerful and reliable hydro-massage solution<\/p>\n<\/li>\n<li data-start=\"548\" data-end=\"616\">\n<p data-start=\"550\" data-end=\"616\"><strong data-start=\"550\" data-end=\"582\">8 hydromassage nozzles<\/strong> - for even water distribution<\/p>\n<\/li>\n<li data-start=\"617\" data-end=\"666\">\n<p data-start=\"619\" data-end=\"666\"><strong data-start=\"619\" data-end=\"633\">PVC hoses<\/strong> - resistant to moisture and pressure<\/p>\n<\/li>\n<li data-start=\"667\" data-end=\"779\">\n<p data-start=\"669\" data-end=\"779\"><strong data-start=\"669\" data-end=\"693\">Fittings<\/strong>: pump tee, Y-connector, blinds, coupling, elbows, water inlet nozzle<\/p>\n<\/li>\n<li data-start=\"780\" data-end=\"867\">\n<p data-start=\"782\" data-end=\"867\"><strong data-start=\"782\" data-end=\"821\">Control switch with regulator<\/strong> - for convenient control of the hydromassage intensity<\/p>\n<\/li>\n<\/ul>\n<h4 data-start=\"869\" data-end=\"898\">Key benefits:<\/h4>\n<ul data-start=\"899\" data-end=\"1099\">\n<li data-start=\"899\" data-end=\"953\">\n<p data-start=\"901\" data-end=\"953\">Tinka <strong data-start=\"907\" data-end=\"951\">for hot tubs, outdoor baths and spa systems<\/strong><\/p>\n<\/li>\n<li data-start=\"954\" data-end=\"1003\">\n<p data-start=\"956\" data-end=\"1003\">Simple installation and robust design<\/p>\n<\/li>\n<li data-start=\"1004\" data-end=\"1045\">\n<p data-start=\"1006\" data-end=\"1045\">Effective water massage for the whole body<\/p>\n<\/li>\n<li data-start=\"1046\" data-end=\"1099\">\n<p data-start=\"1048\" data-end=\"1099\">High-quality components for long-lasting use<\/p>\n<\/li>\n<\/ul>\n<h4 data-start=\"1101\" data-end=\"1127\">Technical information:<\/h4>\n<ul data-start=\"1128\" data-end=\"1243\">\n<li data-start=\"1128\" data-end=\"1156\">\n<p data-start=\"1130\" data-end=\"1156\">Pump power: <strong data-start=\"1146\" data-end=\"1156\">1,1 kW<\/strong><\/p>\n<\/li>\n<li data-start=\"1157\" data-end=\"1189\">\n<p data-start=\"1159\" data-end=\"1189\">Number of nozzles: <strong data-start=\"1179\" data-end=\"1189\">8 pcs.<\/strong><\/p>\n<\/li>\n<li data-start=\"1190\" data-end=\"1243\">\n<p data-start=\"1192\" data-end=\"1243\">Purpose: <strong data-start=\"1203\" data-end=\"1243\">hydromassage system for hot tub\/bath<\/strong><\/p>\n<\/li>\n<\/ul>\n<p>&nbsp;<\/p>","protected":false},"excerpt":{"rendered":"<p>Hidromasa\u017eo sistema kubilui \/ voniai &#8211; 1,1 kW, 8 purk\u0161tukai Auk\u0161tos kokyb\u0117s hidromasa\u017eo sistema skirta kubilams ir vonioms, u\u017etikrinanti efektyv\u0173<\/p>","protected":false},"featured_media":688,"template":"","meta":[],"product_brand":[],"product_cat":[98],"product_tag":[],"class_list":{"0":"post-692","1":"product","2":"type-product","3":"status-publish","4":"has-post-thumbnail","6":"product_cat-kubilu-priedai","8":"first","9":"instock","10":"taxable","11":"shipping-taxable","12":"purchasable","13":"product-type-simple"},"yoast_head":"<!-- This site is optimized with the Yoast SEO plugin v27.4 - https:\/\/yoast.com\/product\/yoast-seo-wordpress\/ -->\n<title>Hidromasa\u017eo sistema kubilui \/ voniai - 1,1 kW, 8 purk\u0161tukai | Ignista<\/title>\n<meta name=\"description\" content=\"Auk\u0161tos kokyb\u0117s hidromasa\u017eo sistema skirta kubilams ir vonioms, u\u017etikrinanti efektyv\u0173 vandens sraut\u0105 ir malon\u0173 masa\u017eo poj\u016bt\u012f.\" \/>\n<meta name=\"robots\" content=\"index, follow, max-snippet:-1, max-image-preview:large, max-video-preview:-1\" \/>\n<link rel=\"canonical\" href=\"https:\/\/ignista.lt\/en\/parduotuve\/kubilu-priedai\/hidromasazo-sistema-kubilo-hidromasazas-hidromasazas-kubilui-vandens-masazo-sistema-spa-iranga-kubilo-priedai-hidromasazo-siurblys\/\" \/>\n<meta property=\"og:locale\" content=\"en_US\" \/>\n<meta property=\"og:type\" content=\"article\" \/>\n<meta property=\"og:title\" content=\"Hidromasa\u017eo sistema kubilui \/ voniai - 1,1 kW, 8 purk\u0161tukai | Ignista\" \/>\n<meta property=\"og:description\" content=\"Auk\u0161tos kokyb\u0117s hidromasa\u017eo sistema skirta kubilams ir vonioms, u\u017etikrinanti efektyv\u0173 vandens sraut\u0105 ir malon\u0173 masa\u017eo poj\u016bt\u012f.\" \/>\n<meta property=\"og:url\" content=\"https:\/\/ignista.lt\/en\/parduotuve\/kubilu-priedai\/hidromasazo-sistema-kubilo-hidromasazas-hidromasazas-kubilui-vandens-masazo-sistema-spa-iranga-kubilo-priedai-hidromasazo-siurblys\/\" \/>\n<meta property=\"og:site_name\" content=\"Ignista\" \/>\n<meta property=\"article:modified_time\" content=\"2026-05-15T12:38:09+00:00\" \/>\n<meta property=\"og:image\" content=\"https:\/\/ignista.lt\/wp-content\/uploads\/2025\/12\/WhatsApp-Image-2025-12-19-at-16.10.392.jpeg\" \/>\n\t<meta property=\"og:image:width\" content=\"1600\" \/>\n\t<meta property=\"og:image:height\" content=\"1200\" \/>\n\t<meta property=\"og:image:type\" content=\"image\/jpeg\" \/>\n<script type=\"application\/ld+json\" class=\"yoast-schema-graph\">{\"@context\":\"https:\\\/\\\/schema.org\",\"@graph\":[{\"@type\":\"WebPage\",\"@id\":\"https:\\\/\\\/ignista.lt\\\/parduotuve\\\/kubilu-priedai\\\/hidromasazo-sistema-kubilo-hidromasazas-hidromasazas-kubilui-vandens-masazo-sistema-spa-iranga-kubilo-priedai-hidromasazo-siurblys\\\/\",\"url\":\"https:\\\/\\\/ignista.lt\\\/parduotuve\\\/kubilu-priedai\\\/hidromasazo-sistema-kubilo-hidromasazas-hidromasazas-kubilui-vandens-masazo-sistema-spa-iranga-kubilo-priedai-hidromasazo-siurblys\\\/\",\"name\":\"Hidromasa\u017eo sistema kubilui \\\/ voniai - 1,1 kW, 8 purk\u0161tukai | Ignista\",\"isPartOf\":{\"@id\":\"https:\\\/\\\/ignista.lt\\\/#website\"},\"primaryImageOfPage\":{\"@id\":\"https:\\\/\\\/ignista.lt\\\/parduotuve\\\/kubilu-priedai\\\/hidromasazo-sistema-kubilo-hidromasazas-hidromasazas-kubilui-vandens-masazo-sistema-spa-iranga-kubilo-priedai-hidromasazo-siurblys\\\/#primaryimage\"},\"image\":{\"@id\":\"https:\\\/\\\/ignista.lt\\\/parduotuve\\\/kubilu-priedai\\\/hidromasazo-sistema-kubilo-hidromasazas-hidromasazas-kubilui-vandens-masazo-sistema-spa-iranga-kubilo-priedai-hidromasazo-siurblys\\\/#primaryimage\"},\"thumbnailUrl\":\"https:\\\/\\\/ignista.lt\\\/wp-content\\\/uploads\\\/2025\\\/12\\\/WhatsApp-Image-2025-12-19-at-16.10.392.jpeg\",\"datePublished\":\"2025-12-22T08:38:22+00:00\",\"dateModified\":\"2026-05-15T12:38:09+00:00\",\"description\":\"Auk\u0161tos kokyb\u0117s hidromasa\u017eo sistema skirta kubilams ir vonioms, u\u017etikrinanti efektyv\u0173 vandens sraut\u0105 ir malon\u0173 masa\u017eo poj\u016bt\u012f.\",\"breadcrumb\":{\"@id\":\"https:\\\/\\\/ignista.lt\\\/parduotuve\\\/kubilu-priedai\\\/hidromasazo-sistema-kubilo-hidromasazas-hidromasazas-kubilui-vandens-masazo-sistema-spa-iranga-kubilo-priedai-hidromasazo-siurblys\\\/#breadcrumb\"},\"inLanguage\":\"en-US\",\"potentialAction\":[{\"@type\":\"ReadAction\",\"target\":[\"https:\\\/\\\/ignista.lt\\\/parduotuve\\\/kubilu-priedai\\\/hidromasazo-sistema-kubilo-hidromasazas-hidromasazas-kubilui-vandens-masazo-sistema-spa-iranga-kubilo-priedai-hidromasazo-siurblys\\\/\"]}]},{\"@type\":\"ImageObject\",\"inLanguage\":\"en-US\",\"@id\":\"https:\\\/\\\/ignista.lt\\\/parduotuve\\\/kubilu-priedai\\\/hidromasazo-sistema-kubilo-hidromasazas-hidromasazas-kubilui-vandens-masazo-sistema-spa-iranga-kubilo-priedai-hidromasazo-siurblys\\\/#primaryimage\",\"url\":\"https:\\\/\\\/ignista.lt\\\/wp-content\\\/uploads\\\/2025\\\/12\\\/WhatsApp-Image-2025-12-19-at-16.10.392.jpeg\",\"contentUrl\":\"https:\\\/\\\/ignista.lt\\\/wp-content\\\/uploads\\\/2025\\\/12\\\/WhatsApp-Image-2025-12-19-at-16.10.392.jpeg\",\"width\":1600,\"height\":1200},{\"@type\":\"BreadcrumbList\",\"@id\":\"https:\\\/\\\/ignista.lt\\\/parduotuve\\\/kubilu-priedai\\\/hidromasazo-sistema-kubilo-hidromasazas-hidromasazas-kubilui-vandens-masazo-sistema-spa-iranga-kubilo-priedai-hidromasazo-siurblys\\\/#breadcrumb\",\"itemListElement\":[{\"@type\":\"ListItem\",\"position\":1,\"name\":\"Home\",\"item\":\"https:\\\/\\\/ignista.lt\\\/lt\\\/\"},{\"@type\":\"ListItem\",\"position\":2,\"name\":\"Parduotuv\u0117\",\"item\":\"https:\\\/\\\/ignista.lt\\\/lt\\\/parduotuve\\\/\"},{\"@type\":\"ListItem\",\"position\":3,\"name\":\"Hidromasa\u017eo sistema kubilui \\\/ voniai &#8211; 1,1 kW, 8 purk\u0161tukai\"}]},{\"@type\":\"WebSite\",\"@id\":\"https:\\\/\\\/ignista.lt\\\/#website\",\"url\":\"https:\\\/\\\/ignista.lt\\\/\",\"name\":\"Ignista\",\"description\":\"ner\u016bdijan\u010dio plieno krosnel\u0117s kubilams ir \u012fvair\u016bs metalo gaminiai\",\"potentialAction\":[{\"@type\":\"SearchAction\",\"target\":{\"@type\":\"EntryPoint\",\"urlTemplate\":\"https:\\\/\\\/ignista.lt\\\/?s={search_term_string}\"},\"query-input\":{\"@type\":\"PropertyValueSpecification\",\"valueRequired\":true,\"valueName\":\"search_term_string\"}}],\"inLanguage\":\"en-US\"}]}<\/script>\n<!-- \/ Yoast SEO plugin. -->","yoast_head_json":{"title":"Hidromasa\u017eo sistema kubilui \/ voniai - 1,1 kW, 8 purk\u0161tukai | Ignista","description":"Auk\u0161tos kokyb\u0117s hidromasa\u017eo sistema skirta kubilams ir vonioms, u\u017etikrinanti efektyv\u0173 vandens sraut\u0105 ir malon\u0173 masa\u017eo poj\u016bt\u012f.","robots":{"index":"index","follow":"follow","max-snippet":"max-snippet:-1","max-image-preview":"max-image-preview:large","max-video-preview":"max-video-preview:-1"},"canonical":"https:\/\/ignista.lt\/en\/parduotuve\/kubilu-priedai\/hidromasazo-sistema-kubilo-hidromasazas-hidromasazas-kubilui-vandens-masazo-sistema-spa-iranga-kubilo-priedai-hidromasazo-siurblys\/","og_locale":"en_US","og_type":"article","og_title":"Hidromasa\u017eo sistema kubilui \/ voniai - 1,1 kW, 8 purk\u0161tukai | Ignista","og_description":"Auk\u0161tos kokyb\u0117s hidromasa\u017eo sistema skirta kubilams ir vonioms, u\u017etikrinanti efektyv\u0173 vandens sraut\u0105 ir malon\u0173 masa\u017eo poj\u016bt\u012f.","og_url":"https:\/\/ignista.lt\/en\/parduotuve\/kubilu-priedai\/hidromasazo-sistema-kubilo-hidromasazas-hidromasazas-kubilui-vandens-masazo-sistema-spa-iranga-kubilo-priedai-hidromasazo-siurblys\/","og_site_name":"Ignista","article_modified_time":"2026-05-15T12:38:09+00:00","og_image":[{"width":1600,"height":1200,"url":"https:\/\/ignista.lt\/wp-content\/uploads\/2025\/12\/WhatsApp-Image-2025-12-19-at-16.10.392.jpeg","type":"image\/jpeg"}],"schema":{"@context":"https:\/\/schema.org","@graph":[{"@type":"WebPage","@id":"https:\/\/ignista.lt\/parduotuve\/kubilu-priedai\/hidromasazo-sistema-kubilo-hidromasazas-hidromasazas-kubilui-vandens-masazo-sistema-spa-iranga-kubilo-priedai-hidromasazo-siurblys\/","url":"https:\/\/ignista.lt\/parduotuve\/kubilu-priedai\/hidromasazo-sistema-kubilo-hidromasazas-hidromasazas-kubilui-vandens-masazo-sistema-spa-iranga-kubilo-priedai-hidromasazo-siurblys\/","name":"Hidromasa\u017eo sistema kubilui \/ voniai - 1,1 kW, 8 purk\u0161tukai | Ignista","isPartOf":{"@id":"https:\/\/ignista.lt\/#website"},"primaryImageOfPage":{"@id":"https:\/\/ignista.lt\/parduotuve\/kubilu-priedai\/hidromasazo-sistema-kubilo-hidromasazas-hidromasazas-kubilui-vandens-masazo-sistema-spa-iranga-kubilo-priedai-hidromasazo-siurblys\/#primaryimage"},"image":{"@id":"https:\/\/ignista.lt\/parduotuve\/kubilu-priedai\/hidromasazo-sistema-kubilo-hidromasazas-hidromasazas-kubilui-vandens-masazo-sistema-spa-iranga-kubilo-priedai-hidromasazo-siurblys\/#primaryimage"},"thumbnailUrl":"https:\/\/ignista.lt\/wp-content\/uploads\/2025\/12\/WhatsApp-Image-2025-12-19-at-16.10.392.jpeg","datePublished":"2025-12-22T08:38:22+00:00","dateModified":"2026-05-15T12:38:09+00:00","description":"Auk\u0161tos kokyb\u0117s hidromasa\u017eo sistema skirta kubilams ir vonioms, u\u017etikrinanti efektyv\u0173 vandens sraut\u0105 ir malon\u0173 masa\u017eo poj\u016bt\u012f.","breadcrumb":{"@id":"https:\/\/ignista.lt\/parduotuve\/kubilu-priedai\/hidromasazo-sistema-kubilo-hidromasazas-hidromasazas-kubilui-vandens-masazo-sistema-spa-iranga-kubilo-priedai-hidromasazo-siurblys\/#breadcrumb"},"inLanguage":"en-US","potentialAction":[{"@type":"ReadAction","target":["https:\/\/ignista.lt\/parduotuve\/kubilu-priedai\/hidromasazo-sistema-kubilo-hidromasazas-hidromasazas-kubilui-vandens-masazo-sistema-spa-iranga-kubilo-priedai-hidromasazo-siurblys\/"]}]},{"@type":"ImageObject","inLanguage":"en-US","@id":"https:\/\/ignista.lt\/parduotuve\/kubilu-priedai\/hidromasazo-sistema-kubilo-hidromasazas-hidromasazas-kubilui-vandens-masazo-sistema-spa-iranga-kubilo-priedai-hidromasazo-siurblys\/#primaryimage","url":"https:\/\/ignista.lt\/wp-content\/uploads\/2025\/12\/WhatsApp-Image-2025-12-19-at-16.10.392.jpeg","contentUrl":"https:\/\/ignista.lt\/wp-content\/uploads\/2025\/12\/WhatsApp-Image-2025-12-19-at-16.10.392.jpeg","width":1600,"height":1200},{"@type":"BreadcrumbList","@id":"https:\/\/ignista.lt\/parduotuve\/kubilu-priedai\/hidromasazo-sistema-kubilo-hidromasazas-hidromasazas-kubilui-vandens-masazo-sistema-spa-iranga-kubilo-priedai-hidromasazo-siurblys\/#breadcrumb","itemListElement":[{"@type":"ListItem","position":1,"name":"Home","item":"https:\/\/ignista.lt\/lt\/"},{"@type":"ListItem","position":2,"name":"Parduotuv\u0117","item":"https:\/\/ignista.lt\/lt\/parduotuve\/"},{"@type":"ListItem","position":3,"name":"Hidromasa\u017eo sistema kubilui \/ voniai &#8211; 1,1 kW, 8 purk\u0161tukai"}]},{"@type":"WebSite","@id":"https:\/\/ignista.lt\/#website","url":"https:\/\/ignista.lt\/","name":"Ignista","description":"stainless steel hot tub stoves and various metal products","potentialAction":[{"@type":"SearchAction","target":{"@type":"EntryPoint","urlTemplate":"https:\/\/ignista.lt\/?s={search_term_string}"},"query-input":{"@type":"PropertyValueSpecification","valueRequired":true,"valueName":"search_term_string"}}],"inLanguage":"en-US"}]}},"_links":{"self":[{"href":"https:\/\/ignista.lt\/en\/wp-json\/wp\/v2\/product\/692","targetHints":{"allow":["GET"]}}],"collection":[{"href":"https:\/\/ignista.lt\/en\/wp-json\/wp\/v2\/product"}],"about":[{"href":"https:\/\/ignista.lt\/en\/wp-json\/wp\/v2\/types\/product"}],"wp:featuredmedia":[{"embeddable":true,"href":"https:\/\/ignista.lt\/en\/wp-json\/wp\/v2\/media\/688"}],"wp:attachment":[{"href":"https:\/\/ignista.lt\/en\/wp-json\/wp\/v2\/media?parent=692"}],"wp:term":[{"taxonomy":"product_brand","embeddable":true,"href":"https:\/\/ignista.lt\/en\/wp-json\/wp\/v2\/product_brand?post=692"},{"taxonomy":"product_cat","embeddable":true,"href":"https:\/\/ignista.lt\/en\/wp-json\/wp\/v2\/product_cat?post=692"},{"taxonomy":"product_tag","embeddable":true,"href":"https:\/\/ignista.lt\/en\/wp-json\/wp\/v2\/product_tag?post=692"}],"curies":[{"name":"wp","href":"https:\/\/api.w.org\/{rel}","templated":true}]}}