{"id":3,"date":"2020-01-27T17:14:42","date_gmt":"2020-01-27T15:14:42","guid":{"rendered":"https:\/\/ignista.lt\/?page_id=3"},"modified":"2023-10-28T23:24:11","modified_gmt":"2023-10-28T20:24:11","slug":"privatumo-politika","status":"publish","type":"page","link":"https:\/\/ignista.lt\/lt\/privatumo-politika\/","title":{"rendered":"Privatumo Politika"},"content":{"rendered":"<div class=\"elementor-element elementor-element-eea74ef elementor-widget elementor-widget-text-editor\" data-id=\"eea74ef\" data-element_type=\"widget\" data-widget_type=\"text-editor.default\">\n<div class=\"elementor-widget-container\">\n<p style=\"text-align: left;\">Privatumo politika taikoma https:\/\/ignista.lt\/ interneto svetain\u0117je surinktai informacijai. Paai\u0161kiname, koki\u0105 informacij\u0105 apie Jus renkame, kai savo interneto nar\u0161ykl\u0117je naudojate https:\/\/ignista.lt\/ svetain\u0119. Mes renkame informacij\u0105 apie Jus naudodami slapukus (angl. cookies) ir pana\u0161ias technologijas. Slapukai yra ma\u017ei failai, kurie laikinai \u012fra\u0161omi \u012f J\u016bs\u0173 \u012frenginio stand\u0173j\u012f disk\u0105 ir leid\u017eia atpa\u017einti Jus per kitus apsilankymus Svetain\u0117je, i\u0161saugoti asmens nar\u0161ymo istorij\u0105, parinktis, pritaikyti turin\u012f, pagreitina Svetain\u0117je vykdomas paie\u0161kas, sukuria patogi\u0105 ir draugi\u0161k\u0105 Svetain\u0117s aplink\u0105, pateikia j\u0105 efektyviau ir patikimiau. Slapukai \u2013 \u012fprasta nar\u0161ymo tinklalapiuose praktika, kuri palengvina naudojim\u0105si tinklalapiu. Slapukais gaunam\u0105 informacij\u0105 mes naudojame \u0161iais tikslais: Kad u\u017etikrintume Svetain\u0117s funkcionalum\u0105 (pvz., kad J\u016bs gal\u0117tum\u0117te naudotis \u012fasmeninta Svetaine);kad gal\u0117tume Svetain\u0119 tobulinti ir vystyti taip, kad ji dar geriau atitikt\u0173 J\u016bs\u0173 poreikius; paslaug\u0173 pl\u0117trai ir naudojimosi Svetaine analizei; tiksliniam rinkodaros orientavimui. Sutikim\u0105 naudoti slapukus J\u016bs galite duoti \u0161iais b\u016bdais: Nei\u0161trindami j\u0173 ir (ar) nepakeisdami savo interneto nar\u0161ykl\u0117s nustatym\u0173 taip, jog ji nepriimt\u0173 slapuk\u0173; valdyme apie slapukus paspaud\u0119 \u017eym\u0105 \u201ePriimti\u201c; J\u016bs galite bet kuriuo metu at\u0161aukti mums duot\u0105 leidim\u0105 naudoti slapukus. Tai padaryti J\u016bs galite pakeisdamas savo interneto nar\u0161ykl\u0117s nustatymus taip, jog ji nepriimt\u0173 slapuk\u0173. Kaip tai padaryti, priklauso nuo J\u016bs\u0173 naudojamos operacin\u0117s sistemos ir interneto nar\u0161ykl\u0117s. I\u0161sami\u0105 informacij\u0105 apie slapukus, j\u0173 naudojim\u0105, atsisakymo galimybes rasite adresu http:\/\/AllAboutCookies.org arba http:\/\/google.com\/privacy_ads.html. U\u017esisakant prek\u0119 ir u\u017e j\u0105 sumokant, &#8222;Metalo spalvos&#8221; tvarko \u0161iuos J\u016bs\u0173 asmens duomenis:<\/p>\n<ul style=\"text-align: left;\">\n<li>J\u016bs\u0173 vardas, pavard\u0117;<\/li>\n<li>J\u016bs\u0173 elektroninio pa\u0161to adresas;<\/li>\n<li>J\u016bs\u0173 kontaktinis telefono numeris;<\/li>\n<li>J\u016bs\u0173 pristatymo adres\u0105;<\/li>\n<li>Operacijos data;<\/li>\n<li>Operacijos suma;<\/li>\n<li>Paskirtis (prek\u0117, u\u017e kuri\u0105 sumok\u0117ta).<\/li>\n<\/ul>\n<p style=\"text-align: left;\">\u0160i\u0173 duomen\u0173 \u0161altinis esate J\u016bs bei tretieji asmenys: J\u016bs\u0173 mobiliojo ry\u0161io operatorius, bankas ar elektronini\u0173 pinig\u0173 \u012fstaiga, kurioje turite s\u0105skait\u0105. J\u016bs\u0173 banko kortel\u0117s duomenys (jeigu mokama banko kortele) ar banko s\u0105skaitos (jeigu mokama tiesioginiu bankiniu pavedimu) duomen\u0173 &#8222;Metalo spalvos&#8221; nesaugo ir netvarko. \u0160iuos duomenis saugo ir tvarko tretieji asmenys UAB \u201ePaysera\u201c (Banko kortel\u0117s, tiesioginiai bankiniai pavedimai). I\u0161vardytus asmens duomenis tvarkome sudaryt\u0173 finansini\u0173 sandori\u0173 tinkamo administravimo ir \u012fgyvendinimo tikslais.<\/p>\n<\/div>\n<\/div>\n<div class=\"elementor-element elementor-element-1d472f5 elementor-widget elementor-widget-spacer\" data-id=\"1d472f5\" data-element_type=\"widget\" data-widget_type=\"spacer.default\">\n<div class=\"elementor-widget-container\">\n<p class=\"elementor-spacer\" style=\"text-align: left;\">\n<\/div>\n<\/div>\n","protected":false},"excerpt":{"rendered":"<p>Privatumo politika taikoma https:\/\/ignista.lt\/ interneto svetain\u0117je surinktai informacijai. Paai\u0161kiname, koki\u0105 informacij\u0105 apie Jus renkame, kai savo interneto nar\u0161ykl\u0117je naudojate https:\/\/ignista.lt\/<\/p>\n","protected":false},"author":1,"featured_media":0,"parent":0,"menu_order":0,"comment_status":"closed","ping_status":"closed","template":"","meta":{"footnotes":""},"class_list":["post-3","page","type-page","status-publish","hentry"],"yoast_head":"<!-- This site is optimized with the Yoast SEO plugin v27.4 - https:\/\/yoast.com\/product\/yoast-seo-wordpress\/ -->\n<title>Privatumo Politika | Ignista<\/title>\n<meta name=\"robots\" content=\"index, follow, max-snippet:-1, max-image-preview:large, max-video-preview:-1\" \/>\n<link rel=\"canonical\" href=\"https:\/\/ignista.lt\/lt\/privatumo-politika\/\" \/>\n<meta property=\"og:locale\" content=\"lt_LT\" \/>\n<meta property=\"og:type\" content=\"article\" \/>\n<meta property=\"og:title\" content=\"Privatumo Politika | Ignista\" \/>\n<meta property=\"og:description\" content=\"Privatumo politika taikoma https:\/\/ignista.lt\/ interneto svetain\u0117je surinktai informacijai. Paai\u0161kiname, koki\u0105 informacij\u0105 apie Jus renkame, kai savo interneto nar\u0161ykl\u0117je naudojate https:\/\/ignista.lt\/\" \/>\n<meta property=\"og:url\" content=\"https:\/\/ignista.lt\/lt\/privatumo-politika\/\" \/>\n<meta property=\"og:site_name\" content=\"Ignista\" \/>\n<meta property=\"article:modified_time\" content=\"2023-10-28T20:24:11+00:00\" \/>\n<meta property=\"og:image\" content=\"https:\/\/ignista.lt\/wp-content\/uploads\/2020\/01\/facebook-boost-reklama.jpg\" \/>\n\t<meta property=\"og:image:width\" content=\"1920\" \/>\n\t<meta property=\"og:image:height\" content=\"1005\" \/>\n\t<meta property=\"og:image:type\" content=\"image\/jpeg\" \/>\n<script type=\"application\/ld+json\" class=\"yoast-schema-graph\">{\"@context\":\"https:\\\/\\\/schema.org\",\"@graph\":[{\"@type\":\"WebPage\",\"@id\":\"https:\\\/\\\/ignista.lt\\\/privatumo-politika\\\/\",\"url\":\"https:\\\/\\\/ignista.lt\\\/privatumo-politika\\\/\",\"name\":\"Privatumo Politika | Ignista\",\"isPartOf\":{\"@id\":\"https:\\\/\\\/ignista.lt\\\/#website\"},\"datePublished\":\"2020-01-27T15:14:42+00:00\",\"dateModified\":\"2023-10-28T20:24:11+00:00\",\"breadcrumb\":{\"@id\":\"https:\\\/\\\/ignista.lt\\\/privatumo-politika\\\/#breadcrumb\"},\"inLanguage\":\"lt-LT\",\"potentialAction\":[{\"@type\":\"ReadAction\",\"target\":[\"https:\\\/\\\/ignista.lt\\\/privatumo-politika\\\/\"]}]},{\"@type\":\"BreadcrumbList\",\"@id\":\"https:\\\/\\\/ignista.lt\\\/privatumo-politika\\\/#breadcrumb\",\"itemListElement\":[{\"@type\":\"ListItem\",\"position\":1,\"name\":\"Home\",\"item\":\"https:\\\/\\\/ignista.lt\\\/lt\\\/\"},{\"@type\":\"ListItem\",\"position\":2,\"name\":\"Privatumo Politika\"}]},{\"@type\":\"WebSite\",\"@id\":\"https:\\\/\\\/ignista.lt\\\/#website\",\"url\":\"https:\\\/\\\/ignista.lt\\\/\",\"name\":\"Ignista\",\"description\":\"ner\u016bdijan\u010dio plieno krosnel\u0117s kubilams ir \u012fvair\u016bs metalo gaminiai\",\"potentialAction\":[{\"@type\":\"SearchAction\",\"target\":{\"@type\":\"EntryPoint\",\"urlTemplate\":\"https:\\\/\\\/ignista.lt\\\/?s={search_term_string}\"},\"query-input\":{\"@type\":\"PropertyValueSpecification\",\"valueRequired\":true,\"valueName\":\"search_term_string\"}}],\"inLanguage\":\"lt-LT\"}]}<\/script>\n<!-- \/ Yoast SEO plugin. -->","yoast_head_json":{"title":"Privatumo Politika | Ignista","robots":{"index":"index","follow":"follow","max-snippet":"max-snippet:-1","max-image-preview":"max-image-preview:large","max-video-preview":"max-video-preview:-1"},"canonical":"https:\/\/ignista.lt\/lt\/privatumo-politika\/","og_locale":"lt_LT","og_type":"article","og_title":"Privatumo Politika | Ignista","og_description":"Privatumo politika taikoma https:\/\/ignista.lt\/ interneto svetain\u0117je surinktai informacijai. Paai\u0161kiname, koki\u0105 informacij\u0105 apie Jus renkame, kai savo interneto nar\u0161ykl\u0117je naudojate https:\/\/ignista.lt\/","og_url":"https:\/\/ignista.lt\/lt\/privatumo-politika\/","og_site_name":"Ignista","article_modified_time":"2023-10-28T20:24:11+00:00","og_image":[{"width":1920,"height":1005,"url":"https:\/\/ignista.lt\/wp-content\/uploads\/2020\/01\/facebook-boost-reklama.jpg","type":"image\/jpeg"}],"schema":{"@context":"https:\/\/schema.org","@graph":[{"@type":"WebPage","@id":"https:\/\/ignista.lt\/privatumo-politika\/","url":"https:\/\/ignista.lt\/privatumo-politika\/","name":"Privatumo Politika | Ignista","isPartOf":{"@id":"https:\/\/ignista.lt\/#website"},"datePublished":"2020-01-27T15:14:42+00:00","dateModified":"2023-10-28T20:24:11+00:00","breadcrumb":{"@id":"https:\/\/ignista.lt\/privatumo-politika\/#breadcrumb"},"inLanguage":"lt-LT","potentialAction":[{"@type":"ReadAction","target":["https:\/\/ignista.lt\/privatumo-politika\/"]}]},{"@type":"BreadcrumbList","@id":"https:\/\/ignista.lt\/privatumo-politika\/#breadcrumb","itemListElement":[{"@type":"ListItem","position":1,"name":"Home","item":"https:\/\/ignista.lt\/lt\/"},{"@type":"ListItem","position":2,"name":"Privatumo Politika"}]},{"@type":"WebSite","@id":"https:\/\/ignista.lt\/#website","url":"https:\/\/ignista.lt\/","name":"Ignista","description":"ner\u016bdijan\u010dio plieno krosnel\u0117s kubilams ir \u012fvair\u016bs metalo gaminiai","potentialAction":[{"@type":"SearchAction","target":{"@type":"EntryPoint","urlTemplate":"https:\/\/ignista.lt\/?s={search_term_string}"},"query-input":{"@type":"PropertyValueSpecification","valueRequired":true,"valueName":"search_term_string"}}],"inLanguage":"lt-LT"}]}},"_links":{"self":[{"href":"https:\/\/ignista.lt\/lt\/wp-json\/wp\/v2\/pages\/3","targetHints":{"allow":["GET"]}}],"collection":[{"href":"https:\/\/ignista.lt\/lt\/wp-json\/wp\/v2\/pages"}],"about":[{"href":"https:\/\/ignista.lt\/lt\/wp-json\/wp\/v2\/types\/page"}],"author":[{"embeddable":true,"href":"https:\/\/ignista.lt\/lt\/wp-json\/wp\/v2\/users\/1"}],"replies":[{"embeddable":true,"href":"https:\/\/ignista.lt\/lt\/wp-json\/wp\/v2\/comments?post=3"}],"version-history":[{"count":0,"href":"https:\/\/ignista.lt\/lt\/wp-json\/wp\/v2\/pages\/3\/revisions"}],"wp:attachment":[{"href":"https:\/\/ignista.lt\/lt\/wp-json\/wp\/v2\/media?parent=3"}],"curies":[{"name":"wp","href":"https:\/\/api.w.org\/{rel}","templated":true}]}}