{"id":609,"date":"2025-09-24T10:43:41","date_gmt":"2025-09-24T07:43:41","guid":{"rendered":"https:\/\/ignista.lt\/?page_id=609"},"modified":"2026-02-06T17:58:05","modified_gmt":"2026-02-06T15:58:05","slug":"apie-mus","status":"publish","type":"page","link":"https:\/\/ignista.lt\/lt\/apie-mus\/","title":{"rendered":"Apie Mus"},"content":{"rendered":"\t\t<div data-elementor-type=\"wp-page\" data-elementor-id=\"609\" class=\"elementor elementor-609\" data-elementor-post-type=\"page\">\n\t\t\t\t\t\t<section class=\"elementor-section elementor-top-section elementor-element elementor-element-46af5e13 elementor-section-full_width elementor-section-height-default elementor-section-height-default\" data-id=\"46af5e13\" data-element_type=\"section\" data-e-type=\"section\" id=\"home\">\n\t\t\t\t\t\t<div class=\"elementor-container elementor-column-gap-no\">\n\t\t\t\t\t<div class=\"elementor-column elementor-col-100 elementor-top-column elementor-element elementor-element-23cdeb7f\" data-id=\"23cdeb7f\" data-element_type=\"column\" data-e-type=\"column\">\n\t\t\t<div class=\"elementor-widget-wrap elementor-element-populated\">\n\t\t\t\t\t\t<div class=\"elementor-element elementor-element-2a9d86c6 elementor-widget elementor-widget-shortcode\" data-id=\"2a9d86c6\" data-element_type=\"widget\" data-e-type=\"widget\" data-widget_type=\"shortcode.default\">\n\t\t\t\t\t\t\t<div class=\"elementor-shortcode\"><\/div>\n\t\t\t\t\t\t<\/div>\n\t\t\t\t\t<\/div>\n\t\t<\/div>\n\t\t\t\t\t<\/div>\n\t\t<\/section>\n\t\t\t\t<section class=\"wd-negative-gap elementor-section elementor-top-section elementor-element elementor-element-4815f172 elementor-section-boxed elementor-section-height-default elementor-section-height-default\" data-id=\"4815f172\" data-element_type=\"section\" data-e-type=\"section\">\n\t\t\t\t\t\t<div class=\"elementor-container elementor-column-gap-default\">\n\t\t\t\t\t<div class=\"elementor-column elementor-col-100 elementor-top-column elementor-element elementor-element-e1e0e72\" data-id=\"e1e0e72\" data-element_type=\"column\" data-e-type=\"column\">\n\t\t\t<div class=\"elementor-widget-wrap elementor-element-populated\">\n\t\t\t\t\t\t<div class=\"elementor-element elementor-element-4925d391 elementor-widget elementor-widget-spacer\" data-id=\"4925d391\" data-element_type=\"widget\" data-e-type=\"widget\" data-widget_type=\"spacer.default\">\n\t\t\t\t\t\t\t<div class=\"elementor-spacer\">\n\t\t\t<div class=\"elementor-spacer-inner\"><\/div>\n\t\t<\/div>\n\t\t\t\t\t\t<\/div>\n\t\t\t\t<div class=\"elementor-element elementor-element-60c07a72 elementor-widget elementor-widget-heading\" data-id=\"60c07a72\" data-element_type=\"widget\" data-e-type=\"widget\" id=\"metalogaminiai\" data-widget_type=\"heading.default\">\n\t\t\t\t\t<h3 class=\"elementor-heading-title elementor-size-default\">Apie Mus<\/h3>\t\t\t\t<\/div>\n\t\t\t\t<div class=\"elementor-element elementor-element-7a0e1a color-scheme-inherit text-left elementor-widget elementor-widget-text-editor\" data-id=\"7a0e1a\" data-element_type=\"widget\" data-e-type=\"widget\" data-widget_type=\"text-editor.default\">\n\t\t\t\t\t\t\t\t\t<h2 data-start=\"193\" data-end=\"206\">&nbsp;<\/h2>\n<p data-start=\"208\" data-end=\"500\"><strong data-start=\"208\" data-end=\"246\">\u201eIGNISTA\u201c \u2013 lietuvi\u0161kas gamintojas<\/strong>, kurio specializacija \u2013 ner\u016bdijan\u010dio plieno krosnel\u0117s kubilams ir \u012fvair\u016bs metalo gaminiai. Esame \u0161eimos verslas, kil\u0119s i\u0161 noro kurti patikimus, ilgaam\u017eius ir esteti\u0161kus produktus, kurie palengvina kasdienyb\u0119 ir suteikia daugiau malonumo laisvalaikiui.<\/p>\n<p data-start=\"502\" data-end=\"798\">M\u016bs\u0173 veikla prasid\u0117jo nuo paprastos id\u0117jos \u2013 sukurti krosnel\u0119, kuri greitai \u012fkaitint\u0173 vanden\u012f, b\u016bt\u0173 patogi naudoti ir tarnaut\u0173 daugel\u012f met\u0173. Laikui b\u0117gant i\u0161augome \u012f patikim\u0105 gamintoj\u0105, si\u016blant\u012f plat\u0173 asortiment\u0105: kubil\u0173 krosneles, kaminus, au\u0161inimo \u017earnas, g\u0117rim\u0173 laikiklius bei kitus priedus.<\/p>\n<hr data-start=\"800\" data-end=\"803\">\n<h2 data-start=\"805\" data-end=\"823\">M\u016bs\u0173 gaminiai<\/h2>\n<p data-start=\"825\" data-end=\"907\">Visos krosnel\u0117s gaminamos i\u0161 auk\u0161tos kokyb\u0117s ner\u016bdijan\u010dio plieno, tod\u0117l jos yra:<\/p>\n<ul data-start=\"908\" data-end=\"993\">\n<li data-start=\"908\" data-end=\"935\">\n<p data-start=\"910\" data-end=\"935\">ilgaam\u017e\u0117s ir patvarios,<\/p>\n<\/li>\n<li data-start=\"936\" data-end=\"969\">\n<p data-start=\"938\" data-end=\"969\">atsparios aplinkos poveikiui,<\/p>\n<\/li>\n<li data-start=\"970\" data-end=\"993\">\n<p data-start=\"972\" data-end=\"993\">neskleid\u017eia r\u016bd\u017ei\u0173.<\/p>\n<\/li>\n<\/ul>\n<p data-start=\"995\" data-end=\"1040\">Si\u016blome kelis pagrindinius krosneli\u0173 tipus:<\/p>\n<ul data-start=\"1041\" data-end=\"1195\">\n<li data-start=\"1041\" data-end=\"1085\">\n<p data-start=\"1043\" data-end=\"1085\"><strong data-start=\"1043\" data-end=\"1055\">I\u0161orin\u0117s<\/strong> \u2013 montuojamos \u0161alia kubilo.<\/p>\n<\/li>\n<li data-start=\"1086\" data-end=\"1143\">\n<p data-start=\"1088\" data-end=\"1143\"><strong data-start=\"1088\" data-end=\"1103\">Integruotos<\/strong> \u2013 \u012fmontuojamos \u012f kubilo konstrukcij\u0105.<\/p>\n<\/li>\n<li data-start=\"1144\" data-end=\"1195\">\n<p data-start=\"1146\" data-end=\"1195\"><strong data-start=\"1146\" data-end=\"1157\">Vidin\u0117s<\/strong> \u2013 naudojamos tiesiog kubilo viduje.<\/p>\n<\/li>\n<\/ul>\n<p data-start=\"1197\" data-end=\"1376\">Krosnel\u0117s parenkamos pagal kubilo tip\u0105 ir dyd\u012f. Didesn\u0117s krosnel\u0117s u\u017etikrina galingesn\u012f \u0161ildym\u0105, ma\u017eesn\u0117ms talpoms rekomenduojame kompakti\u0161kus modelius, kurie leid\u017eia sutaupyti.<\/p>\n<hr data-start=\"1378\" data-end=\"1381\">\n<h2 data-start=\"1383\" data-end=\"1409\">Techniniai sprendimai<\/h2>\n<p data-start=\"1411\" data-end=\"1476\">M\u016bs\u0173 krosnel\u0117s i\u0161siskiria inovatyviais techniniais sprendimais:<\/p>\n<ul data-start=\"1477\" data-end=\"1863\">\n<li data-start=\"1477\" data-end=\"1543\">\n<p data-start=\"1479\" data-end=\"1543\">dvigubos sienel\u0117s ir liepsnos barjerai efektyvesniam \u0161ildymui;<\/p>\n<\/li>\n<li data-start=\"1544\" data-end=\"1650\">\n<p data-start=\"1546\" data-end=\"1650\">vandens kanalas tarp pakuros ir pelen\u0173 dureli\u0173 \u2013 efektyviam \u0161ilumos perdavimui ir dureli\u0173 atv\u0117sinimui;<\/p>\n<\/li>\n<li data-start=\"1651\" data-end=\"1722\">\n<p data-start=\"1653\" data-end=\"1722\">durel\u0117s su kar\u0161\u010diui atspariu stiklu \u2013 jaukumui ir liepsnos matymui;<\/p>\n<\/li>\n<li data-start=\"1723\" data-end=\"1796\">\n<p data-start=\"1725\" data-end=\"1796\">kar\u0161to vandens i\u0161leidimas 45\u00b0 kampu \u2013 geresnei vandens cirkuliacijai;<\/p>\n<\/li>\n<li data-start=\"1797\" data-end=\"1863\">\n<p data-start=\"1799\" data-end=\"1863\">turbo oro anga \u2013 greitesniam vandens \u012fkaitinimui net iki 30 %.<\/p>\n<\/li>\n<\/ul>\n<hr data-start=\"1865\" data-end=\"1868\">\n<h2 data-start=\"1870\" data-end=\"1899\">Kod\u0117l verta rinktis mus?<\/h2>\n<ul data-start=\"1901\" data-end=\"2196\">\n<li data-start=\"1901\" data-end=\"1952\">\n<p data-start=\"1903\" data-end=\"1952\">Gaminame krosneles jau daugiau nei <strong data-start=\"1938\" data-end=\"1949\">10 met\u0173<\/strong>.<\/p>\n<\/li>\n<li data-start=\"1953\" data-end=\"2056\">\n<p data-start=\"1955\" data-end=\"2056\">Naudojame tik <strong data-start=\"1969\" data-end=\"1981\">AISI 304<\/strong> ir <strong data-start=\"1985\" data-end=\"1997\">AISI 316<\/strong> klas\u0117s ner\u016bdijant\u012f plien\u0105, atspar\u0173 druskoms ir r\u016bg\u0161tims.<\/p>\n<\/li>\n<li data-start=\"2057\" data-end=\"2117\">\n<p data-start=\"2059\" data-end=\"2117\">Kiekvienas gaminys pereina kruop\u0161t\u0173 kokyb\u0117s patikrinim\u0105.<\/p>\n<\/li>\n<li data-start=\"2118\" data-end=\"2196\">\n<p data-start=\"2120\" data-end=\"2196\">Gaminame tiek standartinius, tiek individualius sprendimus pagal u\u017esakym\u0105.<\/p>\n<\/li>\n<\/ul>\n<hr data-start=\"2198\" data-end=\"2201\">\n<h2 data-start=\"2203\" data-end=\"2227\">Naudojimo patarimai<\/h2>\n<p data-start=\"2229\" data-end=\"2443\">Greitesniam vandens \u012fkaitinimui rekomenduojame k\u016brenti sausomis, smulkintomis malkomis. Stambias malkas d\u0117kite tik pasiekus apie <strong data-start=\"2358\" data-end=\"2367\">30 \u00b0C<\/strong> vandens temperat\u016br\u0105. Optimalus maudyni\u0173 vandens \u0161ildymas \u2013 iki <strong data-start=\"2431\" data-end=\"2440\">37 \u00b0C<\/strong>.<\/p>\n<hr data-start=\"2445\" data-end=\"2448\">\n<h2 data-start=\"2450\" data-end=\"2468\">M\u016bs\u0173 vertyb\u0117s<\/h2>\n<ul data-start=\"2470\" data-end=\"2643\">\n<li data-start=\"2470\" data-end=\"2513\">\n<p data-start=\"2472\" data-end=\"2513\"><strong data-start=\"2472\" data-end=\"2487\">Patikimumas<\/strong> \u2013 laikom\u0117s savo pa\u017ead\u0173.<\/p>\n<\/li>\n<li data-start=\"2514\" data-end=\"2578\">\n<p data-start=\"2516\" data-end=\"2578\"><strong data-start=\"2516\" data-end=\"2534\">Ilgaam\u017ei\u0161kumas<\/strong> \u2013 gaminiai sukurti tarnauti de\u0161imtme\u010dius.<\/p>\n<\/li>\n<li data-start=\"2579\" data-end=\"2643\">\n<p data-start=\"2581\" data-end=\"2643\"><strong data-start=\"2581\" data-end=\"2595\">Lankstumas<\/strong> \u2013 gaminame pagal kiekvieno kliento poreikius.<\/p>\n<\/li>\n<\/ul>\n<hr data-start=\"2645\" data-end=\"2648\">\n<p data-start=\"2650\" data-end=\"2743\"><strong data-start=\"2650\" data-end=\"2741\">\u201eIGNISTA\u201c \u2013 tai daugiau nei produktas. Tai kokyb\u0117s garantija, kuria galite pasikliauti.<\/strong><\/p>\t\t\t\t\t\t\t\t<\/div>\n\t\t\t\t\t<\/div>\n\t\t<\/div>\n\t\t\t\t\t<\/div>\n\t\t<\/section>\n\t\t\t\t<section class=\"wd-negative-gap elementor-section elementor-top-section elementor-element elementor-element-1308fa76 elementor-section-content-middle elementor-reverse-mobile elementor-section-boxed elementor-section-height-default elementor-section-height-default elementor-invisible\" data-id=\"1308fa76\" data-element_type=\"section\" data-e-type=\"section\" data-settings=\"{&quot;animation&quot;:&quot;fadeIn&quot;}\">\n\t\t\t\t\t\t<div class=\"elementor-container elementor-column-gap-default\">\n\t\t\t\t\t<div class=\"elementor-column elementor-col-100 elementor-top-column elementor-element elementor-element-21c826f3\" data-id=\"21c826f3\" data-element_type=\"column\" data-e-type=\"column\">\n\t\t\t<div class=\"elementor-widget-wrap elementor-element-populated\">\n\t\t\t\t\t\t<div class=\"elementor-element elementor-element-4e54e8d5 elementor-widget elementor-widget-image\" data-id=\"4e54e8d5\" data-element_type=\"widget\" data-e-type=\"widget\" data-widget_type=\"image.default\">\n\t\t\t\t\t\t\t\t\t\t\t\t\t\t\t<img decoding=\"async\" width=\"512\" height=\"139\" src=\"https:\/\/ignista.lt\/wp-content\/uploads\/2022\/05\/Ignista-logo.png\" class=\"attachment-2048x2048 size-2048x2048 wp-image-503\" alt=\"\" srcset=\"https:\/\/ignista.lt\/wp-content\/uploads\/2022\/05\/Ignista-logo.png 512w, https:\/\/ignista.lt\/wp-content\/uploads\/2022\/05\/Ignista-logo-150x41.png 150w, https:\/\/ignista.lt\/wp-content\/uploads\/2022\/05\/Ignista-logo-300x81.png 300w, https:\/\/ignista.lt\/wp-content\/uploads\/2022\/05\/Ignista-logo-220x60.png 220w\" sizes=\"(max-width: 512px) 100vw, 512px\" \/>\t\t\t\t\t\t\t\t\t\t\t\t\t\t\t<\/div>\n\t\t\t\t\t<\/div>\n\t\t<\/div>\n\t\t\t\t\t<\/div>\n\t\t<\/section>\n\t\t\t\t<section class=\"elementor-section elementor-top-section elementor-element elementor-element-5f1ba1f1 elementor-section-content-middle elementor-section-boxed elementor-section-height-default elementor-section-height-default elementor-invisible\" data-id=\"5f1ba1f1\" data-element_type=\"section\" data-e-type=\"section\" data-settings=\"{&quot;animation&quot;:&quot;fadeIn&quot;}\">\n\t\t\t\t\t\t<div class=\"elementor-container elementor-column-gap-default\">\n\t\t\t\t\t<div class=\"elementor-column elementor-col-100 elementor-top-column elementor-element elementor-element-7b6f5f6d\" data-id=\"7b6f5f6d\" data-element_type=\"column\" data-e-type=\"column\">\n\t\t\t<div class=\"elementor-widget-wrap elementor-element-populated\">\n\t\t\t\t\t\t<div class=\"elementor-element elementor-element-6ef2346a elementor-widget elementor-widget-heading\" data-id=\"6ef2346a\" data-element_type=\"widget\" data-e-type=\"widget\" id=\"susisiekti\" data-widget_type=\"heading.default\">\n\t\t\t\t\t<h3 class=\"elementor-heading-title elementor-size-default\">Susisiekite su mumis<\/h3>\t\t\t\t<\/div>\n\t\t\t\t<div class=\"elementor-element elementor-element-30b5bd80 color-scheme-inherit text-left elementor-widget elementor-widget-text-editor\" data-id=\"30b5bd80\" data-element_type=\"widget\" data-e-type=\"widget\" data-widget_type=\"text-editor.default\">\n\t\t\t\t\t\t\t\t\t<p>\u017demiau palikite savo vard\u0105, el. pa\u0161to adres\u0105 ir trump\u0105 \u017einut\u0119 apie tai, ko ie\u0161kote.<br data-start=\"236\" data-end=\"239\" \/>Arba skambinkite mums telefonu: <strong>+370 666 55 155<\/strong><\/p><p>Kaunas\u00a0 \u00a0 \u00a0 \u00a0 \u00a0 \u00a0 <strong>\u00a0<a href=\"mailto:Info@ignista.lt\">Info@ignista.lt<\/a><\/strong><\/p>\t\t\t\t\t\t\t\t<\/div>\n\t\t\t\t<div class=\"elementor-element elementor-element-51259e96 elementor-button-align-center elementor-widget elementor-widget-form\" data-id=\"51259e96\" data-element_type=\"widget\" data-e-type=\"widget\" data-settings=\"{&quot;step_next_label&quot;:&quot;Next&quot;,&quot;step_previous_label&quot;:&quot;Previous&quot;,&quot;button_width&quot;:&quot;100&quot;,&quot;step_type&quot;:&quot;number_text&quot;,&quot;step_icon_shape&quot;:&quot;circle&quot;}\" data-widget_type=\"form.default\">\n\t\t\t\t\t\t\t<form class=\"elementor-form\" method=\"post\" name=\"New Form\" aria-label=\"New Form\">\n\t\t\t<input type=\"hidden\" name=\"post_id\" value=\"609\"\/>\n\t\t\t<input type=\"hidden\" name=\"form_id\" value=\"51259e96\"\/>\n\t\t\t<input type=\"hidden\" name=\"referer_title\" value=\"Apie Mus | Ignista\" \/>\n\n\t\t\t\t\t\t\t<input type=\"hidden\" name=\"queried_id\" value=\"609\"\/>\n\t\t\t\n\t\t\t<div class=\"elementor-form-fields-wrapper elementor-labels-\">\n\t\t\t\t\t\t\t\t<div class=\"elementor-field-type-text elementor-field-group elementor-column elementor-field-group-name elementor-col-50\">\n\t\t\t\t\t\t\t\t\t\t\t\t<label for=\"form-field-name\" class=\"elementor-field-label elementor-screen-only\">\n\t\t\t\t\t\t\t\tVardas\t\t\t\t\t\t\t<\/label>\n\t\t\t\t\t\t\t\t\t\t\t\t\t\t<input size=\"1\" type=\"text\" name=\"form_fields[name]\" id=\"form-field-name\" class=\"elementor-field elementor-size-sm  elementor-field-textual\" placeholder=\"J\u016bs\u0173 vardas\">\n\t\t\t\t\t\t\t\t\t\t\t<\/div>\n\t\t\t\t\t\t\t\t<div class=\"elementor-field-type-email elementor-field-group elementor-column elementor-field-group-email elementor-col-50 elementor-field-required\">\n\t\t\t\t\t\t\t\t\t\t\t\t<label for=\"form-field-email\" class=\"elementor-field-label elementor-screen-only\">\n\t\t\t\t\t\t\t\tEl. pa\u0161tas\t\t\t\t\t\t\t<\/label>\n\t\t\t\t\t\t\t\t\t\t\t\t\t\t<input size=\"1\" type=\"email\" name=\"form_fields[email]\" id=\"form-field-email\" class=\"elementor-field elementor-size-sm  elementor-field-textual\" placeholder=\"J\u016bs\u0173 el. pa\u0161to adresas\" required=\"required\">\n\t\t\t\t\t\t\t\t\t\t\t<\/div>\n\t\t\t\t\t\t\t\t<div class=\"elementor-field-type-textarea elementor-field-group elementor-column elementor-field-group-message elementor-col-100\">\n\t\t\t\t\t\t\t\t\t\t\t\t<label for=\"form-field-message\" class=\"elementor-field-label elementor-screen-only\">\n\t\t\t\t\t\t\t\t\u017dinut\u0117\t\t\t\t\t\t\t<\/label>\n\t\t\t\t\t\t<textarea class=\"elementor-field-textual elementor-field  elementor-size-sm\" name=\"form_fields[message]\" id=\"form-field-message\" rows=\"4\" placeholder=\"\u017dinut\u0117\"><\/textarea>\t\t\t\t<\/div>\n\t\t\t\t\t\t\t\t<div class=\"elementor-field-group elementor-column elementor-field-type-submit elementor-col-100 e-form__buttons\">\n\t\t\t\t\t<button class=\"elementor-button elementor-size-sm elementor-animation-grow\" type=\"submit\">\n\t\t\t\t\t\t<span class=\"elementor-button-content-wrapper\">\n\t\t\t\t\t\t\t\t\t\t\t\t\t\t\t\t\t\t\t\t\t\t<span class=\"elementor-button-text\">Si\u0173sti<\/span>\n\t\t\t\t\t\t\t\t\t\t\t\t\t<\/span>\n\t\t\t\t\t<\/button>\n\t\t\t\t<\/div>\n\t\t\t<\/div>\n\t\t<\/form>\n\t\t\t\t\t\t<\/div>\n\t\t\t\t<div class=\"elementor-element elementor-element-36b003d4 elementor-widget elementor-widget-spacer\" data-id=\"36b003d4\" data-element_type=\"widget\" data-e-type=\"widget\" data-widget_type=\"spacer.default\">\n\t\t\t\t\t\t\t<div class=\"elementor-spacer\">\n\t\t\t<div class=\"elementor-spacer-inner\"><\/div>\n\t\t<\/div>\n\t\t\t\t\t\t<\/div>\n\t\t\t\t<div class=\"elementor-element elementor-element-3655ab78 color-scheme-inherit text-left elementor-widget elementor-widget-text-editor\" data-id=\"3655ab78\" data-element_type=\"widget\" data-e-type=\"widget\" data-widget_type=\"text-editor.default\">\n\t\t\t\t\t\t\t\t\t<p>\u012emon\u0117s kodas 306951694 <br \/>PVM mok\u0117tojo kodas LT100017067915 <br \/>Adresas: 9-ojo Forto g. 29C-1, LT-48100 Kaunas<\/p><p>Telefonas: <a href=\"callto:+37064187041\"><strong>+370 666 55 155<\/strong><\/a><\/p>\t\t\t\t\t\t\t\t<\/div>\n\t\t\t\t<div class=\"elementor-element elementor-element-33c015d4 elementor-widget elementor-widget-spacer\" data-id=\"33c015d4\" data-element_type=\"widget\" data-e-type=\"widget\" data-widget_type=\"spacer.default\">\n\t\t\t\t\t\t\t<div class=\"elementor-spacer\">\n\t\t\t<div class=\"elementor-spacer-inner\"><\/div>\n\t\t<\/div>\n\t\t\t\t\t\t<\/div>\n\t\t\t\t\t<\/div>\n\t\t<\/div>\n\t\t\t\t\t<\/div>\n\t\t<\/section>\n\t\t\t\t<section class=\"wd-negative-gap elementor-section elementor-top-section elementor-element elementor-element-502716b0 elementor-section-boxed elementor-section-height-default elementor-section-height-default\" data-id=\"502716b0\" data-element_type=\"section\" data-e-type=\"section\">\n\t\t\t\t\t\t<div class=\"elementor-container elementor-column-gap-default\">\n\t\t\t\t\t<div class=\"elementor-column elementor-col-100 elementor-top-column elementor-element elementor-element-d24922d\" data-id=\"d24922d\" data-element_type=\"column\" data-e-type=\"column\">\n\t\t\t<div class=\"elementor-widget-wrap\">\n\t\t\t\t\t\t\t<\/div>\n\t\t<\/div>\n\t\t\t\t\t<\/div>\n\t\t<\/section>\n\t\t\t\t<\/div>\n\t\t","protected":false},"excerpt":{"rendered":"<p>Apie Mus &nbsp; \u201eIGNISTA\u201c \u2013 lietuvi\u0161kas gamintojas, kurio specializacija \u2013 ner\u016bdijan\u010dio plieno krosnel\u0117s kubilams ir \u012fvair\u016bs metalo gaminiai. Esame \u0161eimos<\/p>\n","protected":false},"author":2,"featured_media":0,"parent":0,"menu_order":0,"comment_status":"closed","ping_status":"closed","template":"","meta":{"footnotes":""},"class_list":["post-609","page","type-page","status-publish","hentry"],"yoast_head":"<!-- This site is optimized with the Yoast SEO plugin v27.4 - https:\/\/yoast.com\/product\/yoast-seo-wordpress\/ -->\n<title>Apie Mus | Ignista<\/title>\n<meta name=\"robots\" content=\"index, follow, max-snippet:-1, max-image-preview:large, max-video-preview:-1\" \/>\n<link rel=\"canonical\" href=\"https:\/\/ignista.lt\/lt\/apie-mus\/\" \/>\n<meta property=\"og:locale\" content=\"lt_LT\" \/>\n<meta property=\"og:type\" content=\"article\" \/>\n<meta property=\"og:title\" content=\"Apie Mus | Ignista\" \/>\n<meta property=\"og:description\" content=\"Apie Mus &nbsp; \u201eIGNISTA\u201c \u2013 lietuvi\u0161kas gamintojas, kurio specializacija \u2013 ner\u016bdijan\u010dio plieno krosnel\u0117s kubilams ir \u012fvair\u016bs metalo gaminiai. Esame \u0161eimos\" \/>\n<meta property=\"og:url\" content=\"https:\/\/ignista.lt\/lt\/apie-mus\/\" \/>\n<meta property=\"og:site_name\" content=\"Ignista\" \/>\n<meta property=\"article:modified_time\" content=\"2026-02-06T15:58:05+00:00\" \/>\n<meta property=\"og:image\" content=\"https:\/\/ignista.lt\/wp-content\/uploads\/2022\/05\/Ignista-logo.png\" \/>\n\t<meta property=\"og:image:width\" content=\"512\" \/>\n\t<meta property=\"og:image:height\" content=\"139\" \/>\n\t<meta property=\"og:image:type\" content=\"image\/png\" \/>\n<script type=\"application\/ld+json\" class=\"yoast-schema-graph\">{\"@context\":\"https:\\\/\\\/schema.org\",\"@graph\":[{\"@type\":\"WebPage\",\"@id\":\"https:\\\/\\\/ignista.lt\\\/apie-mus\\\/\",\"url\":\"https:\\\/\\\/ignista.lt\\\/apie-mus\\\/\",\"name\":\"Apie Mus | Ignista\",\"isPartOf\":{\"@id\":\"https:\\\/\\\/ignista.lt\\\/#website\"},\"primaryImageOfPage\":{\"@id\":\"https:\\\/\\\/ignista.lt\\\/apie-mus\\\/#primaryimage\"},\"image\":{\"@id\":\"https:\\\/\\\/ignista.lt\\\/apie-mus\\\/#primaryimage\"},\"thumbnailUrl\":\"https:\\\/\\\/ignista.lt\\\/wp-content\\\/uploads\\\/2022\\\/05\\\/Ignista-logo.png\",\"datePublished\":\"2025-09-24T07:43:41+00:00\",\"dateModified\":\"2026-02-06T15:58:05+00:00\",\"breadcrumb\":{\"@id\":\"https:\\\/\\\/ignista.lt\\\/apie-mus\\\/#breadcrumb\"},\"inLanguage\":\"lt-LT\",\"potentialAction\":[{\"@type\":\"ReadAction\",\"target\":[\"https:\\\/\\\/ignista.lt\\\/apie-mus\\\/\"]}]},{\"@type\":\"ImageObject\",\"inLanguage\":\"lt-LT\",\"@id\":\"https:\\\/\\\/ignista.lt\\\/apie-mus\\\/#primaryimage\",\"url\":\"https:\\\/\\\/ignista.lt\\\/wp-content\\\/uploads\\\/2022\\\/05\\\/Ignista-logo.png\",\"contentUrl\":\"https:\\\/\\\/ignista.lt\\\/wp-content\\\/uploads\\\/2022\\\/05\\\/Ignista-logo.png\"},{\"@type\":\"BreadcrumbList\",\"@id\":\"https:\\\/\\\/ignista.lt\\\/apie-mus\\\/#breadcrumb\",\"itemListElement\":[{\"@type\":\"ListItem\",\"position\":1,\"name\":\"Home\",\"item\":\"https:\\\/\\\/ignista.lt\\\/lt\\\/\"},{\"@type\":\"ListItem\",\"position\":2,\"name\":\"Apie Mus\"}]},{\"@type\":\"WebSite\",\"@id\":\"https:\\\/\\\/ignista.lt\\\/#website\",\"url\":\"https:\\\/\\\/ignista.lt\\\/\",\"name\":\"Ignista\",\"description\":\"ner\u016bdijan\u010dio plieno krosnel\u0117s kubilams ir \u012fvair\u016bs metalo gaminiai\",\"potentialAction\":[{\"@type\":\"SearchAction\",\"target\":{\"@type\":\"EntryPoint\",\"urlTemplate\":\"https:\\\/\\\/ignista.lt\\\/?s={search_term_string}\"},\"query-input\":{\"@type\":\"PropertyValueSpecification\",\"valueRequired\":true,\"valueName\":\"search_term_string\"}}],\"inLanguage\":\"lt-LT\"}]}<\/script>\n<!-- \/ Yoast SEO plugin. -->","yoast_head_json":{"title":"Apie Mus | Ignista","robots":{"index":"index","follow":"follow","max-snippet":"max-snippet:-1","max-image-preview":"max-image-preview:large","max-video-preview":"max-video-preview:-1"},"canonical":"https:\/\/ignista.lt\/lt\/apie-mus\/","og_locale":"lt_LT","og_type":"article","og_title":"Apie Mus | Ignista","og_description":"Apie Mus &nbsp; \u201eIGNISTA\u201c \u2013 lietuvi\u0161kas gamintojas, kurio specializacija \u2013 ner\u016bdijan\u010dio plieno krosnel\u0117s kubilams ir \u012fvair\u016bs metalo gaminiai. Esame \u0161eimos","og_url":"https:\/\/ignista.lt\/lt\/apie-mus\/","og_site_name":"Ignista","article_modified_time":"2026-02-06T15:58:05+00:00","og_image":[{"width":512,"height":139,"url":"https:\/\/ignista.lt\/wp-content\/uploads\/2022\/05\/Ignista-logo.png","type":"image\/png"}],"schema":{"@context":"https:\/\/schema.org","@graph":[{"@type":"WebPage","@id":"https:\/\/ignista.lt\/apie-mus\/","url":"https:\/\/ignista.lt\/apie-mus\/","name":"Apie Mus | Ignista","isPartOf":{"@id":"https:\/\/ignista.lt\/#website"},"primaryImageOfPage":{"@id":"https:\/\/ignista.lt\/apie-mus\/#primaryimage"},"image":{"@id":"https:\/\/ignista.lt\/apie-mus\/#primaryimage"},"thumbnailUrl":"https:\/\/ignista.lt\/wp-content\/uploads\/2022\/05\/Ignista-logo.png","datePublished":"2025-09-24T07:43:41+00:00","dateModified":"2026-02-06T15:58:05+00:00","breadcrumb":{"@id":"https:\/\/ignista.lt\/apie-mus\/#breadcrumb"},"inLanguage":"lt-LT","potentialAction":[{"@type":"ReadAction","target":["https:\/\/ignista.lt\/apie-mus\/"]}]},{"@type":"ImageObject","inLanguage":"lt-LT","@id":"https:\/\/ignista.lt\/apie-mus\/#primaryimage","url":"https:\/\/ignista.lt\/wp-content\/uploads\/2022\/05\/Ignista-logo.png","contentUrl":"https:\/\/ignista.lt\/wp-content\/uploads\/2022\/05\/Ignista-logo.png"},{"@type":"BreadcrumbList","@id":"https:\/\/ignista.lt\/apie-mus\/#breadcrumb","itemListElement":[{"@type":"ListItem","position":1,"name":"Home","item":"https:\/\/ignista.lt\/lt\/"},{"@type":"ListItem","position":2,"name":"Apie Mus"}]},{"@type":"WebSite","@id":"https:\/\/ignista.lt\/#website","url":"https:\/\/ignista.lt\/","name":"Ignista","description":"ner\u016bdijan\u010dio plieno krosnel\u0117s kubilams ir \u012fvair\u016bs metalo gaminiai","potentialAction":[{"@type":"SearchAction","target":{"@type":"EntryPoint","urlTemplate":"https:\/\/ignista.lt\/?s={search_term_string}"},"query-input":{"@type":"PropertyValueSpecification","valueRequired":true,"valueName":"search_term_string"}}],"inLanguage":"lt-LT"}]}},"_links":{"self":[{"href":"https:\/\/ignista.lt\/lt\/wp-json\/wp\/v2\/pages\/609","targetHints":{"allow":["GET"]}}],"collection":[{"href":"https:\/\/ignista.lt\/lt\/wp-json\/wp\/v2\/pages"}],"about":[{"href":"https:\/\/ignista.lt\/lt\/wp-json\/wp\/v2\/types\/page"}],"author":[{"embeddable":true,"href":"https:\/\/ignista.lt\/lt\/wp-json\/wp\/v2\/users\/2"}],"replies":[{"embeddable":true,"href":"https:\/\/ignista.lt\/lt\/wp-json\/wp\/v2\/comments?post=609"}],"version-history":[{"count":7,"href":"https:\/\/ignista.lt\/lt\/wp-json\/wp\/v2\/pages\/609\/revisions"}],"predecessor-version":[{"id":29511,"href":"https:\/\/ignista.lt\/lt\/wp-json\/wp\/v2\/pages\/609\/revisions\/29511"}],"wp:attachment":[{"href":"https:\/\/ignista.lt\/lt\/wp-json\/wp\/v2\/media?parent=609"}],"curies":[{"name":"wp","href":"https:\/\/api.w.org\/{rel}","templated":true}]}}