{"id":29506,"date":"2026-02-06T14:51:13","date_gmt":"2026-02-06T12:51:13","guid":{"rendered":"https:\/\/ignista.lt\/?post_type=product&#038;p=29506"},"modified":"2026-02-10T16:02:33","modified_gmt":"2026-02-10T14:02:33","slug":"oro-masazo-sistema-kubilui-klijuojama-dxd-6p-700w","status":"publish","type":"product","link":"https:\/\/ignista.lt\/lt\/parduotuve\/kubilu-priedai\/oro-masazo-sistema-kubilui-klijuojama-dxd-6p-700w\/","title":{"rendered":"Oro masa\u017eo sistema kubilui klijuojama DXD-6P 700W"},"content":{"rendered":"<h2 data-start=\"180\" data-end=\"237\">Oro masa\u017eo sistema kubilui &#8211; 700 W (pilnas komplektas)<\/h2>\n<p data-start=\"239\" data-end=\"517\"><strong data-start=\"239\" data-end=\"269\">Oro masa\u017eo sistema kubilui<\/strong> \u2013 tai patikimas ir efektyvus sprendimas, skirtas komforti\u0161kam burbuliniam masa\u017eui lauko kubiluose, SPA voniose ar stiklo pluo\u0161to baseinuose. Komplektas paruo\u0161tas montavimui ir turi visus reikalingus komponentus profesionaliam oro masa\u017eo \u012frengimui.<\/p>\n<h3 data-start=\"519\" data-end=\"546\">Pagrindiniai privalumai<\/h3>\n<ul data-start=\"547\" data-end=\"880\">\n<li data-start=\"547\" data-end=\"634\">\n<p data-start=\"549\" data-end=\"634\">Galingas <strong data-start=\"558\" data-end=\"587\">700 W oro masa\u017eo siurblys<\/strong> u\u017etikrina intensyv\u0173 ir tolyg\u0173 burbul\u0173 sraut\u0105<\/p>\n<\/li>\n<li data-start=\"635\" data-end=\"692\">\n<p data-start=\"637\" data-end=\"692\"><strong data-start=\"637\" data-end=\"657\">12 oro purk\u0161tuk\u0173<\/strong> efektyviam masa\u017eui visame kubile<\/p>\n<\/li>\n<li data-start=\"693\" data-end=\"760\">\n<p data-start=\"695\" data-end=\"760\"><strong data-start=\"695\" data-end=\"719\">Pneumatinis valdymas<\/strong> &#8211; saugus naudojimas dr\u0117gnoje aplinkoje<\/p>\n<\/li>\n<li data-start=\"761\" data-end=\"831\">\n<p data-start=\"763\" data-end=\"831\">Tinka <strong data-start=\"769\" data-end=\"829\">mediniams, plastikiniams ir ner\u016bdijan\u010dio plieno kubilams<\/strong><\/p>\n<\/li>\n<li data-start=\"832\" data-end=\"880\">\n<p data-start=\"834\" data-end=\"880\">Paprastas montavimas ir patikima eksploatacija<\/p>\n<\/li>\n<\/ul>\n<h3 data-start=\"882\" data-end=\"919\">Oro masa\u017eo sistemos komplektacija<\/h3>\n<ul data-start=\"920\" data-end=\"1452\">\n<li data-start=\"920\" data-end=\"1040\">\n<p data-start=\"922\" data-end=\"1040\">1 \u00d7 <strong data-start=\"926\" data-end=\"963\">Oro masa\u017eo siurblys<\/strong>\u00a0700 W, 32 mm jungtis, su pneumatiniu perjung\u0117ju ir 1,5 m elektros kabeliu<\/p>\n<\/li>\n<li data-start=\"1041\" data-end=\"1076\">\n<p data-start=\"1043\" data-end=\"1076\">12 \u00d7 <strong data-start=\"1048\" data-end=\"1074\">Oro purk\u0161tukai kubilui<\/strong><\/p>\n<\/li>\n<li data-start=\"1077\" data-end=\"1116\">\n<p data-start=\"1079\" data-end=\"1116\">3 \u00d7 <strong data-start=\"1083\" data-end=\"1114\">Oro paskirstymo kolektoriai<\/strong><\/p>\n<\/li>\n<li data-start=\"1117\" data-end=\"1145\">\n<p data-start=\"1119\" data-end=\"1145\">2 \u00d7 <strong data-start=\"1123\" data-end=\"1143\">Kolektori\u0173 akl\u0117s<\/strong><\/p>\n<\/li>\n<li data-start=\"1146\" data-end=\"1176\">\n<p data-start=\"1148\" data-end=\"1176\">2 \u00d7 <strong data-start=\"1152\" data-end=\"1174\">T formos tri\u0161akiai<\/strong><\/p>\n<\/li>\n<li data-start=\"1177\" data-end=\"1260\">\n<p data-start=\"1179\" data-end=\"1260\">1 \u00d7 <strong data-start=\"1183\" data-end=\"1228\">Pneumatinis \u012fjungimo \/ i\u0161jungimo mygtukas<\/strong> (ner\u016bdijan\u010dio plieno apdaila)<\/p>\n<\/li>\n<li data-start=\"1261\" data-end=\"1289\">\n<p data-start=\"1263\" data-end=\"1289\">1 \u00d7 <strong data-start=\"1267\" data-end=\"1287\">Drena\u017eo vo\u017etuvas<\/strong><\/p>\n<\/li>\n<li data-start=\"1290\" data-end=\"1320\">\n<p data-start=\"1292\" data-end=\"1320\">1 \u00d7 <strong data-start=\"1296\" data-end=\"1318\">Atbulinis vo\u017etuvas<\/strong><\/p>\n<\/li>\n<li data-start=\"1321\" data-end=\"1344\">\n<p data-start=\"1323\" data-end=\"1344\">12 m <strong data-start=\"1328\" data-end=\"1342\">oro \u017earnos<\/strong><\/p>\n<\/li>\n<li data-start=\"1345\" data-end=\"1373\">\n<p data-start=\"1347\" data-end=\"1373\">3 m <strong data-start=\"1351\" data-end=\"1371\">PVC \u017earna \u00d832 mm<\/strong><\/p>\n<\/li>\n<li data-start=\"1374\" data-end=\"1402\">\n<p data-start=\"1376\" data-end=\"1402\">1 m <strong data-start=\"1380\" data-end=\"1400\">PVC \u017earna \u00d820 mm<\/strong><\/p>\n<\/li>\n<li data-start=\"1403\" data-end=\"1452\">\n<p data-start=\"1405\" data-end=\"1452\">1 m <strong data-start=\"1409\" data-end=\"1430\">permatoma \u017earnel\u0117<\/strong> pneumatiniam valdymui<\/p>\n<\/li>\n<\/ul>\n<h3 data-start=\"1454\" data-end=\"1469\">Pritaikymas<\/h3>\n<p data-start=\"1470\" data-end=\"1519\">\u0160i <strong data-start=\"1473\" data-end=\"1503\">oro masa\u017eo sistema kubilui<\/strong> idealiai tinka:<\/p>\n<ul data-start=\"1520\" data-end=\"1633\">\n<li data-start=\"1520\" data-end=\"1538\">\n<p data-start=\"1522\" data-end=\"1538\">lauko kubilams<\/p>\n<\/li>\n<li data-start=\"1539\" data-end=\"1554\">\n<p data-start=\"1541\" data-end=\"1554\">SPA vonioms<\/p>\n<\/li>\n<li data-start=\"1555\" data-end=\"1582\">\n<p data-start=\"1557\" data-end=\"1582\">burbuliniam oro masa\u017eui<\/p>\n<\/li>\n<li data-start=\"1583\" data-end=\"1633\">\n<p data-start=\"1585\" data-end=\"1633\">naujiems projektams ir esam\u0173 kubil\u0173 atnaujinimui<\/p>\n<\/li>\n<\/ul>\n","protected":false},"excerpt":{"rendered":"<p>Oro masa\u017eo sistemos komplektacija:<\/p>\n<ul>\n<li>1 \u00d7 Oro masa\u017eo siurblys 700 W, 32 mm jungtis, su pneumatiniu perjung\u0117ju ir 1.5 m elektros kabeliu<\/li>\n<li data-start=\"1043\" data-end=\"1076\">12 \u00d7 Oro purk\u0161tukai kubilui<\/li>\n<li data-start=\"1079\" data-end=\"1116\">3 \u00d7 Oro paskirstymo kolektoriai<\/li>\n<li data-start=\"1119\" data-end=\"1145\">2 \u00d7 Kolektori\u0173 akl\u0117s<\/li>\n<li data-start=\"1148\" data-end=\"1176\">2 \u00d7 T formos tri\u0161akiai<\/li>\n<li data-start=\"1179\" data-end=\"1260\">1 \u00d7 Pneumatinis \u012fjungimo \/ i\u0161jungimo mygtukas (ner\u016bdijan\u010dio plieno apdaila)<\/li>\n<li data-start=\"1263\" data-end=\"1289\">1 \u00d7 Drena\u017eo vo\u017etuvas<\/li>\n<li>1 \u00d7 Atbulinis vo\u017etuvas<\/li>\n<li data-start=\"1323\" data-end=\"1344\">12 m oro \u017earnos<\/li>\n<li data-start=\"1347\" data-end=\"1373\">3 m PVC \u017earna \u00d832 mm<\/li>\n<li data-start=\"1376\" data-end=\"1402\">1 m PVC \u017earna \u00d820 mm<\/li>\n<li data-start=\"1405\" data-end=\"1452\">1 m permatoma \u017earnel\u0117 pneumatiniam valdymui<\/li>\n<\/ul>\n","protected":false},"featured_media":29508,"template":"","meta":[],"product_brand":[],"product_cat":[98],"product_tag":[],"class_list":{"0":"post-29506","1":"product","2":"type-product","3":"status-publish","4":"has-post-thumbnail","6":"product_cat-kubilu-priedai","8":"first","9":"instock","10":"taxable","11":"shipping-taxable","12":"purchasable","13":"product-type-simple"},"yoast_head":"<!-- This site is optimized with the Yoast SEO plugin v27.4 - https:\/\/yoast.com\/product\/yoast-seo-wordpress\/ -->\n<title>Oro masa\u017eo sistema kubilui klijuojama DXD-6P 700W | Ignista<\/title>\n<meta name=\"description\" content=\"Oro masa\u017eo sistema kubilui 700W - pilnas komplektas su 12 purk\u0161tuk\u0173.\" \/>\n<meta name=\"robots\" content=\"index, follow, max-snippet:-1, max-image-preview:large, max-video-preview:-1\" \/>\n<link rel=\"canonical\" href=\"https:\/\/ignista.lt\/lt\/parduotuve\/kubilu-priedai\/oro-masazo-sistema-kubilui-klijuojama-dxd-6p-700w\/\" \/>\n<meta property=\"og:locale\" content=\"lt_LT\" \/>\n<meta property=\"og:type\" content=\"article\" \/>\n<meta property=\"og:title\" content=\"Oro masa\u017eo sistema kubilui klijuojama DXD-6P 700W | Ignista\" \/>\n<meta property=\"og:description\" content=\"Oro masa\u017eo sistema kubilui 700W - pilnas komplektas su 12 purk\u0161tuk\u0173.\" \/>\n<meta property=\"og:url\" content=\"https:\/\/ignista.lt\/lt\/parduotuve\/kubilu-priedai\/oro-masazo-sistema-kubilui-klijuojama-dxd-6p-700w\/\" \/>\n<meta property=\"og:site_name\" content=\"Ignista\" \/>\n<meta property=\"article:modified_time\" content=\"2026-02-10T14:02:33+00:00\" \/>\n<meta property=\"og:image\" content=\"https:\/\/ignista.lt\/wp-content\/uploads\/2026\/02\/KOMP-ORO-DXD-GLUED-Oro-masazo-sistema-kubilui-klijuojama-DXD-6P-700W.jpg\" \/>\n\t<meta property=\"og:image:width\" content=\"1000\" \/>\n\t<meta property=\"og:image:height\" content=\"1000\" \/>\n\t<meta property=\"og:image:type\" content=\"image\/jpeg\" \/>\n<script type=\"application\/ld+json\" class=\"yoast-schema-graph\">{\"@context\":\"https:\\\/\\\/schema.org\",\"@graph\":[{\"@type\":\"WebPage\",\"@id\":\"https:\\\/\\\/ignista.lt\\\/parduotuve\\\/kubilu-priedai\\\/oro-masazo-sistema-kubilui-klijuojama-dxd-6p-700w\\\/\",\"url\":\"https:\\\/\\\/ignista.lt\\\/parduotuve\\\/kubilu-priedai\\\/oro-masazo-sistema-kubilui-klijuojama-dxd-6p-700w\\\/\",\"name\":\"Oro masa\u017eo sistema kubilui klijuojama DXD-6P 700W | Ignista\",\"isPartOf\":{\"@id\":\"https:\\\/\\\/ignista.lt\\\/#website\"},\"primaryImageOfPage\":{\"@id\":\"https:\\\/\\\/ignista.lt\\\/parduotuve\\\/kubilu-priedai\\\/oro-masazo-sistema-kubilui-klijuojama-dxd-6p-700w\\\/#primaryimage\"},\"image\":{\"@id\":\"https:\\\/\\\/ignista.lt\\\/parduotuve\\\/kubilu-priedai\\\/oro-masazo-sistema-kubilui-klijuojama-dxd-6p-700w\\\/#primaryimage\"},\"thumbnailUrl\":\"https:\\\/\\\/ignista.lt\\\/wp-content\\\/uploads\\\/2026\\\/02\\\/KOMP-ORO-DXD-GLUED-Oro-masazo-sistema-kubilui-klijuojama-DXD-6P-700W.jpg\",\"datePublished\":\"2026-02-06T12:51:13+00:00\",\"dateModified\":\"2026-02-10T14:02:33+00:00\",\"description\":\"Oro masa\u017eo sistema kubilui 700W - pilnas komplektas su 12 purk\u0161tuk\u0173.\",\"breadcrumb\":{\"@id\":\"https:\\\/\\\/ignista.lt\\\/parduotuve\\\/kubilu-priedai\\\/oro-masazo-sistema-kubilui-klijuojama-dxd-6p-700w\\\/#breadcrumb\"},\"inLanguage\":\"lt-LT\",\"potentialAction\":[{\"@type\":\"ReadAction\",\"target\":[\"https:\\\/\\\/ignista.lt\\\/parduotuve\\\/kubilu-priedai\\\/oro-masazo-sistema-kubilui-klijuojama-dxd-6p-700w\\\/\"]}]},{\"@type\":\"ImageObject\",\"inLanguage\":\"lt-LT\",\"@id\":\"https:\\\/\\\/ignista.lt\\\/parduotuve\\\/kubilu-priedai\\\/oro-masazo-sistema-kubilui-klijuojama-dxd-6p-700w\\\/#primaryimage\",\"url\":\"https:\\\/\\\/ignista.lt\\\/wp-content\\\/uploads\\\/2026\\\/02\\\/KOMP-ORO-DXD-GLUED-Oro-masazo-sistema-kubilui-klijuojama-DXD-6P-700W.jpg\",\"contentUrl\":\"https:\\\/\\\/ignista.lt\\\/wp-content\\\/uploads\\\/2026\\\/02\\\/KOMP-ORO-DXD-GLUED-Oro-masazo-sistema-kubilui-klijuojama-DXD-6P-700W.jpg\",\"width\":1000,\"height\":1000},{\"@type\":\"BreadcrumbList\",\"@id\":\"https:\\\/\\\/ignista.lt\\\/parduotuve\\\/kubilu-priedai\\\/oro-masazo-sistema-kubilui-klijuojama-dxd-6p-700w\\\/#breadcrumb\",\"itemListElement\":[{\"@type\":\"ListItem\",\"position\":1,\"name\":\"Home\",\"item\":\"https:\\\/\\\/ignista.lt\\\/lt\\\/\"},{\"@type\":\"ListItem\",\"position\":2,\"name\":\"Parduotuv\u0117\",\"item\":\"https:\\\/\\\/ignista.lt\\\/lt\\\/parduotuve\\\/\"},{\"@type\":\"ListItem\",\"position\":3,\"name\":\"Oro masa\u017eo sistema kubilui klijuojama DXD-6P 700W\"}]},{\"@type\":\"WebSite\",\"@id\":\"https:\\\/\\\/ignista.lt\\\/#website\",\"url\":\"https:\\\/\\\/ignista.lt\\\/\",\"name\":\"Ignista\",\"description\":\"ner\u016bdijan\u010dio plieno krosnel\u0117s kubilams ir \u012fvair\u016bs metalo gaminiai\",\"potentialAction\":[{\"@type\":\"SearchAction\",\"target\":{\"@type\":\"EntryPoint\",\"urlTemplate\":\"https:\\\/\\\/ignista.lt\\\/?s={search_term_string}\"},\"query-input\":{\"@type\":\"PropertyValueSpecification\",\"valueRequired\":true,\"valueName\":\"search_term_string\"}}],\"inLanguage\":\"lt-LT\"}]}<\/script>\n<!-- \/ Yoast SEO plugin. -->","yoast_head_json":{"title":"Oro masa\u017eo sistema kubilui klijuojama DXD-6P 700W | Ignista","description":"Oro masa\u017eo sistema kubilui 700W - pilnas komplektas su 12 purk\u0161tuk\u0173.","robots":{"index":"index","follow":"follow","max-snippet":"max-snippet:-1","max-image-preview":"max-image-preview:large","max-video-preview":"max-video-preview:-1"},"canonical":"https:\/\/ignista.lt\/lt\/parduotuve\/kubilu-priedai\/oro-masazo-sistema-kubilui-klijuojama-dxd-6p-700w\/","og_locale":"lt_LT","og_type":"article","og_title":"Oro masa\u017eo sistema kubilui klijuojama DXD-6P 700W | Ignista","og_description":"Oro masa\u017eo sistema kubilui 700W - pilnas komplektas su 12 purk\u0161tuk\u0173.","og_url":"https:\/\/ignista.lt\/lt\/parduotuve\/kubilu-priedai\/oro-masazo-sistema-kubilui-klijuojama-dxd-6p-700w\/","og_site_name":"Ignista","article_modified_time":"2026-02-10T14:02:33+00:00","og_image":[{"width":1000,"height":1000,"url":"https:\/\/ignista.lt\/wp-content\/uploads\/2026\/02\/KOMP-ORO-DXD-GLUED-Oro-masazo-sistema-kubilui-klijuojama-DXD-6P-700W.jpg","type":"image\/jpeg"}],"schema":{"@context":"https:\/\/schema.org","@graph":[{"@type":"WebPage","@id":"https:\/\/ignista.lt\/parduotuve\/kubilu-priedai\/oro-masazo-sistema-kubilui-klijuojama-dxd-6p-700w\/","url":"https:\/\/ignista.lt\/parduotuve\/kubilu-priedai\/oro-masazo-sistema-kubilui-klijuojama-dxd-6p-700w\/","name":"Oro masa\u017eo sistema kubilui klijuojama DXD-6P 700W | Ignista","isPartOf":{"@id":"https:\/\/ignista.lt\/#website"},"primaryImageOfPage":{"@id":"https:\/\/ignista.lt\/parduotuve\/kubilu-priedai\/oro-masazo-sistema-kubilui-klijuojama-dxd-6p-700w\/#primaryimage"},"image":{"@id":"https:\/\/ignista.lt\/parduotuve\/kubilu-priedai\/oro-masazo-sistema-kubilui-klijuojama-dxd-6p-700w\/#primaryimage"},"thumbnailUrl":"https:\/\/ignista.lt\/wp-content\/uploads\/2026\/02\/KOMP-ORO-DXD-GLUED-Oro-masazo-sistema-kubilui-klijuojama-DXD-6P-700W.jpg","datePublished":"2026-02-06T12:51:13+00:00","dateModified":"2026-02-10T14:02:33+00:00","description":"Oro masa\u017eo sistema kubilui 700W - pilnas komplektas su 12 purk\u0161tuk\u0173.","breadcrumb":{"@id":"https:\/\/ignista.lt\/parduotuve\/kubilu-priedai\/oro-masazo-sistema-kubilui-klijuojama-dxd-6p-700w\/#breadcrumb"},"inLanguage":"lt-LT","potentialAction":[{"@type":"ReadAction","target":["https:\/\/ignista.lt\/parduotuve\/kubilu-priedai\/oro-masazo-sistema-kubilui-klijuojama-dxd-6p-700w\/"]}]},{"@type":"ImageObject","inLanguage":"lt-LT","@id":"https:\/\/ignista.lt\/parduotuve\/kubilu-priedai\/oro-masazo-sistema-kubilui-klijuojama-dxd-6p-700w\/#primaryimage","url":"https:\/\/ignista.lt\/wp-content\/uploads\/2026\/02\/KOMP-ORO-DXD-GLUED-Oro-masazo-sistema-kubilui-klijuojama-DXD-6P-700W.jpg","contentUrl":"https:\/\/ignista.lt\/wp-content\/uploads\/2026\/02\/KOMP-ORO-DXD-GLUED-Oro-masazo-sistema-kubilui-klijuojama-DXD-6P-700W.jpg","width":1000,"height":1000},{"@type":"BreadcrumbList","@id":"https:\/\/ignista.lt\/parduotuve\/kubilu-priedai\/oro-masazo-sistema-kubilui-klijuojama-dxd-6p-700w\/#breadcrumb","itemListElement":[{"@type":"ListItem","position":1,"name":"Home","item":"https:\/\/ignista.lt\/lt\/"},{"@type":"ListItem","position":2,"name":"Parduotuv\u0117","item":"https:\/\/ignista.lt\/lt\/parduotuve\/"},{"@type":"ListItem","position":3,"name":"Oro masa\u017eo sistema kubilui klijuojama DXD-6P 700W"}]},{"@type":"WebSite","@id":"https:\/\/ignista.lt\/#website","url":"https:\/\/ignista.lt\/","name":"Ignista","description":"ner\u016bdijan\u010dio plieno krosnel\u0117s kubilams ir \u012fvair\u016bs metalo gaminiai","potentialAction":[{"@type":"SearchAction","target":{"@type":"EntryPoint","urlTemplate":"https:\/\/ignista.lt\/?s={search_term_string}"},"query-input":{"@type":"PropertyValueSpecification","valueRequired":true,"valueName":"search_term_string"}}],"inLanguage":"lt-LT"}]}},"_links":{"self":[{"href":"https:\/\/ignista.lt\/lt\/wp-json\/wp\/v2\/product\/29506","targetHints":{"allow":["GET"]}}],"collection":[{"href":"https:\/\/ignista.lt\/lt\/wp-json\/wp\/v2\/product"}],"about":[{"href":"https:\/\/ignista.lt\/lt\/wp-json\/wp\/v2\/types\/product"}],"wp:featuredmedia":[{"embeddable":true,"href":"https:\/\/ignista.lt\/lt\/wp-json\/wp\/v2\/media\/29508"}],"wp:attachment":[{"href":"https:\/\/ignista.lt\/lt\/wp-json\/wp\/v2\/media?parent=29506"}],"wp:term":[{"taxonomy":"product_brand","embeddable":true,"href":"https:\/\/ignista.lt\/lt\/wp-json\/wp\/v2\/product_brand?post=29506"},{"taxonomy":"product_cat","embeddable":true,"href":"https:\/\/ignista.lt\/lt\/wp-json\/wp\/v2\/product_cat?post=29506"},{"taxonomy":"product_tag","embeddable":true,"href":"https:\/\/ignista.lt\/lt\/wp-json\/wp\/v2\/product_tag?post=29506"}],"curies":[{"name":"wp","href":"https:\/\/api.w.org\/{rel}","templated":true}]}}