{"id":29526,"date":"2026-03-12T10:11:38","date_gmt":"2026-03-12T08:11:38","guid":{"rendered":"https:\/\/ignista.lt\/?post_type=product&#038;p=29526"},"modified":"2026-04-30T07:29:36","modified_gmt":"2026-04-30T04:29:36","slug":"nerudijancio-plieno-isorine-kubilo-krosnele-45kw-l75cm-aisi304","status":"publish","type":"product","link":"https:\/\/ignista.lt\/lt\/parduotuve\/krosneles\/nerudijancio-plieno-isorine-kubilo-krosnele-45kw-l75cm-aisi304\/","title":{"rendered":"Ner\u016bdijan\u010dio plieno i\u0161orin\u0117 kubilo krosnel\u0117 45KW L75cm (AISI304)"},"content":{"rendered":"<p>&nbsp;<\/p>\n<div style=\"width: 2560px;\" class=\"wp-video\"><video class=\"wp-video-shortcode\" id=\"video-29526-1\" width=\"2560\" height=\"1436\" loop autoplay preload=\"auto\" controls=\"controls\"><source type=\"video\/mp4\" src=\"https:\/\/ignista.lt\/wp-content\/uploads\/2026\/03\/2017.3.mp4?_=1\" \/><a href=\"https:\/\/ignista.lt\/wp-content\/uploads\/2026\/03\/2017.3.mp4\">https:\/\/ignista.lt\/wp-content\/uploads\/2026\/03\/2017.3.mp4<\/a><\/video><\/div>\n<h3 data-start=\"162\" data-end=\"218\">Ner\u016bdijan\u010dio plieno i\u0161orin\u0117 kubilo krosnel\u0117 45KW L75cm (AISI304)<\/h3>\n<p data-start=\"220\" data-end=\"530\">Kompakti\u0161ka, efektyvi ir ilgaam\u017e\u0117 IGNISTA 8 kamp\u0173 i\u0161orin\u0117 krosnel\u0117, pagaminta i\u0161 AISI 304 ner\u016bdijan\u010dio plieno. D\u0117l patobulintos oro cirkuliacijos sistemos vanduo \u012fkaista grei\u010diau ir tolygiau. Galia &#8211; 45 kW\/h, \u012fkaitina kubil\u0105 vos per 2-3 valandas.<\/p>\n<hr data-start=\"532\" data-end=\"535\" \/>\n<p data-start=\"537\" data-end=\"558\">Pilnas apra\u0161ymas:<\/p>\n<p data-start=\"560\" data-end=\"811\">I\u0161orin\u0117 ner\u016bdijan\u010dio plieno kubilo krosnel\u0117 IGNISTA skirta lauko kubilams. Ji pagaminta i\u0161 1.5 mm storio AISI 316 ner\u016bdijan\u010dio plieno &#8211; tai u\u017etikrina ilgaam\u017ei\u0161kum\u0105, atsparum\u0105 korozijai ir estetin\u012f i\u0161vaizdos i\u0161laikym\u0105 net intensyviai naudojant.<\/p>\n<p data-start=\"813\" data-end=\"979\">Krosnel\u0117s galia &#8211; 45 kW\/h, o naudingumo koeficientas siekia 70%. Tai leid\u017eia standartin\u012f kubil\u0105 \u012fkaitinti per 2-3 valandas, nepriklausomai nuo met\u0173 laiko.<\/p>\n<p data-start=\"981\" data-end=\"1225\">Atnaujinta 8 kamp\u0173 konstrukcija su patobulinta oro cirkuliacijos sistema pasi\u017eymi dar didesniu \u0161ildymo efektyvumu. Krosnel\u0117s gale integruoti oro cirkuliacijos vamzd\u017eiai pagerina \u0161ilumos mainus, tod\u0117l vanduo \u012fkaista grei\u010diau ir tolygiau.<\/p>\n<p data-start=\"1227\" data-end=\"1456\">Priekin\u0117s durel\u0117s su kar\u0161\u010diui atspariu 4 mm stiklu leid\u017eia m\u0117gautis liepsnos vaizdu, o reguliuojamas oro padavimas suteikia visi\u0161k\u0105 degimo kontrol\u0119. Krosnel\u0117 turi pasl\u0117ptas kojeles &#8211; \u0161variam, minimalistiniam dizainui.<\/p>\n<hr data-start=\"1458\" data-end=\"1461\" \/>\n<p data-start=\"1463\" data-end=\"1489\">Techniniai duomenys:<\/p>\n<ul data-start=\"1490\" data-end=\"1926\">\n<li data-start=\"1490\" data-end=\"1512\">\n<p data-start=\"1492\" data-end=\"1512\">Galia: 45 kW\/h<\/p>\n<\/li>\n<li data-start=\"1513\" data-end=\"1549\">\n<p data-start=\"1515\" data-end=\"1549\">Naudingumo koeficientas: 80%<\/p>\n<\/li>\n<li data-start=\"1550\" data-end=\"1571\">\n<p data-start=\"1552\" data-end=\"1571\">Ilgis: 750 mm<\/p>\n<\/li>\n<li data-start=\"1572\" data-end=\"1595\">\n<p data-start=\"1574\" data-end=\"1595\">Auk\u0161tis: 660 mm<\/p>\n<\/li>\n<li data-start=\"1596\" data-end=\"1618\">\n<p data-start=\"1598\" data-end=\"1618\">Plotis: 485 mm<\/p>\n<\/li>\n<li data-start=\"1619\" data-end=\"1650\">\n<p data-start=\"1621\" data-end=\"1650\">Sieneli\u0173 storis: 1.5 mm<\/p>\n<\/li>\n<li data-start=\"1651\" data-end=\"1698\">\n<p data-start=\"1653\" data-end=\"1698\">Med\u017eiaga: ner\u016bdijantis plienas AISI 304<\/p>\n<\/li>\n<li data-start=\"1699\" data-end=\"1727\">\n<p data-start=\"1701\" data-end=\"1727\">Kamino anga: \u00d8125 mm<\/p>\n<\/li>\n<li data-start=\"1728\" data-end=\"1774\">\n<p data-start=\"1730\" data-end=\"1774\">Vandens \u012f\u0117jimo\/i\u0161\u0117jimo jungtys: \u00d848 mm<\/p>\n<\/li>\n<li data-start=\"1775\" data-end=\"1823\">\n<p data-start=\"1777\" data-end=\"1823\">Durel\u0117s su 4 mm kar\u0161\u010diui atspariu stiklu<\/p>\n<\/li>\n<li data-start=\"1824\" data-end=\"1887\">\n<p data-start=\"1826\" data-end=\"1887\">Oro cirkuliacija per galin\u0119 dal\u012f su integruotuom kamerom<\/p>\n<\/li>\n<li data-start=\"1888\" data-end=\"1926\">\n<p data-start=\"1890\" data-end=\"1926\">Kojel\u0117s &#8211; pasl\u0117ptos konstrukcijoje<\/p>\n<\/li>\n<\/ul>\n","protected":false},"excerpt":{"rendered":"<p><strong data-start=\"33\" data-end=\"103\">Ner\u016bdijan\u010dio plieno i\u0161orin\u0117 kubilo krosnel\u0117 IGNISTA 45 kW (L75 cm)<\/strong> &#8211; galingiausia rinkoje krosnel\u0117, pagaminta i\u0161 AISI 304 ner\u016bdijan\u010dio plieno. D\u0117l patobulintos 8 kamp\u0173 konstrukcijos ir efektyvios oro cirkuliacijos sistemos vanduo kubile \u012fkaista greitai ir tolygiai &#8211; ma\u017edaug per 1-2 valandas. Tvirta konstrukcija, kar\u0161\u010diui atsparus stiklas durel\u0117se ir minimalistinis dizainas u\u017etikrina patog\u0173 naudojim\u0105 bei ilgaam\u017ei\u0161kum\u0105.<\/p>\n","protected":false},"featured_media":29534,"template":"","meta":[],"product_brand":[],"product_cat":[29],"product_tag":[],"class_list":{"0":"post-29526","1":"product","2":"type-product","3":"status-publish","4":"has-post-thumbnail","6":"product_cat-krosneles","8":"first","9":"instock","10":"taxable","11":"shipping-taxable","12":"purchasable","13":"product-type-simple"},"yoast_head":"<!-- This site is optimized with the Yoast SEO plugin v27.4 - https:\/\/yoast.com\/product\/yoast-seo-wordpress\/ -->\n<title>Ner\u016bdijan\u010dio plieno i\u0161orin\u0117 kubilo krosnel\u0117 45KW L75cm (AISI304) | Ignista<\/title>\n<meta name=\"description\" content=\"Ner\u016bdijan\u010dio plieno i\u0161orin\u0117 kubilo krosnel\u0117 45KW L75cm (AISI304) - i\u0161orin\u0117 ner\u016bdijan\u010dio plieno malkin\u0117 kubilo krosnel\u0117 skirta lauko kubilams i\u0161 1.5 mm storio AISI 304 ner\u016bdijan\u010dio plieno.\" \/>\n<meta name=\"robots\" content=\"index, follow, max-snippet:-1, max-image-preview:large, max-video-preview:-1\" \/>\n<link rel=\"canonical\" href=\"https:\/\/ignista.lt\/lt\/parduotuve\/krosneles\/nerudijancio-plieno-isorine-kubilo-krosnele-45kw-l75cm-aisi304\/\" \/>\n<meta property=\"og:locale\" content=\"lt_LT\" \/>\n<meta property=\"og:type\" content=\"article\" \/>\n<meta property=\"og:title\" content=\"Ner\u016bdijan\u010dio plieno i\u0161orin\u0117 kubilo krosnel\u0117 45KW L75cm (AISI304) | Ignista\" \/>\n<meta property=\"og:description\" content=\"Ner\u016bdijan\u010dio plieno i\u0161orin\u0117 kubilo krosnel\u0117 45KW L75cm (AISI304) - i\u0161orin\u0117 ner\u016bdijan\u010dio plieno malkin\u0117 kubilo krosnel\u0117 skirta lauko kubilams i\u0161 1.5 mm storio AISI 304 ner\u016bdijan\u010dio plieno.\" \/>\n<meta property=\"og:url\" content=\"https:\/\/ignista.lt\/lt\/parduotuve\/krosneles\/nerudijancio-plieno-isorine-kubilo-krosnele-45kw-l75cm-aisi304\/\" \/>\n<meta property=\"og:site_name\" content=\"Ignista\" \/>\n<meta property=\"article:modified_time\" content=\"2026-04-30T04:29:36+00:00\" \/>\n<meta property=\"og:image\" content=\"https:\/\/ignista.lt\/wp-content\/uploads\/2026\/03\/ignista.ltkubilo-krosneles45kw-ignista-3.jpg\" \/>\n\t<meta property=\"og:image:width\" content=\"1000\" \/>\n\t<meta property=\"og:image:height\" content=\"1000\" \/>\n\t<meta property=\"og:image:type\" content=\"image\/jpeg\" \/>\n<script type=\"application\/ld+json\" class=\"yoast-schema-graph\">{\"@context\":\"https:\\\/\\\/schema.org\",\"@graph\":[{\"@type\":\"WebPage\",\"@id\":\"https:\\\/\\\/ignista.lt\\\/parduotuve\\\/krosneles\\\/nerudijancio-plieno-isorine-kubilo-krosnele-45kw-l75cm-aisi304\\\/\",\"url\":\"https:\\\/\\\/ignista.lt\\\/parduotuve\\\/krosneles\\\/nerudijancio-plieno-isorine-kubilo-krosnele-45kw-l75cm-aisi304\\\/\",\"name\":\"Ner\u016bdijan\u010dio plieno i\u0161orin\u0117 kubilo krosnel\u0117 45KW L75cm (AISI304) | Ignista\",\"isPartOf\":{\"@id\":\"https:\\\/\\\/ignista.lt\\\/#website\"},\"primaryImageOfPage\":{\"@id\":\"https:\\\/\\\/ignista.lt\\\/parduotuve\\\/krosneles\\\/nerudijancio-plieno-isorine-kubilo-krosnele-45kw-l75cm-aisi304\\\/#primaryimage\"},\"image\":{\"@id\":\"https:\\\/\\\/ignista.lt\\\/parduotuve\\\/krosneles\\\/nerudijancio-plieno-isorine-kubilo-krosnele-45kw-l75cm-aisi304\\\/#primaryimage\"},\"thumbnailUrl\":\"https:\\\/\\\/ignista.lt\\\/wp-content\\\/uploads\\\/2026\\\/03\\\/ignista.ltkubilo-krosneles45kw-ignista-3.jpg\",\"datePublished\":\"2026-03-12T08:11:38+00:00\",\"dateModified\":\"2026-04-30T04:29:36+00:00\",\"description\":\"Ner\u016bdijan\u010dio plieno i\u0161orin\u0117 kubilo krosnel\u0117 45KW L75cm (AISI304) - i\u0161orin\u0117 ner\u016bdijan\u010dio plieno malkin\u0117 kubilo krosnel\u0117 skirta lauko kubilams i\u0161 1.5 mm storio AISI 304 ner\u016bdijan\u010dio plieno.\",\"breadcrumb\":{\"@id\":\"https:\\\/\\\/ignista.lt\\\/parduotuve\\\/krosneles\\\/nerudijancio-plieno-isorine-kubilo-krosnele-45kw-l75cm-aisi304\\\/#breadcrumb\"},\"inLanguage\":\"lt-LT\",\"potentialAction\":[{\"@type\":\"ReadAction\",\"target\":[\"https:\\\/\\\/ignista.lt\\\/parduotuve\\\/krosneles\\\/nerudijancio-plieno-isorine-kubilo-krosnele-45kw-l75cm-aisi304\\\/\"]}]},{\"@type\":\"ImageObject\",\"inLanguage\":\"lt-LT\",\"@id\":\"https:\\\/\\\/ignista.lt\\\/parduotuve\\\/krosneles\\\/nerudijancio-plieno-isorine-kubilo-krosnele-45kw-l75cm-aisi304\\\/#primaryimage\",\"url\":\"https:\\\/\\\/ignista.lt\\\/wp-content\\\/uploads\\\/2026\\\/03\\\/ignista.ltkubilo-krosneles45kw-ignista-3.jpg\",\"contentUrl\":\"https:\\\/\\\/ignista.lt\\\/wp-content\\\/uploads\\\/2026\\\/03\\\/ignista.ltkubilo-krosneles45kw-ignista-3.jpg\",\"width\":1000,\"height\":1000,\"caption\":\"IGNISTA 45 kW ner\u016bdijan\u010dio plieno kubilo krosnel\u0117 lauko kubilams\"},{\"@type\":\"BreadcrumbList\",\"@id\":\"https:\\\/\\\/ignista.lt\\\/parduotuve\\\/krosneles\\\/nerudijancio-plieno-isorine-kubilo-krosnele-45kw-l75cm-aisi304\\\/#breadcrumb\",\"itemListElement\":[{\"@type\":\"ListItem\",\"position\":1,\"name\":\"Home\",\"item\":\"https:\\\/\\\/ignista.lt\\\/lt\\\/\"},{\"@type\":\"ListItem\",\"position\":2,\"name\":\"Parduotuv\u0117\",\"item\":\"https:\\\/\\\/ignista.lt\\\/lt\\\/parduotuve\\\/\"},{\"@type\":\"ListItem\",\"position\":3,\"name\":\"Ner\u016bdijan\u010dio plieno i\u0161orin\u0117 kubilo krosnel\u0117 45KW L75cm (AISI304)\"}]},{\"@type\":\"WebSite\",\"@id\":\"https:\\\/\\\/ignista.lt\\\/#website\",\"url\":\"https:\\\/\\\/ignista.lt\\\/\",\"name\":\"Ignista\",\"description\":\"ner\u016bdijan\u010dio plieno krosnel\u0117s kubilams ir \u012fvair\u016bs metalo gaminiai\",\"potentialAction\":[{\"@type\":\"SearchAction\",\"target\":{\"@type\":\"EntryPoint\",\"urlTemplate\":\"https:\\\/\\\/ignista.lt\\\/?s={search_term_string}\"},\"query-input\":{\"@type\":\"PropertyValueSpecification\",\"valueRequired\":true,\"valueName\":\"search_term_string\"}}],\"inLanguage\":\"lt-LT\"}]}<\/script>\n<!-- \/ Yoast SEO plugin. -->","yoast_head_json":{"title":"Ner\u016bdijan\u010dio plieno i\u0161orin\u0117 kubilo krosnel\u0117 45KW L75cm (AISI304) | Ignista","description":"Ner\u016bdijan\u010dio plieno i\u0161orin\u0117 kubilo krosnel\u0117 45KW L75cm (AISI304) - i\u0161orin\u0117 ner\u016bdijan\u010dio plieno malkin\u0117 kubilo krosnel\u0117 skirta lauko kubilams i\u0161 1.5 mm storio AISI 304 ner\u016bdijan\u010dio plieno.","robots":{"index":"index","follow":"follow","max-snippet":"max-snippet:-1","max-image-preview":"max-image-preview:large","max-video-preview":"max-video-preview:-1"},"canonical":"https:\/\/ignista.lt\/lt\/parduotuve\/krosneles\/nerudijancio-plieno-isorine-kubilo-krosnele-45kw-l75cm-aisi304\/","og_locale":"lt_LT","og_type":"article","og_title":"Ner\u016bdijan\u010dio plieno i\u0161orin\u0117 kubilo krosnel\u0117 45KW L75cm (AISI304) | Ignista","og_description":"Ner\u016bdijan\u010dio plieno i\u0161orin\u0117 kubilo krosnel\u0117 45KW L75cm (AISI304) - i\u0161orin\u0117 ner\u016bdijan\u010dio plieno malkin\u0117 kubilo krosnel\u0117 skirta lauko kubilams i\u0161 1.5 mm storio AISI 304 ner\u016bdijan\u010dio plieno.","og_url":"https:\/\/ignista.lt\/lt\/parduotuve\/krosneles\/nerudijancio-plieno-isorine-kubilo-krosnele-45kw-l75cm-aisi304\/","og_site_name":"Ignista","article_modified_time":"2026-04-30T04:29:36+00:00","og_image":[{"width":1000,"height":1000,"url":"https:\/\/ignista.lt\/wp-content\/uploads\/2026\/03\/ignista.ltkubilo-krosneles45kw-ignista-3.jpg","type":"image\/jpeg"}],"schema":{"@context":"https:\/\/schema.org","@graph":[{"@type":"WebPage","@id":"https:\/\/ignista.lt\/parduotuve\/krosneles\/nerudijancio-plieno-isorine-kubilo-krosnele-45kw-l75cm-aisi304\/","url":"https:\/\/ignista.lt\/parduotuve\/krosneles\/nerudijancio-plieno-isorine-kubilo-krosnele-45kw-l75cm-aisi304\/","name":"Ner\u016bdijan\u010dio plieno i\u0161orin\u0117 kubilo krosnel\u0117 45KW L75cm (AISI304) | Ignista","isPartOf":{"@id":"https:\/\/ignista.lt\/#website"},"primaryImageOfPage":{"@id":"https:\/\/ignista.lt\/parduotuve\/krosneles\/nerudijancio-plieno-isorine-kubilo-krosnele-45kw-l75cm-aisi304\/#primaryimage"},"image":{"@id":"https:\/\/ignista.lt\/parduotuve\/krosneles\/nerudijancio-plieno-isorine-kubilo-krosnele-45kw-l75cm-aisi304\/#primaryimage"},"thumbnailUrl":"https:\/\/ignista.lt\/wp-content\/uploads\/2026\/03\/ignista.ltkubilo-krosneles45kw-ignista-3.jpg","datePublished":"2026-03-12T08:11:38+00:00","dateModified":"2026-04-30T04:29:36+00:00","description":"Ner\u016bdijan\u010dio plieno i\u0161orin\u0117 kubilo krosnel\u0117 45KW L75cm (AISI304) - i\u0161orin\u0117 ner\u016bdijan\u010dio plieno malkin\u0117 kubilo krosnel\u0117 skirta lauko kubilams i\u0161 1.5 mm storio AISI 304 ner\u016bdijan\u010dio plieno.","breadcrumb":{"@id":"https:\/\/ignista.lt\/parduotuve\/krosneles\/nerudijancio-plieno-isorine-kubilo-krosnele-45kw-l75cm-aisi304\/#breadcrumb"},"inLanguage":"lt-LT","potentialAction":[{"@type":"ReadAction","target":["https:\/\/ignista.lt\/parduotuve\/krosneles\/nerudijancio-plieno-isorine-kubilo-krosnele-45kw-l75cm-aisi304\/"]}]},{"@type":"ImageObject","inLanguage":"lt-LT","@id":"https:\/\/ignista.lt\/parduotuve\/krosneles\/nerudijancio-plieno-isorine-kubilo-krosnele-45kw-l75cm-aisi304\/#primaryimage","url":"https:\/\/ignista.lt\/wp-content\/uploads\/2026\/03\/ignista.ltkubilo-krosneles45kw-ignista-3.jpg","contentUrl":"https:\/\/ignista.lt\/wp-content\/uploads\/2026\/03\/ignista.ltkubilo-krosneles45kw-ignista-3.jpg","width":1000,"height":1000,"caption":"IGNISTA 45 kW ner\u016bdijan\u010dio plieno kubilo krosnel\u0117 lauko kubilams"},{"@type":"BreadcrumbList","@id":"https:\/\/ignista.lt\/parduotuve\/krosneles\/nerudijancio-plieno-isorine-kubilo-krosnele-45kw-l75cm-aisi304\/#breadcrumb","itemListElement":[{"@type":"ListItem","position":1,"name":"Home","item":"https:\/\/ignista.lt\/lt\/"},{"@type":"ListItem","position":2,"name":"Parduotuv\u0117","item":"https:\/\/ignista.lt\/lt\/parduotuve\/"},{"@type":"ListItem","position":3,"name":"Ner\u016bdijan\u010dio plieno i\u0161orin\u0117 kubilo krosnel\u0117 45KW L75cm (AISI304)"}]},{"@type":"WebSite","@id":"https:\/\/ignista.lt\/#website","url":"https:\/\/ignista.lt\/","name":"Ignista","description":"ner\u016bdijan\u010dio plieno krosnel\u0117s kubilams ir \u012fvair\u016bs metalo gaminiai","potentialAction":[{"@type":"SearchAction","target":{"@type":"EntryPoint","urlTemplate":"https:\/\/ignista.lt\/?s={search_term_string}"},"query-input":{"@type":"PropertyValueSpecification","valueRequired":true,"valueName":"search_term_string"}}],"inLanguage":"lt-LT"}]}},"_links":{"self":[{"href":"https:\/\/ignista.lt\/lt\/wp-json\/wp\/v2\/product\/29526","targetHints":{"allow":["GET"]}}],"collection":[{"href":"https:\/\/ignista.lt\/lt\/wp-json\/wp\/v2\/product"}],"about":[{"href":"https:\/\/ignista.lt\/lt\/wp-json\/wp\/v2\/types\/product"}],"wp:featuredmedia":[{"embeddable":true,"href":"https:\/\/ignista.lt\/lt\/wp-json\/wp\/v2\/media\/29534"}],"wp:attachment":[{"href":"https:\/\/ignista.lt\/lt\/wp-json\/wp\/v2\/media?parent=29526"}],"wp:term":[{"taxonomy":"product_brand","embeddable":true,"href":"https:\/\/ignista.lt\/lt\/wp-json\/wp\/v2\/product_brand?post=29526"},{"taxonomy":"product_cat","embeddable":true,"href":"https:\/\/ignista.lt\/lt\/wp-json\/wp\/v2\/product_cat?post=29526"},{"taxonomy":"product_tag","embeddable":true,"href":"https:\/\/ignista.lt\/lt\/wp-json\/wp\/v2\/product_tag?post=29526"}],"curies":[{"name":"wp","href":"https:\/\/api.w.org\/{rel}","templated":true}]}}