{"id":380,"date":"2023-09-12T18:12:29","date_gmt":"2023-09-12T15:12:29","guid":{"rendered":"https:\/\/ignista.lt\/?post_type=product&#038;p=380"},"modified":"2026-02-10T16:07:45","modified_gmt":"2026-02-10T14:07:45","slug":"integruota-krosnele-aisi-304-32kw","status":"publish","type":"product","link":"https:\/\/ignista.lt\/lt\/parduotuve\/krosneles\/integruota-krosnele-aisi-304-32kw\/","title":{"rendered":"Integruota krosnel\u0117 32KW (AISI304)"},"content":{"rendered":"<p><iframe title=\"YouTube video player\" src=\"https:\/\/ignista.lt\/wp-content\/uploads\/2023\/09\/untitled.305.mp4\" width=\"560\" height=\"315\" frameborder=\"0\" allowfullscreen=\"allowfullscreen\"><span data-mce-type=\"bookmark\" style=\"display: inline-block; width: 0px; overflow: hidden; line-height: 0;\" class=\"mce_SELRES_start\">\ufeff<\/span><span data-mce-type=\"bookmark\" style=\"display: inline-block; width: 0px; overflow: hidden; line-height: 0;\" class=\"mce_SELRES_start\">\ufeff<\/span><\/iframe><\/p>\n<h1 data-start=\"200\" data-end=\"251\">Kubilo integruota malkin\u0117 krosnel\u0117 lauko kubilams<\/h1>\n<p data-start=\"253\" data-end=\"506\"><strong data-start=\"253\" data-end=\"291\">Kubilo integruota malkin\u0117 krosnel\u0117<\/strong> &#8211; tai kompakti\u0161kas ir efektyvus sprendimas lauko kubilo vandens \u0161ildymui. Krosnel\u0117 montuojama <strong data-start=\"386\" data-end=\"403\">kubilo viduje<\/strong>, tod\u0117l u\u017etikrinamas tiesioginis ir greitas \u0161ilumos perdavimas vandeniui be papildom\u0173 i\u0161orini\u0173 jung\u010di\u0173.<\/p>\n<p data-start=\"508\" data-end=\"636\">\u0160i\u00a0<strong data-start=\"511\" data-end=\"546\">vidin\u0117 kubilo krosnel\u0117 malkomis<\/strong>\u00a0puikiai tinka ie\u0161kantiems paprasto, patikimo ir esteti\u0161ko sprendimo priva\u010diam naudojimui.<\/p>\n<hr data-start=\"638\" data-end=\"641\" \/>\n<h2 data-start=\"643\" data-end=\"701\">Kod\u0117l verta rinktis integruot\u0105 kubilo malkin\u0119 krosnel\u0119?<\/h2>\n<ul data-start=\"703\" data-end=\"1049\">\n<li data-start=\"703\" data-end=\"782\">\n<p data-start=\"705\" data-end=\"782\"><strong data-start=\"708\" data-end=\"739\">Greitas vandens \u012fkaitinimas<\/strong> &#8211; \u0161iluma perduodama tiesiogiai vandeniui<\/p>\n<\/li>\n<li data-start=\"783\" data-end=\"854\">\n<p data-start=\"785\" data-end=\"854\"><strong data-start=\"788\" data-end=\"809\">K\u016brenama malkomis<\/strong> &#8211; ekonomi\u0161ka ir nepriklausoma nuo elektros<\/p>\n<\/li>\n<li data-start=\"855\" data-end=\"931\">\n<p data-start=\"857\" data-end=\"931\"><strong data-start=\"860\" data-end=\"887\">Kompakti\u0161kas sprendimas<\/strong> &#8211; nereikia papildomos vietos \u0161alia kubilo<\/p>\n<\/li>\n<li data-start=\"932\" data-end=\"984\">\n<p data-start=\"934\" data-end=\"984\"><strong data-start=\"938\" data-end=\"956\">Ma\u017eiau jung\u010di\u0173<\/strong> &#8211; paprastesnis montavimas<\/p>\n<\/li>\n<li data-start=\"985\" data-end=\"1049\">\n<p data-start=\"987\" data-end=\"1049\"><strong data-start=\"990\" data-end=\"1017\">Nat\u016bralus \u0161ildymo b\u016bdas<\/strong> &#8211; tinka ramiam poilsiui gamtoje<\/p>\n<\/li>\n<\/ul>\n<p data-start=\"1051\" data-end=\"1176\"><strong data-start=\"1051\" data-end=\"1081\">Kubilo integruota krosnel\u0117<\/strong>\u00a0da\u017eniausiai pasirenkama tada, kai svarbus paprastumas, minimalizmas ir ma\u017eesn\u0117 sistemos kaina.<\/p>\n<hr data-start=\"1178\" data-end=\"1181\" \/>\n<h2 data-start=\"1183\" data-end=\"1229\">Ner\u016bdijan\u010dio plieno vidin\u0117 krosnel\u0117 kubilui<\/h2>\n<p data-start=\"1231\" data-end=\"1316\">\u0160i\u00a0<strong data-start=\"1234\" data-end=\"1273\">ner\u016bdijan\u010dio plieno kubilo krosnel\u0117<\/strong>\u00a0gaminama i\u0161 auk\u0161tos kokyb\u0117s metalo, kuris:<\/p>\n<ul data-start=\"1318\" data-end=\"1428\">\n<li data-start=\"1318\" data-end=\"1351\">\n<p data-start=\"1320\" data-end=\"1351\">atsparus auk\u0161tai temperat\u016brai<\/p>\n<\/li>\n<li data-start=\"1352\" data-end=\"1381\">\n<p data-start=\"1354\" data-end=\"1381\">nebijo dr\u0117gm\u0117s ir vandens<\/p>\n<\/li>\n<li data-start=\"1382\" data-end=\"1404\">\n<p data-start=\"1384\" data-end=\"1404\">atsparus korozijai<\/p>\n<\/li>\n<li data-start=\"1405\" data-end=\"1428\">\n<p data-start=\"1407\" data-end=\"1428\">lengvai pri\u017ei\u016brimas<\/p>\n<\/li>\n<\/ul>\n<p data-start=\"1430\" data-end=\"1529\">D\u0117l to\u00a0<strong data-start=\"1437\" data-end=\"1476\">integruota kubilo krosnel\u0117 malkomis<\/strong>\u00a0yra ilgaam\u017e\u0117 ir tinkama naudoti visais met\u0173 laikais.<\/p>\n<hr data-start=\"1531\" data-end=\"1534\" \/>\n<h2 data-start=\"1536\" data-end=\"1594\">Kaip veikia kubilo integruota vandens \u0161ildymo krosnel\u0117?<\/h2>\n<ol data-start=\"1596\" data-end=\"1765\">\n<li data-start=\"1596\" data-end=\"1634\">\n<p data-start=\"1599\" data-end=\"1634\">Krosnel\u0117 montuojama kubilo viduje<\/p>\n<\/li>\n<li data-start=\"1635\" data-end=\"1683\">\n<p data-start=\"1638\" data-end=\"1683\">K\u016brenant malkas, krosnel\u0117s sienel\u0117s \u012fkaista<\/p>\n<\/li>\n<li data-start=\"1684\" data-end=\"1727\">\n<p data-start=\"1687\" data-end=\"1727\">\u0160iluma tiesiogiai perduodama vandeniui<\/p>\n<\/li>\n<li data-start=\"1728\" data-end=\"1765\">\n<p data-start=\"1731\" data-end=\"1765\">Vanduo \u012f\u0161yla greitai ir tolygiai<\/p>\n<\/li>\n<\/ol>\n<p data-start=\"1767\" data-end=\"1901\">Tokio tipo\u00a0<strong data-start=\"1778\" data-end=\"1813\">kubilo vandens \u0161ildymo krosnel\u0117<\/strong>\u00a0pasi\u017eymi paprasta konstrukcija ir efektyviu veikimu be papildom\u0173 cirkuliacini\u0173 sistem\u0173.<\/p>\n<hr data-start=\"1903\" data-end=\"1906\" \/>\n<h2 data-start=\"1908\" data-end=\"1931\">Technin\u0117 informacija<\/h2>\n<ul data-start=\"1933\" data-end=\"2195\">\n<li data-start=\"1933\" data-end=\"1975\">\n<p data-start=\"1935\" data-end=\"1975\">Krosnel\u0117s tipas:\u00a0<strong data-start=\"1952\" data-end=\"1975\">integruota (vidin\u0117)<\/strong><\/p>\n<\/li>\n<li data-start=\"1976\" data-end=\"2007\">\n<p data-start=\"1978\" data-end=\"2007\">Paskirtis:\u00a0<strong data-start=\"1989\" data-end=\"2007\">lauko kubilams<\/strong><\/p>\n<\/li>\n<li data-start=\"2008\" data-end=\"2044\">\n<p data-start=\"2010\" data-end=\"2044\">Med\u017eiaga:\u00a0<strong data-start=\"2020\" data-end=\"2044\">ner\u016bdijantis plienas<\/strong><\/p>\n<\/li>\n<li data-start=\"2045\" data-end=\"2070\">\n<p data-start=\"2047\" data-end=\"2070\">K\u016brenimas:\u00a0<strong data-start=\"2058\" data-end=\"2070\">malkomis<\/strong><\/p>\n<\/li>\n<li data-start=\"2071\" data-end=\"2102\">\n<p data-start=\"2073\" data-end=\"2102\">Montavimas:\u00a0<strong data-start=\"2085\" data-end=\"2102\">kubilo viduje<\/strong><\/p>\n<\/li>\n<li data-start=\"2103\" data-end=\"2161\">\n<p data-start=\"2105\" data-end=\"2161\">Tinkama kubilams: 100cm &#8211; 225cm (priklausomai nuo modelio)<\/p>\n<\/li>\n<li data-start=\"2162\" data-end=\"2195\">\n<p data-start=\"2164\" data-end=\"2195\">Naudojimas: visais met\u0173 laikais<\/p>\n<\/li>\n<\/ul>\n<blockquote data-start=\"2197\" data-end=\"2304\">\n<p data-start=\"2199\" data-end=\"2304\">\u00a0Tiksl\u016bs matmenys, sieneli\u0173 storis, kamino diametras ir galingumas pateikiami produkto specifikacijoje.<\/p>\n<\/blockquote>\n<hr data-start=\"2306\" data-end=\"2309\" \/>\n<h2 data-start=\"2311\" data-end=\"2354\">Kam labiausiai tinka \u0161i kubilo krosnel\u0117?<\/h2>\n<p data-start=\"2356\" data-end=\"2480\">\u00a0Priva\u010diam kiemui<br data-start=\"2375\" data-end=\"2378\" \/>\u00a0Nedideliems lauko kubilams<br data-start=\"2407\" data-end=\"2410\" \/>\u00a0Ie\u0161kantiems paprasto sprendimo<br data-start=\"2443\" data-end=\"2446\" \/>\u00a0Poilsiui be sud\u0117ting\u0173 sistem\u0173<\/p>\n<hr data-start=\"2482\" data-end=\"2485\" \/>\n<h2 data-start=\"2487\" data-end=\"2541\">Kod\u0117l verta rinktis \u0161i\u0105 integruot\u0105 kubilo krosnel\u0119?<\/h2>\n<ul data-start=\"2543\" data-end=\"2721\">\n<li data-start=\"2543\" data-end=\"2580\">\n<p data-start=\"2545\" data-end=\"2580\">Paprasta ir patikima konstrukcija<\/p>\n<\/li>\n<li data-start=\"2581\" data-end=\"2609\">\n<p data-start=\"2583\" data-end=\"2609\">Greitas vandens \u0161ildymas<\/p>\n<\/li>\n<li data-start=\"2610\" data-end=\"2648\">\n<p data-start=\"2612\" data-end=\"2648\">Ma\u017eesn\u0117 kaina nei i\u0161orini\u0173 sistem\u0173<\/p>\n<\/li>\n<li data-start=\"2649\" data-end=\"2675\">\n<p data-start=\"2651\" data-end=\"2675\">Ma\u017eiau montavimo darb\u0173<\/p>\n<\/li>\n<li data-start=\"2676\" data-end=\"2721\">\n<p data-start=\"2678\" data-end=\"2721\">Ilgaam\u017e\u0117 ner\u016bdijan\u010dio plieno konstrukcija<\/p>\n<\/li>\n<\/ul>\n<p>&nbsp;<\/p>\n","protected":false},"excerpt":{"rendered":"<p>I\u0161orin\u0117 Ner\u016bdijan\u010dio plieno krosnel\u0117 skirta lauko kubilams.. Krosnel\u0117 pagaminta i\u0161 1.5mm ner\u016bdijan\u010dio plieno. Metalo mark\u0117: AISI 304 Krosnel\u0117s galia pilno u\u017ekrovimo: 28kW\/h, naudingumo veikimo koeficientas 70%. Standartin\u012f kubil\u0105 \u012fkaitina per 2-3 valandas visais sezono laikais.<\/p>\n","protected":false},"featured_media":456,"template":"","meta":[],"product_brand":[],"product_cat":[29],"product_tag":[],"class_list":{"0":"post-380","1":"product","2":"type-product","3":"status-publish","4":"has-post-thumbnail","6":"product_cat-krosneles","8":"first","9":"onbackorder","10":"taxable","11":"shipping-taxable","12":"purchasable","13":"product-type-simple"},"yoast_head":"<!-- This site is optimized with the Yoast SEO plugin v27.4 - https:\/\/yoast.com\/product\/yoast-seo-wordpress\/ -->\n<title>Integruota krosnel\u0117 32KW (AISI304) | Ignista<\/title>\n<meta name=\"description\" content=\"Kubilo i\u0161orin\u0117 malkin\u0117 krosnel\u0117 i\u0161 ner\u016bdijan\u010dio plieno - efektyvus vandens \u0161ildymas lauko kubilams. Tinka priva\u010diam ir komerciniam naudojimui.\" \/>\n<meta name=\"robots\" content=\"index, follow, max-snippet:-1, max-image-preview:large, max-video-preview:-1\" \/>\n<link rel=\"canonical\" href=\"https:\/\/ignista.lt\/lt\/parduotuve\/krosneles\/integruota-krosnele-aisi-304-32kw\/\" \/>\n<meta property=\"og:locale\" content=\"lt_LT\" \/>\n<meta property=\"og:type\" content=\"article\" \/>\n<meta property=\"og:title\" content=\"Integruota krosnel\u0117 32KW (AISI304) | Ignista\" \/>\n<meta property=\"og:description\" content=\"Kubilo i\u0161orin\u0117 malkin\u0117 krosnel\u0117 i\u0161 ner\u016bdijan\u010dio plieno - efektyvus vandens \u0161ildymas lauko kubilams. Tinka priva\u010diam ir komerciniam naudojimui.\" \/>\n<meta property=\"og:url\" content=\"https:\/\/ignista.lt\/lt\/parduotuve\/krosneles\/integruota-krosnele-aisi-304-32kw\/\" \/>\n<meta property=\"og:site_name\" content=\"Ignista\" \/>\n<meta property=\"article:modified_time\" content=\"2026-02-10T14:07:45+00:00\" \/>\n<meta property=\"og:image\" content=\"https:\/\/ignista.lt\/wp-content\/uploads\/2023\/09\/untitled.1-1.jpg\" \/>\n\t<meta property=\"og:image:width\" content=\"2560\" \/>\n\t<meta property=\"og:image:height\" content=\"1440\" \/>\n\t<meta property=\"og:image:type\" content=\"image\/jpeg\" \/>\n<script type=\"application\/ld+json\" class=\"yoast-schema-graph\">{\"@context\":\"https:\\\/\\\/schema.org\",\"@graph\":[{\"@type\":\"WebPage\",\"@id\":\"https:\\\/\\\/ignista.lt\\\/parduotuve\\\/krosneles\\\/integruota-krosnele-aisi-304-32kw\\\/\",\"url\":\"https:\\\/\\\/ignista.lt\\\/parduotuve\\\/krosneles\\\/integruota-krosnele-aisi-304-32kw\\\/\",\"name\":\"Integruota krosnel\u0117 32KW (AISI304) | Ignista\",\"isPartOf\":{\"@id\":\"https:\\\/\\\/ignista.lt\\\/#website\"},\"primaryImageOfPage\":{\"@id\":\"https:\\\/\\\/ignista.lt\\\/parduotuve\\\/krosneles\\\/integruota-krosnele-aisi-304-32kw\\\/#primaryimage\"},\"image\":{\"@id\":\"https:\\\/\\\/ignista.lt\\\/parduotuve\\\/krosneles\\\/integruota-krosnele-aisi-304-32kw\\\/#primaryimage\"},\"thumbnailUrl\":\"https:\\\/\\\/ignista.lt\\\/wp-content\\\/uploads\\\/2023\\\/09\\\/untitled.1-1.jpg\",\"datePublished\":\"2023-09-12T15:12:29+00:00\",\"dateModified\":\"2026-02-10T14:07:45+00:00\",\"description\":\"Kubilo i\u0161orin\u0117 malkin\u0117 krosnel\u0117 i\u0161 ner\u016bdijan\u010dio plieno - efektyvus vandens \u0161ildymas lauko kubilams. Tinka priva\u010diam ir komerciniam naudojimui.\",\"breadcrumb\":{\"@id\":\"https:\\\/\\\/ignista.lt\\\/parduotuve\\\/krosneles\\\/integruota-krosnele-aisi-304-32kw\\\/#breadcrumb\"},\"inLanguage\":\"lt-LT\",\"potentialAction\":[{\"@type\":\"ReadAction\",\"target\":[\"https:\\\/\\\/ignista.lt\\\/parduotuve\\\/krosneles\\\/integruota-krosnele-aisi-304-32kw\\\/\"]}]},{\"@type\":\"ImageObject\",\"inLanguage\":\"lt-LT\",\"@id\":\"https:\\\/\\\/ignista.lt\\\/parduotuve\\\/krosneles\\\/integruota-krosnele-aisi-304-32kw\\\/#primaryimage\",\"url\":\"https:\\\/\\\/ignista.lt\\\/wp-content\\\/uploads\\\/2023\\\/09\\\/untitled.1-1.jpg\",\"contentUrl\":\"https:\\\/\\\/ignista.lt\\\/wp-content\\\/uploads\\\/2023\\\/09\\\/untitled.1-1.jpg\",\"width\":2560,\"height\":1440},{\"@type\":\"BreadcrumbList\",\"@id\":\"https:\\\/\\\/ignista.lt\\\/parduotuve\\\/krosneles\\\/integruota-krosnele-aisi-304-32kw\\\/#breadcrumb\",\"itemListElement\":[{\"@type\":\"ListItem\",\"position\":1,\"name\":\"Home\",\"item\":\"https:\\\/\\\/ignista.lt\\\/lt\\\/\"},{\"@type\":\"ListItem\",\"position\":2,\"name\":\"Parduotuv\u0117\",\"item\":\"https:\\\/\\\/ignista.lt\\\/lt\\\/parduotuve\\\/\"},{\"@type\":\"ListItem\",\"position\":3,\"name\":\"Integruota krosnel\u0117 32KW (AISI304)\"}]},{\"@type\":\"WebSite\",\"@id\":\"https:\\\/\\\/ignista.lt\\\/#website\",\"url\":\"https:\\\/\\\/ignista.lt\\\/\",\"name\":\"Ignista\",\"description\":\"ner\u016bdijan\u010dio plieno krosnel\u0117s kubilams ir \u012fvair\u016bs metalo gaminiai\",\"potentialAction\":[{\"@type\":\"SearchAction\",\"target\":{\"@type\":\"EntryPoint\",\"urlTemplate\":\"https:\\\/\\\/ignista.lt\\\/?s={search_term_string}\"},\"query-input\":{\"@type\":\"PropertyValueSpecification\",\"valueRequired\":true,\"valueName\":\"search_term_string\"}}],\"inLanguage\":\"lt-LT\"}]}<\/script>\n<!-- \/ Yoast SEO plugin. -->","yoast_head_json":{"title":"Integruota krosnel\u0117 32KW (AISI304) | Ignista","description":"Kubilo i\u0161orin\u0117 malkin\u0117 krosnel\u0117 i\u0161 ner\u016bdijan\u010dio plieno - efektyvus vandens \u0161ildymas lauko kubilams. Tinka priva\u010diam ir komerciniam naudojimui.","robots":{"index":"index","follow":"follow","max-snippet":"max-snippet:-1","max-image-preview":"max-image-preview:large","max-video-preview":"max-video-preview:-1"},"canonical":"https:\/\/ignista.lt\/lt\/parduotuve\/krosneles\/integruota-krosnele-aisi-304-32kw\/","og_locale":"lt_LT","og_type":"article","og_title":"Integruota krosnel\u0117 32KW (AISI304) | Ignista","og_description":"Kubilo i\u0161orin\u0117 malkin\u0117 krosnel\u0117 i\u0161 ner\u016bdijan\u010dio plieno - efektyvus vandens \u0161ildymas lauko kubilams. Tinka priva\u010diam ir komerciniam naudojimui.","og_url":"https:\/\/ignista.lt\/lt\/parduotuve\/krosneles\/integruota-krosnele-aisi-304-32kw\/","og_site_name":"Ignista","article_modified_time":"2026-02-10T14:07:45+00:00","og_image":[{"width":2560,"height":1440,"url":"https:\/\/ignista.lt\/wp-content\/uploads\/2023\/09\/untitled.1-1.jpg","type":"image\/jpeg"}],"schema":{"@context":"https:\/\/schema.org","@graph":[{"@type":"WebPage","@id":"https:\/\/ignista.lt\/parduotuve\/krosneles\/integruota-krosnele-aisi-304-32kw\/","url":"https:\/\/ignista.lt\/parduotuve\/krosneles\/integruota-krosnele-aisi-304-32kw\/","name":"Integruota krosnel\u0117 32KW (AISI304) | Ignista","isPartOf":{"@id":"https:\/\/ignista.lt\/#website"},"primaryImageOfPage":{"@id":"https:\/\/ignista.lt\/parduotuve\/krosneles\/integruota-krosnele-aisi-304-32kw\/#primaryimage"},"image":{"@id":"https:\/\/ignista.lt\/parduotuve\/krosneles\/integruota-krosnele-aisi-304-32kw\/#primaryimage"},"thumbnailUrl":"https:\/\/ignista.lt\/wp-content\/uploads\/2023\/09\/untitled.1-1.jpg","datePublished":"2023-09-12T15:12:29+00:00","dateModified":"2026-02-10T14:07:45+00:00","description":"Kubilo i\u0161orin\u0117 malkin\u0117 krosnel\u0117 i\u0161 ner\u016bdijan\u010dio plieno - efektyvus vandens \u0161ildymas lauko kubilams. Tinka priva\u010diam ir komerciniam naudojimui.","breadcrumb":{"@id":"https:\/\/ignista.lt\/parduotuve\/krosneles\/integruota-krosnele-aisi-304-32kw\/#breadcrumb"},"inLanguage":"lt-LT","potentialAction":[{"@type":"ReadAction","target":["https:\/\/ignista.lt\/parduotuve\/krosneles\/integruota-krosnele-aisi-304-32kw\/"]}]},{"@type":"ImageObject","inLanguage":"lt-LT","@id":"https:\/\/ignista.lt\/parduotuve\/krosneles\/integruota-krosnele-aisi-304-32kw\/#primaryimage","url":"https:\/\/ignista.lt\/wp-content\/uploads\/2023\/09\/untitled.1-1.jpg","contentUrl":"https:\/\/ignista.lt\/wp-content\/uploads\/2023\/09\/untitled.1-1.jpg","width":2560,"height":1440},{"@type":"BreadcrumbList","@id":"https:\/\/ignista.lt\/parduotuve\/krosneles\/integruota-krosnele-aisi-304-32kw\/#breadcrumb","itemListElement":[{"@type":"ListItem","position":1,"name":"Home","item":"https:\/\/ignista.lt\/lt\/"},{"@type":"ListItem","position":2,"name":"Parduotuv\u0117","item":"https:\/\/ignista.lt\/lt\/parduotuve\/"},{"@type":"ListItem","position":3,"name":"Integruota krosnel\u0117 32KW (AISI304)"}]},{"@type":"WebSite","@id":"https:\/\/ignista.lt\/#website","url":"https:\/\/ignista.lt\/","name":"Ignista","description":"ner\u016bdijan\u010dio plieno krosnel\u0117s kubilams ir \u012fvair\u016bs metalo gaminiai","potentialAction":[{"@type":"SearchAction","target":{"@type":"EntryPoint","urlTemplate":"https:\/\/ignista.lt\/?s={search_term_string}"},"query-input":{"@type":"PropertyValueSpecification","valueRequired":true,"valueName":"search_term_string"}}],"inLanguage":"lt-LT"}]}},"_links":{"self":[{"href":"https:\/\/ignista.lt\/lt\/wp-json\/wp\/v2\/product\/380","targetHints":{"allow":["GET"]}}],"collection":[{"href":"https:\/\/ignista.lt\/lt\/wp-json\/wp\/v2\/product"}],"about":[{"href":"https:\/\/ignista.lt\/lt\/wp-json\/wp\/v2\/types\/product"}],"wp:featuredmedia":[{"embeddable":true,"href":"https:\/\/ignista.lt\/lt\/wp-json\/wp\/v2\/media\/456"}],"wp:attachment":[{"href":"https:\/\/ignista.lt\/lt\/wp-json\/wp\/v2\/media?parent=380"}],"wp:term":[{"taxonomy":"product_brand","embeddable":true,"href":"https:\/\/ignista.lt\/lt\/wp-json\/wp\/v2\/product_brand?post=380"},{"taxonomy":"product_cat","embeddable":true,"href":"https:\/\/ignista.lt\/lt\/wp-json\/wp\/v2\/product_cat?post=380"},{"taxonomy":"product_tag","embeddable":true,"href":"https:\/\/ignista.lt\/lt\/wp-json\/wp\/v2\/product_tag?post=380"}],"curies":[{"name":"wp","href":"https:\/\/api.w.org\/{rel}","templated":true}]}}