{"id":676,"date":"2025-12-19T14:01:47","date_gmt":"2025-12-19T12:01:47","guid":{"rendered":"https:\/\/ignista.lt\/?post_type=product&#038;p=676"},"modified":"2026-03-21T15:01:01","modified_gmt":"2026-03-21T13:01:01","slug":"metaline-sifono-jungtis-su-sriegiu-48mm","status":"publish","type":"product","link":"https:\/\/ignista.lt\/lt\/parduotuve\/kubilu-priedai\/metaline-sifono-jungtis-su-sriegiu-48mm\/","title":{"rendered":"Metalin\u0117 sifono jungtis su sriegiu 48mm AISI 316"},"content":{"rendered":"<h3 data-start=\"78\" data-end=\"114\">Metalin\u0117 sifono jungtis su sriegiu 48mm AISI 316<\/h3>\n<p>&nbsp;<\/p>\n","protected":false},"excerpt":{"rendered":"<p>Metalin\u0117 sifono jungtis su sriegiu 48mm AISI 316 &nbsp;<\/p>\n","protected":false},"featured_media":687,"template":"","meta":[],"product_brand":[],"product_cat":[99,98],"product_tag":[],"class_list":{"0":"post-676","1":"product","2":"type-product","3":"status-publish","4":"has-post-thumbnail","6":"product_cat-krosneliu-priedai","7":"product_cat-kubilu-priedai","9":"first","10":"instock","11":"taxable","12":"shipping-taxable","13":"purchasable","14":"product-type-simple"},"yoast_head":"<!-- This site is optimized with the Yoast SEO plugin v27.4 - https:\/\/yoast.com\/product\/yoast-seo-wordpress\/ -->\n<title>Metalin\u0117 sifono jungtis su sriegiu 48mm AISI 316 | Ignista<\/title>\n<meta name=\"description\" content=\"Metalin\u0117 sifono jungtis su sriegiu 48mm AISI 316\" \/>\n<meta name=\"robots\" content=\"index, follow, max-snippet:-1, max-image-preview:large, max-video-preview:-1\" \/>\n<link rel=\"canonical\" href=\"https:\/\/ignista.lt\/lt\/parduotuve\/kubilu-priedai\/metaline-sifono-jungtis-su-sriegiu-48mm\/\" \/>\n<meta property=\"og:locale\" content=\"lt_LT\" \/>\n<meta property=\"og:type\" content=\"article\" \/>\n<meta property=\"og:title\" content=\"Metalin\u0117 sifono jungtis su sriegiu 48mm AISI 316 | Ignista\" \/>\n<meta property=\"og:description\" content=\"Metalin\u0117 sifono jungtis su sriegiu 48mm AISI 316\" \/>\n<meta property=\"og:url\" content=\"https:\/\/ignista.lt\/lt\/parduotuve\/kubilu-priedai\/metaline-sifono-jungtis-su-sriegiu-48mm\/\" \/>\n<meta property=\"og:site_name\" content=\"Ignista\" \/>\n<meta property=\"article:modified_time\" content=\"2026-03-21T13:01:01+00:00\" \/>\n<meta property=\"og:image\" content=\"https:\/\/ignista.lt\/wp-content\/uploads\/2025\/12\/WhatsApp-Image-2025-12-19-at-16.10.381.jpeg\" \/>\n\t<meta property=\"og:image:width\" content=\"1600\" \/>\n\t<meta property=\"og:image:height\" content=\"1200\" \/>\n\t<meta property=\"og:image:type\" content=\"image\/jpeg\" \/>\n<script type=\"application\/ld+json\" class=\"yoast-schema-graph\">{\"@context\":\"https:\\\/\\\/schema.org\",\"@graph\":[{\"@type\":\"WebPage\",\"@id\":\"https:\\\/\\\/ignista.lt\\\/parduotuve\\\/kubilu-priedai\\\/metaline-sifono-jungtis-su-sriegiu-48mm\\\/\",\"url\":\"https:\\\/\\\/ignista.lt\\\/parduotuve\\\/kubilu-priedai\\\/metaline-sifono-jungtis-su-sriegiu-48mm\\\/\",\"name\":\"Metalin\u0117 sifono jungtis su sriegiu 48mm AISI 316 | Ignista\",\"isPartOf\":{\"@id\":\"https:\\\/\\\/ignista.lt\\\/#website\"},\"primaryImageOfPage\":{\"@id\":\"https:\\\/\\\/ignista.lt\\\/parduotuve\\\/kubilu-priedai\\\/metaline-sifono-jungtis-su-sriegiu-48mm\\\/#primaryimage\"},\"image\":{\"@id\":\"https:\\\/\\\/ignista.lt\\\/parduotuve\\\/kubilu-priedai\\\/metaline-sifono-jungtis-su-sriegiu-48mm\\\/#primaryimage\"},\"thumbnailUrl\":\"https:\\\/\\\/ignista.lt\\\/wp-content\\\/uploads\\\/2025\\\/12\\\/WhatsApp-Image-2025-12-19-at-16.10.381.jpeg\",\"datePublished\":\"2025-12-19T12:01:47+00:00\",\"dateModified\":\"2026-03-21T13:01:01+00:00\",\"description\":\"Metalin\u0117 sifono jungtis su sriegiu 48mm AISI 316\",\"breadcrumb\":{\"@id\":\"https:\\\/\\\/ignista.lt\\\/parduotuve\\\/kubilu-priedai\\\/metaline-sifono-jungtis-su-sriegiu-48mm\\\/#breadcrumb\"},\"inLanguage\":\"lt-LT\",\"potentialAction\":[{\"@type\":\"ReadAction\",\"target\":[\"https:\\\/\\\/ignista.lt\\\/parduotuve\\\/kubilu-priedai\\\/metaline-sifono-jungtis-su-sriegiu-48mm\\\/\"]}]},{\"@type\":\"ImageObject\",\"inLanguage\":\"lt-LT\",\"@id\":\"https:\\\/\\\/ignista.lt\\\/parduotuve\\\/kubilu-priedai\\\/metaline-sifono-jungtis-su-sriegiu-48mm\\\/#primaryimage\",\"url\":\"https:\\\/\\\/ignista.lt\\\/wp-content\\\/uploads\\\/2025\\\/12\\\/WhatsApp-Image-2025-12-19-at-16.10.381.jpeg\",\"contentUrl\":\"https:\\\/\\\/ignista.lt\\\/wp-content\\\/uploads\\\/2025\\\/12\\\/WhatsApp-Image-2025-12-19-at-16.10.381.jpeg\",\"width\":1600,\"height\":1200},{\"@type\":\"BreadcrumbList\",\"@id\":\"https:\\\/\\\/ignista.lt\\\/parduotuve\\\/kubilu-priedai\\\/metaline-sifono-jungtis-su-sriegiu-48mm\\\/#breadcrumb\",\"itemListElement\":[{\"@type\":\"ListItem\",\"position\":1,\"name\":\"Home\",\"item\":\"https:\\\/\\\/ignista.lt\\\/lt\\\/\"},{\"@type\":\"ListItem\",\"position\":2,\"name\":\"Parduotuv\u0117\",\"item\":\"https:\\\/\\\/ignista.lt\\\/lt\\\/parduotuve\\\/\"},{\"@type\":\"ListItem\",\"position\":3,\"name\":\"Metalin\u0117 sifono jungtis su sriegiu 48mm AISI 316\"}]},{\"@type\":\"WebSite\",\"@id\":\"https:\\\/\\\/ignista.lt\\\/#website\",\"url\":\"https:\\\/\\\/ignista.lt\\\/\",\"name\":\"Ignista\",\"description\":\"ner\u016bdijan\u010dio plieno krosnel\u0117s kubilams ir \u012fvair\u016bs metalo gaminiai\",\"potentialAction\":[{\"@type\":\"SearchAction\",\"target\":{\"@type\":\"EntryPoint\",\"urlTemplate\":\"https:\\\/\\\/ignista.lt\\\/?s={search_term_string}\"},\"query-input\":{\"@type\":\"PropertyValueSpecification\",\"valueRequired\":true,\"valueName\":\"search_term_string\"}}],\"inLanguage\":\"lt-LT\"}]}<\/script>\n<!-- \/ Yoast SEO plugin. -->","yoast_head_json":{"title":"Metalin\u0117 sifono jungtis su sriegiu 48mm AISI 316 | Ignista","description":"Metalin\u0117 sifono jungtis su sriegiu 48mm AISI 316","robots":{"index":"index","follow":"follow","max-snippet":"max-snippet:-1","max-image-preview":"max-image-preview:large","max-video-preview":"max-video-preview:-1"},"canonical":"https:\/\/ignista.lt\/lt\/parduotuve\/kubilu-priedai\/metaline-sifono-jungtis-su-sriegiu-48mm\/","og_locale":"lt_LT","og_type":"article","og_title":"Metalin\u0117 sifono jungtis su sriegiu 48mm AISI 316 | Ignista","og_description":"Metalin\u0117 sifono jungtis su sriegiu 48mm AISI 316","og_url":"https:\/\/ignista.lt\/lt\/parduotuve\/kubilu-priedai\/metaline-sifono-jungtis-su-sriegiu-48mm\/","og_site_name":"Ignista","article_modified_time":"2026-03-21T13:01:01+00:00","og_image":[{"width":1600,"height":1200,"url":"https:\/\/ignista.lt\/wp-content\/uploads\/2025\/12\/WhatsApp-Image-2025-12-19-at-16.10.381.jpeg","type":"image\/jpeg"}],"schema":{"@context":"https:\/\/schema.org","@graph":[{"@type":"WebPage","@id":"https:\/\/ignista.lt\/parduotuve\/kubilu-priedai\/metaline-sifono-jungtis-su-sriegiu-48mm\/","url":"https:\/\/ignista.lt\/parduotuve\/kubilu-priedai\/metaline-sifono-jungtis-su-sriegiu-48mm\/","name":"Metalin\u0117 sifono jungtis su sriegiu 48mm AISI 316 | Ignista","isPartOf":{"@id":"https:\/\/ignista.lt\/#website"},"primaryImageOfPage":{"@id":"https:\/\/ignista.lt\/parduotuve\/kubilu-priedai\/metaline-sifono-jungtis-su-sriegiu-48mm\/#primaryimage"},"image":{"@id":"https:\/\/ignista.lt\/parduotuve\/kubilu-priedai\/metaline-sifono-jungtis-su-sriegiu-48mm\/#primaryimage"},"thumbnailUrl":"https:\/\/ignista.lt\/wp-content\/uploads\/2025\/12\/WhatsApp-Image-2025-12-19-at-16.10.381.jpeg","datePublished":"2025-12-19T12:01:47+00:00","dateModified":"2026-03-21T13:01:01+00:00","description":"Metalin\u0117 sifono jungtis su sriegiu 48mm AISI 316","breadcrumb":{"@id":"https:\/\/ignista.lt\/parduotuve\/kubilu-priedai\/metaline-sifono-jungtis-su-sriegiu-48mm\/#breadcrumb"},"inLanguage":"lt-LT","potentialAction":[{"@type":"ReadAction","target":["https:\/\/ignista.lt\/parduotuve\/kubilu-priedai\/metaline-sifono-jungtis-su-sriegiu-48mm\/"]}]},{"@type":"ImageObject","inLanguage":"lt-LT","@id":"https:\/\/ignista.lt\/parduotuve\/kubilu-priedai\/metaline-sifono-jungtis-su-sriegiu-48mm\/#primaryimage","url":"https:\/\/ignista.lt\/wp-content\/uploads\/2025\/12\/WhatsApp-Image-2025-12-19-at-16.10.381.jpeg","contentUrl":"https:\/\/ignista.lt\/wp-content\/uploads\/2025\/12\/WhatsApp-Image-2025-12-19-at-16.10.381.jpeg","width":1600,"height":1200},{"@type":"BreadcrumbList","@id":"https:\/\/ignista.lt\/parduotuve\/kubilu-priedai\/metaline-sifono-jungtis-su-sriegiu-48mm\/#breadcrumb","itemListElement":[{"@type":"ListItem","position":1,"name":"Home","item":"https:\/\/ignista.lt\/lt\/"},{"@type":"ListItem","position":2,"name":"Parduotuv\u0117","item":"https:\/\/ignista.lt\/lt\/parduotuve\/"},{"@type":"ListItem","position":3,"name":"Metalin\u0117 sifono jungtis su sriegiu 48mm AISI 316"}]},{"@type":"WebSite","@id":"https:\/\/ignista.lt\/#website","url":"https:\/\/ignista.lt\/","name":"Ignista","description":"ner\u016bdijan\u010dio plieno krosnel\u0117s kubilams ir \u012fvair\u016bs metalo gaminiai","potentialAction":[{"@type":"SearchAction","target":{"@type":"EntryPoint","urlTemplate":"https:\/\/ignista.lt\/?s={search_term_string}"},"query-input":{"@type":"PropertyValueSpecification","valueRequired":true,"valueName":"search_term_string"}}],"inLanguage":"lt-LT"}]}},"_links":{"self":[{"href":"https:\/\/ignista.lt\/lt\/wp-json\/wp\/v2\/product\/676","targetHints":{"allow":["GET"]}}],"collection":[{"href":"https:\/\/ignista.lt\/lt\/wp-json\/wp\/v2\/product"}],"about":[{"href":"https:\/\/ignista.lt\/lt\/wp-json\/wp\/v2\/types\/product"}],"wp:featuredmedia":[{"embeddable":true,"href":"https:\/\/ignista.lt\/lt\/wp-json\/wp\/v2\/media\/687"}],"wp:attachment":[{"href":"https:\/\/ignista.lt\/lt\/wp-json\/wp\/v2\/media?parent=676"}],"wp:term":[{"taxonomy":"product_brand","embeddable":true,"href":"https:\/\/ignista.lt\/lt\/wp-json\/wp\/v2\/product_brand?post=676"},{"taxonomy":"product_cat","embeddable":true,"href":"https:\/\/ignista.lt\/lt\/wp-json\/wp\/v2\/product_cat?post=676"},{"taxonomy":"product_tag","embeddable":true,"href":"https:\/\/ignista.lt\/lt\/wp-json\/wp\/v2\/product_tag?post=676"}],"curies":[{"name":"wp","href":"https:\/\/api.w.org\/{rel}","templated":true}]}}