{"id":3,"date":"2020-01-27T17:14:42","date_gmt":"2020-01-27T15:14:42","guid":{"rendered":"https:\/\/ignista.lt\/?page_id=3"},"modified":"2023-10-28T23:24:11","modified_gmt":"2023-10-28T20:24:11","slug":"privatumo-politika","status":"publish","type":"page","link":"https:\/\/ignista.lt\/pl\/privatumo-politika\/","title":{"rendered":"Polityka prywatno\u015bci"},"content":{"rendered":"<div class=\"elementor-element elementor-element-eea74ef elementor-widget elementor-widget-text-editor\" data-id=\"eea74ef\" data-element_type=\"widget\" data-widget_type=\"text-editor.default\">\n<div class=\"elementor-widget-container\">\n<p style=\"text-align: left;\">Niniejsza Polityka prywatno\u015bci dotyczy informacji gromadzonych na stronie internetowej https:\/\/ignista.lt\/. Wyja\u015bniamy, jakie informacje o Pa\u0144stwu zbieramy, gdy korzystaj\u0105 Pa\u0144stwo ze strony internetowej https:\/\/ignista.lt\/ w przegl\u0105darce internetowej. Zbieramy informacje o Pa\u0144stwu za pomoc\u0105 plik\u00f3w cookie i podobnych technologii. Pliki cookie to ma\u0142e pliki, kt\u00f3re s\u0105 tymczasowo przechowywane na dysku twardym Pa\u0144stwa urz\u0105dzenia i umo\u017cliwiaj\u0105 nam rozpoznanie Pa\u0144stwa podczas kolejnych wizyt w Witrynie, zapisanie Pa\u0144stwa osobistej historii przegl\u0105dania, preferencji, dostosowanie tre\u015bci, przyspieszenie wyszukiwania w Witrynie, stworzenie przyjaznego dla u\u017cytkownika i przyjaznego \u015brodowiska Witryny oraz zwi\u0119kszenie wydajno\u015bci i niezawodno\u015bci Witryny. Pliki cookie s\u0105 powszechn\u0105 praktyk\u0105 na stronach internetowych, kt\u00f3ra u\u0142atwia korzystanie z witryny. Informacje otrzymywane za po\u015brednictwem plik\u00f3w cookie wykorzystujemy w nast\u0119puj\u0105cych celach: w celu zapewnienia funkcjonalno\u015bci Witryny (np. aby umo\u017cliwi\u0107 Pa\u0144stwu korzystanie ze spersonalizowanej Witryny); w celu ulepszania i rozwijania Witryny, aby lepiej spe\u0142nia\u0142a Pa\u0144stwa potrzeby; w celu rozwoju naszych us\u0142ug i analizy korzystania z Witryny; oraz w celu prowadzenia ukierunkowanego marketingu. Mog\u0105 Pa\u0144stwo wyrazi\u0107 zgod\u0119 na korzystanie z plik\u00f3w cookie w nast\u0119puj\u0105cy spos\u00f3b: Nie usuwaj\u0105c ich i\/lub zmieniaj\u0105c ustawienia przegl\u0105darki tak, aby nie akceptowa\u0142a plik\u00f3w cookie; Klikaj\u0105c pole wyboru \u201eAkceptuj\u201c w zarz\u0105dzaniu plikami cookie; W ka\u017cdej chwili mog\u0105 Pa\u0144stwo cofn\u0105\u0107 swoj\u0105 zgod\u0119 na wykorzystywanie przez nas plik\u00f3w cookie. Mo\u017ce Pan\/Pani to zrobi\u0107, zmieniaj\u0105c ustawienia przegl\u0105darki internetowej tak, aby nie akceptowa\u0142a plik\u00f3w cookie. Spos\u00f3b zmiany zale\u017cy od u\u017cywanego systemu operacyjnego i przegl\u0105darki internetowej. Aby uzyska\u0107 szczeg\u00f3\u0142owe informacje na temat plik\u00f3w cookie, ich wykorzystania i mo\u017cliwo\u015bci ich odrzucenia, prosimy odwiedzi\u0107 stron\u0119 http:\/\/AllAboutCookies.org lub http:\/\/google.com\/privacy_ads.html. Podczas zamawiania i p\u0142acenia za produkt Metal Colours przetwarza nast\u0119puj\u0105ce Pa\u0144stwa dane osobowe:<\/p>\n<ul style=\"text-align: left;\">\n<li>Pana\/Pani imi\u0119 i nazwisko;<\/li>\n<li>Pa\u0144stwa adres e-mail;<\/li>\n<li>Pana\/Pani numer telefonu kontaktowego;<\/li>\n<li>Pa\u0144stwa adres dostawy;<\/li>\n<li>Data operacji;<\/li>\n<li>Kwota transakcji;<\/li>\n<li>Cel (dobro, za kt\u00f3re zap\u0142acono).<\/li>\n<\/ul>\n<p style=\"text-align: left;\">\u0179r\u00f3d\u0142em tych danych s\u0105 Pa\u0144stwo i osoby trzecie: Pa\u0144stwa operator kom\u00f3rkowy, bank lub instytucja pieni\u0105dza elektronicznego, w kt\u00f3rej posiadaj\u0105 Pa\u0144stwo konto. Dane Pa\u0144stwa karty bankowej (je\u015bli p\u0142ac\u0105 Pa\u0144stwo kart\u0105 bankow\u0105) lub dane konta bankowego (je\u015bli p\u0142ac\u0105 Pa\u0144stwo bezpo\u015brednim przelewem bankowym) nie s\u0105 przechowywane ani przetwarzane przez Metalo spalvos. Dane te s\u0105 przechowywane i przetwarzane przez strony trzecie w Paysera UAB (karty bankowe, bezpo\u015brednie przelewy bankowe). Przetwarzamy dane osobowe wymienione powy\u017cej w celu prawid\u0142owego administrowania i realizacji zawartych transakcji finansowych.<\/p>\n<\/div>\n<\/div>\n<div class=\"elementor-element elementor-element-1d472f5 elementor-widget elementor-widget-spacer\" data-id=\"1d472f5\" data-element_type=\"widget\" data-widget_type=\"spacer.default\">\n<div class=\"elementor-widget-container\">\n<p class=\"elementor-spacer\" style=\"text-align: left;\">\n<\/div>\n<\/div>","protected":false},"excerpt":{"rendered":"<p>Privatumo politika taikoma https:\/\/ignista.lt\/ interneto svetain\u0117je surinktai informacijai. Paai\u0161kiname, koki\u0105 informacij\u0105 apie Jus renkame, kai savo interneto nar\u0161ykl\u0117je naudojate https:\/\/ignista.lt\/<\/p>","protected":false},"author":1,"featured_media":0,"parent":0,"menu_order":0,"comment_status":"closed","ping_status":"closed","template":"","meta":{"footnotes":""},"class_list":["post-3","page","type-page","status-publish","hentry"],"yoast_head":"<!-- This site is optimized with the Yoast SEO plugin v27.4 - https:\/\/yoast.com\/product\/yoast-seo-wordpress\/ -->\n<title>Privatumo Politika | Ignista<\/title>\n<meta name=\"robots\" content=\"index, follow, max-snippet:-1, max-image-preview:large, max-video-preview:-1\" \/>\n<link rel=\"canonical\" href=\"https:\/\/ignista.lt\/pl\/privatumo-politika\/\" \/>\n<meta property=\"og:locale\" content=\"pl_PL\" \/>\n<meta property=\"og:type\" content=\"article\" \/>\n<meta property=\"og:title\" content=\"Privatumo Politika | Ignista\" \/>\n<meta property=\"og:description\" content=\"Privatumo politika taikoma https:\/\/ignista.lt\/ interneto svetain\u0117je surinktai informacijai. Paai\u0161kiname, koki\u0105 informacij\u0105 apie Jus renkame, kai savo interneto nar\u0161ykl\u0117je naudojate https:\/\/ignista.lt\/\" \/>\n<meta property=\"og:url\" content=\"https:\/\/ignista.lt\/pl\/privatumo-politika\/\" \/>\n<meta property=\"og:site_name\" content=\"Ignista\" \/>\n<meta property=\"article:modified_time\" content=\"2023-10-28T20:24:11+00:00\" \/>\n<meta property=\"og:image\" content=\"https:\/\/ignista.lt\/wp-content\/uploads\/2020\/01\/facebook-boost-reklama.jpg\" \/>\n\t<meta property=\"og:image:width\" content=\"1920\" \/>\n\t<meta property=\"og:image:height\" content=\"1005\" \/>\n\t<meta property=\"og:image:type\" content=\"image\/jpeg\" \/>\n<script type=\"application\/ld+json\" class=\"yoast-schema-graph\">{\"@context\":\"https:\\\/\\\/schema.org\",\"@graph\":[{\"@type\":\"WebPage\",\"@id\":\"https:\\\/\\\/ignista.lt\\\/privatumo-politika\\\/\",\"url\":\"https:\\\/\\\/ignista.lt\\\/privatumo-politika\\\/\",\"name\":\"Privatumo Politika | Ignista\",\"isPartOf\":{\"@id\":\"https:\\\/\\\/ignista.lt\\\/#website\"},\"datePublished\":\"2020-01-27T15:14:42+00:00\",\"dateModified\":\"2023-10-28T20:24:11+00:00\",\"breadcrumb\":{\"@id\":\"https:\\\/\\\/ignista.lt\\\/privatumo-politika\\\/#breadcrumb\"},\"inLanguage\":\"pl-PL\",\"potentialAction\":[{\"@type\":\"ReadAction\",\"target\":[\"https:\\\/\\\/ignista.lt\\\/privatumo-politika\\\/\"]}]},{\"@type\":\"BreadcrumbList\",\"@id\":\"https:\\\/\\\/ignista.lt\\\/privatumo-politika\\\/#breadcrumb\",\"itemListElement\":[{\"@type\":\"ListItem\",\"position\":1,\"name\":\"Home\",\"item\":\"https:\\\/\\\/ignista.lt\\\/lt\\\/\"},{\"@type\":\"ListItem\",\"position\":2,\"name\":\"Privatumo Politika\"}]},{\"@type\":\"WebSite\",\"@id\":\"https:\\\/\\\/ignista.lt\\\/#website\",\"url\":\"https:\\\/\\\/ignista.lt\\\/\",\"name\":\"Ignista\",\"description\":\"ner\u016bdijan\u010dio plieno krosnel\u0117s kubilams ir \u012fvair\u016bs metalo gaminiai\",\"potentialAction\":[{\"@type\":\"SearchAction\",\"target\":{\"@type\":\"EntryPoint\",\"urlTemplate\":\"https:\\\/\\\/ignista.lt\\\/?s={search_term_string}\"},\"query-input\":{\"@type\":\"PropertyValueSpecification\",\"valueRequired\":true,\"valueName\":\"search_term_string\"}}],\"inLanguage\":\"pl-PL\"}]}<\/script>\n<!-- \/ Yoast SEO plugin. -->","yoast_head_json":{"title":"Privatumo Politika | Ignista","robots":{"index":"index","follow":"follow","max-snippet":"max-snippet:-1","max-image-preview":"max-image-preview:large","max-video-preview":"max-video-preview:-1"},"canonical":"https:\/\/ignista.lt\/pl\/privatumo-politika\/","og_locale":"pl_PL","og_type":"article","og_title":"Privatumo Politika | Ignista","og_description":"Privatumo politika taikoma https:\/\/ignista.lt\/ interneto svetain\u0117je surinktai informacijai. Paai\u0161kiname, koki\u0105 informacij\u0105 apie Jus renkame, kai savo interneto nar\u0161ykl\u0117je naudojate https:\/\/ignista.lt\/","og_url":"https:\/\/ignista.lt\/pl\/privatumo-politika\/","og_site_name":"Ignista","article_modified_time":"2023-10-28T20:24:11+00:00","og_image":[{"width":1920,"height":1005,"url":"https:\/\/ignista.lt\/wp-content\/uploads\/2020\/01\/facebook-boost-reklama.jpg","type":"image\/jpeg"}],"schema":{"@context":"https:\/\/schema.org","@graph":[{"@type":"WebPage","@id":"https:\/\/ignista.lt\/privatumo-politika\/","url":"https:\/\/ignista.lt\/privatumo-politika\/","name":"Privatumo Politika | Ignista","isPartOf":{"@id":"https:\/\/ignista.lt\/#website"},"datePublished":"2020-01-27T15:14:42+00:00","dateModified":"2023-10-28T20:24:11+00:00","breadcrumb":{"@id":"https:\/\/ignista.lt\/privatumo-politika\/#breadcrumb"},"inLanguage":"pl-PL","potentialAction":[{"@type":"ReadAction","target":["https:\/\/ignista.lt\/privatumo-politika\/"]}]},{"@type":"BreadcrumbList","@id":"https:\/\/ignista.lt\/privatumo-politika\/#breadcrumb","itemListElement":[{"@type":"ListItem","position":1,"name":"Home","item":"https:\/\/ignista.lt\/lt\/"},{"@type":"ListItem","position":2,"name":"Privatumo Politika"}]},{"@type":"WebSite","@id":"https:\/\/ignista.lt\/#website","url":"https:\/\/ignista.lt\/","name":"Ignista","description":"ner\u016bdijan\u010dio plieno krosnel\u0117s kubilams ir \u012fvair\u016bs metalo gaminiai","potentialAction":[{"@type":"SearchAction","target":{"@type":"EntryPoint","urlTemplate":"https:\/\/ignista.lt\/?s={search_term_string}"},"query-input":{"@type":"PropertyValueSpecification","valueRequired":true,"valueName":"search_term_string"}}],"inLanguage":"pl-PL"}]}},"_links":{"self":[{"href":"https:\/\/ignista.lt\/pl\/wp-json\/wp\/v2\/pages\/3","targetHints":{"allow":["GET"]}}],"collection":[{"href":"https:\/\/ignista.lt\/pl\/wp-json\/wp\/v2\/pages"}],"about":[{"href":"https:\/\/ignista.lt\/pl\/wp-json\/wp\/v2\/types\/page"}],"author":[{"embeddable":true,"href":"https:\/\/ignista.lt\/pl\/wp-json\/wp\/v2\/users\/1"}],"replies":[{"embeddable":true,"href":"https:\/\/ignista.lt\/pl\/wp-json\/wp\/v2\/comments?post=3"}],"version-history":[{"count":0,"href":"https:\/\/ignista.lt\/pl\/wp-json\/wp\/v2\/pages\/3\/revisions"}],"wp:attachment":[{"href":"https:\/\/ignista.lt\/pl\/wp-json\/wp\/v2\/media?parent=3"}],"curies":[{"name":"wp","href":"https:\/\/api.w.org\/{rel}","templated":true}]}}