{"id":584,"date":"2025-09-23T16:54:16","date_gmt":"2025-09-23T13:54:16","guid":{"rendered":"https:\/\/ignista.lt\/?page_id=584"},"modified":"2026-01-29T21:49:02","modified_gmt":"2026-01-29T19:49:02","slug":"galerija","status":"publish","type":"page","link":"https:\/\/ignista.lt\/pl\/galerija\/","title":{"rendered":"Galeria"},"content":{"rendered":"\t\t<div data-elementor-type=\"wp-page\" data-elementor-id=\"584\" class=\"elementor elementor-584\" data-elementor-post-type=\"page\">\n\t\t\t\t\t\t<section class=\"elementor-section elementor-top-section elementor-element elementor-element-3cae0a9e elementor-section-full_width elementor-section-height-default elementor-section-height-default\" data-id=\"3cae0a9e\" data-element_type=\"section\" data-e-type=\"section\" id=\"home\">\n\t\t\t\t\t\t<div class=\"elementor-container elementor-column-gap-no\">\n\t\t\t\t\t<div class=\"elementor-column elementor-col-100 elementor-top-column elementor-element elementor-element-127be1f0\" data-id=\"127be1f0\" data-element_type=\"column\" data-e-type=\"column\">\n\t\t\t<div class=\"elementor-widget-wrap elementor-element-populated\">\n\t\t\t\t\t\t<div class=\"elementor-element elementor-element-31da4e72 elementor-widget elementor-widget-shortcode\" data-id=\"31da4e72\" data-element_type=\"widget\" data-e-type=\"widget\" data-widget_type=\"shortcode.default\">\n\t\t\t\t\t\t\t<div class=\"elementor-shortcode\"><\/div>\n\t\t\t\t\t\t<\/div>\n\t\t\t\t\t<\/div>\n\t\t<\/div>\n\t\t\t\t\t<\/div>\n\t\t<\/section>\n\t\t\t\t<section class=\"wd-negative-gap elementor-section elementor-top-section elementor-element elementor-element-1fd0c28a elementor-section-content-middle elementor-section-boxed elementor-section-height-default elementor-section-height-default elementor-invisible\" data-id=\"1fd0c28a\" data-element_type=\"section\" data-e-type=\"section\" data-settings=\"{&quot;animation&quot;:&quot;fadeIn&quot;}\">\n\t\t\t\t\t\t<div class=\"elementor-container elementor-column-gap-default\">\n\t\t\t\t\t<div class=\"elementor-column elementor-col-50 elementor-top-column elementor-element elementor-element-625ce70d\" data-id=\"625ce70d\" data-element_type=\"column\" data-e-type=\"column\">\n\t\t\t<div class=\"elementor-widget-wrap elementor-element-populated\">\n\t\t\t\t\t\t<div class=\"elementor-element elementor-element-4a31c3ba elementor-widget elementor-widget-image\" data-id=\"4a31c3ba\" data-element_type=\"widget\" data-e-type=\"widget\" data-widget_type=\"image.default\">\n\t\t\t\t\t\t\t\t\t\t\t\t\t\t\t<img decoding=\"async\" width=\"900\" height=\"1600\" src=\"https:\/\/ignista.lt\/wp-content\/uploads\/2025\/09\/WhatsApp-Image-2025-09-23-at-15.31.27_b8193ac8.jpg\" class=\"attachment-full size-full wp-image-554\" alt=\"\" srcset=\"https:\/\/ignista.lt\/wp-content\/uploads\/2025\/09\/WhatsApp-Image-2025-09-23-at-15.31.27_b8193ac8.jpg 900w, https:\/\/ignista.lt\/wp-content\/uploads\/2025\/09\/WhatsApp-Image-2025-09-23-at-15.31.27_b8193ac8-150x267.jpg 150w, https:\/\/ignista.lt\/wp-content\/uploads\/2025\/09\/WhatsApp-Image-2025-09-23-at-15.31.27_b8193ac8-700x1244.jpg 700w, https:\/\/ignista.lt\/wp-content\/uploads\/2025\/09\/WhatsApp-Image-2025-09-23-at-15.31.27_b8193ac8-169x300.jpg 169w, https:\/\/ignista.lt\/wp-content\/uploads\/2025\/09\/WhatsApp-Image-2025-09-23-at-15.31.27_b8193ac8-576x1024.jpg 576w, https:\/\/ignista.lt\/wp-content\/uploads\/2025\/09\/WhatsApp-Image-2025-09-23-at-15.31.27_b8193ac8-768x1365.jpg 768w, https:\/\/ignista.lt\/wp-content\/uploads\/2025\/09\/WhatsApp-Image-2025-09-23-at-15.31.27_b8193ac8-864x1536.jpg 864w\" sizes=\"(max-width: 900px) 100vw, 900px\" \/>\t\t\t\t\t\t\t\t\t\t\t\t\t\t\t<\/div>\n\t\t\t\t\t<\/div>\n\t\t<\/div>\n\t\t\t\t<div class=\"elementor-column elementor-col-50 elementor-top-column elementor-element elementor-element-3927d2c\" data-id=\"3927d2c\" data-element_type=\"column\" data-e-type=\"column\">\n\t\t\t<div class=\"elementor-widget-wrap elementor-element-populated\">\n\t\t\t\t\t\t<div class=\"elementor-element elementor-element-12472979 elementor-widget elementor-widget-heading\" data-id=\"12472979\" data-element_type=\"widget\" data-e-type=\"widget\" data-widget_type=\"heading.default\">\n\t\t\t\t\t<h3 class=\"elementor-heading-title elementor-size-default\">M\u016bs\u0173 gaminiai i\u0161 arti<\/h3>\t\t\t\t<\/div>\n\t\t\t\t<div class=\"elementor-element elementor-element-262465f1 color-scheme-inherit text-left elementor-widget elementor-widget-text-editor\" data-id=\"262465f1\" data-element_type=\"widget\" data-e-type=\"widget\" data-widget_type=\"text-editor.default\">\n\t\t\t\t\t\t\t\t\t<p>Kiekviena krosnel\u0117 gaminama su kruop\u0161tumu ir atidumu. Per\u017evelkite nuotraukas ir pamatykite, kaip atrodo m\u016bs\u0173 gamybos procesas ir galutinis rezultatas.<\/p>\t\t\t\t\t\t\t\t<\/div>\n\t\t\t\t\t<\/div>\n\t\t<\/div>\n\t\t\t\t\t<\/div>\n\t\t<\/section>\n\t\t\t\t<section class=\"elementor-section elementor-top-section elementor-element elementor-element-7319a10b elementor-section-content-middle elementor-section-boxed elementor-section-height-default elementor-section-height-default elementor-invisible\" data-id=\"7319a10b\" data-element_type=\"section\" data-e-type=\"section\" data-settings=\"{&quot;animation&quot;:&quot;fadeIn&quot;}\">\n\t\t\t\t\t\t<div class=\"elementor-container elementor-column-gap-default\">\n\t\t\t\t\t<div class=\"elementor-column elementor-col-100 elementor-top-column elementor-element elementor-element-154631e0\" data-id=\"154631e0\" data-element_type=\"column\" data-e-type=\"column\">\n\t\t\t<div class=\"elementor-widget-wrap elementor-element-populated\">\n\t\t\t\t\t\t<div class=\"elementor-element elementor-element-45f5ea6f elementor-widget elementor-widget-heading\" data-id=\"45f5ea6f\" data-element_type=\"widget\" data-e-type=\"widget\" id=\"susisiekti\" data-widget_type=\"heading.default\">\n\t\t\t\t\t<h3 class=\"elementor-heading-title elementor-size-default\">Susisiekite su mumis<\/h3>\t\t\t\t<\/div>\n\t\t\t\t<div class=\"elementor-element elementor-element-3144ae24 color-scheme-inherit text-left elementor-widget elementor-widget-text-editor\" data-id=\"3144ae24\" data-element_type=\"widget\" data-e-type=\"widget\" data-widget_type=\"text-editor.default\">\n\t\t\t\t\t\t\t\t\t<p>\u017demiau palikite savo vard\u0105, el. pa\u0161to adres\u0105 ir trump\u0105 \u017einut\u0119 apie tai, ko ie\u0161kote.<br data-start=\"236\" data-end=\"239\" \/>Arba skambinkite mums telefonu: <strong>+370 666 55 155<\/strong><\/p><p>Kaunas\u00a0 \u00a0 \u00a0 \u00a0 \u00a0 \u00a0 <strong>\u00a0<a href=\"mailto:Info@ignista.lt\">Info@ignista.lt<\/a><\/strong><\/p>\t\t\t\t\t\t\t\t<\/div>\n\t\t\t\t<div class=\"elementor-element elementor-element-129aaef8 elementor-button-align-center elementor-widget elementor-widget-form\" data-id=\"129aaef8\" data-element_type=\"widget\" data-e-type=\"widget\" data-settings=\"{&quot;step_next_label&quot;:&quot;Next&quot;,&quot;step_previous_label&quot;:&quot;Previous&quot;,&quot;button_width&quot;:&quot;100&quot;,&quot;step_type&quot;:&quot;number_text&quot;,&quot;step_icon_shape&quot;:&quot;circle&quot;}\" data-widget_type=\"form.default\">\n\t\t\t\t\t\t\t<form class=\"elementor-form\" method=\"post\" name=\"New Form\" aria-label=\"New Form\">\n\t\t\t<input type=\"hidden\" name=\"post_id\" value=\"584\"\/>\n\t\t\t<input type=\"hidden\" name=\"form_id\" value=\"129aaef8\"\/>\n\t\t\t<input type=\"hidden\" name=\"referer_title\" value=\"Galerija | Ignista\" \/>\n\n\t\t\t\t\t\t\t<input type=\"hidden\" name=\"queried_id\" value=\"584\"\/>\n\t\t\t\n\t\t\t<div class=\"elementor-form-fields-wrapper elementor-labels-\">\n\t\t\t\t\t\t\t\t<div class=\"elementor-field-type-text elementor-field-group elementor-column elementor-field-group-name elementor-col-50\">\n\t\t\t\t\t\t\t\t\t\t\t\t<label for=\"form-field-name\" class=\"elementor-field-label elementor-screen-only\">\n\t\t\t\t\t\t\t\tVardas\t\t\t\t\t\t\t<\/label>\n\t\t\t\t\t\t\t\t\t\t\t\t\t\t<input size=\"1\" type=\"text\" name=\"form_fields[name]\" id=\"form-field-name\" class=\"elementor-field elementor-size-sm  elementor-field-textual\" placeholder=\"J\u016bs\u0173 vardas\">\n\t\t\t\t\t\t\t\t\t\t\t<\/div>\n\t\t\t\t\t\t\t\t<div class=\"elementor-field-type-email elementor-field-group elementor-column elementor-field-group-email elementor-col-50 elementor-field-required\">\n\t\t\t\t\t\t\t\t\t\t\t\t<label for=\"form-field-email\" class=\"elementor-field-label elementor-screen-only\">\n\t\t\t\t\t\t\t\tEl. pa\u0161tas\t\t\t\t\t\t\t<\/label>\n\t\t\t\t\t\t\t\t\t\t\t\t\t\t<input size=\"1\" type=\"email\" name=\"form_fields[email]\" id=\"form-field-email\" class=\"elementor-field elementor-size-sm  elementor-field-textual\" placeholder=\"J\u016bs\u0173 el. pa\u0161to adresas\" required=\"required\">\n\t\t\t\t\t\t\t\t\t\t\t<\/div>\n\t\t\t\t\t\t\t\t<div class=\"elementor-field-type-textarea elementor-field-group elementor-column elementor-field-group-message elementor-col-100\">\n\t\t\t\t\t\t\t\t\t\t\t\t<label for=\"form-field-message\" class=\"elementor-field-label elementor-screen-only\">\n\t\t\t\t\t\t\t\t\u017dinut\u0117\t\t\t\t\t\t\t<\/label>\n\t\t\t\t\t\t<textarea class=\"elementor-field-textual elementor-field  elementor-size-sm\" name=\"form_fields[message]\" id=\"form-field-message\" rows=\"4\" placeholder=\"\u017dinut\u0117\"><\/textarea>\t\t\t\t<\/div>\n\t\t\t\t\t\t\t\t<div class=\"elementor-field-group elementor-column elementor-field-type-submit elementor-col-100 e-form__buttons\">\n\t\t\t\t\t<button class=\"elementor-button elementor-size-sm elementor-animation-grow\" type=\"submit\">\n\t\t\t\t\t\t<span class=\"elementor-button-content-wrapper\">\n\t\t\t\t\t\t\t\t\t\t\t\t\t\t\t\t\t\t\t\t\t\t<span class=\"elementor-button-text\">Si\u0173sti<\/span>\n\t\t\t\t\t\t\t\t\t\t\t\t\t<\/span>\n\t\t\t\t\t<\/button>\n\t\t\t\t<\/div>\n\t\t\t<\/div>\n\t\t<\/form>\n\t\t\t\t\t\t<\/div>\n\t\t\t\t<div class=\"elementor-element elementor-element-2b3db3af elementor-widget elementor-widget-spacer\" data-id=\"2b3db3af\" data-element_type=\"widget\" data-e-type=\"widget\" data-widget_type=\"spacer.default\">\n\t\t\t\t\t\t\t<div class=\"elementor-spacer\">\n\t\t\t<div class=\"elementor-spacer-inner\"><\/div>\n\t\t<\/div>\n\t\t\t\t\t\t<\/div>\n\t\t\t\t<div class=\"elementor-element elementor-element-20d67897 color-scheme-inherit text-left elementor-widget elementor-widget-text-editor\" data-id=\"20d67897\" data-element_type=\"widget\" data-e-type=\"widget\" data-widget_type=\"text-editor.default\">\n\t\t\t\t\t\t\t\t\t<p>\u012emon\u0117s kodas 306951694 <br \/>PVM mok\u0117tojo kodas LT100017067915 <br \/>Adresas: 9-ojo Forto g. 29C-1, LT-48100 Kaunas<\/p><p>Telefonas: <a href=\"callto:+37064187041\"><strong>+370 666 55 155<\/strong><\/a><\/p>\t\t\t\t\t\t\t\t<\/div>\n\t\t\t\t<div class=\"elementor-element elementor-element-cc47680 elementor-widget elementor-widget-spacer\" data-id=\"cc47680\" data-element_type=\"widget\" data-e-type=\"widget\" data-widget_type=\"spacer.default\">\n\t\t\t\t\t\t\t<div class=\"elementor-spacer\">\n\t\t\t<div class=\"elementor-spacer-inner\"><\/div>\n\t\t<\/div>\n\t\t\t\t\t\t<\/div>\n\t\t\t\t\t<\/div>\n\t\t<\/div>\n\t\t\t\t\t<\/div>\n\t\t<\/section>\n\t\t\t\t<section class=\"wd-negative-gap elementor-section elementor-top-section elementor-element elementor-element-621c2c82 elementor-section-boxed elementor-section-height-default elementor-section-height-default\" data-id=\"621c2c82\" data-element_type=\"section\" data-e-type=\"section\">\n\t\t\t\t\t\t<div class=\"elementor-container elementor-column-gap-default\">\n\t\t\t\t\t<div class=\"elementor-column elementor-col-100 elementor-top-column elementor-element elementor-element-50c18190\" data-id=\"50c18190\" data-element_type=\"column\" data-e-type=\"column\">\n\t\t\t<div class=\"elementor-widget-wrap\">\n\t\t\t\t\t\t\t<\/div>\n\t\t<\/div>\n\t\t\t\t\t<\/div>\n\t\t<\/section>\n\t\t\t\t<section class=\"wd-negative-gap elementor-section elementor-top-section elementor-element elementor-element-01fbd8a elementor-section-boxed elementor-section-height-default elementor-section-height-default\" data-id=\"01fbd8a\" data-element_type=\"section\" data-e-type=\"section\">\n\t\t\t\t\t\t<div class=\"elementor-container elementor-column-gap-default\">\n\t\t\t\t\t<div class=\"elementor-column elementor-col-100 elementor-top-column elementor-element elementor-element-f40ca5c\" data-id=\"f40ca5c\" data-element_type=\"column\" data-e-type=\"column\">\n\t\t\t<div class=\"elementor-widget-wrap elementor-element-populated\">\n\t\t\t\t\t\t\t<\/div>\n\t\t<\/div>\n\t\t\t\t\t<\/div>\n\t\t<\/section>\n\t\t\t\t<section class=\"wd-negative-gap elementor-section elementor-top-section elementor-element elementor-element-18acb34 elementor-section-boxed elementor-section-height-default elementor-section-height-default\" data-id=\"18acb34\" data-element_type=\"section\" data-e-type=\"section\">\n\t\t\t\t\t\t<div class=\"elementor-container elementor-column-gap-default\">\n\t\t\t\t\t<div class=\"elementor-column elementor-col-100 elementor-top-column elementor-element elementor-element-657bd5e\" data-id=\"657bd5e\" data-element_type=\"column\" data-e-type=\"column\">\n\t\t\t<div class=\"elementor-widget-wrap\">\n\t\t\t\t\t\t\t<\/div>\n\t\t<\/div>\n\t\t\t\t\t<\/div>\n\t\t<\/section>\n\t\t\t\t<\/div>\n\t\t","protected":false},"excerpt":{"rendered":"<p>M\u016bs\u0173 gaminiai i\u0161 arti Kiekviena krosnel\u0117 gaminama su kruop\u0161tumu ir atidumu. Per\u017evelkite nuotraukas ir pamatykite, kaip atrodo m\u016bs\u0173 gamybos procesas<\/p>","protected":false},"author":2,"featured_media":0,"parent":0,"menu_order":0,"comment_status":"closed","ping_status":"closed","template":"","meta":{"footnotes":""},"class_list":["post-584","page","type-page","status-publish","hentry"],"yoast_head":"<!-- This site is optimized with the Yoast SEO plugin v27.4 - https:\/\/yoast.com\/product\/yoast-seo-wordpress\/ -->\n<title>Galerija | Ignista<\/title>\n<meta name=\"robots\" content=\"index, follow, max-snippet:-1, max-image-preview:large, max-video-preview:-1\" \/>\n<link rel=\"canonical\" href=\"https:\/\/ignista.lt\/pl\/galerija\/\" \/>\n<meta property=\"og:locale\" content=\"pl_PL\" \/>\n<meta property=\"og:type\" content=\"article\" \/>\n<meta property=\"og:title\" content=\"Galerija | Ignista\" \/>\n<meta property=\"og:description\" content=\"M\u016bs\u0173 gaminiai i\u0161 arti Kiekviena krosnel\u0117 gaminama su kruop\u0161tumu ir atidumu. Per\u017evelkite nuotraukas ir pamatykite, kaip atrodo m\u016bs\u0173 gamybos procesas\" \/>\n<meta property=\"og:url\" content=\"https:\/\/ignista.lt\/pl\/galerija\/\" \/>\n<meta property=\"og:site_name\" content=\"Ignista\" \/>\n<meta property=\"article:modified_time\" content=\"2026-01-29T19:49:02+00:00\" \/>\n<meta property=\"og:image\" content=\"https:\/\/ignista.lt\/wp-content\/uploads\/2025\/09\/WhatsApp-Image-2025-09-23-at-15.31.27_b8193ac8.jpg\" \/>\n<script type=\"application\/ld+json\" class=\"yoast-schema-graph\">{\"@context\":\"https:\\\/\\\/schema.org\",\"@graph\":[{\"@type\":\"WebPage\",\"@id\":\"https:\\\/\\\/ignista.lt\\\/galerija\\\/\",\"url\":\"https:\\\/\\\/ignista.lt\\\/galerija\\\/\",\"name\":\"Galerija | Ignista\",\"isPartOf\":{\"@id\":\"https:\\\/\\\/ignista.lt\\\/#website\"},\"primaryImageOfPage\":{\"@id\":\"https:\\\/\\\/ignista.lt\\\/galerija\\\/#primaryimage\"},\"image\":{\"@id\":\"https:\\\/\\\/ignista.lt\\\/galerija\\\/#primaryimage\"},\"thumbnailUrl\":\"https:\\\/\\\/ignista.lt\\\/wp-content\\\/uploads\\\/2025\\\/09\\\/WhatsApp-Image-2025-09-23-at-15.31.27_b8193ac8.jpg\",\"datePublished\":\"2025-09-23T13:54:16+00:00\",\"dateModified\":\"2026-01-29T19:49:02+00:00\",\"breadcrumb\":{\"@id\":\"https:\\\/\\\/ignista.lt\\\/galerija\\\/#breadcrumb\"},\"inLanguage\":\"pl-PL\",\"potentialAction\":[{\"@type\":\"ReadAction\",\"target\":[\"https:\\\/\\\/ignista.lt\\\/galerija\\\/\"]}]},{\"@type\":\"ImageObject\",\"inLanguage\":\"pl-PL\",\"@id\":\"https:\\\/\\\/ignista.lt\\\/galerija\\\/#primaryimage\",\"url\":\"https:\\\/\\\/ignista.lt\\\/wp-content\\\/uploads\\\/2025\\\/09\\\/WhatsApp-Image-2025-09-23-at-15.31.27_b8193ac8.jpg\",\"contentUrl\":\"https:\\\/\\\/ignista.lt\\\/wp-content\\\/uploads\\\/2025\\\/09\\\/WhatsApp-Image-2025-09-23-at-15.31.27_b8193ac8.jpg\"},{\"@type\":\"BreadcrumbList\",\"@id\":\"https:\\\/\\\/ignista.lt\\\/galerija\\\/#breadcrumb\",\"itemListElement\":[{\"@type\":\"ListItem\",\"position\":1,\"name\":\"Home\",\"item\":\"https:\\\/\\\/ignista.lt\\\/lt\\\/\"},{\"@type\":\"ListItem\",\"position\":2,\"name\":\"Galerija\"}]},{\"@type\":\"WebSite\",\"@id\":\"https:\\\/\\\/ignista.lt\\\/#website\",\"url\":\"https:\\\/\\\/ignista.lt\\\/\",\"name\":\"Ignista\",\"description\":\"ner\u016bdijan\u010dio plieno krosnel\u0117s kubilams ir \u012fvair\u016bs metalo gaminiai\",\"potentialAction\":[{\"@type\":\"SearchAction\",\"target\":{\"@type\":\"EntryPoint\",\"urlTemplate\":\"https:\\\/\\\/ignista.lt\\\/?s={search_term_string}\"},\"query-input\":{\"@type\":\"PropertyValueSpecification\",\"valueRequired\":true,\"valueName\":\"search_term_string\"}}],\"inLanguage\":\"pl-PL\"}]}<\/script>\n<!-- \/ Yoast SEO plugin. -->","yoast_head_json":{"title":"Galerija | Ignista","robots":{"index":"index","follow":"follow","max-snippet":"max-snippet:-1","max-image-preview":"max-image-preview:large","max-video-preview":"max-video-preview:-1"},"canonical":"https:\/\/ignista.lt\/pl\/galerija\/","og_locale":"pl_PL","og_type":"article","og_title":"Galerija | Ignista","og_description":"M\u016bs\u0173 gaminiai i\u0161 arti Kiekviena krosnel\u0117 gaminama su kruop\u0161tumu ir atidumu. Per\u017evelkite nuotraukas ir pamatykite, kaip atrodo m\u016bs\u0173 gamybos procesas","og_url":"https:\/\/ignista.lt\/pl\/galerija\/","og_site_name":"Ignista","article_modified_time":"2026-01-29T19:49:02+00:00","og_image":[{"url":"https:\/\/ignista.lt\/wp-content\/uploads\/2025\/09\/WhatsApp-Image-2025-09-23-at-15.31.27_b8193ac8.jpg","type":"","width":"","height":""}],"schema":{"@context":"https:\/\/schema.org","@graph":[{"@type":"WebPage","@id":"https:\/\/ignista.lt\/galerija\/","url":"https:\/\/ignista.lt\/galerija\/","name":"Galerija | Ignista","isPartOf":{"@id":"https:\/\/ignista.lt\/#website"},"primaryImageOfPage":{"@id":"https:\/\/ignista.lt\/galerija\/#primaryimage"},"image":{"@id":"https:\/\/ignista.lt\/galerija\/#primaryimage"},"thumbnailUrl":"https:\/\/ignista.lt\/wp-content\/uploads\/2025\/09\/WhatsApp-Image-2025-09-23-at-15.31.27_b8193ac8.jpg","datePublished":"2025-09-23T13:54:16+00:00","dateModified":"2026-01-29T19:49:02+00:00","breadcrumb":{"@id":"https:\/\/ignista.lt\/galerija\/#breadcrumb"},"inLanguage":"pl-PL","potentialAction":[{"@type":"ReadAction","target":["https:\/\/ignista.lt\/galerija\/"]}]},{"@type":"ImageObject","inLanguage":"pl-PL","@id":"https:\/\/ignista.lt\/galerija\/#primaryimage","url":"https:\/\/ignista.lt\/wp-content\/uploads\/2025\/09\/WhatsApp-Image-2025-09-23-at-15.31.27_b8193ac8.jpg","contentUrl":"https:\/\/ignista.lt\/wp-content\/uploads\/2025\/09\/WhatsApp-Image-2025-09-23-at-15.31.27_b8193ac8.jpg"},{"@type":"BreadcrumbList","@id":"https:\/\/ignista.lt\/galerija\/#breadcrumb","itemListElement":[{"@type":"ListItem","position":1,"name":"Home","item":"https:\/\/ignista.lt\/lt\/"},{"@type":"ListItem","position":2,"name":"Galerija"}]},{"@type":"WebSite","@id":"https:\/\/ignista.lt\/#website","url":"https:\/\/ignista.lt\/","name":"Ignista","description":"ner\u016bdijan\u010dio plieno krosnel\u0117s kubilams ir \u012fvair\u016bs metalo gaminiai","potentialAction":[{"@type":"SearchAction","target":{"@type":"EntryPoint","urlTemplate":"https:\/\/ignista.lt\/?s={search_term_string}"},"query-input":{"@type":"PropertyValueSpecification","valueRequired":true,"valueName":"search_term_string"}}],"inLanguage":"pl-PL"}]}},"_links":{"self":[{"href":"https:\/\/ignista.lt\/pl\/wp-json\/wp\/v2\/pages\/584","targetHints":{"allow":["GET"]}}],"collection":[{"href":"https:\/\/ignista.lt\/pl\/wp-json\/wp\/v2\/pages"}],"about":[{"href":"https:\/\/ignista.lt\/pl\/wp-json\/wp\/v2\/types\/page"}],"author":[{"embeddable":true,"href":"https:\/\/ignista.lt\/pl\/wp-json\/wp\/v2\/users\/2"}],"replies":[{"embeddable":true,"href":"https:\/\/ignista.lt\/pl\/wp-json\/wp\/v2\/comments?post=584"}],"version-history":[{"count":1,"href":"https:\/\/ignista.lt\/pl\/wp-json\/wp\/v2\/pages\/584\/revisions"}],"predecessor-version":[{"id":29367,"href":"https:\/\/ignista.lt\/pl\/wp-json\/wp\/v2\/pages\/584\/revisions\/29367"}],"wp:attachment":[{"href":"https:\/\/ignista.lt\/pl\/wp-json\/wp\/v2\/media?parent=584"}],"curies":[{"name":"wp","href":"https:\/\/api.w.org\/{rel}","templated":true}]}}