{"id":29463,"date":"2026-02-01T18:41:07","date_gmt":"2026-02-01T16:41:07","guid":{"rendered":"https:\/\/ignista.lt\/?post_type=product&#038;p=29463"},"modified":"2026-02-10T16:04:58","modified_gmt":"2026-02-10T14:04:58","slug":"nerudijancio-plieno-malkine-isorine-krosnele-23kw-50cm-aisi316","status":"publish","type":"product","link":"https:\/\/ignista.lt\/pl\/parduotuve\/krosneles\/nerudijancio-plieno-malkine-isorine-krosnele-23kw-50cm-aisi316\/","title":{"rendered":"Zewn\u0119trzny piec na drewno ze stali nierdzewnej 23KW 50cm (AISI316)"},"content":{"rendered":"<p>&nbsp;<\/p>\n<div style=\"width: 2560px;\" class=\"wp-video\"><video class=\"wp-video-shortcode\" id=\"video-29463-1\" width=\"2560\" height=\"1436\" loop autoplay preload=\"auto\" controls=\"controls\"><source type=\"video\/mp4\" src=\"https:\/\/ignista.lt\/wp-content\/uploads\/2025\/09\/2017.0-1.mp4?_=1\" \/><a href=\"https:\/\/ignista.lt\/wp-content\/uploads\/2025\/09\/2017.0-1.mp4\">https:\/\/ignista.lt\/wp-content\/uploads\/2025\/09\/2017.0-1.mp4<\/a><\/video><\/div>\n<h1 data-start=\"167\" data-end=\"215\">Zewn\u0119trzny piec opalany drewnem do zewn\u0119trznych wanien z hydromasa\u017cem<\/h1>\n<p data-start=\"217\" data-end=\"467\"><strong data-start=\"217\" data-end=\"252\">Zewn\u0119trzny piec opalany drewnem Kubilo<\/strong> - to wydajne, niezawodne i trwa\u0142e rozwi\u0105zanie do podgrzewania wody w jacuzzi na zewn\u0105trz. Zewn\u0119trzna konstrukcja pozwala szybko podnie\u015b\u0107 temperatur\u0119 wody, nie zajmuj\u0105c miejsca w samej wannie z hydromasa\u017cem i zapewniaj\u0105c bezpieczniejsze u\u017cytkowanie.<\/p>\n<p data-start=\"469\" data-end=\"641\">To <strong data-start=\"472\" data-end=\"500\">piec opalany drewnem do wanny z hydromasa\u017cem<\/strong> Idealny do u\u017cytku prywatnego, a tak\u017ce do gospodarstw wiejskich lub obszar\u00f3w spa, gdzie wa\u017cne jest szybkie ogrzewanie i niezawodna konstrukcja.<\/p>\n<hr data-start=\"643\" data-end=\"646\" \/>\n<h2 data-start=\"648\" data-end=\"703\">Dlaczego warto wybra\u0107 zewn\u0119trzny piec opalany drewnem do wanny z hydromasa\u017cem?<\/h2>\n<ul data-start=\"705\" data-end=\"1030\">\n<li data-start=\"705\" data-end=\"777\">\n<p data-start=\"707\" data-end=\"777\"><strong data-start=\"710\" data-end=\"738\">Szybkie podgrzewanie wody<\/strong> - Wydajny system wymiany ciep\u0142a<\/p>\n<\/li>\n<li data-start=\"778\" data-end=\"847\">\n<p data-start=\"780\" data-end=\"847\"><strong data-start=\"783\" data-end=\"804\">Opalany drewnem<\/strong> - ekonomiczny i naturalny spos\u00f3b ogrzewania<\/p>\n<\/li>\n<li data-start=\"848\" data-end=\"910\">\n<p data-start=\"850\" data-end=\"910\"><strong data-start=\"853\" data-end=\"878\">Wi\u0119cej miejsca w wannie z hydromasa\u017cem<\/strong> - piec jest montowany zewn\u0119trznie<\/p>\n<\/li>\n<li data-start=\"911\" data-end=\"987\">\n<p data-start=\"913\" data-end=\"987\"><strong data-start=\"917\" data-end=\"936\">Bezpieczniejszy w u\u017cyciu<\/strong> - brak bezpo\u015bredniego kontaktu z gor\u0105cymi powierzchniami<\/p>\n<\/li>\n<li data-start=\"988\" data-end=\"1030\">\n<p data-start=\"990\" data-end=\"1030\"><strong data-start=\"993\" data-end=\"1030\">Nadaje si\u0119 do u\u017cytku we wszystkich porach roku<\/strong><\/p>\n<\/li>\n<\/ul>\n<p data-start=\"1032\" data-end=\"1194\"><strong data-start=\"1032\" data-end=\"1059\">Zewn\u0119trzny piec do wanny z hydromasa\u017cem<\/strong> Zapewnia sta\u0142\u0105 cyrkulacj\u0119 wody, dzi\u0119ki czemu ciep\u0142o jest r\u00f3wnomiernie rozprowadzane, a woda nagrzewa si\u0119 szybciej ni\u017c w przypadku piec\u00f3w wewn\u0119trznych.<\/p>\n<hr data-start=\"1196\" data-end=\"1199\" \/>\n<h2 data-start=\"1201\" data-end=\"1247\">Piec ze stali nierdzewnej do zewn\u0119trznych wanien z hydromasa\u017cem<\/h2>\n<p data-start=\"1249\" data-end=\"1338\">To <strong data-start=\"1252\" data-end=\"1291\">Piec do wanny z hydromasa\u017cem ze stali nierdzewnej<\/strong> wykonane z wysokiej jako\u015bci metalu, odporne na:<\/p>\n<ul data-start=\"1339\" data-end=\"1414\">\n<li data-start=\"1339\" data-end=\"1363\">\n<p data-start=\"1341\" data-end=\"1363\">dla wysokich temperatur<\/p>\n<\/li>\n<li data-start=\"1364\" data-end=\"1375\">\n<p data-start=\"1366\" data-end=\"1375\">dla wilgotno\u015bci<\/p>\n<\/li>\n<li data-start=\"1376\" data-end=\"1389\">\n<p data-start=\"1378\" data-end=\"1389\">dla korozji<\/p>\n<\/li>\n<li data-start=\"1390\" data-end=\"1414\">\n<p data-start=\"1392\" data-end=\"1414\">do intensywnego u\u017cytkowania<\/p>\n<\/li>\n<\/ul>\n<p data-start=\"1416\" data-end=\"1504\">Solidna konstrukcja gwarantuje d\u0142ug\u0105 \u017cywotno\u015b\u0107, nawet w trudnych warunkach zewn\u0119trznych.<\/p>\n<hr data-start=\"1506\" data-end=\"1509\" \/>\n<h2 data-start=\"1511\" data-end=\"1558\">Jak dzia\u0142a piec do podgrzewania wody w wannie z hydromasa\u017cem?<\/h2>\n<p data-start=\"1560\" data-end=\"1661\"><strong data-start=\"1560\" data-end=\"1595\">Piec do podgrzewania wody w wannie z hydromasa\u017cem<\/strong> pod\u0142\u0105czone do wlotu i wylotu wody w wannie z hydromasa\u017cem. Do spalania drewna:<\/p>\n<ol data-start=\"1662\" data-end=\"1769\">\n<li data-start=\"1662\" data-end=\"1698\">\n<p data-start=\"1665\" data-end=\"1698\">Woda kr\u0105\u017c\u0105ca w piecu<\/p>\n<\/li>\n<li data-start=\"1699\" data-end=\"1730\">\n<p data-start=\"1702\" data-end=\"1730\">Ogrzewanie z komory spalania<\/p>\n<\/li>\n<li data-start=\"1731\" data-end=\"1769\">\n<p data-start=\"1734\" data-end=\"1769\">Wraca do wanny z hydromasa\u017cem, ju\u017c rozgrzanej<\/p>\n<\/li>\n<\/ol>\n<p data-start=\"1771\" data-end=\"1865\">Wydajna konstrukcja zapewnia optymaln\u0105 szybko\u015b\u0107 ogrzewania i zmniejsza zu\u017cycie drewna.<\/p>\n<hr data-start=\"1867\" data-end=\"1870\" \/>\n<h2 data-start=\"1872\" data-end=\"1895\">Informacje techniczne<\/h2>\n<ul data-start=\"1897\" data-end=\"2142\">\n<li data-start=\"1897\" data-end=\"1935\">\n<p data-start=\"1899\" data-end=\"1935\">Typ pieca: <strong data-start=\"1916\" data-end=\"1935\">zewn\u0119trzna drewutnia<\/strong><\/p>\n<\/li>\n<li data-start=\"1936\" data-end=\"1967\">\n<p data-start=\"1938\" data-end=\"1967\">Cel: <strong data-start=\"1949\" data-end=\"1967\">zewn\u0119trzne wanny z hydromasa\u017cem<\/strong><\/p>\n<\/li>\n<li data-start=\"1968\" data-end=\"2004\">\n<p data-start=\"1970\" data-end=\"2004\">Materia\u0142: <strong data-start=\"1980\" data-end=\"2004\">stal nierdzewna<\/strong><\/p>\n<\/li>\n<li data-start=\"2005\" data-end=\"2030\">\n<p data-start=\"2007\" data-end=\"2030\">Ogrzewanie: <strong data-start=\"2018\" data-end=\"2030\">drewno opa\u0142owe<\/strong><\/p>\n<\/li>\n<li data-start=\"2031\" data-end=\"2051\">\n<p data-start=\"2033\" data-end=\"2051\">Po\u0142\u0105czenie stosu: \u2714\ufe0f<\/p>\n<\/li>\n<li data-start=\"2052\" data-end=\"2076\">\n<p data-start=\"2054\" data-end=\"2076\">Przy\u0142\u0105cza wodne: \u2714\ufe0f<\/p>\n<\/li>\n<li data-start=\"2077\" data-end=\"2142\">\n<p data-start=\"2079\" data-end=\"2142\">Nadaje si\u0119 do wanien z hydromasa\u017cem: od ~1000 do 2000 l (w zale\u017cno\u015bci od modelu)<\/p>\n<\/li>\n<\/ul>\n<blockquote data-start=\"2144\" data-end=\"2235\">\n<p data-start=\"2146\" data-end=\"2235\">\u00a0Prosz\u0119 odnie\u015b\u0107 si\u0119 do specyfikacji produktu w celu uzyskania dok\u0142adnych wymiar\u00f3w, wydajno\u015bci i \u015brednic po\u0142\u0105cze\u0144.<\/p>\n<\/blockquote>\n<hr data-start=\"2237\" data-end=\"2240\" \/>\n<h2 data-start=\"2242\" data-end=\"2294\">Do czego najlepiej nadaje si\u0119 ten piec opalany drewnem?<\/h2>\n<p data-start=\"2296\" data-end=\"2416\">\u00a0Dla podw\u00f3rek prywatnych<br data-start=\"2317\" data-end=\"2320\" \/>\u00a0Dla gospodarstw rolnych i firm wynajmuj\u0105cych<br data-start=\"2349\" data-end=\"2352\" \/>\u00a0Do zimowych k\u0105pieli<br data-start=\"2371\" data-end=\"2374\" \/>\u00a0Do d\u0142ugotrwa\u0142ego i intensywnego u\u017cytkowania<\/p>\n<hr data-start=\"2418\" data-end=\"2421\" \/>\n<h2 data-start=\"2423\" data-end=\"2480\">Dlaczego warto kupi\u0107 t\u0119 zewn\u0119trzn\u0105 wann\u0119 z hydromasa\u017cem?<\/h2>\n<ul data-start=\"2482\" data-end=\"2639\">\n<li data-start=\"2482\" data-end=\"2518\">\n<p data-start=\"2484\" data-end=\"2518\">Sprawdzona, praktyczna konstrukcja<\/p>\n<\/li>\n<li data-start=\"2519\" data-end=\"2552\">\n<p data-start=\"2521\" data-end=\"2552\">Wysoka sprawno\u015b\u0107 cieplna<\/p>\n<\/li>\n<li data-start=\"2553\" data-end=\"2575\">\n<p data-start=\"2555\" data-end=\"2575\">\u0141atwa konserwacja<\/p>\n<\/li>\n<li data-start=\"2576\" data-end=\"2601\">\n<p data-start=\"2578\" data-end=\"2601\">Wytrzyma\u0142a konstrukcja<\/p>\n<\/li>\n<li data-start=\"2602\" data-end=\"2639\">\n<p data-start=\"2604\" data-end=\"2639\">Doskona\u0142y stosunek jako\u015bci do ceny<\/p>\n<\/li>\n<\/ul>","protected":false},"excerpt":{"rendered":"<p>&nbsp; Kubilo i\u0161orin\u0117 malkin\u0117 krosnel\u0117 lauko kubilams Kubilo i\u0161orin\u0117 malkin\u0117 krosnel\u0117 &#8211; tai efektyvus, patikimas ir ilgaam\u017eis sprendimas lauko kubilo<\/p>","protected":false},"featured_media":666,"template":"","meta":[],"product_brand":[],"product_cat":[29],"product_tag":[],"class_list":{"0":"post-29463","1":"product","2":"type-product","3":"status-publish","4":"has-post-thumbnail","6":"product_cat-krosneles","8":"first","9":"instock","10":"taxable","11":"shipping-taxable","12":"purchasable","13":"product-type-simple"},"yoast_head":"<!-- This site is optimized with the Yoast SEO plugin v27.4 - https:\/\/yoast.com\/product\/yoast-seo-wordpress\/ -->\n<title>Ner\u016bdijan\u010dio plieno malkin\u0117 i\u0161orin\u0117 krosnel\u0117 23KW 50cm (AISI316) | Ignista<\/title>\n<meta name=\"description\" content=\"Ner\u016bdijan\u010dio plieno malkin\u0117 i\u0161orin\u0117 krosnel\u0117 23KW 50cm (AISI316) - Kubilo i\u0161orin\u0117 malkin\u0117 krosnel\u0117 - efektyvus lauko kubilo vandens \u0161ildymas malkomis. Ner\u016bdijantis plienas, greitas \u012fkaitimas, ilgaam\u017e\u0117 konstrukcija.\" \/>\n<meta name=\"robots\" content=\"index, follow, max-snippet:-1, max-image-preview:large, max-video-preview:-1\" \/>\n<link rel=\"canonical\" href=\"https:\/\/ignista.lt\/pl\/parduotuve\/krosneles\/nerudijancio-plieno-malkine-isorine-krosnele-23kw-50cm-aisi316\/\" \/>\n<meta property=\"og:locale\" content=\"pl_PL\" \/>\n<meta property=\"og:type\" content=\"article\" \/>\n<meta property=\"og:title\" content=\"Ner\u016bdijan\u010dio plieno malkin\u0117 i\u0161orin\u0117 krosnel\u0117 23KW 50cm (AISI316) | Ignista\" \/>\n<meta property=\"og:description\" content=\"Ner\u016bdijan\u010dio plieno malkin\u0117 i\u0161orin\u0117 krosnel\u0117 23KW 50cm (AISI316) - Kubilo i\u0161orin\u0117 malkin\u0117 krosnel\u0117 - efektyvus lauko kubilo vandens \u0161ildymas malkomis. Ner\u016bdijantis plienas, greitas \u012fkaitimas, ilgaam\u017e\u0117 konstrukcija.\" \/>\n<meta property=\"og:url\" content=\"https:\/\/ignista.lt\/pl\/parduotuve\/krosneles\/nerudijancio-plieno-malkine-isorine-krosnele-23kw-50cm-aisi316\/\" \/>\n<meta property=\"og:site_name\" content=\"Ignista\" \/>\n<meta property=\"article:modified_time\" content=\"2026-02-10T14:04:58+00:00\" \/>\n<meta property=\"og:image\" content=\"https:\/\/ignista.lt\/wp-content\/uploads\/2025\/09\/isorine-50cm.15-scaled.jpg\" \/>\n\t<meta property=\"og:image:width\" content=\"2560\" \/>\n\t<meta property=\"og:image:height\" content=\"1600\" \/>\n\t<meta property=\"og:image:type\" content=\"image\/jpeg\" \/>\n<script type=\"application\/ld+json\" class=\"yoast-schema-graph\">{\"@context\":\"https:\\\/\\\/schema.org\",\"@graph\":[{\"@type\":\"WebPage\",\"@id\":\"https:\\\/\\\/ignista.lt\\\/parduotuve\\\/krosneles\\\/nerudijancio-plieno-malkine-isorine-krosnele-23kw-50cm-aisi316\\\/\",\"url\":\"https:\\\/\\\/ignista.lt\\\/parduotuve\\\/krosneles\\\/nerudijancio-plieno-malkine-isorine-krosnele-23kw-50cm-aisi316\\\/\",\"name\":\"Ner\u016bdijan\u010dio plieno malkin\u0117 i\u0161orin\u0117 krosnel\u0117 23KW 50cm (AISI316) | Ignista\",\"isPartOf\":{\"@id\":\"https:\\\/\\\/ignista.lt\\\/#website\"},\"primaryImageOfPage\":{\"@id\":\"https:\\\/\\\/ignista.lt\\\/parduotuve\\\/krosneles\\\/nerudijancio-plieno-malkine-isorine-krosnele-23kw-50cm-aisi316\\\/#primaryimage\"},\"image\":{\"@id\":\"https:\\\/\\\/ignista.lt\\\/parduotuve\\\/krosneles\\\/nerudijancio-plieno-malkine-isorine-krosnele-23kw-50cm-aisi316\\\/#primaryimage\"},\"thumbnailUrl\":\"https:\\\/\\\/ignista.lt\\\/wp-content\\\/uploads\\\/2025\\\/09\\\/isorine-50cm.15-scaled.jpg\",\"datePublished\":\"2026-02-01T16:41:07+00:00\",\"dateModified\":\"2026-02-10T14:04:58+00:00\",\"description\":\"Ner\u016bdijan\u010dio plieno malkin\u0117 i\u0161orin\u0117 krosnel\u0117 23KW 50cm (AISI316) - Kubilo i\u0161orin\u0117 malkin\u0117 krosnel\u0117 - efektyvus lauko kubilo vandens \u0161ildymas malkomis. Ner\u016bdijantis plienas, greitas \u012fkaitimas, ilgaam\u017e\u0117 konstrukcija.\",\"breadcrumb\":{\"@id\":\"https:\\\/\\\/ignista.lt\\\/parduotuve\\\/krosneles\\\/nerudijancio-plieno-malkine-isorine-krosnele-23kw-50cm-aisi316\\\/#breadcrumb\"},\"inLanguage\":\"pl-PL\",\"potentialAction\":[{\"@type\":\"ReadAction\",\"target\":[\"https:\\\/\\\/ignista.lt\\\/parduotuve\\\/krosneles\\\/nerudijancio-plieno-malkine-isorine-krosnele-23kw-50cm-aisi316\\\/\"]}]},{\"@type\":\"ImageObject\",\"inLanguage\":\"pl-PL\",\"@id\":\"https:\\\/\\\/ignista.lt\\\/parduotuve\\\/krosneles\\\/nerudijancio-plieno-malkine-isorine-krosnele-23kw-50cm-aisi316\\\/#primaryimage\",\"url\":\"https:\\\/\\\/ignista.lt\\\/wp-content\\\/uploads\\\/2025\\\/09\\\/isorine-50cm.15-scaled.jpg\",\"contentUrl\":\"https:\\\/\\\/ignista.lt\\\/wp-content\\\/uploads\\\/2025\\\/09\\\/isorine-50cm.15-scaled.jpg\",\"width\":2560,\"height\":1600},{\"@type\":\"BreadcrumbList\",\"@id\":\"https:\\\/\\\/ignista.lt\\\/parduotuve\\\/krosneles\\\/nerudijancio-plieno-malkine-isorine-krosnele-23kw-50cm-aisi316\\\/#breadcrumb\",\"itemListElement\":[{\"@type\":\"ListItem\",\"position\":1,\"name\":\"Home\",\"item\":\"https:\\\/\\\/ignista.lt\\\/lt\\\/\"},{\"@type\":\"ListItem\",\"position\":2,\"name\":\"Parduotuv\u0117\",\"item\":\"https:\\\/\\\/ignista.lt\\\/lt\\\/parduotuve\\\/\"},{\"@type\":\"ListItem\",\"position\":3,\"name\":\"Ner\u016bdijan\u010dio plieno malkin\u0117 i\u0161orin\u0117 krosnel\u0117 23KW 50cm (AISI316)\"}]},{\"@type\":\"WebSite\",\"@id\":\"https:\\\/\\\/ignista.lt\\\/#website\",\"url\":\"https:\\\/\\\/ignista.lt\\\/\",\"name\":\"Ignista\",\"description\":\"ner\u016bdijan\u010dio plieno krosnel\u0117s kubilams ir \u012fvair\u016bs metalo gaminiai\",\"potentialAction\":[{\"@type\":\"SearchAction\",\"target\":{\"@type\":\"EntryPoint\",\"urlTemplate\":\"https:\\\/\\\/ignista.lt\\\/?s={search_term_string}\"},\"query-input\":{\"@type\":\"PropertyValueSpecification\",\"valueRequired\":true,\"valueName\":\"search_term_string\"}}],\"inLanguage\":\"pl-PL\"}]}<\/script>\n<!-- \/ Yoast SEO plugin. -->","yoast_head_json":{"title":"Ner\u016bdijan\u010dio plieno malkin\u0117 i\u0161orin\u0117 krosnel\u0117 23KW 50cm (AISI316) | Ignista","description":"Ner\u016bdijan\u010dio plieno malkin\u0117 i\u0161orin\u0117 krosnel\u0117 23KW 50cm (AISI316) - Kubilo i\u0161orin\u0117 malkin\u0117 krosnel\u0117 - efektyvus lauko kubilo vandens \u0161ildymas malkomis. Ner\u016bdijantis plienas, greitas \u012fkaitimas, ilgaam\u017e\u0117 konstrukcija.","robots":{"index":"index","follow":"follow","max-snippet":"max-snippet:-1","max-image-preview":"max-image-preview:large","max-video-preview":"max-video-preview:-1"},"canonical":"https:\/\/ignista.lt\/pl\/parduotuve\/krosneles\/nerudijancio-plieno-malkine-isorine-krosnele-23kw-50cm-aisi316\/","og_locale":"pl_PL","og_type":"article","og_title":"Ner\u016bdijan\u010dio plieno malkin\u0117 i\u0161orin\u0117 krosnel\u0117 23KW 50cm (AISI316) | Ignista","og_description":"Ner\u016bdijan\u010dio plieno malkin\u0117 i\u0161orin\u0117 krosnel\u0117 23KW 50cm (AISI316) - Kubilo i\u0161orin\u0117 malkin\u0117 krosnel\u0117 - efektyvus lauko kubilo vandens \u0161ildymas malkomis. Ner\u016bdijantis plienas, greitas \u012fkaitimas, ilgaam\u017e\u0117 konstrukcija.","og_url":"https:\/\/ignista.lt\/pl\/parduotuve\/krosneles\/nerudijancio-plieno-malkine-isorine-krosnele-23kw-50cm-aisi316\/","og_site_name":"Ignista","article_modified_time":"2026-02-10T14:04:58+00:00","og_image":[{"width":2560,"height":1600,"url":"https:\/\/ignista.lt\/wp-content\/uploads\/2025\/09\/isorine-50cm.15-scaled.jpg","type":"image\/jpeg"}],"schema":{"@context":"https:\/\/schema.org","@graph":[{"@type":"WebPage","@id":"https:\/\/ignista.lt\/parduotuve\/krosneles\/nerudijancio-plieno-malkine-isorine-krosnele-23kw-50cm-aisi316\/","url":"https:\/\/ignista.lt\/parduotuve\/krosneles\/nerudijancio-plieno-malkine-isorine-krosnele-23kw-50cm-aisi316\/","name":"Ner\u016bdijan\u010dio plieno malkin\u0117 i\u0161orin\u0117 krosnel\u0117 23KW 50cm (AISI316) | Ignista","isPartOf":{"@id":"https:\/\/ignista.lt\/#website"},"primaryImageOfPage":{"@id":"https:\/\/ignista.lt\/parduotuve\/krosneles\/nerudijancio-plieno-malkine-isorine-krosnele-23kw-50cm-aisi316\/#primaryimage"},"image":{"@id":"https:\/\/ignista.lt\/parduotuve\/krosneles\/nerudijancio-plieno-malkine-isorine-krosnele-23kw-50cm-aisi316\/#primaryimage"},"thumbnailUrl":"https:\/\/ignista.lt\/wp-content\/uploads\/2025\/09\/isorine-50cm.15-scaled.jpg","datePublished":"2026-02-01T16:41:07+00:00","dateModified":"2026-02-10T14:04:58+00:00","description":"Ner\u016bdijan\u010dio plieno malkin\u0117 i\u0161orin\u0117 krosnel\u0117 23KW 50cm (AISI316) - Kubilo i\u0161orin\u0117 malkin\u0117 krosnel\u0117 - efektyvus lauko kubilo vandens \u0161ildymas malkomis. Ner\u016bdijantis plienas, greitas \u012fkaitimas, ilgaam\u017e\u0117 konstrukcija.","breadcrumb":{"@id":"https:\/\/ignista.lt\/parduotuve\/krosneles\/nerudijancio-plieno-malkine-isorine-krosnele-23kw-50cm-aisi316\/#breadcrumb"},"inLanguage":"pl-PL","potentialAction":[{"@type":"ReadAction","target":["https:\/\/ignista.lt\/parduotuve\/krosneles\/nerudijancio-plieno-malkine-isorine-krosnele-23kw-50cm-aisi316\/"]}]},{"@type":"ImageObject","inLanguage":"pl-PL","@id":"https:\/\/ignista.lt\/parduotuve\/krosneles\/nerudijancio-plieno-malkine-isorine-krosnele-23kw-50cm-aisi316\/#primaryimage","url":"https:\/\/ignista.lt\/wp-content\/uploads\/2025\/09\/isorine-50cm.15-scaled.jpg","contentUrl":"https:\/\/ignista.lt\/wp-content\/uploads\/2025\/09\/isorine-50cm.15-scaled.jpg","width":2560,"height":1600},{"@type":"BreadcrumbList","@id":"https:\/\/ignista.lt\/parduotuve\/krosneles\/nerudijancio-plieno-malkine-isorine-krosnele-23kw-50cm-aisi316\/#breadcrumb","itemListElement":[{"@type":"ListItem","position":1,"name":"Home","item":"https:\/\/ignista.lt\/lt\/"},{"@type":"ListItem","position":2,"name":"Parduotuv\u0117","item":"https:\/\/ignista.lt\/lt\/parduotuve\/"},{"@type":"ListItem","position":3,"name":"Ner\u016bdijan\u010dio plieno malkin\u0117 i\u0161orin\u0117 krosnel\u0117 23KW 50cm (AISI316)"}]},{"@type":"WebSite","@id":"https:\/\/ignista.lt\/#website","url":"https:\/\/ignista.lt\/","name":"Ignista","description":"ner\u016bdijan\u010dio plieno krosnel\u0117s kubilams ir \u012fvair\u016bs metalo gaminiai","potentialAction":[{"@type":"SearchAction","target":{"@type":"EntryPoint","urlTemplate":"https:\/\/ignista.lt\/?s={search_term_string}"},"query-input":{"@type":"PropertyValueSpecification","valueRequired":true,"valueName":"search_term_string"}}],"inLanguage":"pl-PL"}]}},"_links":{"self":[{"href":"https:\/\/ignista.lt\/pl\/wp-json\/wp\/v2\/product\/29463","targetHints":{"allow":["GET"]}}],"collection":[{"href":"https:\/\/ignista.lt\/pl\/wp-json\/wp\/v2\/product"}],"about":[{"href":"https:\/\/ignista.lt\/pl\/wp-json\/wp\/v2\/types\/product"}],"wp:featuredmedia":[{"embeddable":true,"href":"https:\/\/ignista.lt\/pl\/wp-json\/wp\/v2\/media\/666"}],"wp:attachment":[{"href":"https:\/\/ignista.lt\/pl\/wp-json\/wp\/v2\/media?parent=29463"}],"wp:term":[{"taxonomy":"product_brand","embeddable":true,"href":"https:\/\/ignista.lt\/pl\/wp-json\/wp\/v2\/product_brand?post=29463"},{"taxonomy":"product_cat","embeddable":true,"href":"https:\/\/ignista.lt\/pl\/wp-json\/wp\/v2\/product_cat?post=29463"},{"taxonomy":"product_tag","embeddable":true,"href":"https:\/\/ignista.lt\/pl\/wp-json\/wp\/v2\/product_tag?post=29463"}],"curies":[{"name":"wp","href":"https:\/\/api.w.org\/{rel}","templated":true}]}}