{"id":29483,"date":"2026-02-04T23:02:11","date_gmt":"2026-02-04T21:02:11","guid":{"rendered":"https:\/\/ignista.lt\/?post_type=product&#038;p=29483"},"modified":"2026-03-22T10:25:48","modified_gmt":"2026-03-22T08:25:48","slug":"gerimu-laikiklis-kvadratiniam-kubilui-metalinis-4-skyliu","status":"publish","type":"product","link":"https:\/\/ignista.lt\/pl\/parduotuve\/kubilu-priedai\/gerimu-laikiklis-kvadratiniam-kubilui-metalinis-4-skyliu\/","title":{"rendered":"Uchwyt na napoje do kwadratowej wanny metalowej 4 otwory"},"content":{"rendered":"<p data-start=\"253\" data-end=\"565\">Wygodne i praktyczne rozwi\u0105zanie dla Pa\u0144stwa relaksu w wannie z hydromasa\u017cem. Zaprojektowany z my\u015bl\u0105 o kwadratowych wannach z hydromasa\u017cem, ten uchwyt na napoje idealnie pasuje do kraw\u0119dzi i zapewnia stabilne trzymanie. Uchwyt wykonany jest z wytrzyma\u0142ego metalu, odpornego na wilgo\u0107 i zmiany temperatury, dzi\u0119ki czemu nadaje si\u0119 zar\u00f3wno do u\u017cytku wewn\u0105trz, jak i na zewn\u0105trz.<\/p>\n<p data-start=\"567\" data-end=\"802\">\u0141atwy w instalacji i niewymagaj\u0105cy skomplikowanych narz\u0119dzi uchwyt umo\u017cliwia bezpieczne przechowywanie napoj\u00f3w lub innych przybor\u00f3w, dzi\u0119ki czemu wszystko jest pod r\u0119k\u0105 i nie przeszkadza w relaksie. Minimalistyczny design pasuje do nowoczesnej wanny z hydromasa\u017cem i otoczenia.<\/p>\n<p data-start=\"804\" data-end=\"898\">Idealny wyb\u00f3r dla os\u00f3b poszukuj\u0105cych funkcjonalnego i trwa\u0142ego akcesorium do kwadratowej wanny z hydromasa\u017cem.<\/p>","protected":false},"excerpt":{"rendered":"<p>Wygodny metalowy uchwyt na napoje do wanny kwadratowej. \u0141atwy do zainstalowania, stabilny do trzymania i wygodne rozwi\u0105zanie dla Pa\u0144stwa relaksu w wannie z hydromasa\u017cem. Dostarczany ze \u015brubami mocuj\u0105cymi.<\/p>","protected":false},"featured_media":29484,"template":"","meta":[],"product_brand":[],"product_cat":[98],"product_tag":[],"class_list":{"0":"post-29483","1":"product","2":"type-product","3":"status-publish","4":"has-post-thumbnail","6":"product_cat-kubilu-priedai","8":"first","9":"instock","10":"taxable","11":"shipping-taxable","12":"purchasable","13":"product-type-simple"},"yoast_head":"<!-- This site is optimized with the Yoast SEO plugin v27.4 - https:\/\/yoast.com\/product\/yoast-seo-wordpress\/ -->\n<title>G\u0117rim\u0173 laikiklis kvadratiniam kubilui metalinis 4 skyli\u0173 | Ignista<\/title>\n<meta name=\"description\" content=\"Patogus ir prakti\u0161kas sprendimas J\u016bs\u0173 poilsiui kubile. Laikiklis pagamintas i\u0161 patvaraus metalo, lengvai montuojamas, pritaikytas saugiai laikyti g\u0117rimus.\" \/>\n<meta name=\"robots\" content=\"index, follow, max-snippet:-1, max-image-preview:large, max-video-preview:-1\" \/>\n<link rel=\"canonical\" href=\"https:\/\/ignista.lt\/pl\/parduotuve\/kubilu-priedai\/gerimu-laikiklis-kvadratiniam-kubilui-metalinis-4-skyliu\/\" \/>\n<meta property=\"og:locale\" content=\"pl_PL\" \/>\n<meta property=\"og:type\" content=\"article\" \/>\n<meta property=\"og:title\" content=\"G\u0117rim\u0173 laikiklis kvadratiniam kubilui metalinis 4 skyli\u0173 | Ignista\" \/>\n<meta property=\"og:description\" content=\"Patogus ir prakti\u0161kas sprendimas J\u016bs\u0173 poilsiui kubile. Laikiklis pagamintas i\u0161 patvaraus metalo, lengvai montuojamas, pritaikytas saugiai laikyti g\u0117rimus.\" \/>\n<meta property=\"og:url\" content=\"https:\/\/ignista.lt\/pl\/parduotuve\/kubilu-priedai\/gerimu-laikiklis-kvadratiniam-kubilui-metalinis-4-skyliu\/\" \/>\n<meta property=\"og:site_name\" content=\"Ignista\" \/>\n<meta property=\"article:modified_time\" content=\"2026-03-22T08:25:48+00:00\" \/>\n<meta property=\"og:image\" content=\"https:\/\/ignista.lt\/wp-content\/uploads\/2026\/02\/gerimu-laikiklis-4skyliou-kvadratiniam-kubilui.jpg\" \/>\n\t<meta property=\"og:image:width\" content=\"1000\" \/>\n\t<meta property=\"og:image:height\" content=\"1000\" \/>\n\t<meta property=\"og:image:type\" content=\"image\/jpeg\" \/>\n<script type=\"application\/ld+json\" class=\"yoast-schema-graph\">{\"@context\":\"https:\\\/\\\/schema.org\",\"@graph\":[{\"@type\":\"WebPage\",\"@id\":\"https:\\\/\\\/ignista.lt\\\/parduotuve\\\/kubilu-priedai\\\/gerimu-laikiklis-kvadratiniam-kubilui-metalinis-4-skyliu\\\/\",\"url\":\"https:\\\/\\\/ignista.lt\\\/parduotuve\\\/kubilu-priedai\\\/gerimu-laikiklis-kvadratiniam-kubilui-metalinis-4-skyliu\\\/\",\"name\":\"G\u0117rim\u0173 laikiklis kvadratiniam kubilui metalinis 4 skyli\u0173 | Ignista\",\"isPartOf\":{\"@id\":\"https:\\\/\\\/ignista.lt\\\/#website\"},\"primaryImageOfPage\":{\"@id\":\"https:\\\/\\\/ignista.lt\\\/parduotuve\\\/kubilu-priedai\\\/gerimu-laikiklis-kvadratiniam-kubilui-metalinis-4-skyliu\\\/#primaryimage\"},\"image\":{\"@id\":\"https:\\\/\\\/ignista.lt\\\/parduotuve\\\/kubilu-priedai\\\/gerimu-laikiklis-kvadratiniam-kubilui-metalinis-4-skyliu\\\/#primaryimage\"},\"thumbnailUrl\":\"https:\\\/\\\/ignista.lt\\\/wp-content\\\/uploads\\\/2026\\\/02\\\/gerimu-laikiklis-4skyliou-kvadratiniam-kubilui.jpg\",\"datePublished\":\"2026-02-04T21:02:11+00:00\",\"dateModified\":\"2026-03-22T08:25:48+00:00\",\"description\":\"Patogus ir prakti\u0161kas sprendimas J\u016bs\u0173 poilsiui kubile. Laikiklis pagamintas i\u0161 patvaraus metalo, lengvai montuojamas, pritaikytas saugiai laikyti g\u0117rimus.\",\"breadcrumb\":{\"@id\":\"https:\\\/\\\/ignista.lt\\\/parduotuve\\\/kubilu-priedai\\\/gerimu-laikiklis-kvadratiniam-kubilui-metalinis-4-skyliu\\\/#breadcrumb\"},\"inLanguage\":\"pl-PL\",\"potentialAction\":[{\"@type\":\"ReadAction\",\"target\":[\"https:\\\/\\\/ignista.lt\\\/parduotuve\\\/kubilu-priedai\\\/gerimu-laikiklis-kvadratiniam-kubilui-metalinis-4-skyliu\\\/\"]}]},{\"@type\":\"ImageObject\",\"inLanguage\":\"pl-PL\",\"@id\":\"https:\\\/\\\/ignista.lt\\\/parduotuve\\\/kubilu-priedai\\\/gerimu-laikiklis-kvadratiniam-kubilui-metalinis-4-skyliu\\\/#primaryimage\",\"url\":\"https:\\\/\\\/ignista.lt\\\/wp-content\\\/uploads\\\/2026\\\/02\\\/gerimu-laikiklis-4skyliou-kvadratiniam-kubilui.jpg\",\"contentUrl\":\"https:\\\/\\\/ignista.lt\\\/wp-content\\\/uploads\\\/2026\\\/02\\\/gerimu-laikiklis-4skyliou-kvadratiniam-kubilui.jpg\",\"width\":1000,\"height\":1000},{\"@type\":\"BreadcrumbList\",\"@id\":\"https:\\\/\\\/ignista.lt\\\/parduotuve\\\/kubilu-priedai\\\/gerimu-laikiklis-kvadratiniam-kubilui-metalinis-4-skyliu\\\/#breadcrumb\",\"itemListElement\":[{\"@type\":\"ListItem\",\"position\":1,\"name\":\"Home\",\"item\":\"https:\\\/\\\/ignista.lt\\\/lt\\\/\"},{\"@type\":\"ListItem\",\"position\":2,\"name\":\"Parduotuv\u0117\",\"item\":\"https:\\\/\\\/ignista.lt\\\/lt\\\/parduotuve\\\/\"},{\"@type\":\"ListItem\",\"position\":3,\"name\":\"G\u0117rim\u0173 laikiklis kvadratiniam kubilui metalinis 4 skyli\u0173\"}]},{\"@type\":\"WebSite\",\"@id\":\"https:\\\/\\\/ignista.lt\\\/#website\",\"url\":\"https:\\\/\\\/ignista.lt\\\/\",\"name\":\"Ignista\",\"description\":\"ner\u016bdijan\u010dio plieno krosnel\u0117s kubilams ir \u012fvair\u016bs metalo gaminiai\",\"potentialAction\":[{\"@type\":\"SearchAction\",\"target\":{\"@type\":\"EntryPoint\",\"urlTemplate\":\"https:\\\/\\\/ignista.lt\\\/?s={search_term_string}\"},\"query-input\":{\"@type\":\"PropertyValueSpecification\",\"valueRequired\":true,\"valueName\":\"search_term_string\"}}],\"inLanguage\":\"pl-PL\"}]}<\/script>\n<!-- \/ Yoast SEO plugin. -->","yoast_head_json":{"title":"G\u0117rim\u0173 laikiklis kvadratiniam kubilui metalinis 4 skyli\u0173 | Ignista","description":"Patogus ir prakti\u0161kas sprendimas J\u016bs\u0173 poilsiui kubile. Laikiklis pagamintas i\u0161 patvaraus metalo, lengvai montuojamas, pritaikytas saugiai laikyti g\u0117rimus.","robots":{"index":"index","follow":"follow","max-snippet":"max-snippet:-1","max-image-preview":"max-image-preview:large","max-video-preview":"max-video-preview:-1"},"canonical":"https:\/\/ignista.lt\/pl\/parduotuve\/kubilu-priedai\/gerimu-laikiklis-kvadratiniam-kubilui-metalinis-4-skyliu\/","og_locale":"pl_PL","og_type":"article","og_title":"G\u0117rim\u0173 laikiklis kvadratiniam kubilui metalinis 4 skyli\u0173 | Ignista","og_description":"Patogus ir prakti\u0161kas sprendimas J\u016bs\u0173 poilsiui kubile. Laikiklis pagamintas i\u0161 patvaraus metalo, lengvai montuojamas, pritaikytas saugiai laikyti g\u0117rimus.","og_url":"https:\/\/ignista.lt\/pl\/parduotuve\/kubilu-priedai\/gerimu-laikiklis-kvadratiniam-kubilui-metalinis-4-skyliu\/","og_site_name":"Ignista","article_modified_time":"2026-03-22T08:25:48+00:00","og_image":[{"width":1000,"height":1000,"url":"https:\/\/ignista.lt\/wp-content\/uploads\/2026\/02\/gerimu-laikiklis-4skyliou-kvadratiniam-kubilui.jpg","type":"image\/jpeg"}],"schema":{"@context":"https:\/\/schema.org","@graph":[{"@type":"WebPage","@id":"https:\/\/ignista.lt\/parduotuve\/kubilu-priedai\/gerimu-laikiklis-kvadratiniam-kubilui-metalinis-4-skyliu\/","url":"https:\/\/ignista.lt\/parduotuve\/kubilu-priedai\/gerimu-laikiklis-kvadratiniam-kubilui-metalinis-4-skyliu\/","name":"G\u0117rim\u0173 laikiklis kvadratiniam kubilui metalinis 4 skyli\u0173 | Ignista","isPartOf":{"@id":"https:\/\/ignista.lt\/#website"},"primaryImageOfPage":{"@id":"https:\/\/ignista.lt\/parduotuve\/kubilu-priedai\/gerimu-laikiklis-kvadratiniam-kubilui-metalinis-4-skyliu\/#primaryimage"},"image":{"@id":"https:\/\/ignista.lt\/parduotuve\/kubilu-priedai\/gerimu-laikiklis-kvadratiniam-kubilui-metalinis-4-skyliu\/#primaryimage"},"thumbnailUrl":"https:\/\/ignista.lt\/wp-content\/uploads\/2026\/02\/gerimu-laikiklis-4skyliou-kvadratiniam-kubilui.jpg","datePublished":"2026-02-04T21:02:11+00:00","dateModified":"2026-03-22T08:25:48+00:00","description":"Patogus ir prakti\u0161kas sprendimas J\u016bs\u0173 poilsiui kubile. Laikiklis pagamintas i\u0161 patvaraus metalo, lengvai montuojamas, pritaikytas saugiai laikyti g\u0117rimus.","breadcrumb":{"@id":"https:\/\/ignista.lt\/parduotuve\/kubilu-priedai\/gerimu-laikiklis-kvadratiniam-kubilui-metalinis-4-skyliu\/#breadcrumb"},"inLanguage":"pl-PL","potentialAction":[{"@type":"ReadAction","target":["https:\/\/ignista.lt\/parduotuve\/kubilu-priedai\/gerimu-laikiklis-kvadratiniam-kubilui-metalinis-4-skyliu\/"]}]},{"@type":"ImageObject","inLanguage":"pl-PL","@id":"https:\/\/ignista.lt\/parduotuve\/kubilu-priedai\/gerimu-laikiklis-kvadratiniam-kubilui-metalinis-4-skyliu\/#primaryimage","url":"https:\/\/ignista.lt\/wp-content\/uploads\/2026\/02\/gerimu-laikiklis-4skyliou-kvadratiniam-kubilui.jpg","contentUrl":"https:\/\/ignista.lt\/wp-content\/uploads\/2026\/02\/gerimu-laikiklis-4skyliou-kvadratiniam-kubilui.jpg","width":1000,"height":1000},{"@type":"BreadcrumbList","@id":"https:\/\/ignista.lt\/parduotuve\/kubilu-priedai\/gerimu-laikiklis-kvadratiniam-kubilui-metalinis-4-skyliu\/#breadcrumb","itemListElement":[{"@type":"ListItem","position":1,"name":"Home","item":"https:\/\/ignista.lt\/lt\/"},{"@type":"ListItem","position":2,"name":"Parduotuv\u0117","item":"https:\/\/ignista.lt\/lt\/parduotuve\/"},{"@type":"ListItem","position":3,"name":"G\u0117rim\u0173 laikiklis kvadratiniam kubilui metalinis 4 skyli\u0173"}]},{"@type":"WebSite","@id":"https:\/\/ignista.lt\/#website","url":"https:\/\/ignista.lt\/","name":"Ignista","description":"ner\u016bdijan\u010dio plieno krosnel\u0117s kubilams ir \u012fvair\u016bs metalo gaminiai","potentialAction":[{"@type":"SearchAction","target":{"@type":"EntryPoint","urlTemplate":"https:\/\/ignista.lt\/?s={search_term_string}"},"query-input":{"@type":"PropertyValueSpecification","valueRequired":true,"valueName":"search_term_string"}}],"inLanguage":"pl-PL"}]}},"_links":{"self":[{"href":"https:\/\/ignista.lt\/pl\/wp-json\/wp\/v2\/product\/29483","targetHints":{"allow":["GET"]}}],"collection":[{"href":"https:\/\/ignista.lt\/pl\/wp-json\/wp\/v2\/product"}],"about":[{"href":"https:\/\/ignista.lt\/pl\/wp-json\/wp\/v2\/types\/product"}],"wp:featuredmedia":[{"embeddable":true,"href":"https:\/\/ignista.lt\/pl\/wp-json\/wp\/v2\/media\/29484"}],"wp:attachment":[{"href":"https:\/\/ignista.lt\/pl\/wp-json\/wp\/v2\/media?parent=29483"}],"wp:term":[{"taxonomy":"product_brand","embeddable":true,"href":"https:\/\/ignista.lt\/pl\/wp-json\/wp\/v2\/product_brand?post=29483"},{"taxonomy":"product_cat","embeddable":true,"href":"https:\/\/ignista.lt\/pl\/wp-json\/wp\/v2\/product_cat?post=29483"},{"taxonomy":"product_tag","embeddable":true,"href":"https:\/\/ignista.lt\/pl\/wp-json\/wp\/v2\/product_tag?post=29483"}],"curies":[{"name":"wp","href":"https:\/\/api.w.org\/{rel}","templated":true}]}}