{"id":29514,"date":"2026-02-10T17:11:25","date_gmt":"2026-02-10T15:11:25","guid":{"rendered":"https:\/\/ignista.lt\/?post_type=product&#038;p=29514"},"modified":"2026-03-21T15:00:52","modified_gmt":"2026-03-21T13:00:52","slug":"suverzimo-juostos-kubilui-200-cm-aisi-430-1-2x50-mm","status":"publish","type":"product","link":"https:\/\/ignista.lt\/pl\/parduotuve\/kubilu-priedai\/suverzimo-juostos-kubilui-200-cm-aisi-430-1-2x50-mm\/","title":{"rendered":"Listwy mocuj\u0105ce \u00d8200 cm do okr\u0105g\u0142ej wanny z piecem zewn\u0119trznym"},"content":{"rendered":"<h2 data-start=\"101\" data-end=\"170\">Listwy mocuj\u0105ce \u00d8200 cm do okr\u0105g\u0142ej wanny z piecem zewn\u0119trznym<\/h2>\n<p data-start=\"172\" data-end=\"393\">Listwy zaciskowe do okr\u0105g\u0142ych <strong data-start=\"207\" data-end=\"255\">Dla wanny z hydromasa\u017cem o \u015brednicy 200 cm z piecem zewn\u0119trznym<\/strong>. U\u017cywany do wzmocnienia strukturalnego i stabilno\u015bci. Wykonane ze stali nierdzewnej, odporne na wilgo\u0107 i warunki zewn\u0119trzne.<\/p>\n<h3 data-start=\"395\" data-end=\"420\">Informacje techniczne:<\/h3>\n<ul data-start=\"421\" data-end=\"686\">\n<li data-start=\"421\" data-end=\"478\">\n<p data-start=\"423\" data-end=\"478\"><strong data-start=\"423\" data-end=\"437\">Cel:<\/strong> dla okr\u0105g\u0142ych wanien z piecem zewn\u0119trznym<\/p>\n<\/li>\n<li data-start=\"479\" data-end=\"504\">\n<p data-start=\"481\" data-end=\"504\"><strong data-start=\"481\" data-end=\"493\">Kubil:<\/strong> \u00d8 200 cm<\/p>\n<\/li>\n<li data-start=\"505\" data-end=\"556\">\n<p data-start=\"507\" data-end=\"556\"><strong data-start=\"507\" data-end=\"520\">Materia\u0142:<\/strong> stal nierdzewna <strong data-start=\"542\" data-end=\"554\">AISI 430<\/strong><\/p>\n<\/li>\n<li data-start=\"557\" data-end=\"598\">\n<p data-start=\"559\" data-end=\"598\"><strong data-start=\"559\" data-end=\"580\">Wymiary paska:<\/strong> <strong data-start=\"581\" data-end=\"596\">1,2 \u00d7 50 mm<\/strong><\/p>\n<\/li>\n<li data-start=\"599\" data-end=\"652\">\n<p data-start=\"601\" data-end=\"652\"><strong data-start=\"601\" data-end=\"616\">Odporno\u015b\u0107:<\/strong> na zmiany wilgotno\u015bci i temperatury<\/p>\n<\/li>\n<li data-start=\"653\" data-end=\"686\">\n<p data-start=\"655\" data-end=\"686\"><strong data-start=\"655\" data-end=\"670\">Zastosowanie:<\/strong> w warunkach zewn\u0119trznych<\/p>\n<\/li>\n<\/ul>\n<p data-start=\"688\" data-end=\"791\">Mocne i niezawodne paski mocuj\u0105ce zapewniaj\u0105 trwa\u0142o\u015b\u0107 konstrukcji wanny z hydromasa\u017cem i bezpieczne u\u017cytkowanie.<\/p>","protected":false},"excerpt":{"rendered":"<p>Paski mocuj\u0105ce dla <strong data-start=\"506\" data-end=\"563\">dla okr\u0105g\u0142ej wanny z zewn\u0119trznym piecem o \u015brednicy 200 cm<\/strong>. Wykonane z <strong data-start=\"579\" data-end=\"611\">Stal nierdzewna AISI 430<\/strong>, Zapewnia wytrzyma\u0142o\u015b\u0107, stabilno\u015b\u0107 i trwa\u0142o\u015b\u0107 konstrukcji wanny z hydromasa\u017cem. Nadaje si\u0119 do u\u017cytku na zewn\u0105trz.<\/p>","protected":false},"featured_media":29515,"template":"","meta":[],"product_brand":[],"product_cat":[99,98],"product_tag":[],"class_list":{"0":"post-29514","1":"product","2":"type-product","3":"status-publish","4":"has-post-thumbnail","6":"product_cat-krosneliu-priedai","7":"product_cat-kubilu-priedai","9":"first","10":"instock","11":"taxable","12":"shipping-taxable","13":"purchasable","14":"product-type-simple"},"yoast_head":"<!-- This site is optimized with the Yoast SEO plugin v27.4 - https:\/\/yoast.com\/product\/yoast-seo-wordpress\/ -->\n<title>Suver\u017eimo juostos \u00d8200cm apvaliam kubilui su i\u0161orine krosnele | Ignista<\/title>\n<meta name=\"description\" content=\"Suver\u017eimo juostos apvaliam 200 cm kubilui su i\u0161orine krosnele. Pagamintos i\u0161 AISI 430 ner\u016bdijan\u010dio plieno, 1.2\u00d750 mm, tinkamos naudoti lauke.\" \/>\n<meta name=\"robots\" content=\"index, follow, max-snippet:-1, max-image-preview:large, max-video-preview:-1\" \/>\n<link rel=\"canonical\" href=\"https:\/\/ignista.lt\/pl\/parduotuve\/kubilu-priedai\/suverzimo-juostos-kubilui-200-cm-aisi-430-1-2x50-mm\/\" \/>\n<meta property=\"og:locale\" content=\"pl_PL\" \/>\n<meta property=\"og:type\" content=\"article\" \/>\n<meta property=\"og:title\" content=\"Suver\u017eimo juostos \u00d8200cm apvaliam kubilui su i\u0161orine krosnele | Ignista\" \/>\n<meta property=\"og:description\" content=\"Suver\u017eimo juostos apvaliam 200 cm kubilui su i\u0161orine krosnele. Pagamintos i\u0161 AISI 430 ner\u016bdijan\u010dio plieno, 1.2\u00d750 mm, tinkamos naudoti lauke.\" \/>\n<meta property=\"og:url\" content=\"https:\/\/ignista.lt\/pl\/parduotuve\/kubilu-priedai\/suverzimo-juostos-kubilui-200-cm-aisi-430-1-2x50-mm\/\" \/>\n<meta property=\"og:site_name\" content=\"Ignista\" \/>\n<meta property=\"article:modified_time\" content=\"2026-03-21T13:00:52+00:00\" \/>\n<meta property=\"og:image\" content=\"https:\/\/ignista.lt\/wp-content\/uploads\/2026\/02\/juosta.jpg\" \/>\n\t<meta property=\"og:image:width\" content=\"1000\" \/>\n\t<meta property=\"og:image:height\" content=\"1000\" \/>\n\t<meta property=\"og:image:type\" content=\"image\/jpeg\" \/>\n<script type=\"application\/ld+json\" class=\"yoast-schema-graph\">{\"@context\":\"https:\\\/\\\/schema.org\",\"@graph\":[{\"@type\":\"WebPage\",\"@id\":\"https:\\\/\\\/ignista.lt\\\/parduotuve\\\/kubilu-priedai\\\/suverzimo-juostos-kubilui-200-cm-aisi-430-1-2x50-mm\\\/\",\"url\":\"https:\\\/\\\/ignista.lt\\\/parduotuve\\\/kubilu-priedai\\\/suverzimo-juostos-kubilui-200-cm-aisi-430-1-2x50-mm\\\/\",\"name\":\"Suver\u017eimo juostos \u00d8200cm apvaliam kubilui su i\u0161orine krosnele | Ignista\",\"isPartOf\":{\"@id\":\"https:\\\/\\\/ignista.lt\\\/#website\"},\"primaryImageOfPage\":{\"@id\":\"https:\\\/\\\/ignista.lt\\\/parduotuve\\\/kubilu-priedai\\\/suverzimo-juostos-kubilui-200-cm-aisi-430-1-2x50-mm\\\/#primaryimage\"},\"image\":{\"@id\":\"https:\\\/\\\/ignista.lt\\\/parduotuve\\\/kubilu-priedai\\\/suverzimo-juostos-kubilui-200-cm-aisi-430-1-2x50-mm\\\/#primaryimage\"},\"thumbnailUrl\":\"https:\\\/\\\/ignista.lt\\\/wp-content\\\/uploads\\\/2026\\\/02\\\/juosta.jpg\",\"datePublished\":\"2026-02-10T15:11:25+00:00\",\"dateModified\":\"2026-03-21T13:00:52+00:00\",\"description\":\"Suver\u017eimo juostos apvaliam 200 cm kubilui su i\u0161orine krosnele. Pagamintos i\u0161 AISI 430 ner\u016bdijan\u010dio plieno, 1.2\u00d750 mm, tinkamos naudoti lauke.\",\"breadcrumb\":{\"@id\":\"https:\\\/\\\/ignista.lt\\\/parduotuve\\\/kubilu-priedai\\\/suverzimo-juostos-kubilui-200-cm-aisi-430-1-2x50-mm\\\/#breadcrumb\"},\"inLanguage\":\"pl-PL\",\"potentialAction\":[{\"@type\":\"ReadAction\",\"target\":[\"https:\\\/\\\/ignista.lt\\\/parduotuve\\\/kubilu-priedai\\\/suverzimo-juostos-kubilui-200-cm-aisi-430-1-2x50-mm\\\/\"]}]},{\"@type\":\"ImageObject\",\"inLanguage\":\"pl-PL\",\"@id\":\"https:\\\/\\\/ignista.lt\\\/parduotuve\\\/kubilu-priedai\\\/suverzimo-juostos-kubilui-200-cm-aisi-430-1-2x50-mm\\\/#primaryimage\",\"url\":\"https:\\\/\\\/ignista.lt\\\/wp-content\\\/uploads\\\/2026\\\/02\\\/juosta.jpg\",\"contentUrl\":\"https:\\\/\\\/ignista.lt\\\/wp-content\\\/uploads\\\/2026\\\/02\\\/juosta.jpg\",\"width\":1000,\"height\":1000},{\"@type\":\"BreadcrumbList\",\"@id\":\"https:\\\/\\\/ignista.lt\\\/parduotuve\\\/kubilu-priedai\\\/suverzimo-juostos-kubilui-200-cm-aisi-430-1-2x50-mm\\\/#breadcrumb\",\"itemListElement\":[{\"@type\":\"ListItem\",\"position\":1,\"name\":\"Home\",\"item\":\"https:\\\/\\\/ignista.lt\\\/lt\\\/\"},{\"@type\":\"ListItem\",\"position\":2,\"name\":\"Parduotuv\u0117\",\"item\":\"https:\\\/\\\/ignista.lt\\\/lt\\\/parduotuve\\\/\"},{\"@type\":\"ListItem\",\"position\":3,\"name\":\"Suver\u017eimo juostos \u00d8200cm apvaliam kubilui su i\u0161orine krosnele\"}]},{\"@type\":\"WebSite\",\"@id\":\"https:\\\/\\\/ignista.lt\\\/#website\",\"url\":\"https:\\\/\\\/ignista.lt\\\/\",\"name\":\"Ignista\",\"description\":\"ner\u016bdijan\u010dio plieno krosnel\u0117s kubilams ir \u012fvair\u016bs metalo gaminiai\",\"potentialAction\":[{\"@type\":\"SearchAction\",\"target\":{\"@type\":\"EntryPoint\",\"urlTemplate\":\"https:\\\/\\\/ignista.lt\\\/?s={search_term_string}\"},\"query-input\":{\"@type\":\"PropertyValueSpecification\",\"valueRequired\":true,\"valueName\":\"search_term_string\"}}],\"inLanguage\":\"pl-PL\"}]}<\/script>\n<!-- \/ Yoast SEO plugin. -->","yoast_head_json":{"title":"Suver\u017eimo juostos \u00d8200cm apvaliam kubilui su i\u0161orine krosnele | Ignista","description":"Suver\u017eimo juostos apvaliam 200 cm kubilui su i\u0161orine krosnele. Pagamintos i\u0161 AISI 430 ner\u016bdijan\u010dio plieno, 1.2\u00d750 mm, tinkamos naudoti lauke.","robots":{"index":"index","follow":"follow","max-snippet":"max-snippet:-1","max-image-preview":"max-image-preview:large","max-video-preview":"max-video-preview:-1"},"canonical":"https:\/\/ignista.lt\/pl\/parduotuve\/kubilu-priedai\/suverzimo-juostos-kubilui-200-cm-aisi-430-1-2x50-mm\/","og_locale":"pl_PL","og_type":"article","og_title":"Suver\u017eimo juostos \u00d8200cm apvaliam kubilui su i\u0161orine krosnele | Ignista","og_description":"Suver\u017eimo juostos apvaliam 200 cm kubilui su i\u0161orine krosnele. Pagamintos i\u0161 AISI 430 ner\u016bdijan\u010dio plieno, 1.2\u00d750 mm, tinkamos naudoti lauke.","og_url":"https:\/\/ignista.lt\/pl\/parduotuve\/kubilu-priedai\/suverzimo-juostos-kubilui-200-cm-aisi-430-1-2x50-mm\/","og_site_name":"Ignista","article_modified_time":"2026-03-21T13:00:52+00:00","og_image":[{"width":1000,"height":1000,"url":"https:\/\/ignista.lt\/wp-content\/uploads\/2026\/02\/juosta.jpg","type":"image\/jpeg"}],"schema":{"@context":"https:\/\/schema.org","@graph":[{"@type":"WebPage","@id":"https:\/\/ignista.lt\/parduotuve\/kubilu-priedai\/suverzimo-juostos-kubilui-200-cm-aisi-430-1-2x50-mm\/","url":"https:\/\/ignista.lt\/parduotuve\/kubilu-priedai\/suverzimo-juostos-kubilui-200-cm-aisi-430-1-2x50-mm\/","name":"Suver\u017eimo juostos \u00d8200cm apvaliam kubilui su i\u0161orine krosnele | Ignista","isPartOf":{"@id":"https:\/\/ignista.lt\/#website"},"primaryImageOfPage":{"@id":"https:\/\/ignista.lt\/parduotuve\/kubilu-priedai\/suverzimo-juostos-kubilui-200-cm-aisi-430-1-2x50-mm\/#primaryimage"},"image":{"@id":"https:\/\/ignista.lt\/parduotuve\/kubilu-priedai\/suverzimo-juostos-kubilui-200-cm-aisi-430-1-2x50-mm\/#primaryimage"},"thumbnailUrl":"https:\/\/ignista.lt\/wp-content\/uploads\/2026\/02\/juosta.jpg","datePublished":"2026-02-10T15:11:25+00:00","dateModified":"2026-03-21T13:00:52+00:00","description":"Suver\u017eimo juostos apvaliam 200 cm kubilui su i\u0161orine krosnele. Pagamintos i\u0161 AISI 430 ner\u016bdijan\u010dio plieno, 1.2\u00d750 mm, tinkamos naudoti lauke.","breadcrumb":{"@id":"https:\/\/ignista.lt\/parduotuve\/kubilu-priedai\/suverzimo-juostos-kubilui-200-cm-aisi-430-1-2x50-mm\/#breadcrumb"},"inLanguage":"pl-PL","potentialAction":[{"@type":"ReadAction","target":["https:\/\/ignista.lt\/parduotuve\/kubilu-priedai\/suverzimo-juostos-kubilui-200-cm-aisi-430-1-2x50-mm\/"]}]},{"@type":"ImageObject","inLanguage":"pl-PL","@id":"https:\/\/ignista.lt\/parduotuve\/kubilu-priedai\/suverzimo-juostos-kubilui-200-cm-aisi-430-1-2x50-mm\/#primaryimage","url":"https:\/\/ignista.lt\/wp-content\/uploads\/2026\/02\/juosta.jpg","contentUrl":"https:\/\/ignista.lt\/wp-content\/uploads\/2026\/02\/juosta.jpg","width":1000,"height":1000},{"@type":"BreadcrumbList","@id":"https:\/\/ignista.lt\/parduotuve\/kubilu-priedai\/suverzimo-juostos-kubilui-200-cm-aisi-430-1-2x50-mm\/#breadcrumb","itemListElement":[{"@type":"ListItem","position":1,"name":"Home","item":"https:\/\/ignista.lt\/lt\/"},{"@type":"ListItem","position":2,"name":"Parduotuv\u0117","item":"https:\/\/ignista.lt\/lt\/parduotuve\/"},{"@type":"ListItem","position":3,"name":"Suver\u017eimo juostos \u00d8200cm apvaliam kubilui su i\u0161orine krosnele"}]},{"@type":"WebSite","@id":"https:\/\/ignista.lt\/#website","url":"https:\/\/ignista.lt\/","name":"Ignista","description":"ner\u016bdijan\u010dio plieno krosnel\u0117s kubilams ir \u012fvair\u016bs metalo gaminiai","potentialAction":[{"@type":"SearchAction","target":{"@type":"EntryPoint","urlTemplate":"https:\/\/ignista.lt\/?s={search_term_string}"},"query-input":{"@type":"PropertyValueSpecification","valueRequired":true,"valueName":"search_term_string"}}],"inLanguage":"pl-PL"}]}},"_links":{"self":[{"href":"https:\/\/ignista.lt\/pl\/wp-json\/wp\/v2\/product\/29514","targetHints":{"allow":["GET"]}}],"collection":[{"href":"https:\/\/ignista.lt\/pl\/wp-json\/wp\/v2\/product"}],"about":[{"href":"https:\/\/ignista.lt\/pl\/wp-json\/wp\/v2\/types\/product"}],"wp:featuredmedia":[{"embeddable":true,"href":"https:\/\/ignista.lt\/pl\/wp-json\/wp\/v2\/media\/29515"}],"wp:attachment":[{"href":"https:\/\/ignista.lt\/pl\/wp-json\/wp\/v2\/media?parent=29514"}],"wp:term":[{"taxonomy":"product_brand","embeddable":true,"href":"https:\/\/ignista.lt\/pl\/wp-json\/wp\/v2\/product_brand?post=29514"},{"taxonomy":"product_cat","embeddable":true,"href":"https:\/\/ignista.lt\/pl\/wp-json\/wp\/v2\/product_cat?post=29514"},{"taxonomy":"product_tag","embeddable":true,"href":"https:\/\/ignista.lt\/pl\/wp-json\/wp\/v2\/product_tag?post=29514"}],"curies":[{"name":"wp","href":"https:\/\/api.w.org\/{rel}","templated":true}]}}