{"id":380,"date":"2023-09-12T18:12:29","date_gmt":"2023-09-12T15:12:29","guid":{"rendered":"https:\/\/ignista.lt\/?post_type=product&#038;p=380"},"modified":"2026-02-10T16:07:45","modified_gmt":"2026-02-10T14:07:45","slug":"integruota-krosnele-aisi-304-32kw","status":"publish","type":"product","link":"https:\/\/ignista.lt\/pl\/parduotuve\/krosneles\/integruota-krosnele-aisi-304-32kw\/","title":{"rendered":"Zintegrowany piec 32KW (AISI304)"},"content":{"rendered":"<p><iframe title=\"Odtwarzacz wideo YouTube\" src=\"https:\/\/ignista.lt\/wp-content\/uploads\/2023\/09\/untitled.305.mp4\" width=\"560\" height=\"315\" frameborder=\"0\" allowfullscreen=\"allowfullscreen\"><span data-mce-type=\"bookmark\" style=\"display: inline-block; width: 0px; overflow: hidden; line-height: 0;\" class=\"mce_SELRES_start\"><\/span><span data-mce-type=\"bookmark\" style=\"display: inline-block; width: 0px; overflow: hidden; line-height: 0;\" class=\"mce_SELRES_start\"><\/span><\/iframe><\/p>\n<h1 data-start=\"200\" data-end=\"251\">Zintegrowany piec opalany drewnem do zewn\u0119trznych wanien z hydromasa\u017cem<\/h1>\n<p data-start=\"253\" data-end=\"506\"><strong data-start=\"253\" data-end=\"291\">Zintegrowany piec opalany drewnem w wannie z hydromasa\u017cem<\/strong> - to kompaktowe i wydajne rozwi\u0105zanie do podgrzewania wody w wannie z hydromasa\u017cem. Piec jest zamontowany <strong data-start=\"386\" data-end=\"403\">Wewn\u0105trz wanny z hydromasa\u017cem<\/strong>, Zapewnia to bezpo\u015bredni i szybki transfer ciep\u0142a do wody bez konieczno\u015bci stosowania dodatkowych po\u0142\u0105cze\u0144 zewn\u0119trznych.<\/p>\n<p data-start=\"508\" data-end=\"636\">To\u00a0<strong data-start=\"511\" data-end=\"546\">Wewn\u0119trzny piec opalany drewnem do wanny z hydromasa\u017cem<\/strong>\u00a0idealny dla os\u00f3b poszukuj\u0105cych prostego, niezawodnego i estetycznego rozwi\u0105zania do u\u017cytku prywatnego.<\/p>\n<hr data-start=\"638\" data-end=\"641\" \/>\n<h2 data-start=\"643\" data-end=\"701\">Dlaczego warto wybra\u0107 zintegrowany piec opalany drewnem do Pa\u0144stwa wanny z hydromasa\u017cem?<\/h2>\n<ul data-start=\"703\" data-end=\"1049\">\n<li data-start=\"703\" data-end=\"782\">\n<p data-start=\"705\" data-end=\"782\"><strong data-start=\"708\" data-end=\"739\">Szybkie podgrzewanie wody<\/strong> - ciep\u0142o jest przekazywane bezpo\u015brednio do wody<\/p>\n<\/li>\n<li data-start=\"783\" data-end=\"854\">\n<p data-start=\"785\" data-end=\"854\"><strong data-start=\"788\" data-end=\"809\">Opalany drewnem<\/strong> - op\u0142acalne i niezale\u017cne od energii elektrycznej<\/p>\n<\/li>\n<li data-start=\"855\" data-end=\"931\">\n<p data-start=\"857\" data-end=\"931\"><strong data-start=\"860\" data-end=\"887\">Kompaktowe rozwi\u0105zanie<\/strong> - nie ma potrzeby dodatkowej przestrzeni obok wanny z hydromasa\u017cem<\/p>\n<\/li>\n<li data-start=\"932\" data-end=\"984\">\n<p data-start=\"934\" data-end=\"984\"><strong data-start=\"938\" data-end=\"956\">Mniej po\u0142\u0105cze\u0144<\/strong> - \u0142atwiejsza instalacja<\/p>\n<\/li>\n<li data-start=\"985\" data-end=\"1049\">\n<p data-start=\"987\" data-end=\"1049\"><strong data-start=\"990\" data-end=\"1017\">Naturalna metoda ogrzewania<\/strong> - Odpowiedni na relaksuj\u0105ce wakacje na \u0142onie natury<\/p>\n<\/li>\n<\/ul>\n<p data-start=\"1051\" data-end=\"1176\"><strong data-start=\"1051\" data-end=\"1081\">Zintegrowany piec Kubilo<\/strong>\u00a0jest zwykle wybierany, gdy wa\u017cna jest prostota, minimalizm i ni\u017csze koszty systemu.<\/p>\n<hr data-start=\"1178\" data-end=\"1181\" \/>\n<h2 data-start=\"1183\" data-end=\"1229\">Piec wewn\u0119trzny ze stali nierdzewnej do wanny z hydromasa\u017cem<\/h2>\n<p data-start=\"1231\" data-end=\"1316\">To\u00a0<strong data-start=\"1234\" data-end=\"1273\">Piec do wanny z hydromasa\u017cem ze stali nierdzewnej<\/strong>\u00a0wykonany z wysokiej jako\u015bci metalu:<\/p>\n<ul data-start=\"1318\" data-end=\"1428\">\n<li data-start=\"1318\" data-end=\"1351\">\n<p data-start=\"1320\" data-end=\"1351\">odporny na wysokie temperatury<\/p>\n<\/li>\n<li data-start=\"1352\" data-end=\"1381\">\n<p data-start=\"1354\" data-end=\"1381\">nie boi si\u0119 wilgoci i wody<\/p>\n<\/li>\n<li data-start=\"1382\" data-end=\"1404\">\n<p data-start=\"1384\" data-end=\"1404\">odporny na korozj\u0119<\/p>\n<\/li>\n<li data-start=\"1405\" data-end=\"1428\">\n<p data-start=\"1407\" data-end=\"1428\">\u0142atwy w utrzymaniu<\/p>\n<\/li>\n<\/ul>\n<p data-start=\"1430\" data-end=\"1529\">Z tego powodu\u00a0<strong data-start=\"1437\" data-end=\"1476\">zintegrowana wanna z hydromasa\u017cem opalana drewnem<\/strong>\u00a0jest trwa\u0142y i nadaje si\u0119 do u\u017cytku o ka\u017cdej porze roku.<\/p>\n<hr data-start=\"1531\" data-end=\"1534\" \/>\n<h2 data-start=\"1536\" data-end=\"1594\">Jak dzia\u0142a zintegrowany piec do podgrzewania wody w wannie z hydromasa\u017cem?<\/h2>\n<ol data-start=\"1596\" data-end=\"1765\">\n<li data-start=\"1596\" data-end=\"1634\">\n<p data-start=\"1599\" data-end=\"1634\">Piec jest zainstalowany wewn\u0105trz wanny z hydromasa\u017cem<\/p>\n<\/li>\n<li data-start=\"1635\" data-end=\"1683\">\n<p data-start=\"1638\" data-end=\"1683\">Podczas spalania drewna \u015bciany pieca nagrzewaj\u0105 si\u0119<\/p>\n<\/li>\n<li data-start=\"1684\" data-end=\"1727\">\n<p data-start=\"1687\" data-end=\"1727\">Ciep\u0142o przekazywane bezpo\u015brednio do wody<\/p>\n<\/li>\n<li data-start=\"1728\" data-end=\"1765\">\n<p data-start=\"1731\" data-end=\"1765\">Woda nagrzewa si\u0119 szybko i r\u00f3wnomiernie<\/p>\n<\/li>\n<\/ol>\n<p data-start=\"1767\" data-end=\"1901\">Ten typ\u00a0<strong data-start=\"1778\" data-end=\"1813\">piec do podgrzewania wody w wannie z hydromasa\u017cem<\/strong>\u00a0charakteryzuje si\u0119 prost\u0105 konstrukcj\u0105 i wydajn\u0105 prac\u0105 bez konieczno\u015bci stosowania dodatkowych system\u00f3w cyrkulacji.<\/p>\n<hr data-start=\"1903\" data-end=\"1906\" \/>\n<h2 data-start=\"1908\" data-end=\"1931\">Informacje techniczne<\/h2>\n<ul data-start=\"1933\" data-end=\"2195\">\n<li data-start=\"1933\" data-end=\"1975\">\n<p data-start=\"1935\" data-end=\"1975\">Typ pieca:\u00a0<strong data-start=\"1952\" data-end=\"1975\">zintegrowany (wewn\u0119trzny)<\/strong><\/p>\n<\/li>\n<li data-start=\"1976\" data-end=\"2007\">\n<p data-start=\"1978\" data-end=\"2007\">Cel:\u00a0<strong data-start=\"1989\" data-end=\"2007\">zewn\u0119trzne wanny z hydromasa\u017cem<\/strong><\/p>\n<\/li>\n<li data-start=\"2008\" data-end=\"2044\">\n<p data-start=\"2010\" data-end=\"2044\">Materia\u0142:\u00a0<strong data-start=\"2020\" data-end=\"2044\">stal nierdzewna<\/strong><\/p>\n<\/li>\n<li data-start=\"2045\" data-end=\"2070\">\n<p data-start=\"2047\" data-end=\"2070\">Ogrzewanie:\u00a0<strong data-start=\"2058\" data-end=\"2070\">drewno opa\u0142owe<\/strong><\/p>\n<\/li>\n<li data-start=\"2071\" data-end=\"2102\">\n<p data-start=\"2073\" data-end=\"2102\">Instalacja:\u00a0<strong data-start=\"2085\" data-end=\"2102\">Wewn\u0105trz wanny z hydromasa\u017cem<\/strong><\/p>\n<\/li>\n<li data-start=\"2103\" data-end=\"2161\">\n<p data-start=\"2105\" data-end=\"2161\">Odpowiedni do wanien z hydromasa\u017cem: 100 cm - 225 cm (w zale\u017cno\u015bci od modelu)<\/p>\n<\/li>\n<li data-start=\"2162\" data-end=\"2195\">\n<p data-start=\"2164\" data-end=\"2195\">Zastosowanie: wszystkie pory roku<\/p>\n<\/li>\n<\/ul>\n<blockquote data-start=\"2197\" data-end=\"2304\">\n<p data-start=\"2199\" data-end=\"2304\">\u00a0Dok\u0142adne wymiary, grubo\u015b\u0107 \u015bcianki, \u015brednica stosu i pojemno\u015b\u0107 s\u0105 podane w specyfikacji produktu.<\/p>\n<\/blockquote>\n<hr data-start=\"2306\" data-end=\"2309\" \/>\n<h2 data-start=\"2311\" data-end=\"2354\">Dla kogo ten piec do wanny z hydromasa\u017cem jest najbardziej odpowiedni?<\/h2>\n<p data-start=\"2356\" data-end=\"2480\">\u00a0Dla prywatnego dziedzi\u0144ca<br data-start=\"2375\" data-end=\"2378\" \/>\u00a0Dla ma\u0142ych zewn\u0119trznych wanien z hydromasa\u017cem<br data-start=\"2407\" data-end=\"2410\" \/>\u00a0Dla tych, kt\u00f3rzy szukaj\u0105 prostego rozwi\u0105zania<br data-start=\"2443\" data-end=\"2446\" \/>\u00a0Dla relaksu bez skomplikowanych system\u00f3w<\/p>\n<hr data-start=\"2482\" data-end=\"2485\" \/>\n<h2 data-start=\"2487\" data-end=\"2541\">Dlaczego warto wybra\u0107 ten zintegrowany piec do wanny z hydromasa\u017cem?<\/h2>\n<ul data-start=\"2543\" data-end=\"2721\">\n<li data-start=\"2543\" data-end=\"2580\">\n<p data-start=\"2545\" data-end=\"2580\">Prosta i niezawodna konstrukcja<\/p>\n<\/li>\n<li data-start=\"2581\" data-end=\"2609\">\n<p data-start=\"2583\" data-end=\"2609\">Szybkie podgrzewanie wody<\/p>\n<\/li>\n<li data-start=\"2610\" data-end=\"2648\">\n<p data-start=\"2612\" data-end=\"2648\">Ni\u017cszy koszt ni\u017c w przypadku system\u00f3w zewn\u0119trznych<\/p>\n<\/li>\n<li data-start=\"2649\" data-end=\"2675\">\n<p data-start=\"2651\" data-end=\"2675\">Mniej prac instalacyjnych<\/p>\n<\/li>\n<li data-start=\"2676\" data-end=\"2721\">\n<p data-start=\"2678\" data-end=\"2721\">Trwa\u0142a konstrukcja ze stali nierdzewnej<\/p>\n<\/li>\n<\/ul>\n<p>&nbsp;<\/p>","protected":false},"excerpt":{"rendered":"<p>Zewn\u0119trzny piekarnik ze stali nierdzewnej do zewn\u0119trznych wanien z hydromasa\u017cem... Piekarnik wykonany jest ze stali nierdzewnej o grubo\u015bci 1,5 mm. Gatunek metalu: AISI 304 Moc pieca przy pe\u0142nym obci\u0105\u017ceniu: 28kW\/h, sprawno\u015b\u0107 70%. Ogrzewa standardow\u0105 wann\u0119 z hydromasa\u017cem w ci\u0105gu 2-3 godzin o ka\u017cdej porze roku.<\/p>","protected":false},"featured_media":456,"template":"","meta":[],"product_brand":[],"product_cat":[29],"product_tag":[],"class_list":{"0":"post-380","1":"product","2":"type-product","3":"status-publish","4":"has-post-thumbnail","6":"product_cat-krosneles","8":"first","9":"onbackorder","10":"taxable","11":"shipping-taxable","12":"purchasable","13":"product-type-simple"},"yoast_head":"<!-- This site is optimized with the Yoast SEO plugin v27.4 - https:\/\/yoast.com\/product\/yoast-seo-wordpress\/ -->\n<title>Integruota krosnel\u0117 32KW (AISI304) | Ignista<\/title>\n<meta name=\"description\" content=\"Kubilo i\u0161orin\u0117 malkin\u0117 krosnel\u0117 i\u0161 ner\u016bdijan\u010dio plieno - efektyvus vandens \u0161ildymas lauko kubilams. Tinka priva\u010diam ir komerciniam naudojimui.\" \/>\n<meta name=\"robots\" content=\"index, follow, max-snippet:-1, max-image-preview:large, max-video-preview:-1\" \/>\n<link rel=\"canonical\" href=\"https:\/\/ignista.lt\/pl\/parduotuve\/krosneles\/integruota-krosnele-aisi-304-32kw\/\" \/>\n<meta property=\"og:locale\" content=\"pl_PL\" \/>\n<meta property=\"og:type\" content=\"article\" \/>\n<meta property=\"og:title\" content=\"Integruota krosnel\u0117 32KW (AISI304) | Ignista\" \/>\n<meta property=\"og:description\" content=\"Kubilo i\u0161orin\u0117 malkin\u0117 krosnel\u0117 i\u0161 ner\u016bdijan\u010dio plieno - efektyvus vandens \u0161ildymas lauko kubilams. Tinka priva\u010diam ir komerciniam naudojimui.\" \/>\n<meta property=\"og:url\" content=\"https:\/\/ignista.lt\/pl\/parduotuve\/krosneles\/integruota-krosnele-aisi-304-32kw\/\" \/>\n<meta property=\"og:site_name\" content=\"Ignista\" \/>\n<meta property=\"article:modified_time\" content=\"2026-02-10T14:07:45+00:00\" \/>\n<meta property=\"og:image\" content=\"https:\/\/ignista.lt\/wp-content\/uploads\/2023\/09\/untitled.1-1.jpg\" \/>\n\t<meta property=\"og:image:width\" content=\"2560\" \/>\n\t<meta property=\"og:image:height\" content=\"1440\" \/>\n\t<meta property=\"og:image:type\" content=\"image\/jpeg\" \/>\n<script type=\"application\/ld+json\" class=\"yoast-schema-graph\">{\"@context\":\"https:\\\/\\\/schema.org\",\"@graph\":[{\"@type\":\"WebPage\",\"@id\":\"https:\\\/\\\/ignista.lt\\\/parduotuve\\\/krosneles\\\/integruota-krosnele-aisi-304-32kw\\\/\",\"url\":\"https:\\\/\\\/ignista.lt\\\/parduotuve\\\/krosneles\\\/integruota-krosnele-aisi-304-32kw\\\/\",\"name\":\"Integruota krosnel\u0117 32KW (AISI304) | Ignista\",\"isPartOf\":{\"@id\":\"https:\\\/\\\/ignista.lt\\\/#website\"},\"primaryImageOfPage\":{\"@id\":\"https:\\\/\\\/ignista.lt\\\/parduotuve\\\/krosneles\\\/integruota-krosnele-aisi-304-32kw\\\/#primaryimage\"},\"image\":{\"@id\":\"https:\\\/\\\/ignista.lt\\\/parduotuve\\\/krosneles\\\/integruota-krosnele-aisi-304-32kw\\\/#primaryimage\"},\"thumbnailUrl\":\"https:\\\/\\\/ignista.lt\\\/wp-content\\\/uploads\\\/2023\\\/09\\\/untitled.1-1.jpg\",\"datePublished\":\"2023-09-12T15:12:29+00:00\",\"dateModified\":\"2026-02-10T14:07:45+00:00\",\"description\":\"Kubilo i\u0161orin\u0117 malkin\u0117 krosnel\u0117 i\u0161 ner\u016bdijan\u010dio plieno - efektyvus vandens \u0161ildymas lauko kubilams. Tinka priva\u010diam ir komerciniam naudojimui.\",\"breadcrumb\":{\"@id\":\"https:\\\/\\\/ignista.lt\\\/parduotuve\\\/krosneles\\\/integruota-krosnele-aisi-304-32kw\\\/#breadcrumb\"},\"inLanguage\":\"pl-PL\",\"potentialAction\":[{\"@type\":\"ReadAction\",\"target\":[\"https:\\\/\\\/ignista.lt\\\/parduotuve\\\/krosneles\\\/integruota-krosnele-aisi-304-32kw\\\/\"]}]},{\"@type\":\"ImageObject\",\"inLanguage\":\"pl-PL\",\"@id\":\"https:\\\/\\\/ignista.lt\\\/parduotuve\\\/krosneles\\\/integruota-krosnele-aisi-304-32kw\\\/#primaryimage\",\"url\":\"https:\\\/\\\/ignista.lt\\\/wp-content\\\/uploads\\\/2023\\\/09\\\/untitled.1-1.jpg\",\"contentUrl\":\"https:\\\/\\\/ignista.lt\\\/wp-content\\\/uploads\\\/2023\\\/09\\\/untitled.1-1.jpg\",\"width\":2560,\"height\":1440},{\"@type\":\"BreadcrumbList\",\"@id\":\"https:\\\/\\\/ignista.lt\\\/parduotuve\\\/krosneles\\\/integruota-krosnele-aisi-304-32kw\\\/#breadcrumb\",\"itemListElement\":[{\"@type\":\"ListItem\",\"position\":1,\"name\":\"Home\",\"item\":\"https:\\\/\\\/ignista.lt\\\/lt\\\/\"},{\"@type\":\"ListItem\",\"position\":2,\"name\":\"Parduotuv\u0117\",\"item\":\"https:\\\/\\\/ignista.lt\\\/lt\\\/parduotuve\\\/\"},{\"@type\":\"ListItem\",\"position\":3,\"name\":\"Integruota krosnel\u0117 32KW (AISI304)\"}]},{\"@type\":\"WebSite\",\"@id\":\"https:\\\/\\\/ignista.lt\\\/#website\",\"url\":\"https:\\\/\\\/ignista.lt\\\/\",\"name\":\"Ignista\",\"description\":\"ner\u016bdijan\u010dio plieno krosnel\u0117s kubilams ir \u012fvair\u016bs metalo gaminiai\",\"potentialAction\":[{\"@type\":\"SearchAction\",\"target\":{\"@type\":\"EntryPoint\",\"urlTemplate\":\"https:\\\/\\\/ignista.lt\\\/?s={search_term_string}\"},\"query-input\":{\"@type\":\"PropertyValueSpecification\",\"valueRequired\":true,\"valueName\":\"search_term_string\"}}],\"inLanguage\":\"pl-PL\"}]}<\/script>\n<!-- \/ Yoast SEO plugin. -->","yoast_head_json":{"title":"Integruota krosnel\u0117 32KW (AISI304) | Ignista","description":"Kubilo i\u0161orin\u0117 malkin\u0117 krosnel\u0117 i\u0161 ner\u016bdijan\u010dio plieno - efektyvus vandens \u0161ildymas lauko kubilams. Tinka priva\u010diam ir komerciniam naudojimui.","robots":{"index":"index","follow":"follow","max-snippet":"max-snippet:-1","max-image-preview":"max-image-preview:large","max-video-preview":"max-video-preview:-1"},"canonical":"https:\/\/ignista.lt\/pl\/parduotuve\/krosneles\/integruota-krosnele-aisi-304-32kw\/","og_locale":"pl_PL","og_type":"article","og_title":"Integruota krosnel\u0117 32KW (AISI304) | Ignista","og_description":"Kubilo i\u0161orin\u0117 malkin\u0117 krosnel\u0117 i\u0161 ner\u016bdijan\u010dio plieno - efektyvus vandens \u0161ildymas lauko kubilams. Tinka priva\u010diam ir komerciniam naudojimui.","og_url":"https:\/\/ignista.lt\/pl\/parduotuve\/krosneles\/integruota-krosnele-aisi-304-32kw\/","og_site_name":"Ignista","article_modified_time":"2026-02-10T14:07:45+00:00","og_image":[{"width":2560,"height":1440,"url":"https:\/\/ignista.lt\/wp-content\/uploads\/2023\/09\/untitled.1-1.jpg","type":"image\/jpeg"}],"schema":{"@context":"https:\/\/schema.org","@graph":[{"@type":"WebPage","@id":"https:\/\/ignista.lt\/parduotuve\/krosneles\/integruota-krosnele-aisi-304-32kw\/","url":"https:\/\/ignista.lt\/parduotuve\/krosneles\/integruota-krosnele-aisi-304-32kw\/","name":"Integruota krosnel\u0117 32KW (AISI304) | Ignista","isPartOf":{"@id":"https:\/\/ignista.lt\/#website"},"primaryImageOfPage":{"@id":"https:\/\/ignista.lt\/parduotuve\/krosneles\/integruota-krosnele-aisi-304-32kw\/#primaryimage"},"image":{"@id":"https:\/\/ignista.lt\/parduotuve\/krosneles\/integruota-krosnele-aisi-304-32kw\/#primaryimage"},"thumbnailUrl":"https:\/\/ignista.lt\/wp-content\/uploads\/2023\/09\/untitled.1-1.jpg","datePublished":"2023-09-12T15:12:29+00:00","dateModified":"2026-02-10T14:07:45+00:00","description":"Kubilo i\u0161orin\u0117 malkin\u0117 krosnel\u0117 i\u0161 ner\u016bdijan\u010dio plieno - efektyvus vandens \u0161ildymas lauko kubilams. Tinka priva\u010diam ir komerciniam naudojimui.","breadcrumb":{"@id":"https:\/\/ignista.lt\/parduotuve\/krosneles\/integruota-krosnele-aisi-304-32kw\/#breadcrumb"},"inLanguage":"pl-PL","potentialAction":[{"@type":"ReadAction","target":["https:\/\/ignista.lt\/parduotuve\/krosneles\/integruota-krosnele-aisi-304-32kw\/"]}]},{"@type":"ImageObject","inLanguage":"pl-PL","@id":"https:\/\/ignista.lt\/parduotuve\/krosneles\/integruota-krosnele-aisi-304-32kw\/#primaryimage","url":"https:\/\/ignista.lt\/wp-content\/uploads\/2023\/09\/untitled.1-1.jpg","contentUrl":"https:\/\/ignista.lt\/wp-content\/uploads\/2023\/09\/untitled.1-1.jpg","width":2560,"height":1440},{"@type":"BreadcrumbList","@id":"https:\/\/ignista.lt\/parduotuve\/krosneles\/integruota-krosnele-aisi-304-32kw\/#breadcrumb","itemListElement":[{"@type":"ListItem","position":1,"name":"Home","item":"https:\/\/ignista.lt\/lt\/"},{"@type":"ListItem","position":2,"name":"Parduotuv\u0117","item":"https:\/\/ignista.lt\/lt\/parduotuve\/"},{"@type":"ListItem","position":3,"name":"Integruota krosnel\u0117 32KW (AISI304)"}]},{"@type":"WebSite","@id":"https:\/\/ignista.lt\/#website","url":"https:\/\/ignista.lt\/","name":"Ignista","description":"ner\u016bdijan\u010dio plieno krosnel\u0117s kubilams ir \u012fvair\u016bs metalo gaminiai","potentialAction":[{"@type":"SearchAction","target":{"@type":"EntryPoint","urlTemplate":"https:\/\/ignista.lt\/?s={search_term_string}"},"query-input":{"@type":"PropertyValueSpecification","valueRequired":true,"valueName":"search_term_string"}}],"inLanguage":"pl-PL"}]}},"_links":{"self":[{"href":"https:\/\/ignista.lt\/pl\/wp-json\/wp\/v2\/product\/380","targetHints":{"allow":["GET"]}}],"collection":[{"href":"https:\/\/ignista.lt\/pl\/wp-json\/wp\/v2\/product"}],"about":[{"href":"https:\/\/ignista.lt\/pl\/wp-json\/wp\/v2\/types\/product"}],"wp:featuredmedia":[{"embeddable":true,"href":"https:\/\/ignista.lt\/pl\/wp-json\/wp\/v2\/media\/456"}],"wp:attachment":[{"href":"https:\/\/ignista.lt\/pl\/wp-json\/wp\/v2\/media?parent=380"}],"wp:term":[{"taxonomy":"product_brand","embeddable":true,"href":"https:\/\/ignista.lt\/pl\/wp-json\/wp\/v2\/product_brand?post=380"},{"taxonomy":"product_cat","embeddable":true,"href":"https:\/\/ignista.lt\/pl\/wp-json\/wp\/v2\/product_cat?post=380"},{"taxonomy":"product_tag","embeddable":true,"href":"https:\/\/ignista.lt\/pl\/wp-json\/wp\/v2\/product_tag?post=380"}],"curies":[{"name":"wp","href":"https:\/\/api.w.org\/{rel}","templated":true}]}}