{"id":410,"date":"2023-09-27T09:51:19","date_gmt":"2023-09-27T06:51:19","guid":{"rendered":"https:\/\/ignista.lt\/?post_type=product&#038;p=410"},"modified":"2026-02-10T16:07:31","modified_gmt":"2026-02-10T14:07:31","slug":"nerudijancio-plieno-isorine-krosnele37kw-aisi304","status":"publish","type":"product","link":"https:\/\/ignista.lt\/pl\/parduotuve\/krosneles\/nerudijancio-plieno-isorine-krosnele37kw-aisi304\/","title":{"rendered":"Kuchenka zewn\u0119trzna ze stali nierdzewnej 50cm 28KW (AISI304)"},"content":{"rendered":"<p>&nbsp;<\/p>\n<div style=\"width: 2560px;\" class=\"wp-video\"><video class=\"wp-video-shortcode\" id=\"video-410-1\" width=\"2560\" height=\"1436\" loop autoplay preload=\"auto\" controls=\"controls\"><source type=\"video\/mp4\" src=\"https:\/\/ignista.lt\/wp-content\/uploads\/2023\/09\/2017.2-1.mp4?_=1\" \/><a href=\"https:\/\/ignista.lt\/wp-content\/uploads\/2023\/09\/2017.2-1.mp4\">https:\/\/ignista.lt\/wp-content\/uploads\/2023\/09\/2017.2-1.mp4<\/a><\/video><\/div>\n<h3 data-start=\"162\" data-end=\"218\">Zewn\u0119trzny piec ze stali nierdzewnej 28KW 50cm (AISI304)<\/h3>\n<p data-start=\"220\" data-end=\"530\">Kompaktowy, wydajny i trwa\u0142y 8-komorowy piecyk zewn\u0119trzny IGNISTA wykonany ze stali nierdzewnej AISI 304. Dzi\u0119ki ulepszonemu systemowi cyrkulacji powietrza woda nagrzewa si\u0119 szybciej i bardziej r\u00f3wnomiernie. Moc wyj\u015bciowa wynosi 35 kW\/h, co pozwala na ogrzanie wanny z hydromasa\u017cem w zaledwie 2-3 godziny.<\/p>\n<hr data-start=\"532\" data-end=\"535\" \/>\n<p data-start=\"537\" data-end=\"558\">Pe\u0142ny opis:<\/p>\n<p data-start=\"560\" data-end=\"811\">Piec ze stali nierdzewnej IGNISTA przeznaczony jest do zewn\u0119trznych wanien z hydromasa\u017cem. Wykonany jest ze stali nierdzewnej AISI 304 o grubo\u015bci 1,5 mm, co zapewnia trwa\u0142o\u015b\u0107, odporno\u015b\u0107 na korozj\u0119 i estetyczny wygl\u0105d nawet przy intensywnym u\u017cytkowaniu.<\/p>\n<p data-start=\"813\" data-end=\"979\">Piec ma wydajno\u015b\u0107 35 kW\/h i sprawno\u015b\u0107 70%. Pozwala to na ogrzanie standardowej wanny z hydromasa\u017cem w ci\u0105gu 2-3 godzin, niezale\u017cnie od pory roku.<\/p>\n<p data-start=\"981\" data-end=\"1225\">Unowocze\u015bniona konstrukcja z 8 rogami i ulepszonym systemem cyrkulacji powietrza zapewnia jeszcze wi\u0119ksz\u0105 wydajno\u015b\u0107 grzewcz\u0105. Rury cyrkulacji powietrza zintegrowane z ty\u0142u pieca poprawiaj\u0105 wymian\u0119 ciep\u0142a, dzi\u0119ki czemu woda nagrzewa si\u0119 szybciej i bardziej r\u00f3wnomiernie.<\/p>\n<p data-start=\"1227\" data-end=\"1456\">Przednie drzwiczki z 4 mm szyb\u0105 \u017caroodporn\u0105 pozwalaj\u0105 cieszy\u0107 si\u0119 widokiem p\u0142omienia, a regulowany dop\u0142yw powietrza daje pe\u0142n\u0105 kontrol\u0119 nad spalaniem. Piec ma ukryte n\u00f3\u017cki, co zapewnia czysty, minimalistyczny wygl\u0105d.<\/p>\n<hr data-start=\"1458\" data-end=\"1461\" \/>\n<p data-start=\"1463\" data-end=\"1489\">Dane techniczne:<\/p>\n<ul data-start=\"1490\" data-end=\"1926\">\n<li data-start=\"1490\" data-end=\"1512\">\n<p data-start=\"1492\" data-end=\"1512\">Moc: 28 kW\/h<\/p>\n<\/li>\n<li data-start=\"1513\" data-end=\"1549\">\n<p data-start=\"1515\" data-end=\"1549\">Wsp\u00f3\u0142czynnik wydajno\u015bci: 80%<\/p>\n<\/li>\n<li data-start=\"1550\" data-end=\"1571\">\n<p data-start=\"1552\" data-end=\"1571\">D\u0142ugo\u015b\u0107: 500 mm<\/p>\n<\/li>\n<li data-start=\"1572\" data-end=\"1595\">\n<p data-start=\"1574\" data-end=\"1595\">Wysoko\u015b\u0107: 660 mm<\/p>\n<\/li>\n<li data-start=\"1596\" data-end=\"1618\">\n<p data-start=\"1598\" data-end=\"1618\">Szeroko\u015b\u0107: 485 mm<\/p>\n<\/li>\n<li data-start=\"1619\" data-end=\"1650\">\n<p data-start=\"1621\" data-end=\"1650\">Grubo\u015b\u0107 \u015bcianki: 1,5 mm<\/p>\n<\/li>\n<li data-start=\"1651\" data-end=\"1698\">\n<p data-start=\"1653\" data-end=\"1698\">Materia\u0142: stal nierdzewna AISI 304<\/p>\n<\/li>\n<li data-start=\"1699\" data-end=\"1727\">\n<p data-start=\"1701\" data-end=\"1727\">Otw\u00f3r kominowy: \u00d8125 mm<\/p>\n<\/li>\n<li data-start=\"1728\" data-end=\"1774\">\n<p data-start=\"1730\" data-end=\"1774\">Przy\u0142\u0105cza wlotu\/wylotu wody: \u00d848 mm<\/p>\n<\/li>\n<li data-start=\"1775\" data-end=\"1823\">\n<p data-start=\"1777\" data-end=\"1823\">Drzwi z 4 mm szk\u0142a \u017caroodpornego<\/p>\n<\/li>\n<li data-start=\"1824\" data-end=\"1887\">\n<p data-start=\"1826\" data-end=\"1887\">Tylny obieg powietrza ze zintegrowanymi rurami<\/p>\n<\/li>\n<li data-start=\"1888\" data-end=\"1926\">\n<p data-start=\"1890\" data-end=\"1926\">Nogi - ukryte w konstrukcji<\/p>\n<\/li>\n<\/ul>\n<p>&nbsp;<\/p>","protected":false},"excerpt":{"rendered":"<p>&nbsp; Ner\u016bdijan\u010dio plieno i\u0161orin\u0117 kubilo krosnel\u0117 28KW 50cm (AISI304) Kompakti\u0161ka, efektyvi ir ilgaam\u017e\u0117 IGNISTA 8 kamp\u0173 i\u0161orin\u0117 krosnel\u0117, pagaminta i\u0161<\/p>","protected":false},"featured_media":564,"template":"","meta":[],"product_brand":[],"product_cat":[29],"product_tag":[],"class_list":{"0":"post-410","1":"product","2":"type-product","3":"status-publish","4":"has-post-thumbnail","6":"product_cat-krosneles","8":"first","9":"instock","10":"taxable","11":"shipping-taxable","12":"purchasable","13":"product-type-simple"},"yoast_head":"<!-- This site is optimized with the Yoast SEO plugin v27.4 - https:\/\/yoast.com\/product\/yoast-seo-wordpress\/ -->\n<title>Ner\u016bdijan\u010dio plieno i\u0161orin\u0117 krosnel\u0117 50cm 28KW (AISI304) | Ignista<\/title>\n<meta name=\"description\" content=\"Ner\u016bdijan\u010dio plieno i\u0161orin\u0117 krosnel\u0117 50cm 28KW (AISI304) I\u0161orin\u0117 malkin\u0117 krosnel\u0117 kubilui - greitas ir ekonomi\u0161kas lauko kubilo \u0161ildymas. Ner\u016bdijan\u010dio plieno krosnel\u0117 patikimam naudojimui visais met\u0173 laikais.\" \/>\n<meta name=\"robots\" content=\"index, follow, max-snippet:-1, max-image-preview:large, max-video-preview:-1\" \/>\n<link rel=\"canonical\" href=\"https:\/\/ignista.lt\/pl\/parduotuve\/krosneles\/nerudijancio-plieno-isorine-krosnele37kw-aisi304\/\" \/>\n<meta property=\"og:locale\" content=\"pl_PL\" \/>\n<meta property=\"og:type\" content=\"article\" \/>\n<meta property=\"og:title\" content=\"Ner\u016bdijan\u010dio plieno i\u0161orin\u0117 krosnel\u0117 50cm 28KW (AISI304) | Ignista\" \/>\n<meta property=\"og:description\" content=\"Ner\u016bdijan\u010dio plieno i\u0161orin\u0117 krosnel\u0117 50cm 28KW (AISI304) I\u0161orin\u0117 malkin\u0117 krosnel\u0117 kubilui - greitas ir ekonomi\u0161kas lauko kubilo \u0161ildymas. Ner\u016bdijan\u010dio plieno krosnel\u0117 patikimam naudojimui visais met\u0173 laikais.\" \/>\n<meta property=\"og:url\" content=\"https:\/\/ignista.lt\/pl\/parduotuve\/krosneles\/nerudijancio-plieno-isorine-krosnele37kw-aisi304\/\" \/>\n<meta property=\"og:site_name\" content=\"Ignista\" \/>\n<meta property=\"article:modified_time\" content=\"2026-02-10T14:07:31+00:00\" \/>\n<meta property=\"og:image\" content=\"https:\/\/ignista.lt\/wp-content\/uploads\/2023\/09\/Layer-Visibility1.jpg\" \/>\n\t<meta property=\"og:image:width\" content=\"1149\" \/>\n\t<meta property=\"og:image:height\" content=\"1084\" \/>\n\t<meta property=\"og:image:type\" content=\"image\/jpeg\" \/>\n<script type=\"application\/ld+json\" class=\"yoast-schema-graph\">{\"@context\":\"https:\\\/\\\/schema.org\",\"@graph\":[{\"@type\":\"WebPage\",\"@id\":\"https:\\\/\\\/ignista.lt\\\/parduotuve\\\/krosneles\\\/nerudijancio-plieno-isorine-krosnele37kw-aisi304\\\/\",\"url\":\"https:\\\/\\\/ignista.lt\\\/parduotuve\\\/krosneles\\\/nerudijancio-plieno-isorine-krosnele37kw-aisi304\\\/\",\"name\":\"Ner\u016bdijan\u010dio plieno i\u0161orin\u0117 krosnel\u0117 50cm 28KW (AISI304) | Ignista\",\"isPartOf\":{\"@id\":\"https:\\\/\\\/ignista.lt\\\/#website\"},\"primaryImageOfPage\":{\"@id\":\"https:\\\/\\\/ignista.lt\\\/parduotuve\\\/krosneles\\\/nerudijancio-plieno-isorine-krosnele37kw-aisi304\\\/#primaryimage\"},\"image\":{\"@id\":\"https:\\\/\\\/ignista.lt\\\/parduotuve\\\/krosneles\\\/nerudijancio-plieno-isorine-krosnele37kw-aisi304\\\/#primaryimage\"},\"thumbnailUrl\":\"https:\\\/\\\/ignista.lt\\\/wp-content\\\/uploads\\\/2023\\\/09\\\/Layer-Visibility1.jpg\",\"datePublished\":\"2023-09-27T06:51:19+00:00\",\"dateModified\":\"2026-02-10T14:07:31+00:00\",\"description\":\"Ner\u016bdijan\u010dio plieno i\u0161orin\u0117 krosnel\u0117 50cm 28KW (AISI304) I\u0161orin\u0117 malkin\u0117 krosnel\u0117 kubilui - greitas ir ekonomi\u0161kas lauko kubilo \u0161ildymas. Ner\u016bdijan\u010dio plieno krosnel\u0117 patikimam naudojimui visais met\u0173 laikais.\",\"breadcrumb\":{\"@id\":\"https:\\\/\\\/ignista.lt\\\/parduotuve\\\/krosneles\\\/nerudijancio-plieno-isorine-krosnele37kw-aisi304\\\/#breadcrumb\"},\"inLanguage\":\"pl-PL\",\"potentialAction\":[{\"@type\":\"ReadAction\",\"target\":[\"https:\\\/\\\/ignista.lt\\\/parduotuve\\\/krosneles\\\/nerudijancio-plieno-isorine-krosnele37kw-aisi304\\\/\"]}]},{\"@type\":\"ImageObject\",\"inLanguage\":\"pl-PL\",\"@id\":\"https:\\\/\\\/ignista.lt\\\/parduotuve\\\/krosneles\\\/nerudijancio-plieno-isorine-krosnele37kw-aisi304\\\/#primaryimage\",\"url\":\"https:\\\/\\\/ignista.lt\\\/wp-content\\\/uploads\\\/2023\\\/09\\\/Layer-Visibility1.jpg\",\"contentUrl\":\"https:\\\/\\\/ignista.lt\\\/wp-content\\\/uploads\\\/2023\\\/09\\\/Layer-Visibility1.jpg\",\"width\":1149,\"height\":1084},{\"@type\":\"BreadcrumbList\",\"@id\":\"https:\\\/\\\/ignista.lt\\\/parduotuve\\\/krosneles\\\/nerudijancio-plieno-isorine-krosnele37kw-aisi304\\\/#breadcrumb\",\"itemListElement\":[{\"@type\":\"ListItem\",\"position\":1,\"name\":\"Home\",\"item\":\"https:\\\/\\\/ignista.lt\\\/lt\\\/\"},{\"@type\":\"ListItem\",\"position\":2,\"name\":\"Parduotuv\u0117\",\"item\":\"https:\\\/\\\/ignista.lt\\\/lt\\\/parduotuve\\\/\"},{\"@type\":\"ListItem\",\"position\":3,\"name\":\"Ner\u016bdijan\u010dio plieno i\u0161orin\u0117 krosnel\u0117 50cm 28KW (AISI304)\"}]},{\"@type\":\"WebSite\",\"@id\":\"https:\\\/\\\/ignista.lt\\\/#website\",\"url\":\"https:\\\/\\\/ignista.lt\\\/\",\"name\":\"Ignista\",\"description\":\"ner\u016bdijan\u010dio plieno krosnel\u0117s kubilams ir \u012fvair\u016bs metalo gaminiai\",\"potentialAction\":[{\"@type\":\"SearchAction\",\"target\":{\"@type\":\"EntryPoint\",\"urlTemplate\":\"https:\\\/\\\/ignista.lt\\\/?s={search_term_string}\"},\"query-input\":{\"@type\":\"PropertyValueSpecification\",\"valueRequired\":true,\"valueName\":\"search_term_string\"}}],\"inLanguage\":\"pl-PL\"}]}<\/script>\n<!-- \/ Yoast SEO plugin. -->","yoast_head_json":{"title":"Ner\u016bdijan\u010dio plieno i\u0161orin\u0117 krosnel\u0117 50cm 28KW (AISI304) | Ignista","description":"Ner\u016bdijan\u010dio plieno i\u0161orin\u0117 krosnel\u0117 50cm 28KW (AISI304) I\u0161orin\u0117 malkin\u0117 krosnel\u0117 kubilui - greitas ir ekonomi\u0161kas lauko kubilo \u0161ildymas. Ner\u016bdijan\u010dio plieno krosnel\u0117 patikimam naudojimui visais met\u0173 laikais.","robots":{"index":"index","follow":"follow","max-snippet":"max-snippet:-1","max-image-preview":"max-image-preview:large","max-video-preview":"max-video-preview:-1"},"canonical":"https:\/\/ignista.lt\/pl\/parduotuve\/krosneles\/nerudijancio-plieno-isorine-krosnele37kw-aisi304\/","og_locale":"pl_PL","og_type":"article","og_title":"Ner\u016bdijan\u010dio plieno i\u0161orin\u0117 krosnel\u0117 50cm 28KW (AISI304) | Ignista","og_description":"Ner\u016bdijan\u010dio plieno i\u0161orin\u0117 krosnel\u0117 50cm 28KW (AISI304) I\u0161orin\u0117 malkin\u0117 krosnel\u0117 kubilui - greitas ir ekonomi\u0161kas lauko kubilo \u0161ildymas. Ner\u016bdijan\u010dio plieno krosnel\u0117 patikimam naudojimui visais met\u0173 laikais.","og_url":"https:\/\/ignista.lt\/pl\/parduotuve\/krosneles\/nerudijancio-plieno-isorine-krosnele37kw-aisi304\/","og_site_name":"Ignista","article_modified_time":"2026-02-10T14:07:31+00:00","og_image":[{"width":1149,"height":1084,"url":"https:\/\/ignista.lt\/wp-content\/uploads\/2023\/09\/Layer-Visibility1.jpg","type":"image\/jpeg"}],"schema":{"@context":"https:\/\/schema.org","@graph":[{"@type":"WebPage","@id":"https:\/\/ignista.lt\/parduotuve\/krosneles\/nerudijancio-plieno-isorine-krosnele37kw-aisi304\/","url":"https:\/\/ignista.lt\/parduotuve\/krosneles\/nerudijancio-plieno-isorine-krosnele37kw-aisi304\/","name":"Ner\u016bdijan\u010dio plieno i\u0161orin\u0117 krosnel\u0117 50cm 28KW (AISI304) | Ignista","isPartOf":{"@id":"https:\/\/ignista.lt\/#website"},"primaryImageOfPage":{"@id":"https:\/\/ignista.lt\/parduotuve\/krosneles\/nerudijancio-plieno-isorine-krosnele37kw-aisi304\/#primaryimage"},"image":{"@id":"https:\/\/ignista.lt\/parduotuve\/krosneles\/nerudijancio-plieno-isorine-krosnele37kw-aisi304\/#primaryimage"},"thumbnailUrl":"https:\/\/ignista.lt\/wp-content\/uploads\/2023\/09\/Layer-Visibility1.jpg","datePublished":"2023-09-27T06:51:19+00:00","dateModified":"2026-02-10T14:07:31+00:00","description":"Ner\u016bdijan\u010dio plieno i\u0161orin\u0117 krosnel\u0117 50cm 28KW (AISI304) I\u0161orin\u0117 malkin\u0117 krosnel\u0117 kubilui - greitas ir ekonomi\u0161kas lauko kubilo \u0161ildymas. Ner\u016bdijan\u010dio plieno krosnel\u0117 patikimam naudojimui visais met\u0173 laikais.","breadcrumb":{"@id":"https:\/\/ignista.lt\/parduotuve\/krosneles\/nerudijancio-plieno-isorine-krosnele37kw-aisi304\/#breadcrumb"},"inLanguage":"pl-PL","potentialAction":[{"@type":"ReadAction","target":["https:\/\/ignista.lt\/parduotuve\/krosneles\/nerudijancio-plieno-isorine-krosnele37kw-aisi304\/"]}]},{"@type":"ImageObject","inLanguage":"pl-PL","@id":"https:\/\/ignista.lt\/parduotuve\/krosneles\/nerudijancio-plieno-isorine-krosnele37kw-aisi304\/#primaryimage","url":"https:\/\/ignista.lt\/wp-content\/uploads\/2023\/09\/Layer-Visibility1.jpg","contentUrl":"https:\/\/ignista.lt\/wp-content\/uploads\/2023\/09\/Layer-Visibility1.jpg","width":1149,"height":1084},{"@type":"BreadcrumbList","@id":"https:\/\/ignista.lt\/parduotuve\/krosneles\/nerudijancio-plieno-isorine-krosnele37kw-aisi304\/#breadcrumb","itemListElement":[{"@type":"ListItem","position":1,"name":"Home","item":"https:\/\/ignista.lt\/lt\/"},{"@type":"ListItem","position":2,"name":"Parduotuv\u0117","item":"https:\/\/ignista.lt\/lt\/parduotuve\/"},{"@type":"ListItem","position":3,"name":"Ner\u016bdijan\u010dio plieno i\u0161orin\u0117 krosnel\u0117 50cm 28KW (AISI304)"}]},{"@type":"WebSite","@id":"https:\/\/ignista.lt\/#website","url":"https:\/\/ignista.lt\/","name":"Ignista","description":"ner\u016bdijan\u010dio plieno krosnel\u0117s kubilams ir \u012fvair\u016bs metalo gaminiai","potentialAction":[{"@type":"SearchAction","target":{"@type":"EntryPoint","urlTemplate":"https:\/\/ignista.lt\/?s={search_term_string}"},"query-input":{"@type":"PropertyValueSpecification","valueRequired":true,"valueName":"search_term_string"}}],"inLanguage":"pl-PL"}]}},"_links":{"self":[{"href":"https:\/\/ignista.lt\/pl\/wp-json\/wp\/v2\/product\/410","targetHints":{"allow":["GET"]}}],"collection":[{"href":"https:\/\/ignista.lt\/pl\/wp-json\/wp\/v2\/product"}],"about":[{"href":"https:\/\/ignista.lt\/pl\/wp-json\/wp\/v2\/types\/product"}],"wp:featuredmedia":[{"embeddable":true,"href":"https:\/\/ignista.lt\/pl\/wp-json\/wp\/v2\/media\/564"}],"wp:attachment":[{"href":"https:\/\/ignista.lt\/pl\/wp-json\/wp\/v2\/media?parent=410"}],"wp:term":[{"taxonomy":"product_brand","embeddable":true,"href":"https:\/\/ignista.lt\/pl\/wp-json\/wp\/v2\/product_brand?post=410"},{"taxonomy":"product_cat","embeddable":true,"href":"https:\/\/ignista.lt\/pl\/wp-json\/wp\/v2\/product_cat?post=410"},{"taxonomy":"product_tag","embeddable":true,"href":"https:\/\/ignista.lt\/pl\/wp-json\/wp\/v2\/product_tag?post=410"}],"curies":[{"name":"wp","href":"https:\/\/api.w.org\/{rel}","templated":true}]}}