{"id":601,"date":"2025-09-23T17:24:51","date_gmt":"2025-09-23T14:24:51","guid":{"rendered":"https:\/\/ignista.lt\/?post_type=product&#038;p=601"},"modified":"2026-05-15T15:38:27","modified_gmt":"2026-05-15T12:38:27","slug":"gerimu-laikiklis-4-iu-skyliu","status":"publish","type":"product","link":"https:\/\/ignista.lt\/pl\/parduotuve\/kubilu-priedai\/gerimu-laikiklis-4-iu-skyliu\/","title":{"rendered":"Uchwyt na napoje 4-otworowy"},"content":{"rendered":"<p>Wygodne i praktyczne rozwi\u0105zanie dla Pa\u0144stwa relaksu w wannie z hydromasa\u017cem. Uchwyt jest wykonany z wytrzyma\u0142ego metalu, \u0142atwy w monta\u017cu i zaprojektowany tak, aby napoje i inne przybory by\u0142y zawsze pod r\u0119k\u0105.<\/p>\n<p>&nbsp;<\/p>\n<p>&nbsp;<\/p>","protected":false},"excerpt":{"rendered":"<p>Patogus ir prakti\u0161kas sprendimas J\u016bs\u0173 poilsiui kubile. Laikiklis pagamintas i\u0161 patvaraus metalo, lengvai montuojamas, pritaikytas saugiai laikyti g\u0117rimus ar kitus<\/p>","protected":false},"featured_media":602,"template":"","meta":[],"product_brand":[],"product_cat":[98],"product_tag":[],"class_list":{"0":"post-601","1":"product","2":"type-product","3":"status-publish","4":"has-post-thumbnail","6":"product_cat-kubilu-priedai","8":"first","9":"instock","10":"taxable","11":"shipping-taxable","12":"purchasable","13":"product-type-simple"},"yoast_head":"<!-- This site is optimized with the Yoast SEO plugin v27.4 - https:\/\/yoast.com\/product\/yoast-seo-wordpress\/ -->\n<title>G\u0117rim\u0173 laikiklis 4-i\u0173 skyli\u0173 | Ignista<\/title>\n<meta name=\"description\" content=\"Patogus ir prakti\u0161kas sprendimas J\u016bs\u0173 poilsiui kubile. Laikiklis pagamintas i\u0161 patvaraus metalo, lengvai montuojamas, pritaikytas saugiai laikyti g\u0117rimus.\" \/>\n<meta name=\"robots\" content=\"index, follow, max-snippet:-1, max-image-preview:large, max-video-preview:-1\" \/>\n<link rel=\"canonical\" href=\"https:\/\/ignista.lt\/pl\/parduotuve\/kubilu-priedai\/gerimu-laikiklis-4-iu-skyliu\/\" \/>\n<meta property=\"og:locale\" content=\"pl_PL\" \/>\n<meta property=\"og:type\" content=\"article\" \/>\n<meta property=\"og:title\" content=\"G\u0117rim\u0173 laikiklis 4-i\u0173 skyli\u0173 | Ignista\" \/>\n<meta property=\"og:description\" content=\"Patogus ir prakti\u0161kas sprendimas J\u016bs\u0173 poilsiui kubile. Laikiklis pagamintas i\u0161 patvaraus metalo, lengvai montuojamas, pritaikytas saugiai laikyti g\u0117rimus.\" \/>\n<meta property=\"og:url\" content=\"https:\/\/ignista.lt\/pl\/parduotuve\/kubilu-priedai\/gerimu-laikiklis-4-iu-skyliu\/\" \/>\n<meta property=\"og:site_name\" content=\"Ignista\" \/>\n<meta property=\"article:modified_time\" content=\"2026-05-15T12:38:27+00:00\" \/>\n<meta property=\"og:image\" content=\"https:\/\/ignista.lt\/wp-content\/uploads\/2025\/09\/34a93493-a4fd-4f66-b341-76ea550b9634.jpg\" \/>\n\t<meta property=\"og:image:width\" content=\"1920\" \/>\n\t<meta property=\"og:image:height\" content=\"1440\" \/>\n\t<meta property=\"og:image:type\" content=\"image\/jpeg\" \/>\n<script type=\"application\/ld+json\" class=\"yoast-schema-graph\">{\"@context\":\"https:\\\/\\\/schema.org\",\"@graph\":[{\"@type\":\"WebPage\",\"@id\":\"https:\\\/\\\/ignista.lt\\\/parduotuve\\\/kubilu-priedai\\\/gerimu-laikiklis-4-iu-skyliu\\\/\",\"url\":\"https:\\\/\\\/ignista.lt\\\/parduotuve\\\/kubilu-priedai\\\/gerimu-laikiklis-4-iu-skyliu\\\/\",\"name\":\"G\u0117rim\u0173 laikiklis 4-i\u0173 skyli\u0173 | Ignista\",\"isPartOf\":{\"@id\":\"https:\\\/\\\/ignista.lt\\\/#website\"},\"primaryImageOfPage\":{\"@id\":\"https:\\\/\\\/ignista.lt\\\/parduotuve\\\/kubilu-priedai\\\/gerimu-laikiklis-4-iu-skyliu\\\/#primaryimage\"},\"image\":{\"@id\":\"https:\\\/\\\/ignista.lt\\\/parduotuve\\\/kubilu-priedai\\\/gerimu-laikiklis-4-iu-skyliu\\\/#primaryimage\"},\"thumbnailUrl\":\"https:\\\/\\\/ignista.lt\\\/wp-content\\\/uploads\\\/2025\\\/09\\\/34a93493-a4fd-4f66-b341-76ea550b9634.jpg\",\"datePublished\":\"2025-09-23T14:24:51+00:00\",\"dateModified\":\"2026-05-15T12:38:27+00:00\",\"description\":\"Patogus ir prakti\u0161kas sprendimas J\u016bs\u0173 poilsiui kubile. Laikiklis pagamintas i\u0161 patvaraus metalo, lengvai montuojamas, pritaikytas saugiai laikyti g\u0117rimus.\",\"breadcrumb\":{\"@id\":\"https:\\\/\\\/ignista.lt\\\/parduotuve\\\/kubilu-priedai\\\/gerimu-laikiklis-4-iu-skyliu\\\/#breadcrumb\"},\"inLanguage\":\"pl-PL\",\"potentialAction\":[{\"@type\":\"ReadAction\",\"target\":[\"https:\\\/\\\/ignista.lt\\\/parduotuve\\\/kubilu-priedai\\\/gerimu-laikiklis-4-iu-skyliu\\\/\"]}]},{\"@type\":\"ImageObject\",\"inLanguage\":\"pl-PL\",\"@id\":\"https:\\\/\\\/ignista.lt\\\/parduotuve\\\/kubilu-priedai\\\/gerimu-laikiklis-4-iu-skyliu\\\/#primaryimage\",\"url\":\"https:\\\/\\\/ignista.lt\\\/wp-content\\\/uploads\\\/2025\\\/09\\\/34a93493-a4fd-4f66-b341-76ea550b9634.jpg\",\"contentUrl\":\"https:\\\/\\\/ignista.lt\\\/wp-content\\\/uploads\\\/2025\\\/09\\\/34a93493-a4fd-4f66-b341-76ea550b9634.jpg\",\"width\":1920,\"height\":1440},{\"@type\":\"BreadcrumbList\",\"@id\":\"https:\\\/\\\/ignista.lt\\\/parduotuve\\\/kubilu-priedai\\\/gerimu-laikiklis-4-iu-skyliu\\\/#breadcrumb\",\"itemListElement\":[{\"@type\":\"ListItem\",\"position\":1,\"name\":\"Home\",\"item\":\"https:\\\/\\\/ignista.lt\\\/lt\\\/\"},{\"@type\":\"ListItem\",\"position\":2,\"name\":\"Parduotuv\u0117\",\"item\":\"https:\\\/\\\/ignista.lt\\\/lt\\\/parduotuve\\\/\"},{\"@type\":\"ListItem\",\"position\":3,\"name\":\"G\u0117rim\u0173 laikiklis 4-i\u0173 skyli\u0173\"}]},{\"@type\":\"WebSite\",\"@id\":\"https:\\\/\\\/ignista.lt\\\/#website\",\"url\":\"https:\\\/\\\/ignista.lt\\\/\",\"name\":\"Ignista\",\"description\":\"ner\u016bdijan\u010dio plieno krosnel\u0117s kubilams ir \u012fvair\u016bs metalo gaminiai\",\"potentialAction\":[{\"@type\":\"SearchAction\",\"target\":{\"@type\":\"EntryPoint\",\"urlTemplate\":\"https:\\\/\\\/ignista.lt\\\/?s={search_term_string}\"},\"query-input\":{\"@type\":\"PropertyValueSpecification\",\"valueRequired\":true,\"valueName\":\"search_term_string\"}}],\"inLanguage\":\"pl-PL\"}]}<\/script>\n<!-- \/ Yoast SEO plugin. -->","yoast_head_json":{"title":"G\u0117rim\u0173 laikiklis 4-i\u0173 skyli\u0173 | Ignista","description":"Patogus ir prakti\u0161kas sprendimas J\u016bs\u0173 poilsiui kubile. Laikiklis pagamintas i\u0161 patvaraus metalo, lengvai montuojamas, pritaikytas saugiai laikyti g\u0117rimus.","robots":{"index":"index","follow":"follow","max-snippet":"max-snippet:-1","max-image-preview":"max-image-preview:large","max-video-preview":"max-video-preview:-1"},"canonical":"https:\/\/ignista.lt\/pl\/parduotuve\/kubilu-priedai\/gerimu-laikiklis-4-iu-skyliu\/","og_locale":"pl_PL","og_type":"article","og_title":"G\u0117rim\u0173 laikiklis 4-i\u0173 skyli\u0173 | Ignista","og_description":"Patogus ir prakti\u0161kas sprendimas J\u016bs\u0173 poilsiui kubile. Laikiklis pagamintas i\u0161 patvaraus metalo, lengvai montuojamas, pritaikytas saugiai laikyti g\u0117rimus.","og_url":"https:\/\/ignista.lt\/pl\/parduotuve\/kubilu-priedai\/gerimu-laikiklis-4-iu-skyliu\/","og_site_name":"Ignista","article_modified_time":"2026-05-15T12:38:27+00:00","og_image":[{"width":1920,"height":1440,"url":"https:\/\/ignista.lt\/wp-content\/uploads\/2025\/09\/34a93493-a4fd-4f66-b341-76ea550b9634.jpg","type":"image\/jpeg"}],"schema":{"@context":"https:\/\/schema.org","@graph":[{"@type":"WebPage","@id":"https:\/\/ignista.lt\/parduotuve\/kubilu-priedai\/gerimu-laikiklis-4-iu-skyliu\/","url":"https:\/\/ignista.lt\/parduotuve\/kubilu-priedai\/gerimu-laikiklis-4-iu-skyliu\/","name":"G\u0117rim\u0173 laikiklis 4-i\u0173 skyli\u0173 | Ignista","isPartOf":{"@id":"https:\/\/ignista.lt\/#website"},"primaryImageOfPage":{"@id":"https:\/\/ignista.lt\/parduotuve\/kubilu-priedai\/gerimu-laikiklis-4-iu-skyliu\/#primaryimage"},"image":{"@id":"https:\/\/ignista.lt\/parduotuve\/kubilu-priedai\/gerimu-laikiklis-4-iu-skyliu\/#primaryimage"},"thumbnailUrl":"https:\/\/ignista.lt\/wp-content\/uploads\/2025\/09\/34a93493-a4fd-4f66-b341-76ea550b9634.jpg","datePublished":"2025-09-23T14:24:51+00:00","dateModified":"2026-05-15T12:38:27+00:00","description":"Patogus ir prakti\u0161kas sprendimas J\u016bs\u0173 poilsiui kubile. Laikiklis pagamintas i\u0161 patvaraus metalo, lengvai montuojamas, pritaikytas saugiai laikyti g\u0117rimus.","breadcrumb":{"@id":"https:\/\/ignista.lt\/parduotuve\/kubilu-priedai\/gerimu-laikiklis-4-iu-skyliu\/#breadcrumb"},"inLanguage":"pl-PL","potentialAction":[{"@type":"ReadAction","target":["https:\/\/ignista.lt\/parduotuve\/kubilu-priedai\/gerimu-laikiklis-4-iu-skyliu\/"]}]},{"@type":"ImageObject","inLanguage":"pl-PL","@id":"https:\/\/ignista.lt\/parduotuve\/kubilu-priedai\/gerimu-laikiklis-4-iu-skyliu\/#primaryimage","url":"https:\/\/ignista.lt\/wp-content\/uploads\/2025\/09\/34a93493-a4fd-4f66-b341-76ea550b9634.jpg","contentUrl":"https:\/\/ignista.lt\/wp-content\/uploads\/2025\/09\/34a93493-a4fd-4f66-b341-76ea550b9634.jpg","width":1920,"height":1440},{"@type":"BreadcrumbList","@id":"https:\/\/ignista.lt\/parduotuve\/kubilu-priedai\/gerimu-laikiklis-4-iu-skyliu\/#breadcrumb","itemListElement":[{"@type":"ListItem","position":1,"name":"Home","item":"https:\/\/ignista.lt\/lt\/"},{"@type":"ListItem","position":2,"name":"Parduotuv\u0117","item":"https:\/\/ignista.lt\/lt\/parduotuve\/"},{"@type":"ListItem","position":3,"name":"G\u0117rim\u0173 laikiklis 4-i\u0173 skyli\u0173"}]},{"@type":"WebSite","@id":"https:\/\/ignista.lt\/#website","url":"https:\/\/ignista.lt\/","name":"Ignista","description":"ner\u016bdijan\u010dio plieno krosnel\u0117s kubilams ir \u012fvair\u016bs metalo gaminiai","potentialAction":[{"@type":"SearchAction","target":{"@type":"EntryPoint","urlTemplate":"https:\/\/ignista.lt\/?s={search_term_string}"},"query-input":{"@type":"PropertyValueSpecification","valueRequired":true,"valueName":"search_term_string"}}],"inLanguage":"pl-PL"}]}},"_links":{"self":[{"href":"https:\/\/ignista.lt\/pl\/wp-json\/wp\/v2\/product\/601","targetHints":{"allow":["GET"]}}],"collection":[{"href":"https:\/\/ignista.lt\/pl\/wp-json\/wp\/v2\/product"}],"about":[{"href":"https:\/\/ignista.lt\/pl\/wp-json\/wp\/v2\/types\/product"}],"wp:featuredmedia":[{"embeddable":true,"href":"https:\/\/ignista.lt\/pl\/wp-json\/wp\/v2\/media\/602"}],"wp:attachment":[{"href":"https:\/\/ignista.lt\/pl\/wp-json\/wp\/v2\/media?parent=601"}],"wp:term":[{"taxonomy":"product_brand","embeddable":true,"href":"https:\/\/ignista.lt\/pl\/wp-json\/wp\/v2\/product_brand?post=601"},{"taxonomy":"product_cat","embeddable":true,"href":"https:\/\/ignista.lt\/pl\/wp-json\/wp\/v2\/product_cat?post=601"},{"taxonomy":"product_tag","embeddable":true,"href":"https:\/\/ignista.lt\/pl\/wp-json\/wp\/v2\/product_tag?post=601"}],"curies":[{"name":"wp","href":"https:\/\/api.w.org\/{rel}","templated":true}]}}