{"id":643,"date":"2025-09-24T14:36:31","date_gmt":"2025-09-24T11:36:31","guid":{"rendered":"https:\/\/ignista.lt\/?post_type=product&#038;p=643"},"modified":"2026-03-21T15:01:23","modified_gmt":"2026-03-21T13:01:23","slug":"kaminas-su-apsauga","status":"publish","type":"product","link":"https:\/\/ignista.lt\/pl\/parduotuve\/krosneliu-priedai\/kaminas-su-apsauga\/","title":{"rendered":"Komin z zabezpieczeniem"},"content":{"rendered":"<h3 data-start=\"68\" data-end=\"92\">Komin z zabezpieczeniem<\/h3>\n<p data-start=\"94\" data-end=\"339\">Komin wykonany jest z <strong data-start=\"116\" data-end=\"148\">Stal nierdzewna AISI 430<\/strong>, dla trwa\u0142o\u015bci i odporno\u015bci na ciep\u0142o. \u015arednica - <strong data-start=\"208\" data-end=\"218\">125 mm<\/strong>, ca\u0142kowita d\u0142ugo\u015b\u0107 - <strong data-start=\"236\" data-end=\"243\">2 m<\/strong>. Komin jest dostarczany w komplecie z <strong data-start=\"272\" data-end=\"296\">ochrona przed oparzeniami<\/strong>, dzi\u0119ki czemu jest bezpieczny i wygodny w u\u017cyciu.<\/p>\n<p data-start=\"341\" data-end=\"367\"><strong data-start=\"341\" data-end=\"365\">Dane techniczne:<\/strong><\/p>\n<ul data-start=\"368\" data-end=\"491\">\n<li data-start=\"368\" data-end=\"411\">\n<p data-start=\"370\" data-end=\"411\">Materia\u0142: stal nierdzewna AISI 430<\/p>\n<\/li>\n<li data-start=\"412\" data-end=\"432\">\n<p data-start=\"414\" data-end=\"432\">\u015arednica: 125 mm<\/p>\n<\/li>\n<li data-start=\"433\" data-end=\"455\">\n<p data-start=\"435\" data-end=\"455\">D\u0142ugo\u015b\u0107 ca\u0142kowita: 2 m<\/p>\n<\/li>\n<\/ul>\n<p>&nbsp;<\/p>\n<p>&nbsp;<\/p>","protected":false},"excerpt":{"rendered":"<p>Kaminas su apsauga Kaminas pagamintas i\u0161 AISI 430 ner\u016bdijan\u010dio plieno, u\u017etikrinan\u010dio patvarum\u0105 ir atsparum\u0105 kar\u0161\u010diui. Skersmuo &#8211; 125 mm, bendras<\/p>","protected":false},"featured_media":634,"template":"","meta":[],"product_brand":[],"product_cat":[99],"product_tag":[],"class_list":{"0":"post-643","1":"product","2":"type-product","3":"status-publish","4":"has-post-thumbnail","6":"product_cat-krosneliu-priedai","8":"first","9":"instock","10":"taxable","11":"shipping-taxable","12":"purchasable","13":"product-type-simple"},"yoast_head":"<!-- This site is optimized with the Yoast SEO plugin v27.4 - https:\/\/yoast.com\/product\/yoast-seo-wordpress\/ -->\n<title>Kaminas su apsauga | Ignista<\/title>\n<meta name=\"description\" content=\"Kaminas pagamintas i\u0161 AISI 430 ner\u016bdijan\u010dio plieno, u\u017etikrinan\u010dio patvarum\u0105 ir atsparum\u0105 kar\u0161\u010diui. Skersmuo - 125 mm, bendras ilgis - 2 m.\" \/>\n<meta name=\"robots\" content=\"index, follow, max-snippet:-1, max-image-preview:large, max-video-preview:-1\" \/>\n<link rel=\"canonical\" href=\"https:\/\/ignista.lt\/pl\/parduotuve\/krosneliu-priedai\/kaminas-su-apsauga\/\" \/>\n<meta property=\"og:locale\" content=\"pl_PL\" \/>\n<meta property=\"og:type\" content=\"article\" \/>\n<meta property=\"og:title\" content=\"Kaminas su apsauga | Ignista\" \/>\n<meta property=\"og:description\" content=\"Kaminas pagamintas i\u0161 AISI 430 ner\u016bdijan\u010dio plieno, u\u017etikrinan\u010dio patvarum\u0105 ir atsparum\u0105 kar\u0161\u010diui. Skersmuo - 125 mm, bendras ilgis - 2 m.\" \/>\n<meta property=\"og:url\" content=\"https:\/\/ignista.lt\/pl\/parduotuve\/krosneliu-priedai\/kaminas-su-apsauga\/\" \/>\n<meta property=\"og:site_name\" content=\"Ignista\" \/>\n<meta property=\"article:modified_time\" content=\"2026-03-21T13:01:23+00:00\" \/>\n<meta property=\"og:image\" content=\"https:\/\/ignista.lt\/wp-content\/uploads\/2025\/09\/WhatsApp-Image-2025-09-24-at-12.07.30_efbd161e.jpg\" \/>\n\t<meta property=\"og:image:width\" content=\"1200\" \/>\n\t<meta property=\"og:image:height\" content=\"1600\" \/>\n\t<meta property=\"og:image:type\" content=\"image\/jpeg\" \/>\n<script type=\"application\/ld+json\" class=\"yoast-schema-graph\">{\"@context\":\"https:\\\/\\\/schema.org\",\"@graph\":[{\"@type\":\"WebPage\",\"@id\":\"https:\\\/\\\/ignista.lt\\\/parduotuve\\\/krosneliu-priedai\\\/kaminas-su-apsauga\\\/\",\"url\":\"https:\\\/\\\/ignista.lt\\\/parduotuve\\\/krosneliu-priedai\\\/kaminas-su-apsauga\\\/\",\"name\":\"Kaminas su apsauga | Ignista\",\"isPartOf\":{\"@id\":\"https:\\\/\\\/ignista.lt\\\/#website\"},\"primaryImageOfPage\":{\"@id\":\"https:\\\/\\\/ignista.lt\\\/parduotuve\\\/krosneliu-priedai\\\/kaminas-su-apsauga\\\/#primaryimage\"},\"image\":{\"@id\":\"https:\\\/\\\/ignista.lt\\\/parduotuve\\\/krosneliu-priedai\\\/kaminas-su-apsauga\\\/#primaryimage\"},\"thumbnailUrl\":\"https:\\\/\\\/ignista.lt\\\/wp-content\\\/uploads\\\/2025\\\/09\\\/WhatsApp-Image-2025-09-24-at-12.07.30_efbd161e.jpg\",\"datePublished\":\"2025-09-24T11:36:31+00:00\",\"dateModified\":\"2026-03-21T13:01:23+00:00\",\"description\":\"Kaminas pagamintas i\u0161 AISI 430 ner\u016bdijan\u010dio plieno, u\u017etikrinan\u010dio patvarum\u0105 ir atsparum\u0105 kar\u0161\u010diui. Skersmuo - 125 mm, bendras ilgis - 2 m.\",\"breadcrumb\":{\"@id\":\"https:\\\/\\\/ignista.lt\\\/parduotuve\\\/krosneliu-priedai\\\/kaminas-su-apsauga\\\/#breadcrumb\"},\"inLanguage\":\"pl-PL\",\"potentialAction\":[{\"@type\":\"ReadAction\",\"target\":[\"https:\\\/\\\/ignista.lt\\\/parduotuve\\\/krosneliu-priedai\\\/kaminas-su-apsauga\\\/\"]}]},{\"@type\":\"ImageObject\",\"inLanguage\":\"pl-PL\",\"@id\":\"https:\\\/\\\/ignista.lt\\\/parduotuve\\\/krosneliu-priedai\\\/kaminas-su-apsauga\\\/#primaryimage\",\"url\":\"https:\\\/\\\/ignista.lt\\\/wp-content\\\/uploads\\\/2025\\\/09\\\/WhatsApp-Image-2025-09-24-at-12.07.30_efbd161e.jpg\",\"contentUrl\":\"https:\\\/\\\/ignista.lt\\\/wp-content\\\/uploads\\\/2025\\\/09\\\/WhatsApp-Image-2025-09-24-at-12.07.30_efbd161e.jpg\",\"width\":1200,\"height\":1600},{\"@type\":\"BreadcrumbList\",\"@id\":\"https:\\\/\\\/ignista.lt\\\/parduotuve\\\/krosneliu-priedai\\\/kaminas-su-apsauga\\\/#breadcrumb\",\"itemListElement\":[{\"@type\":\"ListItem\",\"position\":1,\"name\":\"Home\",\"item\":\"https:\\\/\\\/ignista.lt\\\/lt\\\/\"},{\"@type\":\"ListItem\",\"position\":2,\"name\":\"Parduotuv\u0117\",\"item\":\"https:\\\/\\\/ignista.lt\\\/lt\\\/parduotuve\\\/\"},{\"@type\":\"ListItem\",\"position\":3,\"name\":\"Kaminas su apsauga\"}]},{\"@type\":\"WebSite\",\"@id\":\"https:\\\/\\\/ignista.lt\\\/#website\",\"url\":\"https:\\\/\\\/ignista.lt\\\/\",\"name\":\"Ignista\",\"description\":\"ner\u016bdijan\u010dio plieno krosnel\u0117s kubilams ir \u012fvair\u016bs metalo gaminiai\",\"potentialAction\":[{\"@type\":\"SearchAction\",\"target\":{\"@type\":\"EntryPoint\",\"urlTemplate\":\"https:\\\/\\\/ignista.lt\\\/?s={search_term_string}\"},\"query-input\":{\"@type\":\"PropertyValueSpecification\",\"valueRequired\":true,\"valueName\":\"search_term_string\"}}],\"inLanguage\":\"pl-PL\"}]}<\/script>\n<!-- \/ Yoast SEO plugin. -->","yoast_head_json":{"title":"Kaminas su apsauga | Ignista","description":"Kaminas pagamintas i\u0161 AISI 430 ner\u016bdijan\u010dio plieno, u\u017etikrinan\u010dio patvarum\u0105 ir atsparum\u0105 kar\u0161\u010diui. Skersmuo - 125 mm, bendras ilgis - 2 m.","robots":{"index":"index","follow":"follow","max-snippet":"max-snippet:-1","max-image-preview":"max-image-preview:large","max-video-preview":"max-video-preview:-1"},"canonical":"https:\/\/ignista.lt\/pl\/parduotuve\/krosneliu-priedai\/kaminas-su-apsauga\/","og_locale":"pl_PL","og_type":"article","og_title":"Kaminas su apsauga | Ignista","og_description":"Kaminas pagamintas i\u0161 AISI 430 ner\u016bdijan\u010dio plieno, u\u017etikrinan\u010dio patvarum\u0105 ir atsparum\u0105 kar\u0161\u010diui. Skersmuo - 125 mm, bendras ilgis - 2 m.","og_url":"https:\/\/ignista.lt\/pl\/parduotuve\/krosneliu-priedai\/kaminas-su-apsauga\/","og_site_name":"Ignista","article_modified_time":"2026-03-21T13:01:23+00:00","og_image":[{"width":1200,"height":1600,"url":"https:\/\/ignista.lt\/wp-content\/uploads\/2025\/09\/WhatsApp-Image-2025-09-24-at-12.07.30_efbd161e.jpg","type":"image\/jpeg"}],"schema":{"@context":"https:\/\/schema.org","@graph":[{"@type":"WebPage","@id":"https:\/\/ignista.lt\/parduotuve\/krosneliu-priedai\/kaminas-su-apsauga\/","url":"https:\/\/ignista.lt\/parduotuve\/krosneliu-priedai\/kaminas-su-apsauga\/","name":"Kaminas su apsauga | Ignista","isPartOf":{"@id":"https:\/\/ignista.lt\/#website"},"primaryImageOfPage":{"@id":"https:\/\/ignista.lt\/parduotuve\/krosneliu-priedai\/kaminas-su-apsauga\/#primaryimage"},"image":{"@id":"https:\/\/ignista.lt\/parduotuve\/krosneliu-priedai\/kaminas-su-apsauga\/#primaryimage"},"thumbnailUrl":"https:\/\/ignista.lt\/wp-content\/uploads\/2025\/09\/WhatsApp-Image-2025-09-24-at-12.07.30_efbd161e.jpg","datePublished":"2025-09-24T11:36:31+00:00","dateModified":"2026-03-21T13:01:23+00:00","description":"Kaminas pagamintas i\u0161 AISI 430 ner\u016bdijan\u010dio plieno, u\u017etikrinan\u010dio patvarum\u0105 ir atsparum\u0105 kar\u0161\u010diui. Skersmuo - 125 mm, bendras ilgis - 2 m.","breadcrumb":{"@id":"https:\/\/ignista.lt\/parduotuve\/krosneliu-priedai\/kaminas-su-apsauga\/#breadcrumb"},"inLanguage":"pl-PL","potentialAction":[{"@type":"ReadAction","target":["https:\/\/ignista.lt\/parduotuve\/krosneliu-priedai\/kaminas-su-apsauga\/"]}]},{"@type":"ImageObject","inLanguage":"pl-PL","@id":"https:\/\/ignista.lt\/parduotuve\/krosneliu-priedai\/kaminas-su-apsauga\/#primaryimage","url":"https:\/\/ignista.lt\/wp-content\/uploads\/2025\/09\/WhatsApp-Image-2025-09-24-at-12.07.30_efbd161e.jpg","contentUrl":"https:\/\/ignista.lt\/wp-content\/uploads\/2025\/09\/WhatsApp-Image-2025-09-24-at-12.07.30_efbd161e.jpg","width":1200,"height":1600},{"@type":"BreadcrumbList","@id":"https:\/\/ignista.lt\/parduotuve\/krosneliu-priedai\/kaminas-su-apsauga\/#breadcrumb","itemListElement":[{"@type":"ListItem","position":1,"name":"Home","item":"https:\/\/ignista.lt\/lt\/"},{"@type":"ListItem","position":2,"name":"Parduotuv\u0117","item":"https:\/\/ignista.lt\/lt\/parduotuve\/"},{"@type":"ListItem","position":3,"name":"Kaminas su apsauga"}]},{"@type":"WebSite","@id":"https:\/\/ignista.lt\/#website","url":"https:\/\/ignista.lt\/","name":"Ignista","description":"ner\u016bdijan\u010dio plieno krosnel\u0117s kubilams ir \u012fvair\u016bs metalo gaminiai","potentialAction":[{"@type":"SearchAction","target":{"@type":"EntryPoint","urlTemplate":"https:\/\/ignista.lt\/?s={search_term_string}"},"query-input":{"@type":"PropertyValueSpecification","valueRequired":true,"valueName":"search_term_string"}}],"inLanguage":"pl-PL"}]}},"_links":{"self":[{"href":"https:\/\/ignista.lt\/pl\/wp-json\/wp\/v2\/product\/643","targetHints":{"allow":["GET"]}}],"collection":[{"href":"https:\/\/ignista.lt\/pl\/wp-json\/wp\/v2\/product"}],"about":[{"href":"https:\/\/ignista.lt\/pl\/wp-json\/wp\/v2\/types\/product"}],"wp:featuredmedia":[{"embeddable":true,"href":"https:\/\/ignista.lt\/pl\/wp-json\/wp\/v2\/media\/634"}],"wp:attachment":[{"href":"https:\/\/ignista.lt\/pl\/wp-json\/wp\/v2\/media?parent=643"}],"wp:term":[{"taxonomy":"product_brand","embeddable":true,"href":"https:\/\/ignista.lt\/pl\/wp-json\/wp\/v2\/product_brand?post=643"},{"taxonomy":"product_cat","embeddable":true,"href":"https:\/\/ignista.lt\/pl\/wp-json\/wp\/v2\/product_cat?post=643"},{"taxonomy":"product_tag","embeddable":true,"href":"https:\/\/ignista.lt\/pl\/wp-json\/wp\/v2\/product_tag?post=643"}],"curies":[{"name":"wp","href":"https:\/\/api.w.org\/{rel}","templated":true}]}}