{"id":692,"date":"2025-12-22T10:38:22","date_gmt":"2025-12-22T08:38:22","guid":{"rendered":"https:\/\/ignista.lt\/?post_type=product&#038;p=692"},"modified":"2026-05-15T15:38:09","modified_gmt":"2026-05-15T12:38:09","slug":"hidromasazo-sistema-kubilo-hidromasazas-hidromasazas-kubilui-vandens-masazo-sistema-spa-iranga-kubilo-priedai-hidromasazo-siurblys","status":"publish","type":"product","link":"https:\/\/ignista.lt\/pl\/parduotuve\/kubilu-priedai\/hidromasazo-sistema-kubilo-hidromasazas-hidromasazas-kubilui-vandens-masazo-sistema-spa-iranga-kubilo-priedai-hidromasazo-siurblys\/","title":{"rendered":"System hydromasa\u017cu do wanny z hydromasa\u017cem - 1,1 kW, 8 dysz"},"content":{"rendered":"<h3 data-start=\"131\" data-end=\"194\">System hydromasa\u017cu do wanny z hydromasa\u017cem - 1,1 kW, 8 dysz<\/h3>\n<p data-start=\"196\" data-end=\"444\">Wysoka jako\u015b\u0107 <strong data-start=\"212\" data-end=\"235\">system hydromasa\u017cu<\/strong> do wanien z hydromasa\u017cem i \u0142a\u017ani, zapewniaj\u0105c wydajny przep\u0142yw wody i przyjemne uczucie masa\u017cu. Gotowy do \u0142atwej instalacji zestaw nadaje si\u0119 zar\u00f3wno do nowych projekt\u00f3w, jak i do modernizacji istniej\u0105cych wanien z hydromasa\u017cem lub \u0142a\u017ani.<\/p>\n<h4 data-start=\"446\" data-end=\"468\">Zestaw zawiera:<\/h4>\n<ul data-start=\"469\" data-end=\"867\">\n<li data-start=\"469\" data-end=\"547\">\n<p data-start=\"471\" data-end=\"547\"><strong data-start=\"471\" data-end=\"498\">Pompa wodna 1,1 kW<\/strong> - wydajne i niezawodne rozwi\u0105zanie do hydromasa\u017cu<\/p>\n<\/li>\n<li data-start=\"548\" data-end=\"616\">\n<p data-start=\"550\" data-end=\"616\"><strong data-start=\"550\" data-end=\"582\">8 dysz do hydromasa\u017cu<\/strong> - dla r\u00f3wnomiernej dystrybucji wody<\/p>\n<\/li>\n<li data-start=\"617\" data-end=\"666\">\n<p data-start=\"619\" data-end=\"666\"><strong data-start=\"619\" data-end=\"633\">W\u0119\u017ce PVC<\/strong> - odporny na wilgo\u0107 i ci\u015bnienie<\/p>\n<\/li>\n<li data-start=\"667\" data-end=\"779\">\n<p data-start=\"669\" data-end=\"779\"><strong data-start=\"669\" data-end=\"693\">Okucia<\/strong>Tr\u00f3jnik pompy, z\u0142\u0105cze Y, za\u015blepki, sprz\u0119g\u0142o, kolanka, dysza wlotu wody<\/p>\n<\/li>\n<li data-start=\"780\" data-end=\"867\">\n<p data-start=\"782\" data-end=\"867\"><strong data-start=\"782\" data-end=\"821\">Prze\u0142\u0105cznik steruj\u0105cy z regulatorem<\/strong> - dla wygodnej kontroli intensywno\u015bci hydromasa\u017cu<\/p>\n<\/li>\n<\/ul>\n<h4 data-start=\"869\" data-end=\"898\">Kluczowe korzy\u015bci:<\/h4>\n<ul data-start=\"899\" data-end=\"1099\">\n<li data-start=\"899\" data-end=\"953\">\n<p data-start=\"901\" data-end=\"953\">Tinka <strong data-start=\"907\" data-end=\"951\">do wanien z hydromasa\u017cem, wanien zewn\u0119trznych i system\u00f3w spa<\/strong><\/p>\n<\/li>\n<li data-start=\"954\" data-end=\"1003\">\n<p data-start=\"956\" data-end=\"1003\">Prosta instalacja i solidna konstrukcja<\/p>\n<\/li>\n<li data-start=\"1004\" data-end=\"1045\">\n<p data-start=\"1006\" data-end=\"1045\">Skuteczny masa\u017c wodny dla ca\u0142ego cia\u0142a<\/p>\n<\/li>\n<li data-start=\"1046\" data-end=\"1099\">\n<p data-start=\"1048\" data-end=\"1099\">Wysokiej jako\u015bci komponenty zapewniaj\u0105ce d\u0142ugotrwa\u0142e u\u017cytkowanie<\/p>\n<\/li>\n<\/ul>\n<h4 data-start=\"1101\" data-end=\"1127\">Informacje techniczne:<\/h4>\n<ul data-start=\"1128\" data-end=\"1243\">\n<li data-start=\"1128\" data-end=\"1156\">\n<p data-start=\"1130\" data-end=\"1156\">Moc pompy: <strong data-start=\"1146\" data-end=\"1156\">1,1 kW<\/strong><\/p>\n<\/li>\n<li data-start=\"1157\" data-end=\"1189\">\n<p data-start=\"1159\" data-end=\"1189\">Liczba dysz: <strong data-start=\"1179\" data-end=\"1189\">8 szt.<\/strong><\/p>\n<\/li>\n<li data-start=\"1190\" data-end=\"1243\">\n<p data-start=\"1192\" data-end=\"1243\">Cel: <strong data-start=\"1203\" data-end=\"1243\">System hydromasa\u017cu do wanny z hydromasa\u017cem<\/strong><\/p>\n<\/li>\n<\/ul>\n<p>&nbsp;<\/p>","protected":false},"excerpt":{"rendered":"<p>Hidromasa\u017eo sistema kubilui \/ voniai &#8211; 1,1 kW, 8 purk\u0161tukai Auk\u0161tos kokyb\u0117s hidromasa\u017eo sistema skirta kubilams ir vonioms, u\u017etikrinanti efektyv\u0173<\/p>","protected":false},"featured_media":688,"template":"","meta":[],"product_brand":[],"product_cat":[98],"product_tag":[],"class_list":{"0":"post-692","1":"product","2":"type-product","3":"status-publish","4":"has-post-thumbnail","6":"product_cat-kubilu-priedai","8":"first","9":"instock","10":"taxable","11":"shipping-taxable","12":"purchasable","13":"product-type-simple"},"yoast_head":"<!-- This site is optimized with the Yoast SEO plugin v27.4 - https:\/\/yoast.com\/product\/yoast-seo-wordpress\/ -->\n<title>Hidromasa\u017eo sistema kubilui \/ voniai - 1,1 kW, 8 purk\u0161tukai | Ignista<\/title>\n<meta name=\"description\" content=\"Auk\u0161tos kokyb\u0117s hidromasa\u017eo sistema skirta kubilams ir vonioms, u\u017etikrinanti efektyv\u0173 vandens sraut\u0105 ir malon\u0173 masa\u017eo poj\u016bt\u012f.\" \/>\n<meta name=\"robots\" content=\"index, follow, max-snippet:-1, max-image-preview:large, max-video-preview:-1\" \/>\n<link rel=\"canonical\" href=\"https:\/\/ignista.lt\/pl\/parduotuve\/kubilu-priedai\/hidromasazo-sistema-kubilo-hidromasazas-hidromasazas-kubilui-vandens-masazo-sistema-spa-iranga-kubilo-priedai-hidromasazo-siurblys\/\" \/>\n<meta property=\"og:locale\" content=\"pl_PL\" \/>\n<meta property=\"og:type\" content=\"article\" \/>\n<meta property=\"og:title\" content=\"Hidromasa\u017eo sistema kubilui \/ voniai - 1,1 kW, 8 purk\u0161tukai | Ignista\" \/>\n<meta property=\"og:description\" content=\"Auk\u0161tos kokyb\u0117s hidromasa\u017eo sistema skirta kubilams ir vonioms, u\u017etikrinanti efektyv\u0173 vandens sraut\u0105 ir malon\u0173 masa\u017eo poj\u016bt\u012f.\" \/>\n<meta property=\"og:url\" content=\"https:\/\/ignista.lt\/pl\/parduotuve\/kubilu-priedai\/hidromasazo-sistema-kubilo-hidromasazas-hidromasazas-kubilui-vandens-masazo-sistema-spa-iranga-kubilo-priedai-hidromasazo-siurblys\/\" \/>\n<meta property=\"og:site_name\" content=\"Ignista\" \/>\n<meta property=\"article:modified_time\" content=\"2026-05-15T12:38:09+00:00\" \/>\n<meta property=\"og:image\" content=\"https:\/\/ignista.lt\/wp-content\/uploads\/2025\/12\/WhatsApp-Image-2025-12-19-at-16.10.392.jpeg\" \/>\n\t<meta property=\"og:image:width\" content=\"1600\" \/>\n\t<meta property=\"og:image:height\" content=\"1200\" \/>\n\t<meta property=\"og:image:type\" content=\"image\/jpeg\" \/>\n<script type=\"application\/ld+json\" class=\"yoast-schema-graph\">{\"@context\":\"https:\\\/\\\/schema.org\",\"@graph\":[{\"@type\":\"WebPage\",\"@id\":\"https:\\\/\\\/ignista.lt\\\/parduotuve\\\/kubilu-priedai\\\/hidromasazo-sistema-kubilo-hidromasazas-hidromasazas-kubilui-vandens-masazo-sistema-spa-iranga-kubilo-priedai-hidromasazo-siurblys\\\/\",\"url\":\"https:\\\/\\\/ignista.lt\\\/parduotuve\\\/kubilu-priedai\\\/hidromasazo-sistema-kubilo-hidromasazas-hidromasazas-kubilui-vandens-masazo-sistema-spa-iranga-kubilo-priedai-hidromasazo-siurblys\\\/\",\"name\":\"Hidromasa\u017eo sistema kubilui \\\/ voniai - 1,1 kW, 8 purk\u0161tukai | Ignista\",\"isPartOf\":{\"@id\":\"https:\\\/\\\/ignista.lt\\\/#website\"},\"primaryImageOfPage\":{\"@id\":\"https:\\\/\\\/ignista.lt\\\/parduotuve\\\/kubilu-priedai\\\/hidromasazo-sistema-kubilo-hidromasazas-hidromasazas-kubilui-vandens-masazo-sistema-spa-iranga-kubilo-priedai-hidromasazo-siurblys\\\/#primaryimage\"},\"image\":{\"@id\":\"https:\\\/\\\/ignista.lt\\\/parduotuve\\\/kubilu-priedai\\\/hidromasazo-sistema-kubilo-hidromasazas-hidromasazas-kubilui-vandens-masazo-sistema-spa-iranga-kubilo-priedai-hidromasazo-siurblys\\\/#primaryimage\"},\"thumbnailUrl\":\"https:\\\/\\\/ignista.lt\\\/wp-content\\\/uploads\\\/2025\\\/12\\\/WhatsApp-Image-2025-12-19-at-16.10.392.jpeg\",\"datePublished\":\"2025-12-22T08:38:22+00:00\",\"dateModified\":\"2026-05-15T12:38:09+00:00\",\"description\":\"Auk\u0161tos kokyb\u0117s hidromasa\u017eo sistema skirta kubilams ir vonioms, u\u017etikrinanti efektyv\u0173 vandens sraut\u0105 ir malon\u0173 masa\u017eo poj\u016bt\u012f.\",\"breadcrumb\":{\"@id\":\"https:\\\/\\\/ignista.lt\\\/parduotuve\\\/kubilu-priedai\\\/hidromasazo-sistema-kubilo-hidromasazas-hidromasazas-kubilui-vandens-masazo-sistema-spa-iranga-kubilo-priedai-hidromasazo-siurblys\\\/#breadcrumb\"},\"inLanguage\":\"pl-PL\",\"potentialAction\":[{\"@type\":\"ReadAction\",\"target\":[\"https:\\\/\\\/ignista.lt\\\/parduotuve\\\/kubilu-priedai\\\/hidromasazo-sistema-kubilo-hidromasazas-hidromasazas-kubilui-vandens-masazo-sistema-spa-iranga-kubilo-priedai-hidromasazo-siurblys\\\/\"]}]},{\"@type\":\"ImageObject\",\"inLanguage\":\"pl-PL\",\"@id\":\"https:\\\/\\\/ignista.lt\\\/parduotuve\\\/kubilu-priedai\\\/hidromasazo-sistema-kubilo-hidromasazas-hidromasazas-kubilui-vandens-masazo-sistema-spa-iranga-kubilo-priedai-hidromasazo-siurblys\\\/#primaryimage\",\"url\":\"https:\\\/\\\/ignista.lt\\\/wp-content\\\/uploads\\\/2025\\\/12\\\/WhatsApp-Image-2025-12-19-at-16.10.392.jpeg\",\"contentUrl\":\"https:\\\/\\\/ignista.lt\\\/wp-content\\\/uploads\\\/2025\\\/12\\\/WhatsApp-Image-2025-12-19-at-16.10.392.jpeg\",\"width\":1600,\"height\":1200},{\"@type\":\"BreadcrumbList\",\"@id\":\"https:\\\/\\\/ignista.lt\\\/parduotuve\\\/kubilu-priedai\\\/hidromasazo-sistema-kubilo-hidromasazas-hidromasazas-kubilui-vandens-masazo-sistema-spa-iranga-kubilo-priedai-hidromasazo-siurblys\\\/#breadcrumb\",\"itemListElement\":[{\"@type\":\"ListItem\",\"position\":1,\"name\":\"Home\",\"item\":\"https:\\\/\\\/ignista.lt\\\/lt\\\/\"},{\"@type\":\"ListItem\",\"position\":2,\"name\":\"Parduotuv\u0117\",\"item\":\"https:\\\/\\\/ignista.lt\\\/lt\\\/parduotuve\\\/\"},{\"@type\":\"ListItem\",\"position\":3,\"name\":\"Hidromasa\u017eo sistema kubilui \\\/ voniai &#8211; 1,1 kW, 8 purk\u0161tukai\"}]},{\"@type\":\"WebSite\",\"@id\":\"https:\\\/\\\/ignista.lt\\\/#website\",\"url\":\"https:\\\/\\\/ignista.lt\\\/\",\"name\":\"Ignista\",\"description\":\"ner\u016bdijan\u010dio plieno krosnel\u0117s kubilams ir \u012fvair\u016bs metalo gaminiai\",\"potentialAction\":[{\"@type\":\"SearchAction\",\"target\":{\"@type\":\"EntryPoint\",\"urlTemplate\":\"https:\\\/\\\/ignista.lt\\\/?s={search_term_string}\"},\"query-input\":{\"@type\":\"PropertyValueSpecification\",\"valueRequired\":true,\"valueName\":\"search_term_string\"}}],\"inLanguage\":\"pl-PL\"}]}<\/script>\n<!-- \/ Yoast SEO plugin. -->","yoast_head_json":{"title":"Hidromasa\u017eo sistema kubilui \/ voniai - 1,1 kW, 8 purk\u0161tukai | Ignista","description":"Auk\u0161tos kokyb\u0117s hidromasa\u017eo sistema skirta kubilams ir vonioms, u\u017etikrinanti efektyv\u0173 vandens sraut\u0105 ir malon\u0173 masa\u017eo poj\u016bt\u012f.","robots":{"index":"index","follow":"follow","max-snippet":"max-snippet:-1","max-image-preview":"max-image-preview:large","max-video-preview":"max-video-preview:-1"},"canonical":"https:\/\/ignista.lt\/pl\/parduotuve\/kubilu-priedai\/hidromasazo-sistema-kubilo-hidromasazas-hidromasazas-kubilui-vandens-masazo-sistema-spa-iranga-kubilo-priedai-hidromasazo-siurblys\/","og_locale":"pl_PL","og_type":"article","og_title":"Hidromasa\u017eo sistema kubilui \/ voniai - 1,1 kW, 8 purk\u0161tukai | Ignista","og_description":"Auk\u0161tos kokyb\u0117s hidromasa\u017eo sistema skirta kubilams ir vonioms, u\u017etikrinanti efektyv\u0173 vandens sraut\u0105 ir malon\u0173 masa\u017eo poj\u016bt\u012f.","og_url":"https:\/\/ignista.lt\/pl\/parduotuve\/kubilu-priedai\/hidromasazo-sistema-kubilo-hidromasazas-hidromasazas-kubilui-vandens-masazo-sistema-spa-iranga-kubilo-priedai-hidromasazo-siurblys\/","og_site_name":"Ignista","article_modified_time":"2026-05-15T12:38:09+00:00","og_image":[{"width":1600,"height":1200,"url":"https:\/\/ignista.lt\/wp-content\/uploads\/2025\/12\/WhatsApp-Image-2025-12-19-at-16.10.392.jpeg","type":"image\/jpeg"}],"schema":{"@context":"https:\/\/schema.org","@graph":[{"@type":"WebPage","@id":"https:\/\/ignista.lt\/parduotuve\/kubilu-priedai\/hidromasazo-sistema-kubilo-hidromasazas-hidromasazas-kubilui-vandens-masazo-sistema-spa-iranga-kubilo-priedai-hidromasazo-siurblys\/","url":"https:\/\/ignista.lt\/parduotuve\/kubilu-priedai\/hidromasazo-sistema-kubilo-hidromasazas-hidromasazas-kubilui-vandens-masazo-sistema-spa-iranga-kubilo-priedai-hidromasazo-siurblys\/","name":"Hidromasa\u017eo sistema kubilui \/ voniai - 1,1 kW, 8 purk\u0161tukai | Ignista","isPartOf":{"@id":"https:\/\/ignista.lt\/#website"},"primaryImageOfPage":{"@id":"https:\/\/ignista.lt\/parduotuve\/kubilu-priedai\/hidromasazo-sistema-kubilo-hidromasazas-hidromasazas-kubilui-vandens-masazo-sistema-spa-iranga-kubilo-priedai-hidromasazo-siurblys\/#primaryimage"},"image":{"@id":"https:\/\/ignista.lt\/parduotuve\/kubilu-priedai\/hidromasazo-sistema-kubilo-hidromasazas-hidromasazas-kubilui-vandens-masazo-sistema-spa-iranga-kubilo-priedai-hidromasazo-siurblys\/#primaryimage"},"thumbnailUrl":"https:\/\/ignista.lt\/wp-content\/uploads\/2025\/12\/WhatsApp-Image-2025-12-19-at-16.10.392.jpeg","datePublished":"2025-12-22T08:38:22+00:00","dateModified":"2026-05-15T12:38:09+00:00","description":"Auk\u0161tos kokyb\u0117s hidromasa\u017eo sistema skirta kubilams ir vonioms, u\u017etikrinanti efektyv\u0173 vandens sraut\u0105 ir malon\u0173 masa\u017eo poj\u016bt\u012f.","breadcrumb":{"@id":"https:\/\/ignista.lt\/parduotuve\/kubilu-priedai\/hidromasazo-sistema-kubilo-hidromasazas-hidromasazas-kubilui-vandens-masazo-sistema-spa-iranga-kubilo-priedai-hidromasazo-siurblys\/#breadcrumb"},"inLanguage":"pl-PL","potentialAction":[{"@type":"ReadAction","target":["https:\/\/ignista.lt\/parduotuve\/kubilu-priedai\/hidromasazo-sistema-kubilo-hidromasazas-hidromasazas-kubilui-vandens-masazo-sistema-spa-iranga-kubilo-priedai-hidromasazo-siurblys\/"]}]},{"@type":"ImageObject","inLanguage":"pl-PL","@id":"https:\/\/ignista.lt\/parduotuve\/kubilu-priedai\/hidromasazo-sistema-kubilo-hidromasazas-hidromasazas-kubilui-vandens-masazo-sistema-spa-iranga-kubilo-priedai-hidromasazo-siurblys\/#primaryimage","url":"https:\/\/ignista.lt\/wp-content\/uploads\/2025\/12\/WhatsApp-Image-2025-12-19-at-16.10.392.jpeg","contentUrl":"https:\/\/ignista.lt\/wp-content\/uploads\/2025\/12\/WhatsApp-Image-2025-12-19-at-16.10.392.jpeg","width":1600,"height":1200},{"@type":"BreadcrumbList","@id":"https:\/\/ignista.lt\/parduotuve\/kubilu-priedai\/hidromasazo-sistema-kubilo-hidromasazas-hidromasazas-kubilui-vandens-masazo-sistema-spa-iranga-kubilo-priedai-hidromasazo-siurblys\/#breadcrumb","itemListElement":[{"@type":"ListItem","position":1,"name":"Home","item":"https:\/\/ignista.lt\/lt\/"},{"@type":"ListItem","position":2,"name":"Parduotuv\u0117","item":"https:\/\/ignista.lt\/lt\/parduotuve\/"},{"@type":"ListItem","position":3,"name":"Hidromasa\u017eo sistema kubilui \/ voniai &#8211; 1,1 kW, 8 purk\u0161tukai"}]},{"@type":"WebSite","@id":"https:\/\/ignista.lt\/#website","url":"https:\/\/ignista.lt\/","name":"Ignista","description":"ner\u016bdijan\u010dio plieno krosnel\u0117s kubilams ir \u012fvair\u016bs metalo gaminiai","potentialAction":[{"@type":"SearchAction","target":{"@type":"EntryPoint","urlTemplate":"https:\/\/ignista.lt\/?s={search_term_string}"},"query-input":{"@type":"PropertyValueSpecification","valueRequired":true,"valueName":"search_term_string"}}],"inLanguage":"pl-PL"}]}},"_links":{"self":[{"href":"https:\/\/ignista.lt\/pl\/wp-json\/wp\/v2\/product\/692","targetHints":{"allow":["GET"]}}],"collection":[{"href":"https:\/\/ignista.lt\/pl\/wp-json\/wp\/v2\/product"}],"about":[{"href":"https:\/\/ignista.lt\/pl\/wp-json\/wp\/v2\/types\/product"}],"wp:featuredmedia":[{"embeddable":true,"href":"https:\/\/ignista.lt\/pl\/wp-json\/wp\/v2\/media\/688"}],"wp:attachment":[{"href":"https:\/\/ignista.lt\/pl\/wp-json\/wp\/v2\/media?parent=692"}],"wp:term":[{"taxonomy":"product_brand","embeddable":true,"href":"https:\/\/ignista.lt\/pl\/wp-json\/wp\/v2\/product_brand?post=692"},{"taxonomy":"product_cat","embeddable":true,"href":"https:\/\/ignista.lt\/pl\/wp-json\/wp\/v2\/product_cat?post=692"},{"taxonomy":"product_tag","embeddable":true,"href":"https:\/\/ignista.lt\/pl\/wp-json\/wp\/v2\/product_tag?post=692"}],"curies":[{"name":"wp","href":"https:\/\/api.w.org\/{rel}","templated":true}]}}