{"id":29376,"date":"2026-01-29T21:59:05","date_gmt":"2026-01-29T19:59:05","guid":{"rendered":"https:\/\/ignista.lt\/?page_id=29376"},"modified":"2026-02-06T00:52:23","modified_gmt":"2026-02-05T22:52:23","slug":"kontaktai","status":"publish","type":"page","link":"https:\/\/ignista.lt\/ru\/kontaktai\/","title":{"rendered":"\u0421\u0432\u044f\u0436\u0438\u0442\u0435\u0441\u044c \u0441"},"content":{"rendered":"\t\t<div data-elementor-type=\"wp-page\" data-elementor-id=\"29376\" class=\"elementor elementor-29376\" data-elementor-post-type=\"page\">\n\t\t\t\t<div class=\"wd-negative-gap elementor-element elementor-element-7f77f092 e-flex e-con-boxed e-con e-parent\" data-id=\"7f77f092\" data-element_type=\"container\" data-e-type=\"container\">\n\t\t\t\t\t<div class=\"e-con-inner\">\n\t\t<div class=\"elementor-element elementor-element-72a4027b e-con-full e-flex e-con e-child\" data-id=\"72a4027b\" data-element_type=\"container\" data-e-type=\"container\">\n\t\t\t\t<div class=\"elementor-element elementor-element-7277d175 wd-width-100 elementor-widget elementor-widget-wd_title\" data-id=\"7277d175\" data-element_type=\"widget\" data-e-type=\"widget\" data-widget_type=\"wd_title.default\">\n\t\t\t\t<div class=\"elementor-widget-container\">\n\t\t\t\t\t\t\t<div class=\"title-wrapper wd-set-mb reset-last-child wd-title-color-default wd-title-style-default wd-title-size-default text-left\">\n\n\t\t\t\n\t\t\t<div class=\"liner-continer\">\n\t\t\t\t<h4 class=\"woodmart-title-container title wd-fontsize-l\">MB Ignista rekvizitai<\/h4> \n\t\t\t\t\t\t\t<\/div>\n\n\t\t\t\t\t<\/div>\n\t\t\t\t\t\t<\/div>\n\t\t\t\t<\/div>\n\t\t<div class=\"elementor-element elementor-element-48be804b e-con-full e-flex e-con e-child\" data-id=\"48be804b\" data-element_type=\"container\" data-e-type=\"container\">\n\t\t<div class=\"elementor-element elementor-element-642b9dd8 e-con-full e-flex e-con e-child\" data-id=\"642b9dd8\" data-element_type=\"container\" data-e-type=\"container\">\n\t\t\t\t<div class=\"elementor-element elementor-element-7f755e4 elementor-widget elementor-widget-wd_text_block\" data-id=\"7f755e4\" data-element_type=\"widget\" data-e-type=\"widget\" data-widget_type=\"wd_text_block.default\">\n\t\t\t\t<div class=\"elementor-widget-container\">\n\t\t\t\t\t\t\t<div class=\"wd-text-block reset-last-child text-left\">\n\t\t\t\n\t\t\t<p><span style=\"color: #333333;\"><strong>\u012emon\u0117s kodas: <\/strong>306951694<\/span><br \/><span style=\"color: #333333;\"><strong>PVM mok\u0117tojo kodas:\u00a0<\/strong>LT100017067915<\/span><br \/><span style=\"color: #333333;\"><strong>Bankas: <\/strong>Revolut<\/span><br \/><span style=\"color: #333333;\"><strong>Atsiskaitomoji s\u0105skaita: <\/strong>LT153250005722670484<\/span><\/p>\n\t\t\t\t\t<\/div>\n\t\t\t\t\t\t<\/div>\n\t\t\t\t<\/div>\n\t\t\t\t<div class=\"elementor-element elementor-element-76156a5 elementor-widget elementor-widget-wd_text_block\" data-id=\"76156a5\" data-element_type=\"widget\" data-e-type=\"widget\" data-widget_type=\"wd_text_block.default\">\n\t\t\t\t<div class=\"elementor-widget-container\">\n\t\t\t\t\t\t\t<div class=\"wd-text-block reset-last-child text-left\">\n\t\t\t\n\t\t\t<p><span style=\"color: #333333;\"><strong>El. pa\u0161tas:<\/strong><\/span> <a href=\"mailto:info@ignista.lt\" target=\"_blank\" rel=\"noopener\">info@ignista.lt<\/a><br \/><span style=\"color: #333333;\"><strong>Telefonas:<\/strong><\/span> <a href=\"tel:+37066655155\" target=\"_blank\" rel=\"noopener\">+370 666 55155<\/a><br \/><span style=\"color: #333333;\"><strong>Adresas: <\/strong><a href=\"https:\/\/maps.app.goo.gl\/EuwxcbY2E15aLLj47\" target=\"_blank\" rel=\"noopener\">Aido g. 6-14 Girait\u0117, Kauno r. LT47454<\/a><\/span><\/p>\n\t\t\t\t\t<\/div>\n\t\t\t\t\t\t<\/div>\n\t\t\t\t<\/div>\n\t\t\t\t<\/div>\n\t\t\t\t<\/div>\n\t\t\t\t<div class=\"elementor-element elementor-element-4fd2b563 wd-width-100 elementor-widget elementor-widget-wd_title\" data-id=\"4fd2b563\" data-element_type=\"widget\" data-e-type=\"widget\" data-widget_type=\"wd_title.default\">\n\t\t\t\t<div class=\"elementor-widget-container\">\n\t\t\t\t\t\t\t<div class=\"title-wrapper wd-set-mb reset-last-child wd-title-color-default wd-title-style-default wd-title-size-default text-left\">\n\n\t\t\t\n\t\t\t<div class=\"liner-continer\">\n\t\t\t\t<h4 class=\"woodmart-title-container title wd-fontsize-l\">Para\u0161ykite mums<\/h4> \n\t\t\t\t\t\t\t<\/div>\n\n\t\t\t\t\t<\/div>\n\t\t\t\t\t\t<\/div>\n\t\t\t\t<\/div>\n\t\t\t\t<div class=\"elementor-element elementor-element-cd7138e elementor-widget elementor-widget-wd_text_block\" data-id=\"cd7138e\" data-element_type=\"widget\" data-e-type=\"widget\" data-widget_type=\"wd_text_block.default\">\n\t\t\t\t<div class=\"elementor-widget-container\">\n\t\t\t\t\t\t\t<div class=\"wd-text-block reset-last-child text-left\">\n\t\t\t\n\t\t\t<p>Nuo konsultacijos iki sprendimo. I\u0161skirtin\u0117s kokyb\u0117s ilgaam\u017e\u0117s krostel\u0117s ir kiti metalo gaminiai.<\/p>\n\t\t\t\t\t<\/div>\n\t\t\t\t\t\t<\/div>\n\t\t\t\t<\/div>\n\t\t\t\t<\/div>\n\t\t<div class=\"elementor-element elementor-element-507193ce e-con-full e-flex e-con e-child\" data-id=\"507193ce\" data-element_type=\"container\" data-e-type=\"container\">\n\t\t\t\t<div class=\"elementor-element elementor-element-e0497a5 elementor-button-align-stretch elementor-widget elementor-widget-form\" data-id=\"e0497a5\" data-element_type=\"widget\" data-e-type=\"widget\" data-settings=\"{&quot;button_width&quot;:&quot;100&quot;,&quot;step_type&quot;:&quot;number_text&quot;,&quot;step_icon_shape&quot;:&quot;circle&quot;}\" data-widget_type=\"form.default\">\n\t\t\t\t\t\t\t<form class=\"elementor-form\" method=\"post\" name=\"New Form\" aria-label=\"New Form\">\n\t\t\t<input type=\"hidden\" name=\"post_id\" value=\"29376\"\/>\n\t\t\t<input type=\"hidden\" name=\"form_id\" value=\"e0497a5\"\/>\n\t\t\t<input type=\"hidden\" name=\"referer_title\" value=\"Kontaktai | Ignista\" \/>\n\n\t\t\t\t\t\t\t<input type=\"hidden\" name=\"queried_id\" value=\"29376\"\/>\n\t\t\t\n\t\t\t<div class=\"elementor-form-fields-wrapper elementor-labels-above\">\n\t\t\t\t\t\t\t\t<div class=\"elementor-field-type-text elementor-field-group elementor-column elementor-field-group-name elementor-col-100 elementor-field-required elementor-mark-required\">\n\t\t\t\t\t\t\t\t\t\t\t\t<label for=\"form-field-name\" class=\"elementor-field-label\">\n\t\t\t\t\t\t\t\tVardas\t\t\t\t\t\t\t<\/label>\n\t\t\t\t\t\t\t\t\t\t\t\t\t\t<input size=\"1\" type=\"text\" name=\"form_fields[name]\" id=\"form-field-name\" class=\"elementor-field elementor-size-sm  elementor-field-textual\" placeholder=\"Vardas\" required=\"required\">\n\t\t\t\t\t\t\t\t\t\t\t<\/div>\n\t\t\t\t\t\t\t\t<div class=\"elementor-field-type-tel elementor-field-group elementor-column elementor-field-group-field_8050293 elementor-col-100 elementor-field-required elementor-mark-required\">\n\t\t\t\t\t\t\t\t\t\t\t\t<label for=\"form-field-field_8050293\" class=\"elementor-field-label\">\n\t\t\t\t\t\t\t\tTelefonas\t\t\t\t\t\t\t<\/label>\n\t\t\t\t\t\t\t\t<input size=\"1\" type=\"tel\" name=\"form_fields[field_8050293]\" id=\"form-field-field_8050293\" class=\"elementor-field elementor-size-sm  elementor-field-textual\" placeholder=\"+370\" required=\"required\" pattern=\"[0-9()#&amp;+*-=.]+\" title=\"Priimami tik skai\u010diai ir telefono simboliai (#, -, * ir kt.).\">\n\n\t\t\t\t\t\t<\/div>\n\t\t\t\t\t\t\t\t<div class=\"elementor-field-type-email elementor-field-group elementor-column elementor-field-group-email elementor-col-100 elementor-field-required elementor-mark-required\">\n\t\t\t\t\t\t\t\t\t\t\t\t<label for=\"form-field-email\" class=\"elementor-field-label\">\n\t\t\t\t\t\t\t\tEl. pa\u0161tas\t\t\t\t\t\t\t<\/label>\n\t\t\t\t\t\t\t\t\t\t\t\t\t\t<input size=\"1\" type=\"email\" name=\"form_fields[email]\" id=\"form-field-email\" class=\"elementor-field elementor-size-sm  elementor-field-textual\" placeholder=\"vardas@email.lt\" required=\"required\">\n\t\t\t\t\t\t\t\t\t\t\t<\/div>\n\t\t\t\t\t\t\t\t<div class=\"elementor-field-type-textarea elementor-field-group elementor-column elementor-field-group-message elementor-col-100 elementor-field-required elementor-mark-required\">\n\t\t\t\t\t\t\t\t\t\t\t\t<label for=\"form-field-message\" class=\"elementor-field-label\">\n\t\t\t\t\t\t\t\t\u017dinut\u0117\t\t\t\t\t\t\t<\/label>\n\t\t\t\t\t\t<textarea class=\"elementor-field-textual elementor-field  elementor-size-sm\" name=\"form_fields[message]\" id=\"form-field-message\" rows=\"4\" placeholder=\"\u017dinut\u0117s turinys\" required=\"required\"><\/textarea>\t\t\t\t<\/div>\n\t\t\t\t\t\t\t\t<div class=\"elementor-field-type-acceptance elementor-field-group elementor-column elementor-field-group-field_09de65b elementor-col-100\">\n\t\t\t\t\t\t\t<div class=\"elementor-field-subgroup\">\n\t\t\t<span class=\"elementor-field-option\">\n\t\t\t\t<input type=\"checkbox\" name=\"form_fields[field_09de65b]\" id=\"form-field-field_09de65b\" class=\"elementor-field elementor-size-sm  elementor-acceptance-field\">\n\t\t\t\t<label for=\"form-field-field_09de65b\">Sutinku \u012fmonei perduoti savo kontaktinius duomenis. Daugiau informacijos apie tai, kaip tvarkome j\u016bs\u0173 duomenis rinkodaros ir komunikacijos tikslais. Per\u017ei\u016br\u0117kite m\u016bs\u0173 privatumo politik\u0105. <\/label>\t\t\t<\/span>\n\t\t<\/div>\n\t\t\t\t\t\t<\/div>\n\t\t\t\t\t\t\t\t<div class=\"elementor-field-type-recaptcha_v3 elementor-field-group elementor-column elementor-field-group-field_e1b666f elementor-col-100 recaptcha_v3-inline\">\n\t\t\t\t\t<div class=\"elementor-field\" id=\"form-field-field_e1b666f\"><div class=\"elementor-g-recaptcha\" data-sitekey=\"6LfChVosAAAAACIdlZgEmE5Z-_jokOs6E9IZrOSm\" data-type=\"v3\" data-action=\"Form\" data-badge=\"inline\" data-size=\"invisible\"><\/div><\/div>\t\t\t\t<\/div>\n\t\t\t\t\t\t\t\t<div class=\"elementor-field-group elementor-column elementor-field-type-submit elementor-col-100 e-form__buttons\">\n\t\t\t\t\t<button class=\"elementor-button elementor-size-sm\" type=\"submit\">\n\t\t\t\t\t\t<span class=\"elementor-button-content-wrapper\">\n\t\t\t\t\t\t\t\t\t\t\t\t\t\t\t\t\t\t\t\t\t\t<span class=\"elementor-button-text\">Si\u0173sti<\/span>\n\t\t\t\t\t\t\t\t\t\t\t\t\t<\/span>\n\t\t\t\t\t<\/button>\n\t\t\t\t<\/div>\n\t\t\t<\/div>\n\t\t<\/form>\n\t\t\t\t\t\t<\/div>\n\t\t\t\t<\/div>\n\t\t\t\t\t<\/div>\n\t\t\t\t<\/div>\n\t\t\t\t<\/div>\n\t\t","protected":false},"excerpt":{"rendered":"<p>MB Ignista rekvizitai \u012emon\u0117s kodas: 306951694PVM mok\u0117tojo kodas:\u00a0LT100017067915Bankas: RevolutAtsiskaitomoji s\u0105skaita: LT153250005722670484 El. pa\u0161tas: info@ignista.ltTelefonas: +370 666 55155Adresas: Aido g. 6-14<\/p>","protected":false},"author":2,"featured_media":0,"parent":0,"menu_order":0,"comment_status":"closed","ping_status":"closed","template":"","meta":{"footnotes":""},"class_list":["post-29376","page","type-page","status-publish","hentry"],"yoast_head":"<!-- This site is optimized with the Yoast SEO plugin v27.4 - https:\/\/yoast.com\/product\/yoast-seo-wordpress\/ -->\n<title>Kontaktai | Ignista<\/title>\n<meta name=\"description\" content=\"MB Ignista kontaktai | +370 666 55155 | info@ignista.lt | Aido g. 6-14 Girait\u0117, Kauno r. LT47454 | \u012em. kodas 306951694\" \/>\n<meta name=\"robots\" content=\"index, follow, max-snippet:-1, max-image-preview:large, max-video-preview:-1\" \/>\n<link rel=\"canonical\" href=\"https:\/\/ignista.lt\/ru\/kontaktai\/\" \/>\n<meta property=\"og:locale\" content=\"ru_RU\" \/>\n<meta property=\"og:type\" content=\"article\" \/>\n<meta property=\"og:title\" content=\"Kontaktai | Ignista\" \/>\n<meta property=\"og:description\" content=\"MB Ignista kontaktai | +370 666 55155 | info@ignista.lt | Aido g. 6-14 Girait\u0117, Kauno r. LT47454 | \u012em. kodas 306951694\" \/>\n<meta property=\"og:url\" content=\"https:\/\/ignista.lt\/ru\/kontaktai\/\" \/>\n<meta property=\"og:site_name\" content=\"Ignista\" \/>\n<meta property=\"article:modified_time\" content=\"2026-02-05T22:52:23+00:00\" \/>\n<meta property=\"og:image\" content=\"https:\/\/ignista.lt\/wp-content\/uploads\/2020\/01\/facebook-boost-reklama.jpg\" \/>\n\t<meta property=\"og:image:width\" content=\"1920\" \/>\n\t<meta property=\"og:image:height\" content=\"1005\" \/>\n\t<meta property=\"og:image:type\" content=\"image\/jpeg\" \/>\n<script type=\"application\/ld+json\" class=\"yoast-schema-graph\">{\"@context\":\"https:\\\/\\\/schema.org\",\"@graph\":[{\"@type\":\"WebPage\",\"@id\":\"https:\\\/\\\/ignista.lt\\\/kontaktai\\\/\",\"url\":\"https:\\\/\\\/ignista.lt\\\/kontaktai\\\/\",\"name\":\"Kontaktai | Ignista\",\"isPartOf\":{\"@id\":\"https:\\\/\\\/ignista.lt\\\/#website\"},\"datePublished\":\"2026-01-29T19:59:05+00:00\",\"dateModified\":\"2026-02-05T22:52:23+00:00\",\"description\":\"MB Ignista kontaktai | +370 666 55155 | info@ignista.lt | Aido g. 6-14 Girait\u0117, Kauno r. LT47454 | \u012em. kodas 306951694\",\"breadcrumb\":{\"@id\":\"https:\\\/\\\/ignista.lt\\\/kontaktai\\\/#breadcrumb\"},\"inLanguage\":\"ru-RU\",\"potentialAction\":[{\"@type\":\"ReadAction\",\"target\":[\"https:\\\/\\\/ignista.lt\\\/kontaktai\\\/\"]}]},{\"@type\":\"BreadcrumbList\",\"@id\":\"https:\\\/\\\/ignista.lt\\\/kontaktai\\\/#breadcrumb\",\"itemListElement\":[{\"@type\":\"ListItem\",\"position\":1,\"name\":\"Home\",\"item\":\"https:\\\/\\\/ignista.lt\\\/lt\\\/\"},{\"@type\":\"ListItem\",\"position\":2,\"name\":\"Kontaktai\"}]},{\"@type\":\"WebSite\",\"@id\":\"https:\\\/\\\/ignista.lt\\\/#website\",\"url\":\"https:\\\/\\\/ignista.lt\\\/\",\"name\":\"Ignista\",\"description\":\"ner\u016bdijan\u010dio plieno krosnel\u0117s kubilams ir \u012fvair\u016bs metalo gaminiai\",\"potentialAction\":[{\"@type\":\"SearchAction\",\"target\":{\"@type\":\"EntryPoint\",\"urlTemplate\":\"https:\\\/\\\/ignista.lt\\\/?s={search_term_string}\"},\"query-input\":{\"@type\":\"PropertyValueSpecification\",\"valueRequired\":true,\"valueName\":\"search_term_string\"}}],\"inLanguage\":\"ru-RU\"}]}<\/script>\n<!-- \/ Yoast SEO plugin. -->","yoast_head_json":{"title":"Kontaktai | Ignista","description":"MB Ignista kontaktai | +370 666 55155 | info@ignista.lt | Aido g. 6-14 Girait\u0117, Kauno r. LT47454 | \u012em. kodas 306951694","robots":{"index":"index","follow":"follow","max-snippet":"max-snippet:-1","max-image-preview":"max-image-preview:large","max-video-preview":"max-video-preview:-1"},"canonical":"https:\/\/ignista.lt\/ru\/kontaktai\/","og_locale":"ru_RU","og_type":"article","og_title":"Kontaktai | Ignista","og_description":"MB Ignista kontaktai | +370 666 55155 | info@ignista.lt | Aido g. 6-14 Girait\u0117, Kauno r. LT47454 | \u012em. kodas 306951694","og_url":"https:\/\/ignista.lt\/ru\/kontaktai\/","og_site_name":"Ignista","article_modified_time":"2026-02-05T22:52:23+00:00","og_image":[{"width":1920,"height":1005,"url":"https:\/\/ignista.lt\/wp-content\/uploads\/2020\/01\/facebook-boost-reklama.jpg","type":"image\/jpeg"}],"schema":{"@context":"https:\/\/schema.org","@graph":[{"@type":"WebPage","@id":"https:\/\/ignista.lt\/kontaktai\/","url":"https:\/\/ignista.lt\/kontaktai\/","name":"Kontaktai | Ignista","isPartOf":{"@id":"https:\/\/ignista.lt\/#website"},"datePublished":"2026-01-29T19:59:05+00:00","dateModified":"2026-02-05T22:52:23+00:00","description":"MB Ignista kontaktai | +370 666 55155 | info@ignista.lt | Aido g. 6-14 Girait\u0117, Kauno r. LT47454 | \u012em. kodas 306951694","breadcrumb":{"@id":"https:\/\/ignista.lt\/kontaktai\/#breadcrumb"},"inLanguage":"ru-RU","potentialAction":[{"@type":"ReadAction","target":["https:\/\/ignista.lt\/kontaktai\/"]}]},{"@type":"BreadcrumbList","@id":"https:\/\/ignista.lt\/kontaktai\/#breadcrumb","itemListElement":[{"@type":"ListItem","position":1,"name":"Home","item":"https:\/\/ignista.lt\/lt\/"},{"@type":"ListItem","position":2,"name":"Kontaktai"}]},{"@type":"WebSite","@id":"https:\/\/ignista.lt\/#website","url":"https:\/\/ignista.lt\/","name":"Ignista","description":"ner\u016bdijan\u010dio plieno krosnel\u0117s kubilams ir \u012fvair\u016bs metalo gaminiai","potentialAction":[{"@type":"SearchAction","target":{"@type":"EntryPoint","urlTemplate":"https:\/\/ignista.lt\/?s={search_term_string}"},"query-input":{"@type":"PropertyValueSpecification","valueRequired":true,"valueName":"search_term_string"}}],"inLanguage":"ru-RU"}]}},"_links":{"self":[{"href":"https:\/\/ignista.lt\/ru\/wp-json\/wp\/v2\/pages\/29376","targetHints":{"allow":["GET"]}}],"collection":[{"href":"https:\/\/ignista.lt\/ru\/wp-json\/wp\/v2\/pages"}],"about":[{"href":"https:\/\/ignista.lt\/ru\/wp-json\/wp\/v2\/types\/page"}],"author":[{"embeddable":true,"href":"https:\/\/ignista.lt\/ru\/wp-json\/wp\/v2\/users\/2"}],"replies":[{"embeddable":true,"href":"https:\/\/ignista.lt\/ru\/wp-json\/wp\/v2\/comments?post=29376"}],"version-history":[{"count":65,"href":"https:\/\/ignista.lt\/ru\/wp-json\/wp\/v2\/pages\/29376\/revisions"}],"predecessor-version":[{"id":29505,"href":"https:\/\/ignista.lt\/ru\/wp-json\/wp\/v2\/pages\/29376\/revisions\/29505"}],"wp:attachment":[{"href":"https:\/\/ignista.lt\/ru\/wp-json\/wp\/v2\/media?parent=29376"}],"curies":[{"name":"wp","href":"https:\/\/api.w.org\/{rel}","templated":true}]}}