{"id":29506,"date":"2026-02-06T14:51:13","date_gmt":"2026-02-06T12:51:13","guid":{"rendered":"https:\/\/ignista.lt\/?post_type=product&#038;p=29506"},"modified":"2026-02-10T16:02:33","modified_gmt":"2026-02-10T14:02:33","slug":"oro-masazo-sistema-kubilui-klijuojama-dxd-6p-700w","status":"publish","type":"product","link":"https:\/\/ignista.lt\/ru\/parduotuve\/kubilu-priedai\/oro-masazo-sistema-kubilui-klijuojama-dxd-6p-700w\/","title":{"rendered":"\u0421\u0438\u0441\u0442\u0435\u043c\u0430 \u0432\u043e\u0437\u0434\u0443\u0448\u043d\u043e\u0433\u043e \u043c\u0430\u0441\u0441\u0430\u0436\u0430 \u0434\u043b\u044f \u0433\u0438\u0434\u0440\u043e\u043c\u0430\u0441\u0441\u0430\u0436\u043d\u043e\u0439 \u0432\u0430\u043d\u043d\u044b DXD-6P 700 \u0412\u0442"},"content":{"rendered":"<h2 data-start=\"180\" data-end=\"237\">\u0421\u0438\u0441\u0442\u0435\u043c\u0430 \u0432\u043e\u0437\u0434\u0443\u0448\u043d\u043e\u0433\u043e \u043c\u0430\u0441\u0441\u0430\u0436\u0430 \u0434\u043b\u044f \u0433\u0438\u0434\u0440\u043e\u043c\u0430\u0441\u0441\u0430\u0436\u043d\u043e\u0439 \u0432\u0430\u043d\u043d\u044b - 700 \u0412\u0442 (\u043f\u043e\u043b\u043d\u044b\u0439 \u043a\u043e\u043c\u043f\u043b\u0435\u043a\u0442)<\/h2>\n<p data-start=\"239\" data-end=\"517\"><strong data-start=\"239\" data-end=\"269\">\u0421\u0438\u0441\u0442\u0435\u043c\u0430 \u0432\u043e\u0437\u0434\u0443\u0448\u043d\u043e\u0433\u043e \u043c\u0430\u0441\u0441\u0430\u0436\u0430 \u0434\u043b\u044f \u0433\u0438\u0434\u0440\u043e\u043c\u0430\u0441\u0441\u0430\u0436\u043d\u043e\u0439 \u0432\u0430\u043d\u043d\u044b<\/strong> - \u044d\u0442\u043e \u043d\u0430\u0434\u0435\u0436\u043d\u043e\u0435 \u0438 \u044d\u0444\u0444\u0435\u043a\u0442\u0438\u0432\u043d\u043e\u0435 \u0440\u0435\u0448\u0435\u043d\u0438\u0435 \u0434\u043b\u044f \u043a\u043e\u043c\u0444\u043e\u0440\u0442\u043d\u043e\u0433\u043e \u043f\u0443\u0437\u044b\u0440\u044c\u043a\u043e\u0432\u043e\u0433\u043e \u043c\u0430\u0441\u0441\u0430\u0436\u0430 \u0432 \u043e\u0442\u043a\u0440\u044b\u0442\u044b\u0445 \u0433\u0438\u0434\u0440\u043e\u043c\u0430\u0441\u0441\u0430\u0436\u043d\u044b\u0445 \u0432\u0430\u043d\u043d\u0430\u0445, \u0421\u041f\u0410 \u0438\u043b\u0438 \u0441\u0442\u0435\u043a\u043b\u043e\u043f\u043b\u0430\u0441\u0442\u0438\u043a\u043e\u0432\u044b\u0445 \u0431\u0430\u0441\u0441\u0435\u0439\u043d\u0430\u0445. \u041a\u043e\u043c\u043f\u043b\u0435\u043a\u0442 \u0433\u043e\u0442\u043e\u0432 \u043a \u0443\u0441\u0442\u0430\u043d\u043e\u0432\u043a\u0435 \u0438 \u0441\u043e\u0434\u0435\u0440\u0436\u0438\u0442 \u0432\u0441\u0435 \u043d\u0435\u043e\u0431\u0445\u043e\u0434\u0438\u043c\u044b\u0435 \u043a\u043e\u043c\u043f\u043e\u043d\u0435\u043d\u0442\u044b \u0434\u043b\u044f \u043f\u0440\u043e\u0444\u0435\u0441\u0441\u0438\u043e\u043d\u0430\u043b\u044c\u043d\u043e\u0433\u043e \u0432\u043e\u0437\u0434\u0443\u0448\u043d\u043e\u0433\u043e \u043c\u0430\u0441\u0441\u0430\u0436\u0430.<\/p>\n<h3 data-start=\"519\" data-end=\"546\">\u041e\u0441\u043d\u043e\u0432\u043d\u044b\u0435 \u043f\u0440\u0435\u0438\u043c\u0443\u0449\u0435\u0441\u0442\u0432\u0430<\/h3>\n<ul data-start=\"547\" data-end=\"880\">\n<li data-start=\"547\" data-end=\"634\">\n<p data-start=\"549\" data-end=\"634\">\u041c\u043e\u0449\u043d\u044b\u0439 <strong data-start=\"558\" data-end=\"587\">\u0412\u043e\u0437\u0434\u0443\u0448\u043d\u044b\u0439 \u043c\u0430\u0441\u0441\u0430\u0436\u043d\u044b\u0439 \u043d\u0430\u0441\u043e\u0441 \u043c\u043e\u0449\u043d\u043e\u0441\u0442\u044c\u044e 700 \u0412\u0442<\/strong> \u041e\u0431\u0435\u0441\u043f\u0435\u0447\u0438\u0432\u0430\u0435\u0442 \u0438\u043d\u0442\u0435\u043d\u0441\u0438\u0432\u043d\u044b\u0439 \u0438 \u0440\u0430\u0432\u043d\u043e\u043c\u0435\u0440\u043d\u044b\u0439 \u043f\u043e\u0442\u043e\u043a \u043f\u0443\u0437\u044b\u0440\u044c\u043a\u043e\u0432<\/p>\n<\/li>\n<li data-start=\"635\" data-end=\"692\">\n<p data-start=\"637\" data-end=\"692\"><strong data-start=\"637\" data-end=\"657\">12 \u0432\u043e\u0437\u0434\u0443\u0448\u043d\u044b\u0445 \u0444\u043e\u0440\u0441\u0443\u043d\u043e\u043a<\/strong> \u0434\u043b\u044f \u044d\u0444\u0444\u0435\u043a\u0442\u0438\u0432\u043d\u043e\u0433\u043e \u043c\u0430\u0441\u0441\u0430\u0436\u0430 \u043f\u043e \u0432\u0441\u0435\u0439 \u0432\u0430\u043d\u043d\u0435<\/p>\n<\/li>\n<li data-start=\"693\" data-end=\"760\">\n<p data-start=\"695\" data-end=\"760\"><strong data-start=\"695\" data-end=\"719\">\u041f\u043d\u0435\u0432\u043c\u0430\u0442\u0438\u0447\u0435\u0441\u043a\u043e\u0435 \u0443\u043f\u0440\u0430\u0432\u043b\u0435\u043d\u0438\u0435<\/strong> - \u0411\u0435\u0437\u043e\u043f\u0430\u0441\u043d\u043e\u0435 \u0438\u0441\u043f\u043e\u043b\u044c\u0437\u043e\u0432\u0430\u043d\u0438\u0435 \u0432\u043e \u0432\u043b\u0430\u0436\u043d\u044b\u0445 \u0441\u0440\u0435\u0434\u0430\u0445<\/p>\n<\/li>\n<li data-start=\"761\" data-end=\"831\">\n<p data-start=\"763\" data-end=\"831\">\u0422\u0438\u043d\u043a\u0430 <strong data-start=\"769\" data-end=\"829\">\u0434\u043b\u044f \u0434\u0435\u0440\u0435\u0432\u044f\u043d\u043d\u044b\u0445, \u043f\u043b\u0430\u0441\u0442\u0438\u043a\u043e\u0432\u044b\u0445 \u0432\u0430\u043d\u043d \u0438 \u0432\u0430\u043d\u043d \u0438\u0437 \u043d\u0435\u0440\u0436\u0430\u0432\u0435\u044e\u0449\u0435\u0439 \u0441\u0442\u0430\u043b\u0438<\/strong><\/p>\n<\/li>\n<li data-start=\"832\" data-end=\"880\">\n<p data-start=\"834\" data-end=\"880\">\u041f\u0440\u043e\u0441\u0442\u0430\u044f \u0443\u0441\u0442\u0430\u043d\u043e\u0432\u043a\u0430 \u0438 \u043d\u0430\u0434\u0435\u0436\u043d\u0430\u044f \u0440\u0430\u0431\u043e\u0442\u0430<\/p>\n<\/li>\n<\/ul>\n<h3 data-start=\"882\" data-end=\"919\">\u041a\u043e\u043c\u043f\u043b\u0435\u043a\u0442 \u0441\u0438\u0441\u0442\u0435\u043c\u044b \u0432\u043e\u0437\u0434\u0443\u0448\u043d\u043e\u0433\u043e \u043c\u0430\u0441\u0441\u0430\u0436\u0430<\/h3>\n<ul data-start=\"920\" data-end=\"1452\">\n<li data-start=\"920\" data-end=\"1040\">\n<p data-start=\"922\" data-end=\"1040\">1 \u00d7 <strong data-start=\"926\" data-end=\"963\">\u0412\u043e\u0437\u0434\u0443\u0448\u043d\u044b\u0439 \u043c\u0430\u0441\u0441\u0430\u0436\u043d\u044b\u0439 \u043d\u0430\u0441\u043e\u0441<\/strong>\u00a0700 \u0412\u0442, \u0440\u0430\u0437\u044a\u0435\u043c 32 \u043c\u043c, \u0441 \u043f\u043d\u0435\u0432\u043c\u0430\u0442\u0438\u0447\u0435\u0441\u043a\u0438\u043c \u0432\u044b\u043a\u043b\u044e\u0447\u0430\u0442\u0435\u043b\u0435\u043c \u0438 \u043a\u0430\u0431\u0435\u043b\u0435\u043c \u043f\u0438\u0442\u0430\u043d\u0438\u044f 1,5 \u043c<\/p>\n<\/li>\n<li data-start=\"1041\" data-end=\"1076\">\n<p data-start=\"1043\" data-end=\"1076\">12 \u00d7 <strong data-start=\"1048\" data-end=\"1074\">\u0412\u043e\u0437\u0434\u0443\u0448\u043d\u044b\u0435 \u0444\u043e\u0440\u0441\u0443\u043d\u043a\u0438 \u0434\u043b\u044f \u0433\u0438\u0434\u0440\u043e\u043c\u0430\u0441\u0441\u0430\u0436\u043d\u043e\u0439 \u0432\u0430\u043d\u043d\u044b<\/strong><\/p>\n<\/li>\n<li data-start=\"1077\" data-end=\"1116\">\n<p data-start=\"1079\" data-end=\"1116\">3 \u00d7 <strong data-start=\"1083\" data-end=\"1114\">\u0412\u043e\u0437\u0434\u0443\u0445\u043e\u0440\u0430\u0441\u043f\u0440\u0435\u0434\u0435\u043b\u0438\u0442\u0435\u043b\u044c\u043d\u044b\u0435 \u043a\u043e\u043b\u043b\u0435\u043a\u0442\u043e\u0440\u044b<\/strong><\/p>\n<\/li>\n<li data-start=\"1117\" data-end=\"1145\">\n<p data-start=\"1119\" data-end=\"1145\">2 \u00d7 <strong data-start=\"1123\" data-end=\"1143\">\u0416\u0430\u043b\u044e\u0437\u0438 \u0434\u043b\u044f \u043a\u043e\u043b\u043b\u0435\u043a\u0442\u043e\u0440\u0430<\/strong><\/p>\n<\/li>\n<li data-start=\"1146\" data-end=\"1176\">\n<p data-start=\"1148\" data-end=\"1176\">2 \u00d7 <strong data-start=\"1152\" data-end=\"1174\">\u0422\u0440\u043e\u0439\u043d\u0438\u043a\u0438<\/strong><\/p>\n<\/li>\n<li data-start=\"1177\" data-end=\"1260\">\n<p data-start=\"1179\" data-end=\"1260\">1 \u00d7 <strong data-start=\"1183\" data-end=\"1228\">\u041f\u043d\u0435\u0432\u043c\u0430\u0442\u0438\u0447\u0435\u0441\u043a\u0430\u044f \u043a\u043d\u043e\u043f\u043a\u0430 \u0432\u043a\u043b\u044e\u0447\u0435\u043d\u0438\u044f\/\u0432\u044b\u043a\u043b\u044e\u0447\u0435\u043d\u0438\u044f<\/strong> (\u043e\u0442\u0434\u0435\u043b\u043a\u0430 \u0438\u0437 \u043d\u0435\u0440\u0436\u0430\u0432\u0435\u044e\u0449\u0435\u0439 \u0441\u0442\u0430\u043b\u0438)<\/p>\n<\/li>\n<li data-start=\"1261\" data-end=\"1289\">\n<p data-start=\"1263\" data-end=\"1289\">1 \u00d7 <strong data-start=\"1267\" data-end=\"1287\">\u0414\u0440\u0435\u043d\u0430\u0436\u043d\u044b\u0439 \u043a\u043b\u0430\u043f\u0430\u043d<\/strong><\/p>\n<\/li>\n<li data-start=\"1290\" data-end=\"1320\">\n<p data-start=\"1292\" data-end=\"1320\">1 \u00d7 <strong data-start=\"1296\" data-end=\"1318\">\u041e\u0431\u0440\u0430\u0442\u043d\u044b\u0439 \u043a\u043b\u0430\u043f\u0430\u043d<\/strong><\/p>\n<\/li>\n<li data-start=\"1321\" data-end=\"1344\">\n<p data-start=\"1323\" data-end=\"1344\">12 m <strong data-start=\"1328\" data-end=\"1342\">\u0432\u043e\u0437\u0434\u0443\u0448\u043d\u044b\u0435 \u0448\u043b\u0430\u043d\u0433\u0438<\/strong><\/p>\n<\/li>\n<li data-start=\"1345\" data-end=\"1373\">\n<p data-start=\"1347\" data-end=\"1373\">3 m <strong data-start=\"1351\" data-end=\"1371\">\u0428\u043b\u0430\u043d\u0433 \u0438\u0437 \u041f\u0412\u0425 \u00d832 \u043c\u043c<\/strong><\/p>\n<\/li>\n<li data-start=\"1374\" data-end=\"1402\">\n<p data-start=\"1376\" data-end=\"1402\">1 m <strong data-start=\"1380\" data-end=\"1400\">\u0428\u043b\u0430\u043d\u0433 \u0438\u0437 \u041f\u0412\u0425 \u00d820 \u043c\u043c<\/strong><\/p>\n<\/li>\n<li data-start=\"1403\" data-end=\"1452\">\n<p data-start=\"1405\" data-end=\"1452\">1 m <strong data-start=\"1409\" data-end=\"1430\">\u041f\u0440\u043e\u0437\u0440\u0430\u0447\u043d\u044b\u0439 \u0448\u043b\u0430\u043d\u0433<\/strong> \u0434\u043b\u044f \u043f\u043d\u0435\u0432\u043c\u0430\u0442\u0438\u0447\u0435\u0441\u043a\u043e\u0433\u043e \u0443\u043f\u0440\u0430\u0432\u043b\u0435\u043d\u0438\u044f<\/p>\n<\/li>\n<\/ul>\n<h3 data-start=\"1454\" data-end=\"1469\">\u041f\u0435\u0440\u0441\u043e\u043d\u0430\u043b\u0438\u0437\u0430\u0446\u0438\u044f<\/h3>\n<p data-start=\"1470\" data-end=\"1519\">\u042d\u0442\u043e <strong data-start=\"1473\" data-end=\"1503\">\u0421\u0438\u0441\u0442\u0435\u043c\u0430 \u0432\u043e\u0437\u0434\u0443\u0448\u043d\u043e\u0433\u043e \u043c\u0430\u0441\u0441\u0430\u0436\u0430 \u0434\u043b\u044f \u0433\u0438\u0434\u0440\u043e\u043c\u0430\u0441\u0441\u0430\u0436\u043d\u043e\u0439 \u0432\u0430\u043d\u043d\u044b<\/strong> \u0418\u0434\u0435\u0430\u043b\u044c\u043d\u043e \u043f\u043e\u0434\u0445\u043e\u0434\u0438\u0442 \u0434\u043b\u044f:<\/p>\n<ul data-start=\"1520\" data-end=\"1633\">\n<li data-start=\"1520\" data-end=\"1538\">\n<p data-start=\"1522\" data-end=\"1538\">\u041e\u0442\u043a\u0440\u044b\u0442\u044b\u0435 \u0433\u0438\u0434\u0440\u043e\u043c\u0430\u0441\u0441\u0430\u0436\u043d\u044b\u0435 \u0432\u0430\u043d\u043d\u044b<\/p>\n<\/li>\n<li data-start=\"1539\" data-end=\"1554\">\n<p data-start=\"1541\" data-end=\"1554\">\u0414\u043b\u044f \u0441\u043f\u0430-\u0432\u0430\u043d\u043d<\/p>\n<\/li>\n<li data-start=\"1555\" data-end=\"1582\">\n<p data-start=\"1557\" data-end=\"1582\">\u0434\u043b\u044f \u0432\u043e\u0437\u0434\u0443\u0448\u043d\u043e-\u043f\u0443\u0437\u044b\u0440\u044c\u043a\u043e\u0432\u043e\u0433\u043e \u043c\u0430\u0441\u0441\u0430\u0436\u0430<\/p>\n<\/li>\n<li data-start=\"1583\" data-end=\"1633\">\n<p data-start=\"1585\" data-end=\"1633\">\u0434\u043b\u044f \u043d\u043e\u0432\u044b\u0445 \u043f\u0440\u043e\u0435\u043a\u0442\u043e\u0432 \u0438 \u0440\u0435\u043a\u043e\u043d\u0441\u0442\u0440\u0443\u043a\u0446\u0438\u0438 \u0441\u0443\u0449\u0435\u0441\u0442\u0432\u0443\u044e\u0449\u0438\u0445 \u0433\u0438\u0434\u0440\u043e\u043c\u0430\u0441\u0441\u0430\u0436\u043d\u044b\u0445 \u0432\u0430\u043d\u043d<\/p>\n<\/li>\n<\/ul>","protected":false},"excerpt":{"rendered":"<p>\u041a\u043e\u043c\u043f\u043b\u0435\u043a\u0442 \u0441\u0438\u0441\u0442\u0435\u043c\u044b \u0432\u043e\u0437\u0434\u0443\u0448\u043d\u043e\u0433\u043e \u043c\u0430\u0441\u0441\u0430\u0436\u0430:<\/p>\n<ul>\n<li>1 \u00d7 \u041d\u0430\u0441\u043e\u0441 \u0434\u043b\u044f \u0432\u043e\u0437\u0434\u0443\u0448\u043d\u043e\u0433\u043e \u043c\u0430\u0441\u0441\u0430\u0436\u0430 700 \u0412\u0442, \u043f\u043e\u0434\u043a\u043b\u044e\u0447\u0435\u043d\u0438\u0435 32 \u043c\u043c, \u0441 \u043f\u043d\u0435\u0432\u043c\u0430\u0442\u0438\u0447\u0435\u0441\u043a\u0438\u043c \u0432\u044b\u043a\u043b\u044e\u0447\u0430\u0442\u0435\u043b\u0435\u043c \u0438 \u044d\u043b\u0435\u043a\u0442\u0440\u0438\u0447\u0435\u0441\u043a\u0438\u043c \u043a\u0430\u0431\u0435\u043b\u0435\u043c \u0434\u043b\u0438\u043d\u043e\u0439 1,5 \u043c<\/li>\n<li data-start=\"1043\" data-end=\"1076\">12 \u00d7 \u0412\u043e\u0437\u0434\u0443\u0448\u043d\u044b\u0435 \u0444\u043e\u0440\u0441\u0443\u043d\u043a\u0438 \u0434\u043b\u044f \u0433\u0438\u0434\u0440\u043e\u043c\u0430\u0441\u0441\u0430\u0436\u043d\u043e\u0439 \u0432\u0430\u043d\u043d\u044b<\/li>\n<li data-start=\"1079\" data-end=\"1116\">3 \u00d7 \u0412\u043e\u0437\u0434\u0443\u0445\u043e\u0440\u0430\u0441\u043f\u0440\u0435\u0434\u0435\u043b\u0438\u0442\u0435\u043b\u044c\u043d\u044b\u0435 \u043a\u043e\u043b\u043b\u0435\u043a\u0442\u043e\u0440\u044b<\/li>\n<li data-start=\"1119\" data-end=\"1145\">2 \u00d7 \u041a\u043e\u043b\u043b\u0435\u043a\u0442\u043e\u0440\u043d\u044b\u0435 \u0436\u0430\u043b\u044e\u0437\u0438<\/li>\n<li data-start=\"1148\" data-end=\"1176\">2 \u00d7 \u0422-\u043e\u0431\u0440\u0430\u0437\u043d\u044b\u0435 \u043d\u0430\u043a\u043e\u043d\u0435\u0447\u043d\u0438\u043a\u0438<\/li>\n<li data-start=\"1179\" data-end=\"1260\">1 \u00d7 \u041f\u043d\u0435\u0432\u043c\u0430\u0442\u0438\u0447\u0435\u0441\u043a\u0430\u044f \u043a\u043d\u043e\u043f\u043a\u0430 \u0432\u043a\u043b\u044e\u0447\u0435\u043d\u0438\u044f\/\u0432\u044b\u043a\u043b\u044e\u0447\u0435\u043d\u0438\u044f (\u043e\u0442\u0434\u0435\u043b\u043a\u0430 \u0438\u0437 \u043d\u0435\u0440\u0436\u0430\u0432\u0435\u044e\u0449\u0435\u0439 \u0441\u0442\u0430\u043b\u0438)<\/li>\n<li data-start=\"1263\" data-end=\"1289\">1 \u00d7 \u0414\u0440\u0435\u043d\u0430\u0436\u043d\u044b\u0439 \u043a\u043b\u0430\u043f\u0430\u043d<\/li>\n<li>1 \u00d7 \u041e\u0431\u0440\u0430\u0442\u043d\u044b\u0439 \u043a\u043b\u0430\u043f\u0430\u043d<\/li>\n<li data-start=\"1323\" data-end=\"1344\">\u0412\u043e\u0437\u0434\u0443\u0448\u043d\u044b\u0439 \u0448\u043b\u0430\u043d\u0433 12 \u043c<\/li>\n<li data-start=\"1347\" data-end=\"1373\">3 \u043c \u041f\u0412\u0425-\u0448\u043b\u0430\u043d\u0433\u0430 \u00d832 \u043c\u043c<\/li>\n<li data-start=\"1376\" data-end=\"1402\">1 \u043c \u041f\u0412\u0425-\u0448\u043b\u0430\u043d\u0433\u0430 \u00d820 \u043c\u043c<\/li>\n<li data-start=\"1405\" data-end=\"1452\">\u041f\u0440\u043e\u0437\u0440\u0430\u0447\u043d\u044b\u0439 \u0448\u043b\u0430\u043d\u0433 1 \u043c \u0434\u043b\u044f \u043f\u043d\u0435\u0432\u043c\u0430\u0442\u0438\u0447\u0435\u0441\u043a\u043e\u0433\u043e \u0443\u043f\u0440\u0430\u0432\u043b\u0435\u043d\u0438\u044f<\/li>\n<\/ul>","protected":false},"featured_media":29508,"template":"","meta":[],"product_brand":[],"product_cat":[98],"product_tag":[],"class_list":{"0":"post-29506","1":"product","2":"type-product","3":"status-publish","4":"has-post-thumbnail","6":"product_cat-kubilu-priedai","8":"first","9":"instock","10":"taxable","11":"shipping-taxable","12":"purchasable","13":"product-type-simple"},"yoast_head":"<!-- This site is optimized with the Yoast SEO plugin v27.4 - https:\/\/yoast.com\/product\/yoast-seo-wordpress\/ -->\n<title>Oro masa\u017eo sistema kubilui klijuojama DXD-6P 700W | Ignista<\/title>\n<meta name=\"description\" content=\"Oro masa\u017eo sistema kubilui 700W - pilnas komplektas su 12 purk\u0161tuk\u0173.\" \/>\n<meta name=\"robots\" content=\"index, follow, max-snippet:-1, max-image-preview:large, max-video-preview:-1\" \/>\n<link rel=\"canonical\" href=\"https:\/\/ignista.lt\/ru\/parduotuve\/kubilu-priedai\/oro-masazo-sistema-kubilui-klijuojama-dxd-6p-700w\/\" \/>\n<meta property=\"og:locale\" content=\"ru_RU\" \/>\n<meta property=\"og:type\" content=\"article\" \/>\n<meta property=\"og:title\" content=\"Oro masa\u017eo sistema kubilui klijuojama DXD-6P 700W | Ignista\" \/>\n<meta property=\"og:description\" content=\"Oro masa\u017eo sistema kubilui 700W - pilnas komplektas su 12 purk\u0161tuk\u0173.\" \/>\n<meta property=\"og:url\" content=\"https:\/\/ignista.lt\/ru\/parduotuve\/kubilu-priedai\/oro-masazo-sistema-kubilui-klijuojama-dxd-6p-700w\/\" \/>\n<meta property=\"og:site_name\" content=\"Ignista\" \/>\n<meta property=\"article:modified_time\" content=\"2026-02-10T14:02:33+00:00\" \/>\n<meta property=\"og:image\" content=\"https:\/\/ignista.lt\/wp-content\/uploads\/2026\/02\/KOMP-ORO-DXD-GLUED-Oro-masazo-sistema-kubilui-klijuojama-DXD-6P-700W.jpg\" \/>\n\t<meta property=\"og:image:width\" content=\"1000\" \/>\n\t<meta property=\"og:image:height\" content=\"1000\" \/>\n\t<meta property=\"og:image:type\" content=\"image\/jpeg\" \/>\n<script type=\"application\/ld+json\" class=\"yoast-schema-graph\">{\"@context\":\"https:\\\/\\\/schema.org\",\"@graph\":[{\"@type\":\"WebPage\",\"@id\":\"https:\\\/\\\/ignista.lt\\\/parduotuve\\\/kubilu-priedai\\\/oro-masazo-sistema-kubilui-klijuojama-dxd-6p-700w\\\/\",\"url\":\"https:\\\/\\\/ignista.lt\\\/parduotuve\\\/kubilu-priedai\\\/oro-masazo-sistema-kubilui-klijuojama-dxd-6p-700w\\\/\",\"name\":\"Oro masa\u017eo sistema kubilui klijuojama DXD-6P 700W | Ignista\",\"isPartOf\":{\"@id\":\"https:\\\/\\\/ignista.lt\\\/#website\"},\"primaryImageOfPage\":{\"@id\":\"https:\\\/\\\/ignista.lt\\\/parduotuve\\\/kubilu-priedai\\\/oro-masazo-sistema-kubilui-klijuojama-dxd-6p-700w\\\/#primaryimage\"},\"image\":{\"@id\":\"https:\\\/\\\/ignista.lt\\\/parduotuve\\\/kubilu-priedai\\\/oro-masazo-sistema-kubilui-klijuojama-dxd-6p-700w\\\/#primaryimage\"},\"thumbnailUrl\":\"https:\\\/\\\/ignista.lt\\\/wp-content\\\/uploads\\\/2026\\\/02\\\/KOMP-ORO-DXD-GLUED-Oro-masazo-sistema-kubilui-klijuojama-DXD-6P-700W.jpg\",\"datePublished\":\"2026-02-06T12:51:13+00:00\",\"dateModified\":\"2026-02-10T14:02:33+00:00\",\"description\":\"Oro masa\u017eo sistema kubilui 700W - pilnas komplektas su 12 purk\u0161tuk\u0173.\",\"breadcrumb\":{\"@id\":\"https:\\\/\\\/ignista.lt\\\/parduotuve\\\/kubilu-priedai\\\/oro-masazo-sistema-kubilui-klijuojama-dxd-6p-700w\\\/#breadcrumb\"},\"inLanguage\":\"ru-RU\",\"potentialAction\":[{\"@type\":\"ReadAction\",\"target\":[\"https:\\\/\\\/ignista.lt\\\/parduotuve\\\/kubilu-priedai\\\/oro-masazo-sistema-kubilui-klijuojama-dxd-6p-700w\\\/\"]}]},{\"@type\":\"ImageObject\",\"inLanguage\":\"ru-RU\",\"@id\":\"https:\\\/\\\/ignista.lt\\\/parduotuve\\\/kubilu-priedai\\\/oro-masazo-sistema-kubilui-klijuojama-dxd-6p-700w\\\/#primaryimage\",\"url\":\"https:\\\/\\\/ignista.lt\\\/wp-content\\\/uploads\\\/2026\\\/02\\\/KOMP-ORO-DXD-GLUED-Oro-masazo-sistema-kubilui-klijuojama-DXD-6P-700W.jpg\",\"contentUrl\":\"https:\\\/\\\/ignista.lt\\\/wp-content\\\/uploads\\\/2026\\\/02\\\/KOMP-ORO-DXD-GLUED-Oro-masazo-sistema-kubilui-klijuojama-DXD-6P-700W.jpg\",\"width\":1000,\"height\":1000},{\"@type\":\"BreadcrumbList\",\"@id\":\"https:\\\/\\\/ignista.lt\\\/parduotuve\\\/kubilu-priedai\\\/oro-masazo-sistema-kubilui-klijuojama-dxd-6p-700w\\\/#breadcrumb\",\"itemListElement\":[{\"@type\":\"ListItem\",\"position\":1,\"name\":\"Home\",\"item\":\"https:\\\/\\\/ignista.lt\\\/lt\\\/\"},{\"@type\":\"ListItem\",\"position\":2,\"name\":\"Parduotuv\u0117\",\"item\":\"https:\\\/\\\/ignista.lt\\\/lt\\\/parduotuve\\\/\"},{\"@type\":\"ListItem\",\"position\":3,\"name\":\"Oro masa\u017eo sistema kubilui klijuojama DXD-6P 700W\"}]},{\"@type\":\"WebSite\",\"@id\":\"https:\\\/\\\/ignista.lt\\\/#website\",\"url\":\"https:\\\/\\\/ignista.lt\\\/\",\"name\":\"Ignista\",\"description\":\"ner\u016bdijan\u010dio plieno krosnel\u0117s kubilams ir \u012fvair\u016bs metalo gaminiai\",\"potentialAction\":[{\"@type\":\"SearchAction\",\"target\":{\"@type\":\"EntryPoint\",\"urlTemplate\":\"https:\\\/\\\/ignista.lt\\\/?s={search_term_string}\"},\"query-input\":{\"@type\":\"PropertyValueSpecification\",\"valueRequired\":true,\"valueName\":\"search_term_string\"}}],\"inLanguage\":\"ru-RU\"}]}<\/script>\n<!-- \/ Yoast SEO plugin. -->","yoast_head_json":{"title":"Oro masa\u017eo sistema kubilui klijuojama DXD-6P 700W | Ignista","description":"Oro masa\u017eo sistema kubilui 700W - pilnas komplektas su 12 purk\u0161tuk\u0173.","robots":{"index":"index","follow":"follow","max-snippet":"max-snippet:-1","max-image-preview":"max-image-preview:large","max-video-preview":"max-video-preview:-1"},"canonical":"https:\/\/ignista.lt\/ru\/parduotuve\/kubilu-priedai\/oro-masazo-sistema-kubilui-klijuojama-dxd-6p-700w\/","og_locale":"ru_RU","og_type":"article","og_title":"Oro masa\u017eo sistema kubilui klijuojama DXD-6P 700W | Ignista","og_description":"Oro masa\u017eo sistema kubilui 700W - pilnas komplektas su 12 purk\u0161tuk\u0173.","og_url":"https:\/\/ignista.lt\/ru\/parduotuve\/kubilu-priedai\/oro-masazo-sistema-kubilui-klijuojama-dxd-6p-700w\/","og_site_name":"Ignista","article_modified_time":"2026-02-10T14:02:33+00:00","og_image":[{"width":1000,"height":1000,"url":"https:\/\/ignista.lt\/wp-content\/uploads\/2026\/02\/KOMP-ORO-DXD-GLUED-Oro-masazo-sistema-kubilui-klijuojama-DXD-6P-700W.jpg","type":"image\/jpeg"}],"schema":{"@context":"https:\/\/schema.org","@graph":[{"@type":"WebPage","@id":"https:\/\/ignista.lt\/parduotuve\/kubilu-priedai\/oro-masazo-sistema-kubilui-klijuojama-dxd-6p-700w\/","url":"https:\/\/ignista.lt\/parduotuve\/kubilu-priedai\/oro-masazo-sistema-kubilui-klijuojama-dxd-6p-700w\/","name":"Oro masa\u017eo sistema kubilui klijuojama DXD-6P 700W | Ignista","isPartOf":{"@id":"https:\/\/ignista.lt\/#website"},"primaryImageOfPage":{"@id":"https:\/\/ignista.lt\/parduotuve\/kubilu-priedai\/oro-masazo-sistema-kubilui-klijuojama-dxd-6p-700w\/#primaryimage"},"image":{"@id":"https:\/\/ignista.lt\/parduotuve\/kubilu-priedai\/oro-masazo-sistema-kubilui-klijuojama-dxd-6p-700w\/#primaryimage"},"thumbnailUrl":"https:\/\/ignista.lt\/wp-content\/uploads\/2026\/02\/KOMP-ORO-DXD-GLUED-Oro-masazo-sistema-kubilui-klijuojama-DXD-6P-700W.jpg","datePublished":"2026-02-06T12:51:13+00:00","dateModified":"2026-02-10T14:02:33+00:00","description":"Oro masa\u017eo sistema kubilui 700W - pilnas komplektas su 12 purk\u0161tuk\u0173.","breadcrumb":{"@id":"https:\/\/ignista.lt\/parduotuve\/kubilu-priedai\/oro-masazo-sistema-kubilui-klijuojama-dxd-6p-700w\/#breadcrumb"},"inLanguage":"ru-RU","potentialAction":[{"@type":"ReadAction","target":["https:\/\/ignista.lt\/parduotuve\/kubilu-priedai\/oro-masazo-sistema-kubilui-klijuojama-dxd-6p-700w\/"]}]},{"@type":"ImageObject","inLanguage":"ru-RU","@id":"https:\/\/ignista.lt\/parduotuve\/kubilu-priedai\/oro-masazo-sistema-kubilui-klijuojama-dxd-6p-700w\/#primaryimage","url":"https:\/\/ignista.lt\/wp-content\/uploads\/2026\/02\/KOMP-ORO-DXD-GLUED-Oro-masazo-sistema-kubilui-klijuojama-DXD-6P-700W.jpg","contentUrl":"https:\/\/ignista.lt\/wp-content\/uploads\/2026\/02\/KOMP-ORO-DXD-GLUED-Oro-masazo-sistema-kubilui-klijuojama-DXD-6P-700W.jpg","width":1000,"height":1000},{"@type":"BreadcrumbList","@id":"https:\/\/ignista.lt\/parduotuve\/kubilu-priedai\/oro-masazo-sistema-kubilui-klijuojama-dxd-6p-700w\/#breadcrumb","itemListElement":[{"@type":"ListItem","position":1,"name":"Home","item":"https:\/\/ignista.lt\/lt\/"},{"@type":"ListItem","position":2,"name":"Parduotuv\u0117","item":"https:\/\/ignista.lt\/lt\/parduotuve\/"},{"@type":"ListItem","position":3,"name":"Oro masa\u017eo sistema kubilui klijuojama DXD-6P 700W"}]},{"@type":"WebSite","@id":"https:\/\/ignista.lt\/#website","url":"https:\/\/ignista.lt\/","name":"Ignista","description":"ner\u016bdijan\u010dio plieno krosnel\u0117s kubilams ir \u012fvair\u016bs metalo gaminiai","potentialAction":[{"@type":"SearchAction","target":{"@type":"EntryPoint","urlTemplate":"https:\/\/ignista.lt\/?s={search_term_string}"},"query-input":{"@type":"PropertyValueSpecification","valueRequired":true,"valueName":"search_term_string"}}],"inLanguage":"ru-RU"}]}},"_links":{"self":[{"href":"https:\/\/ignista.lt\/ru\/wp-json\/wp\/v2\/product\/29506","targetHints":{"allow":["GET"]}}],"collection":[{"href":"https:\/\/ignista.lt\/ru\/wp-json\/wp\/v2\/product"}],"about":[{"href":"https:\/\/ignista.lt\/ru\/wp-json\/wp\/v2\/types\/product"}],"wp:featuredmedia":[{"embeddable":true,"href":"https:\/\/ignista.lt\/ru\/wp-json\/wp\/v2\/media\/29508"}],"wp:attachment":[{"href":"https:\/\/ignista.lt\/ru\/wp-json\/wp\/v2\/media?parent=29506"}],"wp:term":[{"taxonomy":"product_brand","embeddable":true,"href":"https:\/\/ignista.lt\/ru\/wp-json\/wp\/v2\/product_brand?post=29506"},{"taxonomy":"product_cat","embeddable":true,"href":"https:\/\/ignista.lt\/ru\/wp-json\/wp\/v2\/product_cat?post=29506"},{"taxonomy":"product_tag","embeddable":true,"href":"https:\/\/ignista.lt\/ru\/wp-json\/wp\/v2\/product_tag?post=29506"}],"curies":[{"name":"wp","href":"https:\/\/api.w.org\/{rel}","templated":true}]}}