{"id":29512,"date":"2026-02-09T18:58:56","date_gmt":"2026-02-09T16:58:56","guid":{"rendered":"https:\/\/ignista.lt\/?post_type=product&#038;p=29512"},"modified":"2026-05-09T12:25:50","modified_gmt":"2026-05-09T09:25:50","slug":"skaitmeninis-termometras-su-valdymo-bloku-kubilams-ir-spa","status":"publish","type":"product","link":"https:\/\/ignista.lt\/ru\/parduotuve\/kubilu-priedai\/skaitmeninis-termometras-su-valdymo-bloku-kubilams-ir-spa\/","title":{"rendered":"\u0426\u0438\u0444\u0440\u043e\u0432\u043e\u0439 \u0442\u0435\u0440\u043c\u043e\u043c\u0435\u0442\u0440 \u0441 \u0431\u043b\u043e\u043a\u043e\u043c \u0443\u043f\u0440\u0430\u0432\u043b\u0435\u043d\u0438\u044f"},"content":{"rendered":"<h2 data-start=\"267\" data-end=\"311\">\u0426\u0438\u0444\u0440\u043e\u0432\u043e\u0439 \u0442\u0435\u0440\u043c\u043e\u043c\u0435\u0442\u0440 \u0441 \u0431\u043b\u043e\u043a\u043e\u043c \u0443\u043f\u0440\u0430\u0432\u043b\u0435\u043d\u0438\u044f<\/h2>\n<p data-start=\"313\" data-end=\"565\">\u0426\u0438\u0444\u0440\u043e\u0432\u043e\u0439 \u0442\u0435\u0440\u043c\u043e\u043c\u0435\u0442\u0440 \u0441 \u0431\u043b\u043e\u043a\u043e\u043c \u0443\u043f\u0440\u0430\u0432\u043b\u0435\u043d\u0438\u044f \u0434\u043b\u044f \u0442\u043e\u0447\u043d\u043e\u0433\u043e \u0438\u0437\u043c\u0435\u0440\u0435\u043d\u0438\u044f \u0442\u0435\u043c\u043f\u0435\u0440\u0430\u0442\u0443\u0440\u044b \u0432\u043e\u0434\u044b \u0438 \u043f\u0440\u043e\u0441\u0442\u043e\u0433\u043e \u0443\u043f\u0440\u0430\u0432\u043b\u0435\u043d\u0438\u044f \u0441\u0438\u0441\u0442\u0435\u043c\u043e\u0439. \u041f\u0440\u0438\u0431\u043e\u0440 \u0448\u0438\u0440\u043e\u043a\u043e \u0438\u0441\u043f\u043e\u043b\u044c\u0437\u0443\u0435\u0442\u0441\u044f \u0432 \u043e\u0442\u043a\u0440\u044b\u0442\u044b\u0445 \u0433\u0438\u0434\u0440\u043e\u043c\u0430\u0441\u0441\u0430\u0436\u043d\u044b\u0445 \u0432\u0430\u043d\u043d\u0430\u0445, \u0431\u0430\u043d\u044f\u0445 \u0438 \u0434\u0440\u0443\u0433\u0438\u0445 \u0441\u0438\u0441\u0442\u0435\u043c\u0430\u0445 \u043d\u0430\u0433\u0440\u0435\u0432\u0430 \u0432\u043e\u0434\u044b. \u041c\u043e\u0436\u0435\u0442 \u0438\u0441\u043f\u043e\u043b\u044c\u0437\u043e\u0432\u0430\u0442\u044c\u0441\u044f \u0432 \u0441\u043e\u0447\u0435\u0442\u0430\u043d\u0438\u0438 \u0441\u043e \u0441\u0432\u0435\u0442\u043e\u0434\u0438\u043e\u0434\u043d\u044b\u043c \u043e\u0441\u0432\u0435\u0449\u0435\u043d\u0438\u0435\u043c.<\/p>\n<h3 data-start=\"567\" data-end=\"591\">\u041a\u043b\u044e\u0447\u0435\u0432\u044b\u0435 \u043e\u0441\u043e\u0431\u0435\u043d\u043d\u043e\u0441\u0442\u0438:<\/h3>\n<ul data-start=\"592\" data-end=\"835\">\n<li data-start=\"592\" data-end=\"627\">\n<p data-start=\"594\" data-end=\"627\">\u0427\u0435\u0442\u043a\u0438\u0439 \u0441\u0432\u0435\u0442\u043e\u0434\u0438\u043e\u0434\u043d\u044b\u0439 \u0446\u0438\u0444\u0440\u043e\u0432\u043e\u0439 \u0434\u0438\u0441\u043f\u043b\u0435\u0439<\/p>\n<\/li>\n<li data-start=\"628\" data-end=\"670\">\n<p data-start=\"630\" data-end=\"670\">\u0422\u043e\u0447\u043d\u043e\u0435 \u0438\u0437\u043c\u0435\u0440\u0435\u043d\u0438\u0435 \u0442\u0435\u043c\u043f\u0435\u0440\u0430\u0442\u0443\u0440\u044b \u0432\u043e\u0434\u044b<\/p>\n<\/li>\n<li data-start=\"671\" data-end=\"707\">\n<p data-start=\"673\" data-end=\"707\">\u041f\u043e\u0441\u0442\u0430\u0432\u043b\u044f\u0435\u0442\u0441\u044f \u0441 \u0431\u043b\u043e\u043a\u043e\u043c \u0443\u043f\u0440\u0430\u0432\u043b\u0435\u043d\u0438\u044f<\/p>\n<\/li>\n<li data-start=\"708\" data-end=\"752\">\n<p data-start=\"710\" data-end=\"752\">\u0421\u043e\u0432\u043c\u0435\u0441\u0442\u0438\u043c \u0441 \u0441\u0438\u0441\u0442\u0435\u043c\u0430\u043c\u0438 \u0441\u0432\u0435\u0442\u043e\u0434\u0438\u043e\u0434\u043d\u043e\u0433\u043e \u043e\u0441\u0432\u0435\u0449\u0435\u043d\u0438\u044f<\/p>\n<\/li>\n<li data-start=\"753\" data-end=\"799\">\n<p data-start=\"755\" data-end=\"799\">\u041f\u0440\u043e\u0441\u0442\u0430\u044f \u0443\u0441\u0442\u0430\u043d\u043e\u0432\u043a\u0430 \u0438 \u0443\u0434\u043e\u0431\u0441\u0442\u0432\u043e \u0438\u0441\u043f\u043e\u043b\u044c\u0437\u043e\u0432\u0430\u043d\u0438\u044f<\/p>\n<\/li>\n<li data-start=\"800\" data-end=\"835\">\n<p data-start=\"802\" data-end=\"835\">\u041f\u043e\u0434\u0445\u043e\u0434\u0438\u0442 \u0434\u043b\u044f \u043d\u0430\u0440\u0443\u0436\u043d\u044b\u0445 \u0438 \u0432\u043d\u0443\u0442\u0440\u0435\u043d\u043d\u0438\u0445 \u0440\u0435\u0448\u0435\u043d\u0438\u0439<\/p>\n<\/li>\n<\/ul>\n<h3 data-start=\"837\" data-end=\"855\">\u041e\u0431\u043e\u0440\u0443\u0434\u043e\u0432\u0430\u043d\u0438\u0435:<\/h3>\n<ul data-start=\"856\" data-end=\"948\">\n<li data-start=\"856\" data-end=\"884\">\n<p data-start=\"858\" data-end=\"884\">\u0426\u0438\u0444\u0440\u043e\u0432\u043e\u0439 \u0442\u0435\u0440\u043c\u043e\u043c\u0435\u0442\u0440<\/p>\n<\/li>\n<li data-start=\"885\" data-end=\"910\">\n<p data-start=\"887\" data-end=\"910\">\u0414\u0430\u0442\u0447\u0438\u043a \u0442\u0435\u043c\u043f\u0435\u0440\u0430\u0442\u0443\u0440\u044b<\/p>\n<\/li>\n<li data-start=\"911\" data-end=\"929\">\n<p data-start=\"913\" data-end=\"929\">\u0411\u043b\u043e\u043a \u0443\u043f\u0440\u0430\u0432\u043b\u0435\u043d\u0438\u044f<\/p>\n<\/li>\n<li data-start=\"930\" data-end=\"948\">\n<p data-start=\"932\" data-end=\"948\">\u0421\u043e\u0435\u0434\u0438\u043d\u0438\u0442\u0435\u043b\u044c\u043d\u044b\u0435 \u043f\u0440\u043e\u0432\u043e\u0434\u0430<\/p>\n<\/li>\n<\/ul>\n<h3 data-start=\"950\" data-end=\"966\">\u0410\u0434\u0430\u043f\u0442\u0430\u0446\u0438\u044f:<\/h3>\n<ul data-start=\"967\" data-end=\"1056\">\n<li data-start=\"967\" data-end=\"984\">\n<p data-start=\"969\" data-end=\"984\">\u041e\u0442\u043a\u0440\u044b\u0442\u044b\u0435 \u0433\u0438\u0434\u0440\u043e\u043c\u0430\u0441\u0441\u0430\u0436\u043d\u044b\u0435 \u0432\u0430\u043d\u043d\u044b<\/p>\n<\/li>\n<li data-start=\"985\" data-end=\"995\">\n<p data-start=\"987\" data-end=\"995\">\u0412\u0430\u043d\u043d\u044b\u0435 \u043a\u043e\u043c\u043d\u0430\u0442\u044b<\/p>\n<\/li>\n<li data-start=\"996\" data-end=\"1027\">\n<p data-start=\"998\" data-end=\"1027\">\u0421\u043f\u0430 \u0438 \u0433\u0438\u0434\u0440\u043e\u043c\u0430\u0441\u0441\u0430\u0436\u043d\u044b\u0435 \u0441\u0438\u0441\u0442\u0435\u043c\u044b<\/p>\n<\/li>\n<li data-start=\"1028\" data-end=\"1056\">\n<p data-start=\"1030\" data-end=\"1056\">\u0420\u0435\u0448\u0435\u043d\u0438\u044f \u0434\u043b\u044f \u043d\u0430\u0433\u0440\u0435\u0432\u0430 \u0432\u043e\u0434\u044b<\/p>\n<\/li>\n<\/ul>","protected":false},"excerpt":{"rendered":"<p>\u0426\u0438\u0444\u0440\u043e\u0432\u043e\u0439 \u0442\u0435\u0440\u043c\u043e\u043c\u0435\u0442\u0440 \u0441 \u0431\u043b\u043e\u043a\u043e\u043c \u0443\u043f\u0440\u0430\u0432\u043b\u0435\u043d\u0438\u044f \u0434\u043b\u044f \u0442\u043e\u0447\u043d\u043e\u0433\u043e \u0438\u0437\u043c\u0435\u0440\u0435\u043d\u0438\u044f \u0442\u0435\u043c\u043f\u0435\u0440\u0430\u0442\u0443\u0440\u044b \u0432\u043e\u0434\u044b. \u041f\u043e\u0434\u0445\u043e\u0434\u0438\u0442 \u0434\u043b\u044f \u043e\u0442\u043a\u0440\u044b\u0442\u044b\u0445 \u0433\u0438\u0434\u0440\u043e\u043c\u0430\u0441\u0441\u0430\u0436\u043d\u044b\u0445 \u0432\u0430\u043d\u043d, \u0431\u0430\u043d\u044c \u0438 \u0441\u043f\u0430-\u0441\u0438\u0441\u0442\u0435\u043c, \u0441\u043e\u0432\u043c\u0435\u0441\u0442\u0438\u043c \u0441\u043e \u0441\u0432\u0435\u0442\u043e\u0434\u0438\u043e\u0434\u043d\u044b\u043c \u043e\u0441\u0432\u0435\u0449\u0435\u043d\u0438\u0435\u043c, \u043f\u0440\u043e\u0441\u0442 \u0432 \u0443\u0441\u0442\u0430\u043d\u043e\u0432\u043a\u0435 \u0438 \u0443\u0434\u043e\u0431\u0435\u043d \u0432 \u0438\u0441\u043f\u043e\u043b\u044c\u0437\u043e\u0432\u0430\u043d\u0438\u0438.<\/p>","protected":false},"featured_media":29513,"template":"","meta":[],"product_brand":[],"product_cat":[98],"product_tag":[],"class_list":{"0":"post-29512","1":"product","2":"type-product","3":"status-publish","4":"has-post-thumbnail","6":"product_cat-kubilu-priedai","8":"first","9":"outofstock","10":"taxable","11":"shipping-taxable","12":"purchasable","13":"product-type-simple"},"yoast_head":"<!-- This site is optimized with the Yoast SEO plugin v27.4 - https:\/\/yoast.com\/product\/yoast-seo-wordpress\/ -->\n<title>Skaitmeninis termometras su valdymo bloku | Ignista<\/title>\n<meta name=\"description\" content=\"Skaitmeninis termometras su valdymo bloku \u2013 tikslus vandens temperat\u016bros matavimas kubilams, vonioms ir SPA. Suderinamas su LED ap\u0161vietimu.\" \/>\n<meta name=\"robots\" content=\"index, follow, max-snippet:-1, max-image-preview:large, max-video-preview:-1\" \/>\n<link rel=\"canonical\" href=\"https:\/\/ignista.lt\/ru\/parduotuve\/kubilu-priedai\/skaitmeninis-termometras-su-valdymo-bloku-kubilams-ir-spa\/\" \/>\n<meta property=\"og:locale\" content=\"ru_RU\" \/>\n<meta property=\"og:type\" content=\"article\" \/>\n<meta property=\"og:title\" content=\"Skaitmeninis termometras su valdymo bloku | Ignista\" \/>\n<meta property=\"og:description\" content=\"Skaitmeninis termometras su valdymo bloku \u2013 tikslus vandens temperat\u016bros matavimas kubilams, vonioms ir SPA. Suderinamas su LED ap\u0161vietimu.\" \/>\n<meta property=\"og:url\" content=\"https:\/\/ignista.lt\/ru\/parduotuve\/kubilu-priedai\/skaitmeninis-termometras-su-valdymo-bloku-kubilams-ir-spa\/\" \/>\n<meta property=\"og:site_name\" content=\"Ignista\" \/>\n<meta property=\"article:modified_time\" content=\"2026-05-09T09:25:50+00:00\" \/>\n<meta property=\"og:image\" content=\"https:\/\/ignista.lt\/wp-content\/uploads\/2026\/02\/Termometras-eshop.jpg\" \/>\n\t<meta property=\"og:image:width\" content=\"1000\" \/>\n\t<meta property=\"og:image:height\" content=\"1000\" \/>\n\t<meta property=\"og:image:type\" content=\"image\/jpeg\" \/>\n<script type=\"application\/ld+json\" class=\"yoast-schema-graph\">{\"@context\":\"https:\\\/\\\/schema.org\",\"@graph\":[{\"@type\":\"WebPage\",\"@id\":\"https:\\\/\\\/ignista.lt\\\/parduotuve\\\/kubilu-priedai\\\/skaitmeninis-termometras-su-valdymo-bloku-kubilams-ir-spa\\\/\",\"url\":\"https:\\\/\\\/ignista.lt\\\/parduotuve\\\/kubilu-priedai\\\/skaitmeninis-termometras-su-valdymo-bloku-kubilams-ir-spa\\\/\",\"name\":\"Skaitmeninis termometras su valdymo bloku | Ignista\",\"isPartOf\":{\"@id\":\"https:\\\/\\\/ignista.lt\\\/#website\"},\"primaryImageOfPage\":{\"@id\":\"https:\\\/\\\/ignista.lt\\\/parduotuve\\\/kubilu-priedai\\\/skaitmeninis-termometras-su-valdymo-bloku-kubilams-ir-spa\\\/#primaryimage\"},\"image\":{\"@id\":\"https:\\\/\\\/ignista.lt\\\/parduotuve\\\/kubilu-priedai\\\/skaitmeninis-termometras-su-valdymo-bloku-kubilams-ir-spa\\\/#primaryimage\"},\"thumbnailUrl\":\"https:\\\/\\\/ignista.lt\\\/wp-content\\\/uploads\\\/2026\\\/02\\\/Termometras-eshop.jpg\",\"datePublished\":\"2026-02-09T16:58:56+00:00\",\"dateModified\":\"2026-05-09T09:25:50+00:00\",\"description\":\"Skaitmeninis termometras su valdymo bloku \u2013 tikslus vandens temperat\u016bros matavimas kubilams, vonioms ir SPA. Suderinamas su LED ap\u0161vietimu.\",\"breadcrumb\":{\"@id\":\"https:\\\/\\\/ignista.lt\\\/parduotuve\\\/kubilu-priedai\\\/skaitmeninis-termometras-su-valdymo-bloku-kubilams-ir-spa\\\/#breadcrumb\"},\"inLanguage\":\"ru-RU\",\"potentialAction\":[{\"@type\":\"ReadAction\",\"target\":[\"https:\\\/\\\/ignista.lt\\\/parduotuve\\\/kubilu-priedai\\\/skaitmeninis-termometras-su-valdymo-bloku-kubilams-ir-spa\\\/\"]}]},{\"@type\":\"ImageObject\",\"inLanguage\":\"ru-RU\",\"@id\":\"https:\\\/\\\/ignista.lt\\\/parduotuve\\\/kubilu-priedai\\\/skaitmeninis-termometras-su-valdymo-bloku-kubilams-ir-spa\\\/#primaryimage\",\"url\":\"https:\\\/\\\/ignista.lt\\\/wp-content\\\/uploads\\\/2026\\\/02\\\/Termometras-eshop.jpg\",\"contentUrl\":\"https:\\\/\\\/ignista.lt\\\/wp-content\\\/uploads\\\/2026\\\/02\\\/Termometras-eshop.jpg\",\"width\":1000,\"height\":1000},{\"@type\":\"BreadcrumbList\",\"@id\":\"https:\\\/\\\/ignista.lt\\\/parduotuve\\\/kubilu-priedai\\\/skaitmeninis-termometras-su-valdymo-bloku-kubilams-ir-spa\\\/#breadcrumb\",\"itemListElement\":[{\"@type\":\"ListItem\",\"position\":1,\"name\":\"Home\",\"item\":\"https:\\\/\\\/ignista.lt\\\/lt\\\/\"},{\"@type\":\"ListItem\",\"position\":2,\"name\":\"Parduotuv\u0117\",\"item\":\"https:\\\/\\\/ignista.lt\\\/lt\\\/parduotuve\\\/\"},{\"@type\":\"ListItem\",\"position\":3,\"name\":\"Skaitmeninis termometras su valdymo bloku\"}]},{\"@type\":\"WebSite\",\"@id\":\"https:\\\/\\\/ignista.lt\\\/#website\",\"url\":\"https:\\\/\\\/ignista.lt\\\/\",\"name\":\"Ignista\",\"description\":\"ner\u016bdijan\u010dio plieno krosnel\u0117s kubilams ir \u012fvair\u016bs metalo gaminiai\",\"potentialAction\":[{\"@type\":\"SearchAction\",\"target\":{\"@type\":\"EntryPoint\",\"urlTemplate\":\"https:\\\/\\\/ignista.lt\\\/?s={search_term_string}\"},\"query-input\":{\"@type\":\"PropertyValueSpecification\",\"valueRequired\":true,\"valueName\":\"search_term_string\"}}],\"inLanguage\":\"ru-RU\"}]}<\/script>\n<!-- \/ Yoast SEO plugin. -->","yoast_head_json":{"title":"Skaitmeninis termometras su valdymo bloku | Ignista","description":"Skaitmeninis termometras su valdymo bloku \u2013 tikslus vandens temperat\u016bros matavimas kubilams, vonioms ir SPA. Suderinamas su LED ap\u0161vietimu.","robots":{"index":"index","follow":"follow","max-snippet":"max-snippet:-1","max-image-preview":"max-image-preview:large","max-video-preview":"max-video-preview:-1"},"canonical":"https:\/\/ignista.lt\/ru\/parduotuve\/kubilu-priedai\/skaitmeninis-termometras-su-valdymo-bloku-kubilams-ir-spa\/","og_locale":"ru_RU","og_type":"article","og_title":"Skaitmeninis termometras su valdymo bloku | Ignista","og_description":"Skaitmeninis termometras su valdymo bloku \u2013 tikslus vandens temperat\u016bros matavimas kubilams, vonioms ir SPA. Suderinamas su LED ap\u0161vietimu.","og_url":"https:\/\/ignista.lt\/ru\/parduotuve\/kubilu-priedai\/skaitmeninis-termometras-su-valdymo-bloku-kubilams-ir-spa\/","og_site_name":"Ignista","article_modified_time":"2026-05-09T09:25:50+00:00","og_image":[{"width":1000,"height":1000,"url":"https:\/\/ignista.lt\/wp-content\/uploads\/2026\/02\/Termometras-eshop.jpg","type":"image\/jpeg"}],"schema":{"@context":"https:\/\/schema.org","@graph":[{"@type":"WebPage","@id":"https:\/\/ignista.lt\/parduotuve\/kubilu-priedai\/skaitmeninis-termometras-su-valdymo-bloku-kubilams-ir-spa\/","url":"https:\/\/ignista.lt\/parduotuve\/kubilu-priedai\/skaitmeninis-termometras-su-valdymo-bloku-kubilams-ir-spa\/","name":"Skaitmeninis termometras su valdymo bloku | Ignista","isPartOf":{"@id":"https:\/\/ignista.lt\/#website"},"primaryImageOfPage":{"@id":"https:\/\/ignista.lt\/parduotuve\/kubilu-priedai\/skaitmeninis-termometras-su-valdymo-bloku-kubilams-ir-spa\/#primaryimage"},"image":{"@id":"https:\/\/ignista.lt\/parduotuve\/kubilu-priedai\/skaitmeninis-termometras-su-valdymo-bloku-kubilams-ir-spa\/#primaryimage"},"thumbnailUrl":"https:\/\/ignista.lt\/wp-content\/uploads\/2026\/02\/Termometras-eshop.jpg","datePublished":"2026-02-09T16:58:56+00:00","dateModified":"2026-05-09T09:25:50+00:00","description":"Skaitmeninis termometras su valdymo bloku \u2013 tikslus vandens temperat\u016bros matavimas kubilams, vonioms ir SPA. Suderinamas su LED ap\u0161vietimu.","breadcrumb":{"@id":"https:\/\/ignista.lt\/parduotuve\/kubilu-priedai\/skaitmeninis-termometras-su-valdymo-bloku-kubilams-ir-spa\/#breadcrumb"},"inLanguage":"ru-RU","potentialAction":[{"@type":"ReadAction","target":["https:\/\/ignista.lt\/parduotuve\/kubilu-priedai\/skaitmeninis-termometras-su-valdymo-bloku-kubilams-ir-spa\/"]}]},{"@type":"ImageObject","inLanguage":"ru-RU","@id":"https:\/\/ignista.lt\/parduotuve\/kubilu-priedai\/skaitmeninis-termometras-su-valdymo-bloku-kubilams-ir-spa\/#primaryimage","url":"https:\/\/ignista.lt\/wp-content\/uploads\/2026\/02\/Termometras-eshop.jpg","contentUrl":"https:\/\/ignista.lt\/wp-content\/uploads\/2026\/02\/Termometras-eshop.jpg","width":1000,"height":1000},{"@type":"BreadcrumbList","@id":"https:\/\/ignista.lt\/parduotuve\/kubilu-priedai\/skaitmeninis-termometras-su-valdymo-bloku-kubilams-ir-spa\/#breadcrumb","itemListElement":[{"@type":"ListItem","position":1,"name":"Home","item":"https:\/\/ignista.lt\/lt\/"},{"@type":"ListItem","position":2,"name":"Parduotuv\u0117","item":"https:\/\/ignista.lt\/lt\/parduotuve\/"},{"@type":"ListItem","position":3,"name":"Skaitmeninis termometras su valdymo bloku"}]},{"@type":"WebSite","@id":"https:\/\/ignista.lt\/#website","url":"https:\/\/ignista.lt\/","name":"Ignista","description":"ner\u016bdijan\u010dio plieno krosnel\u0117s kubilams ir \u012fvair\u016bs metalo gaminiai","potentialAction":[{"@type":"SearchAction","target":{"@type":"EntryPoint","urlTemplate":"https:\/\/ignista.lt\/?s={search_term_string}"},"query-input":{"@type":"PropertyValueSpecification","valueRequired":true,"valueName":"search_term_string"}}],"inLanguage":"ru-RU"}]}},"_links":{"self":[{"href":"https:\/\/ignista.lt\/ru\/wp-json\/wp\/v2\/product\/29512","targetHints":{"allow":["GET"]}}],"collection":[{"href":"https:\/\/ignista.lt\/ru\/wp-json\/wp\/v2\/product"}],"about":[{"href":"https:\/\/ignista.lt\/ru\/wp-json\/wp\/v2\/types\/product"}],"wp:featuredmedia":[{"embeddable":true,"href":"https:\/\/ignista.lt\/ru\/wp-json\/wp\/v2\/media\/29513"}],"wp:attachment":[{"href":"https:\/\/ignista.lt\/ru\/wp-json\/wp\/v2\/media?parent=29512"}],"wp:term":[{"taxonomy":"product_brand","embeddable":true,"href":"https:\/\/ignista.lt\/ru\/wp-json\/wp\/v2\/product_brand?post=29512"},{"taxonomy":"product_cat","embeddable":true,"href":"https:\/\/ignista.lt\/ru\/wp-json\/wp\/v2\/product_cat?post=29512"},{"taxonomy":"product_tag","embeddable":true,"href":"https:\/\/ignista.lt\/ru\/wp-json\/wp\/v2\/product_tag?post=29512"}],"curies":[{"name":"wp","href":"https:\/\/api.w.org\/{rel}","templated":true}]}}