{"id":29517,"date":"2026-02-10T18:01:02","date_gmt":"2026-02-10T16:01:02","guid":{"rendered":"https:\/\/ignista.lt\/?post_type=product&#038;p=29517"},"modified":"2026-02-10T18:02:20","modified_gmt":"2026-02-10T16:02:20","slug":"suverzimo-juostos-o225cm-apvaliam-kubilui-su-isorine-krosnele","status":"publish","type":"product","link":"https:\/\/ignista.lt\/ru\/parduotuve\/kubilu-priedai\/suverzimo-juostos-o225cm-apvaliam-kubilui-su-isorine-krosnele\/","title":{"rendered":"\u0417\u0430\u0436\u0438\u043c\u043d\u044b\u0435 \u043f\u043b\u0430\u043d\u043a\u0438 \u00d8225 \u0441\u043c \u0434\u043b\u044f \u043a\u0440\u0443\u0433\u043b\u043e\u0439 \u0432\u0430\u043d\u043d\u044b \u0441 \u0432\u043d\u0435\u0448\u043d\u0435\u0439 \u043f\u043b\u0438\u0442\u043e\u0439"},"content":{"rendered":"<h2 data-start=\"101\" data-end=\"170\">\u0417\u0430\u0436\u0438\u043c\u043d\u044b\u0435 \u043f\u043b\u0430\u043d\u043a\u0438 \u00d8225 \u0441\u043c \u0434\u043b\u044f \u043a\u0440\u0443\u0433\u043b\u043e\u0439 \u0432\u0430\u043d\u043d\u044b \u0441 \u0432\u043d\u0435\u0448\u043d\u0435\u0439 \u043f\u043b\u0438\u0442\u043e\u0439<\/h2>\n<p data-start=\"172\" data-end=\"393\">\u0417\u0430\u0436\u0438\u043c\u043d\u044b\u0435 \u043f\u043b\u0430\u043d\u043a\u0438 \u0434\u043b\u044f \u043a\u0440\u0443\u0433\u043b\u044b\u0445 <strong data-start=\"207\" data-end=\"255\">\u0414\u043b\u044f \u0433\u0438\u0434\u0440\u043e\u043c\u0430\u0441\u0441\u0430\u0436\u043d\u043e\u0439 \u0432\u0430\u043d\u043d\u044b \u0434\u0438\u0430\u043c\u0435\u0442\u0440\u043e\u043c 200 \u0441\u043c \u0441 \u0432\u043d\u0435\u0448\u043d\u0435\u0439 \u043f\u0435\u0447\u044c\u044e<\/strong>. \u0418\u0441\u043f\u043e\u043b\u044c\u0437\u0443\u0435\u0442\u0441\u044f \u0434\u043b\u044f \u0443\u043a\u0440\u0435\u043f\u043b\u0435\u043d\u0438\u044f \u0438 \u043f\u0440\u0438\u0434\u0430\u043d\u0438\u044f \u0443\u0441\u0442\u043e\u0439\u0447\u0438\u0432\u043e\u0441\u0442\u0438 \u043a\u043e\u043d\u0441\u0442\u0440\u0443\u043a\u0446\u0438\u0438. \u0418\u0437\u0433\u043e\u0442\u043e\u0432\u043b\u0435\u043d\u044b \u0438\u0437 \u043d\u0435\u0440\u0436\u0430\u0432\u0435\u044e\u0449\u0435\u0439 \u0441\u0442\u0430\u043b\u0438, \u0443\u0441\u0442\u043e\u0439\u0447\u0438\u0432\u044b \u043a \u0432\u043b\u0430\u0433\u0435 \u0438 \u0432\u043d\u0435\u0448\u043d\u0438\u043c \u0443\u0441\u043b\u043e\u0432\u0438\u044f\u043c.<\/p>\n<h3 data-start=\"395\" data-end=\"420\">\u0422\u0435\u0445\u043d\u0438\u0447\u0435\u0441\u043a\u0430\u044f \u0438\u043d\u0444\u043e\u0440\u043c\u0430\u0446\u0438\u044f:<\/h3>\n<ul data-start=\"421\" data-end=\"686\">\n<li data-start=\"421\" data-end=\"478\">\n<p data-start=\"423\" data-end=\"478\"><strong data-start=\"423\" data-end=\"437\">\u0426\u0435\u043b\u044c:<\/strong> \u0434\u043b\u044f \u043a\u0440\u0443\u0433\u043b\u044b\u0445 \u0432\u0430\u043d\u043d \u0441 \u0432\u043d\u0435\u0448\u043d\u0435\u0439 \u0442\u043e\u043f\u043a\u043e\u0439<\/p>\n<\/li>\n<li data-start=\"479\" data-end=\"504\">\n<p data-start=\"481\" data-end=\"504\"><strong data-start=\"481\" data-end=\"493\">\u041a\u0443\u0431\u0438\u043b:<\/strong> \u00d8 225 \u0441\u043c<\/p>\n<\/li>\n<li data-start=\"505\" data-end=\"556\">\n<p data-start=\"507\" data-end=\"556\"><strong data-start=\"507\" data-end=\"520\">\u041c\u0430\u0442\u0435\u0440\u0438\u0430\u043b:<\/strong> \u043d\u0435\u0440\u0436\u0430\u0432\u0435\u044e\u0449\u0430\u044f \u0441\u0442\u0430\u043b\u044c <strong data-start=\"542\" data-end=\"554\">AISI 430<\/strong><\/p>\n<\/li>\n<li data-start=\"557\" data-end=\"598\">\n<p data-start=\"559\" data-end=\"598\"><strong data-start=\"559\" data-end=\"580\">\u0420\u0430\u0437\u043c\u0435\u0440\u044b \u043f\u043e\u043b\u043e\u0441\u043a\u0438:<\/strong> <strong data-start=\"581\" data-end=\"596\">1,2 \u00d7 50 \u043c\u043c<\/strong><\/p>\n<\/li>\n<li data-start=\"599\" data-end=\"652\">\n<p data-start=\"601\" data-end=\"652\"><strong data-start=\"601\" data-end=\"616\">\u0421\u043e\u043f\u0440\u043e\u0442\u0438\u0432\u043b\u0435\u043d\u0438\u0435:<\/strong> \u043a \u043f\u0435\u0440\u0435\u043f\u0430\u0434\u0430\u043c \u0432\u043b\u0430\u0436\u043d\u043e\u0441\u0442\u0438 \u0438 \u0442\u0435\u043c\u043f\u0435\u0440\u0430\u0442\u0443\u0440\u044b<\/p>\n<\/li>\n<li data-start=\"653\" data-end=\"686\">\n<p data-start=\"655\" data-end=\"686\"><strong data-start=\"655\" data-end=\"670\">\u0418\u0441\u043f\u043e\u043b\u044c\u0437\u043e\u0432\u0430\u043d\u0438\u0435:<\/strong> \u0432 \u043d\u0430\u0440\u0443\u0436\u043d\u044b\u0445 \u0443\u0441\u043b\u043e\u0432\u0438\u044f\u0445<\/p>\n<\/li>\n<\/ul>\n<p data-start=\"688\" data-end=\"791\">\u041f\u0440\u043e\u0447\u043d\u044b\u0435 \u0438 \u043d\u0430\u0434\u0435\u0436\u043d\u044b\u0435 \u0437\u0430\u0436\u0438\u043c\u043d\u044b\u0435 \u0440\u0435\u043c\u043d\u0438 \u043e\u0431\u0435\u0441\u043f\u0435\u0447\u0438\u0432\u0430\u044e\u0442 \u0434\u043e\u043b\u0433\u043e\u0432\u0435\u0447\u043d\u043e\u0441\u0442\u044c \u043a\u043e\u043d\u0441\u0442\u0440\u0443\u043a\u0446\u0438\u0438 \u0434\u0436\u0430\u043a\u0443\u0437\u0438 \u0438 \u0431\u0435\u0437\u043e\u043f\u0430\u0441\u043d\u043e\u0441\u0442\u044c \u0435\u0435 \u0438\u0441\u043f\u043e\u043b\u044c\u0437\u043e\u0432\u0430\u043d\u0438\u044f.<\/p>","protected":false},"excerpt":{"rendered":"<p>\u0417\u0430\u0436\u0438\u043c\u043d\u044b\u0435 \u043f\u043b\u0430\u043d\u043a\u0438 \u0434\u043b\u044f <strong data-start=\"506\" data-end=\"563\">\u041a\u0440\u0443\u0433\u043b\u0430\u044f \u0432\u0430\u043d\u043d\u0430 \u0434\u0438\u0430\u043c\u0435\u0442\u0440\u043e\u043c 225 \u0441\u043c \u0441 \u0432\u043d\u0435\u0448\u043d\u0435\u0439 \u043f\u0435\u0447\u044c\u044e<\/strong>. \u0418\u0437\u0433\u043e\u0442\u043e\u0432\u043b\u0435\u043d\u043e \u0438\u0437 <strong data-start=\"579\" data-end=\"611\">\u041d\u0435\u0440\u0436\u0430\u0432\u0435\u044e\u0449\u0430\u044f \u0441\u0442\u0430\u043b\u044c AISI 430<\/strong>, \u041e\u0431\u0435\u0441\u043f\u0435\u0447\u0438\u0432\u0430\u0435\u0442 \u043f\u0440\u043e\u0447\u043d\u043e\u0441\u0442\u044c, \u0443\u0441\u0442\u043e\u0439\u0447\u0438\u0432\u043e\u0441\u0442\u044c \u0438 \u0434\u043e\u043b\u0433\u043e\u0432\u0435\u0447\u043d\u043e\u0441\u0442\u044c \u043a\u043e\u043d\u0441\u0442\u0440\u0443\u043a\u0446\u0438\u0438 \u0434\u0436\u0430\u043a\u0443\u0437\u0438. \u041f\u043e\u0434\u0445\u043e\u0434\u0438\u0442 \u0434\u043b\u044f \u0438\u0441\u043f\u043e\u043b\u044c\u0437\u043e\u0432\u0430\u043d\u0438\u044f \u043d\u0430 \u043e\u0442\u043a\u0440\u044b\u0442\u043e\u043c \u0432\u043e\u0437\u0434\u0443\u0445\u0435.<\/p>","protected":false},"featured_media":29515,"template":"","meta":[],"product_brand":[],"product_cat":[99,98],"product_tag":[],"class_list":{"0":"post-29517","1":"product","2":"type-product","3":"status-publish","4":"has-post-thumbnail","6":"product_cat-krosneliu-priedai","7":"product_cat-kubilu-priedai","9":"first","10":"instock","11":"taxable","12":"shipping-taxable","13":"purchasable","14":"product-type-simple"},"yoast_head":"<!-- This site is optimized with the Yoast SEO plugin v27.4 - https:\/\/yoast.com\/product\/yoast-seo-wordpress\/ -->\n<title>Suver\u017eimo juostos \u00d8225cm apvaliam kubilui su i\u0161orine krosnele | Ignista<\/title>\n<meta name=\"description\" content=\"Suver\u017eimo juostos apvaliam 225 cm kubilui su i\u0161orine krosnele. Pagamintos i\u0161 AISI 430 ner\u016bdijan\u010dio plieno, 1.2\u00d750 mm, tinkamos naudoti lauke.\" \/>\n<meta name=\"robots\" content=\"index, follow, max-snippet:-1, max-image-preview:large, max-video-preview:-1\" \/>\n<link rel=\"canonical\" href=\"https:\/\/ignista.lt\/ru\/parduotuve\/kubilu-priedai\/suverzimo-juostos-o225cm-apvaliam-kubilui-su-isorine-krosnele\/\" \/>\n<meta property=\"og:locale\" content=\"ru_RU\" \/>\n<meta property=\"og:type\" content=\"article\" \/>\n<meta property=\"og:title\" content=\"Suver\u017eimo juostos \u00d8225cm apvaliam kubilui su i\u0161orine krosnele | Ignista\" \/>\n<meta property=\"og:description\" content=\"Suver\u017eimo juostos apvaliam 225 cm kubilui su i\u0161orine krosnele. Pagamintos i\u0161 AISI 430 ner\u016bdijan\u010dio plieno, 1.2\u00d750 mm, tinkamos naudoti lauke.\" \/>\n<meta property=\"og:url\" content=\"https:\/\/ignista.lt\/ru\/parduotuve\/kubilu-priedai\/suverzimo-juostos-o225cm-apvaliam-kubilui-su-isorine-krosnele\/\" \/>\n<meta property=\"og:site_name\" content=\"Ignista\" \/>\n<meta property=\"article:modified_time\" content=\"2026-02-10T16:02:20+00:00\" \/>\n<meta property=\"og:image\" content=\"https:\/\/ignista.lt\/wp-content\/uploads\/2026\/02\/juosta.jpg\" \/>\n\t<meta property=\"og:image:width\" content=\"1000\" \/>\n\t<meta property=\"og:image:height\" content=\"1000\" \/>\n\t<meta property=\"og:image:type\" content=\"image\/jpeg\" \/>\n<script type=\"application\/ld+json\" class=\"yoast-schema-graph\">{\"@context\":\"https:\\\/\\\/schema.org\",\"@graph\":[{\"@type\":\"WebPage\",\"@id\":\"https:\\\/\\\/ignista.lt\\\/parduotuve\\\/kubilu-priedai\\\/suverzimo-juostos-o225cm-apvaliam-kubilui-su-isorine-krosnele\\\/\",\"url\":\"https:\\\/\\\/ignista.lt\\\/parduotuve\\\/kubilu-priedai\\\/suverzimo-juostos-o225cm-apvaliam-kubilui-su-isorine-krosnele\\\/\",\"name\":\"Suver\u017eimo juostos \u00d8225cm apvaliam kubilui su i\u0161orine krosnele | Ignista\",\"isPartOf\":{\"@id\":\"https:\\\/\\\/ignista.lt\\\/#website\"},\"primaryImageOfPage\":{\"@id\":\"https:\\\/\\\/ignista.lt\\\/parduotuve\\\/kubilu-priedai\\\/suverzimo-juostos-o225cm-apvaliam-kubilui-su-isorine-krosnele\\\/#primaryimage\"},\"image\":{\"@id\":\"https:\\\/\\\/ignista.lt\\\/parduotuve\\\/kubilu-priedai\\\/suverzimo-juostos-o225cm-apvaliam-kubilui-su-isorine-krosnele\\\/#primaryimage\"},\"thumbnailUrl\":\"https:\\\/\\\/ignista.lt\\\/wp-content\\\/uploads\\\/2026\\\/02\\\/juosta.jpg\",\"datePublished\":\"2026-02-10T16:01:02+00:00\",\"dateModified\":\"2026-02-10T16:02:20+00:00\",\"description\":\"Suver\u017eimo juostos apvaliam 225 cm kubilui su i\u0161orine krosnele. Pagamintos i\u0161 AISI 430 ner\u016bdijan\u010dio plieno, 1.2\u00d750 mm, tinkamos naudoti lauke.\",\"breadcrumb\":{\"@id\":\"https:\\\/\\\/ignista.lt\\\/parduotuve\\\/kubilu-priedai\\\/suverzimo-juostos-o225cm-apvaliam-kubilui-su-isorine-krosnele\\\/#breadcrumb\"},\"inLanguage\":\"ru-RU\",\"potentialAction\":[{\"@type\":\"ReadAction\",\"target\":[\"https:\\\/\\\/ignista.lt\\\/parduotuve\\\/kubilu-priedai\\\/suverzimo-juostos-o225cm-apvaliam-kubilui-su-isorine-krosnele\\\/\"]}]},{\"@type\":\"ImageObject\",\"inLanguage\":\"ru-RU\",\"@id\":\"https:\\\/\\\/ignista.lt\\\/parduotuve\\\/kubilu-priedai\\\/suverzimo-juostos-o225cm-apvaliam-kubilui-su-isorine-krosnele\\\/#primaryimage\",\"url\":\"https:\\\/\\\/ignista.lt\\\/wp-content\\\/uploads\\\/2026\\\/02\\\/juosta.jpg\",\"contentUrl\":\"https:\\\/\\\/ignista.lt\\\/wp-content\\\/uploads\\\/2026\\\/02\\\/juosta.jpg\",\"width\":1000,\"height\":1000},{\"@type\":\"BreadcrumbList\",\"@id\":\"https:\\\/\\\/ignista.lt\\\/parduotuve\\\/kubilu-priedai\\\/suverzimo-juostos-o225cm-apvaliam-kubilui-su-isorine-krosnele\\\/#breadcrumb\",\"itemListElement\":[{\"@type\":\"ListItem\",\"position\":1,\"name\":\"Home\",\"item\":\"https:\\\/\\\/ignista.lt\\\/lt\\\/\"},{\"@type\":\"ListItem\",\"position\":2,\"name\":\"Parduotuv\u0117\",\"item\":\"https:\\\/\\\/ignista.lt\\\/lt\\\/parduotuve\\\/\"},{\"@type\":\"ListItem\",\"position\":3,\"name\":\"Suver\u017eimo juostos \u00d8225cm apvaliam kubilui su i\u0161orine krosnele\"}]},{\"@type\":\"WebSite\",\"@id\":\"https:\\\/\\\/ignista.lt\\\/#website\",\"url\":\"https:\\\/\\\/ignista.lt\\\/\",\"name\":\"Ignista\",\"description\":\"ner\u016bdijan\u010dio plieno krosnel\u0117s kubilams ir \u012fvair\u016bs metalo gaminiai\",\"potentialAction\":[{\"@type\":\"SearchAction\",\"target\":{\"@type\":\"EntryPoint\",\"urlTemplate\":\"https:\\\/\\\/ignista.lt\\\/?s={search_term_string}\"},\"query-input\":{\"@type\":\"PropertyValueSpecification\",\"valueRequired\":true,\"valueName\":\"search_term_string\"}}],\"inLanguage\":\"ru-RU\"}]}<\/script>\n<!-- \/ Yoast SEO plugin. -->","yoast_head_json":{"title":"Suver\u017eimo juostos \u00d8225cm apvaliam kubilui su i\u0161orine krosnele | Ignista","description":"Suver\u017eimo juostos apvaliam 225 cm kubilui su i\u0161orine krosnele. Pagamintos i\u0161 AISI 430 ner\u016bdijan\u010dio plieno, 1.2\u00d750 mm, tinkamos naudoti lauke.","robots":{"index":"index","follow":"follow","max-snippet":"max-snippet:-1","max-image-preview":"max-image-preview:large","max-video-preview":"max-video-preview:-1"},"canonical":"https:\/\/ignista.lt\/ru\/parduotuve\/kubilu-priedai\/suverzimo-juostos-o225cm-apvaliam-kubilui-su-isorine-krosnele\/","og_locale":"ru_RU","og_type":"article","og_title":"Suver\u017eimo juostos \u00d8225cm apvaliam kubilui su i\u0161orine krosnele | Ignista","og_description":"Suver\u017eimo juostos apvaliam 225 cm kubilui su i\u0161orine krosnele. Pagamintos i\u0161 AISI 430 ner\u016bdijan\u010dio plieno, 1.2\u00d750 mm, tinkamos naudoti lauke.","og_url":"https:\/\/ignista.lt\/ru\/parduotuve\/kubilu-priedai\/suverzimo-juostos-o225cm-apvaliam-kubilui-su-isorine-krosnele\/","og_site_name":"Ignista","article_modified_time":"2026-02-10T16:02:20+00:00","og_image":[{"width":1000,"height":1000,"url":"https:\/\/ignista.lt\/wp-content\/uploads\/2026\/02\/juosta.jpg","type":"image\/jpeg"}],"schema":{"@context":"https:\/\/schema.org","@graph":[{"@type":"WebPage","@id":"https:\/\/ignista.lt\/parduotuve\/kubilu-priedai\/suverzimo-juostos-o225cm-apvaliam-kubilui-su-isorine-krosnele\/","url":"https:\/\/ignista.lt\/parduotuve\/kubilu-priedai\/suverzimo-juostos-o225cm-apvaliam-kubilui-su-isorine-krosnele\/","name":"Suver\u017eimo juostos \u00d8225cm apvaliam kubilui su i\u0161orine krosnele | Ignista","isPartOf":{"@id":"https:\/\/ignista.lt\/#website"},"primaryImageOfPage":{"@id":"https:\/\/ignista.lt\/parduotuve\/kubilu-priedai\/suverzimo-juostos-o225cm-apvaliam-kubilui-su-isorine-krosnele\/#primaryimage"},"image":{"@id":"https:\/\/ignista.lt\/parduotuve\/kubilu-priedai\/suverzimo-juostos-o225cm-apvaliam-kubilui-su-isorine-krosnele\/#primaryimage"},"thumbnailUrl":"https:\/\/ignista.lt\/wp-content\/uploads\/2026\/02\/juosta.jpg","datePublished":"2026-02-10T16:01:02+00:00","dateModified":"2026-02-10T16:02:20+00:00","description":"Suver\u017eimo juostos apvaliam 225 cm kubilui su i\u0161orine krosnele. Pagamintos i\u0161 AISI 430 ner\u016bdijan\u010dio plieno, 1.2\u00d750 mm, tinkamos naudoti lauke.","breadcrumb":{"@id":"https:\/\/ignista.lt\/parduotuve\/kubilu-priedai\/suverzimo-juostos-o225cm-apvaliam-kubilui-su-isorine-krosnele\/#breadcrumb"},"inLanguage":"ru-RU","potentialAction":[{"@type":"ReadAction","target":["https:\/\/ignista.lt\/parduotuve\/kubilu-priedai\/suverzimo-juostos-o225cm-apvaliam-kubilui-su-isorine-krosnele\/"]}]},{"@type":"ImageObject","inLanguage":"ru-RU","@id":"https:\/\/ignista.lt\/parduotuve\/kubilu-priedai\/suverzimo-juostos-o225cm-apvaliam-kubilui-su-isorine-krosnele\/#primaryimage","url":"https:\/\/ignista.lt\/wp-content\/uploads\/2026\/02\/juosta.jpg","contentUrl":"https:\/\/ignista.lt\/wp-content\/uploads\/2026\/02\/juosta.jpg","width":1000,"height":1000},{"@type":"BreadcrumbList","@id":"https:\/\/ignista.lt\/parduotuve\/kubilu-priedai\/suverzimo-juostos-o225cm-apvaliam-kubilui-su-isorine-krosnele\/#breadcrumb","itemListElement":[{"@type":"ListItem","position":1,"name":"Home","item":"https:\/\/ignista.lt\/lt\/"},{"@type":"ListItem","position":2,"name":"Parduotuv\u0117","item":"https:\/\/ignista.lt\/lt\/parduotuve\/"},{"@type":"ListItem","position":3,"name":"Suver\u017eimo juostos \u00d8225cm apvaliam kubilui su i\u0161orine krosnele"}]},{"@type":"WebSite","@id":"https:\/\/ignista.lt\/#website","url":"https:\/\/ignista.lt\/","name":"Ignista","description":"ner\u016bdijan\u010dio plieno krosnel\u0117s kubilams ir \u012fvair\u016bs metalo gaminiai","potentialAction":[{"@type":"SearchAction","target":{"@type":"EntryPoint","urlTemplate":"https:\/\/ignista.lt\/?s={search_term_string}"},"query-input":{"@type":"PropertyValueSpecification","valueRequired":true,"valueName":"search_term_string"}}],"inLanguage":"ru-RU"}]}},"_links":{"self":[{"href":"https:\/\/ignista.lt\/ru\/wp-json\/wp\/v2\/product\/29517","targetHints":{"allow":["GET"]}}],"collection":[{"href":"https:\/\/ignista.lt\/ru\/wp-json\/wp\/v2\/product"}],"about":[{"href":"https:\/\/ignista.lt\/ru\/wp-json\/wp\/v2\/types\/product"}],"wp:featuredmedia":[{"embeddable":true,"href":"https:\/\/ignista.lt\/ru\/wp-json\/wp\/v2\/media\/29515"}],"wp:attachment":[{"href":"https:\/\/ignista.lt\/ru\/wp-json\/wp\/v2\/media?parent=29517"}],"wp:term":[{"taxonomy":"product_brand","embeddable":true,"href":"https:\/\/ignista.lt\/ru\/wp-json\/wp\/v2\/product_brand?post=29517"},{"taxonomy":"product_cat","embeddable":true,"href":"https:\/\/ignista.lt\/ru\/wp-json\/wp\/v2\/product_cat?post=29517"},{"taxonomy":"product_tag","embeddable":true,"href":"https:\/\/ignista.lt\/ru\/wp-json\/wp\/v2\/product_tag?post=29517"}],"curies":[{"name":"wp","href":"https:\/\/api.w.org\/{rel}","templated":true}]}}