{"id":410,"date":"2023-09-27T09:51:19","date_gmt":"2023-09-27T06:51:19","guid":{"rendered":"https:\/\/ignista.lt\/?post_type=product&#038;p=410"},"modified":"2026-02-10T16:07:31","modified_gmt":"2026-02-10T14:07:31","slug":"nerudijancio-plieno-isorine-krosnele37kw-aisi304","status":"publish","type":"product","link":"https:\/\/ignista.lt\/ru\/parduotuve\/krosneles\/nerudijancio-plieno-isorine-krosnele37kw-aisi304\/","title":{"rendered":"\u0412\u043d\u0435\u0448\u043d\u044f\u044f \u043f\u043b\u0438\u0442\u0430 \u0438\u0437 \u043d\u0435\u0440\u0436\u0430\u0432\u0435\u044e\u0449\u0435\u0439 \u0441\u0442\u0430\u043b\u0438 50 \u0441\u043c 28 \u043a\u0412\u0442 (AISI304)"},"content":{"rendered":"<p>&nbsp;<\/p>\n<div style=\"width: 2560px;\" class=\"wp-video\"><video class=\"wp-video-shortcode\" id=\"video-410-1\" width=\"2560\" height=\"1436\" loop autoplay preload=\"auto\" controls=\"controls\"><source type=\"video\/mp4\" src=\"https:\/\/ignista.lt\/wp-content\/uploads\/2023\/09\/2017.2-1.mp4?_=1\" \/><a href=\"https:\/\/ignista.lt\/wp-content\/uploads\/2023\/09\/2017.2-1.mp4\">https:\/\/ignista.lt\/wp-content\/uploads\/2023\/09\/2017.2-1.mp4<\/a><\/video><\/div>\n<h3 data-start=\"162\" data-end=\"218\">\u0412\u043d\u0435\u0448\u043d\u044f\u044f \u043f\u0435\u0447\u044c \u0434\u043b\u044f \u0434\u0436\u0430\u043a\u0443\u0437\u0438 \u0438\u0437 \u043d\u0435\u0440\u0436\u0430\u0432\u0435\u044e\u0449\u0435\u0439 \u0441\u0442\u0430\u043b\u0438 28 \u043a\u0412\u0442 50 \u0441\u043c (AISI304)<\/h3>\n<p data-start=\"220\" data-end=\"530\">\u041a\u043e\u043c\u043f\u0430\u043a\u0442\u043d\u0430\u044f, \u044d\u0444\u0444\u0435\u043a\u0442\u0438\u0432\u043d\u0430\u044f \u0438 \u0434\u043e\u043b\u0433\u043e\u0432\u0435\u0447\u043d\u0430\u044f 8-\u0443\u0433\u043e\u043b\u044c\u043d\u0430\u044f \u0432\u043d\u0435\u0448\u043d\u044f\u044f \u043f\u043b\u0438\u0442\u0430 IGNISTA \u0438\u0437\u0433\u043e\u0442\u043e\u0432\u043b\u0435\u043d\u0430 \u0438\u0437 \u043d\u0435\u0440\u0436\u0430\u0432\u0435\u044e\u0449\u0435\u0439 \u0441\u0442\u0430\u043b\u0438 AISI 304. \u0411\u043b\u0430\u0433\u043e\u0434\u0430\u0440\u044f \u0443\u043b\u0443\u0447\u0448\u0435\u043d\u043d\u043e\u0439 \u0441\u0438\u0441\u0442\u0435\u043c\u0435 \u0446\u0438\u0440\u043a\u0443\u043b\u044f\u0446\u0438\u0438 \u0432\u043e\u0437\u0434\u0443\u0445\u0430 \u0432\u043e\u0434\u0430 \u043d\u0430\u0433\u0440\u0435\u0432\u0430\u0435\u0442\u0441\u044f \u0431\u044b\u0441\u0442\u0440\u0435\u0435 \u0438 \u0440\u0430\u0432\u043d\u043e\u043c\u0435\u0440\u043d\u0435\u0435. \u041c\u043e\u0449\u043d\u043e\u0441\u0442\u044c 35 \u043a\u0412\u0442\/\u0447, \u043d\u0430\u0433\u0440\u0435\u0432 \u0434\u0436\u0430\u043a\u0443\u0437\u0438 \u0432\u0441\u0435\u0433\u043e \u0437\u0430 2-3 \u0447\u0430\u0441\u0430.<\/p>\n<hr data-start=\"532\" data-end=\"535\" \/>\n<p data-start=\"537\" data-end=\"558\">\u041f\u043e\u043b\u043d\u043e\u0435 \u043e\u043f\u0438\u0441\u0430\u043d\u0438\u0435:<\/p>\n<p data-start=\"560\" data-end=\"811\">\u0423\u043b\u0438\u0447\u043d\u0430\u044f \u043f\u0435\u0447\u044c \u0434\u043b\u044f \u0434\u0436\u0430\u043a\u0443\u0437\u0438 IGNISTA \u0438\u0437 \u043d\u0435\u0440\u0436\u0430\u0432\u0435\u044e\u0449\u0435\u0439 \u0441\u0442\u0430\u043b\u0438 \u043f\u0440\u0435\u0434\u043d\u0430\u0437\u043d\u0430\u0447\u0435\u043d\u0430 \u0434\u043b\u044f \u0443\u043b\u0438\u0447\u043d\u044b\u0445 \u0434\u0436\u0430\u043a\u0443\u0437\u0438. \u041e\u043d\u0430 \u0438\u0437\u0433\u043e\u0442\u043e\u0432\u043b\u0435\u043d\u0430 \u0438\u0437 \u043d\u0435\u0440\u0436\u0430\u0432\u0435\u044e\u0449\u0435\u0439 \u0441\u0442\u0430\u043b\u0438 AISI 304 \u0442\u043e\u043b\u0449\u0438\u043d\u043e\u0439 1,5 \u043c\u043c, \u0447\u0442\u043e \u043e\u0431\u0435\u0441\u043f\u0435\u0447\u0438\u0432\u0430\u0435\u0442 \u0434\u043e\u043b\u0433\u043e\u0432\u0435\u0447\u043d\u043e\u0441\u0442\u044c, \u0443\u0441\u0442\u043e\u0439\u0447\u0438\u0432\u043e\u0441\u0442\u044c \u043a \u043a\u043e\u0440\u0440\u043e\u0437\u0438\u0438 \u0438 \u044d\u0441\u0442\u0435\u0442\u0438\u0447\u043d\u044b\u0439 \u0432\u043d\u0435\u0448\u043d\u0438\u0439 \u0432\u0438\u0434 \u0434\u0430\u0436\u0435 \u043f\u0440\u0438 \u0438\u043d\u0442\u0435\u043d\u0441\u0438\u0432\u043d\u043e\u043c \u0438\u0441\u043f\u043e\u043b\u044c\u0437\u043e\u0432\u0430\u043d\u0438\u0438.<\/p>\n<p data-start=\"813\" data-end=\"979\">\u041c\u043e\u0449\u043d\u043e\u0441\u0442\u044c \u043f\u0435\u0447\u0438 \u0441\u043e\u0441\u0442\u0430\u0432\u043b\u044f\u0435\u0442 35 \u043a\u0412\u0442\/\u0447, \u0430 \u041a\u041f\u0414 - 70%. \u042d\u0442\u043e \u043f\u043e\u0437\u0432\u043e\u043b\u044f\u0435\u0442 \u043d\u0430\u0433\u0440\u0435\u0442\u044c \u0441\u0442\u0430\u043d\u0434\u0430\u0440\u0442\u043d\u0443\u044e \u0433\u0438\u0434\u0440\u043e\u043c\u0430\u0441\u0441\u0430\u0436\u043d\u0443\u044e \u0432\u0430\u043d\u043d\u0443 \u0437\u0430 2-3 \u0447\u0430\u0441\u0430, \u043d\u0435\u0437\u0430\u0432\u0438\u0441\u0438\u043c\u043e \u043e\u0442 \u0432\u0440\u0435\u043c\u0435\u043d\u0438 \u0433\u043e\u0434\u0430.<\/p>\n<p data-start=\"981\" data-end=\"1225\">\u041e\u0431\u043d\u043e\u0432\u043b\u0435\u043d\u043d\u0430\u044f 8-\u0443\u0433\u043e\u043b\u044c\u043d\u0430\u044f \u043a\u043e\u043d\u0441\u0442\u0440\u0443\u043a\u0446\u0438\u044f \u0441 \u0443\u043b\u0443\u0447\u0448\u0435\u043d\u043d\u043e\u0439 \u0441\u0438\u0441\u0442\u0435\u043c\u043e\u0439 \u0446\u0438\u0440\u043a\u0443\u043b\u044f\u0446\u0438\u0438 \u0432\u043e\u0437\u0434\u0443\u0445\u0430 \u043e\u0431\u0435\u0441\u043f\u0435\u0447\u0438\u0432\u0430\u0435\u0442 \u0435\u0449\u0435 \u0431\u043e\u043b\u044c\u0448\u0443\u044e \u044d\u0444\u0444\u0435\u043a\u0442\u0438\u0432\u043d\u043e\u0441\u0442\u044c \u043d\u0430\u0433\u0440\u0435\u0432\u0430. \u0422\u0440\u0443\u0431\u044b \u0434\u043b\u044f \u0446\u0438\u0440\u043a\u0443\u043b\u044f\u0446\u0438\u0438 \u0432\u043e\u0437\u0434\u0443\u0445\u0430, \u0432\u0441\u0442\u0440\u043e\u0435\u043d\u043d\u044b\u0435 \u0432 \u0437\u0430\u0434\u043d\u044e\u044e \u0447\u0430\u0441\u0442\u044c \u043f\u043b\u0438\u0442\u044b, \u0443\u043b\u0443\u0447\u0448\u0430\u044e\u0442 \u0442\u0435\u043f\u043b\u043e\u043e\u0431\u043c\u0435\u043d, \u043f\u043e\u044d\u0442\u043e\u043c\u0443 \u0432\u043e\u0434\u0430 \u043d\u0430\u0433\u0440\u0435\u0432\u0430\u0435\u0442\u0441\u044f \u0431\u044b\u0441\u0442\u0440\u0435\u0435 \u0438 \u0440\u0430\u0432\u043d\u043e\u043c\u0435\u0440\u043d\u0435\u0435.<\/p>\n<p data-start=\"1227\" data-end=\"1456\">\u041f\u0435\u0440\u0435\u0434\u043d\u044f\u044f \u0434\u0432\u0435\u0440\u0446\u0430 \u0441 4 \u043c\u043c \u0436\u0430\u0440\u043e\u043f\u0440\u043e\u0447\u043d\u044b\u043c \u0441\u0442\u0435\u043a\u043b\u043e\u043c \u043f\u043e\u0437\u0432\u043e\u043b\u044f\u0435\u0442 \u0412\u0430\u043c \u043d\u0430\u0441\u043b\u0430\u0436\u0434\u0430\u0442\u044c\u0441\u044f \u0432\u0438\u0434\u043e\u043c \u043f\u043b\u0430\u043c\u0435\u043d\u0438, \u0430 \u0440\u0435\u0433\u0443\u043b\u0438\u0440\u0443\u0435\u043c\u0430\u044f \u043f\u043e\u0434\u0430\u0447\u0430 \u0432\u043e\u0437\u0434\u0443\u0445\u0430 \u0434\u0430\u0435\u0442 \u0412\u0430\u043c \u043f\u043e\u043b\u043d\u044b\u0439 \u043a\u043e\u043d\u0442\u0440\u043e\u043b\u044c \u043d\u0430\u0434 \u0433\u043e\u0440\u0435\u043d\u0438\u0435\u043c. \u041f\u0435\u0447\u044c \u043e\u0441\u043d\u0430\u0449\u0435\u043d\u0430 \u0441\u043a\u0440\u044b\u0442\u044b\u043c\u0438 \u043d\u043e\u0436\u043a\u0430\u043c\u0438, \u043e\u0431\u0435\u0441\u043f\u0435\u0447\u0438\u0432\u0430\u044e\u0449\u0438\u043c\u0438 \u0447\u0438\u0441\u0442\u044b\u0439, \u043c\u0438\u043d\u0438\u043c\u0430\u043b\u0438\u0441\u0442\u0438\u0447\u043d\u044b\u0439 \u0434\u0438\u0437\u0430\u0439\u043d.<\/p>\n<hr data-start=\"1458\" data-end=\"1461\" \/>\n<p data-start=\"1463\" data-end=\"1489\">\u0422\u0435\u0445\u043d\u0438\u0447\u0435\u0441\u043a\u0438\u0435 \u0434\u0430\u043d\u043d\u044b\u0435:<\/p>\n<ul data-start=\"1490\" data-end=\"1926\">\n<li data-start=\"1490\" data-end=\"1512\">\n<p data-start=\"1492\" data-end=\"1512\">\u041c\u043e\u0449\u043d\u043e\u0441\u0442\u044c: 28 \u043a\u0412\u0442\/\u0447<\/p>\n<\/li>\n<li data-start=\"1513\" data-end=\"1549\">\n<p data-start=\"1515\" data-end=\"1549\">\u041a\u043e\u044d\u0444\u0444\u0438\u0446\u0438\u0435\u043d\u0442 \u043f\u043e\u043b\u0435\u0437\u043d\u043e\u0433\u043e \u0434\u0435\u0439\u0441\u0442\u0432\u0438\u044f: 80%<\/p>\n<\/li>\n<li data-start=\"1550\" data-end=\"1571\">\n<p data-start=\"1552\" data-end=\"1571\">\u0414\u043b\u0438\u043d\u0430: 500 \u043c\u043c<\/p>\n<\/li>\n<li data-start=\"1572\" data-end=\"1595\">\n<p data-start=\"1574\" data-end=\"1595\">\u0412\u044b\u0441\u043e\u0442\u0430: 660 \u043c\u043c<\/p>\n<\/li>\n<li data-start=\"1596\" data-end=\"1618\">\n<p data-start=\"1598\" data-end=\"1618\">\u0428\u0438\u0440\u0438\u043d\u0430: 485 \u043c\u043c<\/p>\n<\/li>\n<li data-start=\"1619\" data-end=\"1650\">\n<p data-start=\"1621\" data-end=\"1650\">\u0422\u043e\u043b\u0449\u0438\u043d\u0430 \u0441\u0442\u0435\u043d\u043e\u043a: 1,5 \u043c\u043c<\/p>\n<\/li>\n<li data-start=\"1651\" data-end=\"1698\">\n<p data-start=\"1653\" data-end=\"1698\">\u041c\u0430\u0442\u0435\u0440\u0438\u0430\u043b: \u043d\u0435\u0440\u0436\u0430\u0432\u0435\u044e\u0449\u0430\u044f \u0441\u0442\u0430\u043b\u044c AISI 304<\/p>\n<\/li>\n<li data-start=\"1699\" data-end=\"1727\">\n<p data-start=\"1701\" data-end=\"1727\">\u041e\u0442\u0432\u0435\u0440\u0441\u0442\u0438\u0435 \u0434\u043b\u044f \u0448\u0442\u0430\u0431\u0435\u043b\u044f: \u00d8125 \u043c\u043c<\/p>\n<\/li>\n<li data-start=\"1728\" data-end=\"1774\">\n<p data-start=\"1730\" data-end=\"1774\">\u0421\u043e\u0435\u0434\u0438\u043d\u0435\u043d\u0438\u044f \u0434\u043b\u044f \u0432\u0445\u043e\u0434\u0430\/\u0432\u044b\u0445\u043e\u0434\u0430 \u0432\u043e\u0434\u044b: \u00d848 \u043c\u043c<\/p>\n<\/li>\n<li data-start=\"1775\" data-end=\"1823\">\n<p data-start=\"1777\" data-end=\"1823\">\u0414\u0432\u0435\u0440\u0446\u0430 \u0441 4 \u043c\u043c \u0436\u0430\u0440\u043e\u043f\u0440\u043e\u0447\u043d\u044b\u043c \u0441\u0442\u0435\u043a\u043b\u043e\u043c<\/p>\n<\/li>\n<li data-start=\"1824\" data-end=\"1887\">\n<p data-start=\"1826\" data-end=\"1887\">\u0417\u0430\u0434\u043d\u044f\u044f \u0446\u0438\u0440\u043a\u0443\u043b\u044f\u0446\u0438\u044f \u0432\u043e\u0437\u0434\u0443\u0445\u0430 \u0441\u043e \u0432\u0441\u0442\u0440\u043e\u0435\u043d\u043d\u044b\u043c\u0438 \u0442\u0440\u0443\u0431\u0430\u043c\u0438<\/p>\n<\/li>\n<li data-start=\"1888\" data-end=\"1926\">\n<p data-start=\"1890\" data-end=\"1926\">\u041d\u043e\u0436\u043a\u0438 - \u0441\u043f\u0440\u044f\u0442\u0430\u043d\u044b \u0432 \u043a\u043e\u043d\u0441\u0442\u0440\u0443\u043a\u0446\u0438\u0438<\/p>\n<\/li>\n<\/ul>\n<p>&nbsp;<\/p>","protected":false},"excerpt":{"rendered":"<p>&nbsp; Ner\u016bdijan\u010dio plieno i\u0161orin\u0117 kubilo krosnel\u0117 28KW 50cm (AISI304) Kompakti\u0161ka, efektyvi ir ilgaam\u017e\u0117 IGNISTA 8 kamp\u0173 i\u0161orin\u0117 krosnel\u0117, pagaminta i\u0161<\/p>","protected":false},"featured_media":564,"template":"","meta":[],"product_brand":[],"product_cat":[29],"product_tag":[],"class_list":{"0":"post-410","1":"product","2":"type-product","3":"status-publish","4":"has-post-thumbnail","6":"product_cat-krosneles","8":"first","9":"instock","10":"taxable","11":"shipping-taxable","12":"purchasable","13":"product-type-simple"},"yoast_head":"<!-- This site is optimized with the Yoast SEO plugin v27.4 - https:\/\/yoast.com\/product\/yoast-seo-wordpress\/ -->\n<title>Ner\u016bdijan\u010dio plieno i\u0161orin\u0117 krosnel\u0117 50cm 28KW (AISI304) | Ignista<\/title>\n<meta name=\"description\" content=\"Ner\u016bdijan\u010dio plieno i\u0161orin\u0117 krosnel\u0117 50cm 28KW (AISI304) I\u0161orin\u0117 malkin\u0117 krosnel\u0117 kubilui - greitas ir ekonomi\u0161kas lauko kubilo \u0161ildymas. Ner\u016bdijan\u010dio plieno krosnel\u0117 patikimam naudojimui visais met\u0173 laikais.\" \/>\n<meta name=\"robots\" content=\"index, follow, max-snippet:-1, max-image-preview:large, max-video-preview:-1\" \/>\n<link rel=\"canonical\" href=\"https:\/\/ignista.lt\/ru\/parduotuve\/krosneles\/nerudijancio-plieno-isorine-krosnele37kw-aisi304\/\" \/>\n<meta property=\"og:locale\" content=\"ru_RU\" \/>\n<meta property=\"og:type\" content=\"article\" \/>\n<meta property=\"og:title\" content=\"Ner\u016bdijan\u010dio plieno i\u0161orin\u0117 krosnel\u0117 50cm 28KW (AISI304) | Ignista\" \/>\n<meta property=\"og:description\" content=\"Ner\u016bdijan\u010dio plieno i\u0161orin\u0117 krosnel\u0117 50cm 28KW (AISI304) I\u0161orin\u0117 malkin\u0117 krosnel\u0117 kubilui - greitas ir ekonomi\u0161kas lauko kubilo \u0161ildymas. Ner\u016bdijan\u010dio plieno krosnel\u0117 patikimam naudojimui visais met\u0173 laikais.\" \/>\n<meta property=\"og:url\" content=\"https:\/\/ignista.lt\/ru\/parduotuve\/krosneles\/nerudijancio-plieno-isorine-krosnele37kw-aisi304\/\" \/>\n<meta property=\"og:site_name\" content=\"Ignista\" \/>\n<meta property=\"article:modified_time\" content=\"2026-02-10T14:07:31+00:00\" \/>\n<meta property=\"og:image\" content=\"https:\/\/ignista.lt\/wp-content\/uploads\/2023\/09\/Layer-Visibility1.jpg\" \/>\n\t<meta property=\"og:image:width\" content=\"1149\" \/>\n\t<meta property=\"og:image:height\" content=\"1084\" \/>\n\t<meta property=\"og:image:type\" content=\"image\/jpeg\" \/>\n<script type=\"application\/ld+json\" class=\"yoast-schema-graph\">{\"@context\":\"https:\\\/\\\/schema.org\",\"@graph\":[{\"@type\":\"WebPage\",\"@id\":\"https:\\\/\\\/ignista.lt\\\/parduotuve\\\/krosneles\\\/nerudijancio-plieno-isorine-krosnele37kw-aisi304\\\/\",\"url\":\"https:\\\/\\\/ignista.lt\\\/parduotuve\\\/krosneles\\\/nerudijancio-plieno-isorine-krosnele37kw-aisi304\\\/\",\"name\":\"Ner\u016bdijan\u010dio plieno i\u0161orin\u0117 krosnel\u0117 50cm 28KW (AISI304) | Ignista\",\"isPartOf\":{\"@id\":\"https:\\\/\\\/ignista.lt\\\/#website\"},\"primaryImageOfPage\":{\"@id\":\"https:\\\/\\\/ignista.lt\\\/parduotuve\\\/krosneles\\\/nerudijancio-plieno-isorine-krosnele37kw-aisi304\\\/#primaryimage\"},\"image\":{\"@id\":\"https:\\\/\\\/ignista.lt\\\/parduotuve\\\/krosneles\\\/nerudijancio-plieno-isorine-krosnele37kw-aisi304\\\/#primaryimage\"},\"thumbnailUrl\":\"https:\\\/\\\/ignista.lt\\\/wp-content\\\/uploads\\\/2023\\\/09\\\/Layer-Visibility1.jpg\",\"datePublished\":\"2023-09-27T06:51:19+00:00\",\"dateModified\":\"2026-02-10T14:07:31+00:00\",\"description\":\"Ner\u016bdijan\u010dio plieno i\u0161orin\u0117 krosnel\u0117 50cm 28KW (AISI304) I\u0161orin\u0117 malkin\u0117 krosnel\u0117 kubilui - greitas ir ekonomi\u0161kas lauko kubilo \u0161ildymas. Ner\u016bdijan\u010dio plieno krosnel\u0117 patikimam naudojimui visais met\u0173 laikais.\",\"breadcrumb\":{\"@id\":\"https:\\\/\\\/ignista.lt\\\/parduotuve\\\/krosneles\\\/nerudijancio-plieno-isorine-krosnele37kw-aisi304\\\/#breadcrumb\"},\"inLanguage\":\"ru-RU\",\"potentialAction\":[{\"@type\":\"ReadAction\",\"target\":[\"https:\\\/\\\/ignista.lt\\\/parduotuve\\\/krosneles\\\/nerudijancio-plieno-isorine-krosnele37kw-aisi304\\\/\"]}]},{\"@type\":\"ImageObject\",\"inLanguage\":\"ru-RU\",\"@id\":\"https:\\\/\\\/ignista.lt\\\/parduotuve\\\/krosneles\\\/nerudijancio-plieno-isorine-krosnele37kw-aisi304\\\/#primaryimage\",\"url\":\"https:\\\/\\\/ignista.lt\\\/wp-content\\\/uploads\\\/2023\\\/09\\\/Layer-Visibility1.jpg\",\"contentUrl\":\"https:\\\/\\\/ignista.lt\\\/wp-content\\\/uploads\\\/2023\\\/09\\\/Layer-Visibility1.jpg\",\"width\":1149,\"height\":1084},{\"@type\":\"BreadcrumbList\",\"@id\":\"https:\\\/\\\/ignista.lt\\\/parduotuve\\\/krosneles\\\/nerudijancio-plieno-isorine-krosnele37kw-aisi304\\\/#breadcrumb\",\"itemListElement\":[{\"@type\":\"ListItem\",\"position\":1,\"name\":\"Home\",\"item\":\"https:\\\/\\\/ignista.lt\\\/lt\\\/\"},{\"@type\":\"ListItem\",\"position\":2,\"name\":\"Parduotuv\u0117\",\"item\":\"https:\\\/\\\/ignista.lt\\\/lt\\\/parduotuve\\\/\"},{\"@type\":\"ListItem\",\"position\":3,\"name\":\"Ner\u016bdijan\u010dio plieno i\u0161orin\u0117 krosnel\u0117 50cm 28KW (AISI304)\"}]},{\"@type\":\"WebSite\",\"@id\":\"https:\\\/\\\/ignista.lt\\\/#website\",\"url\":\"https:\\\/\\\/ignista.lt\\\/\",\"name\":\"Ignista\",\"description\":\"ner\u016bdijan\u010dio plieno krosnel\u0117s kubilams ir \u012fvair\u016bs metalo gaminiai\",\"potentialAction\":[{\"@type\":\"SearchAction\",\"target\":{\"@type\":\"EntryPoint\",\"urlTemplate\":\"https:\\\/\\\/ignista.lt\\\/?s={search_term_string}\"},\"query-input\":{\"@type\":\"PropertyValueSpecification\",\"valueRequired\":true,\"valueName\":\"search_term_string\"}}],\"inLanguage\":\"ru-RU\"}]}<\/script>\n<!-- \/ Yoast SEO plugin. -->","yoast_head_json":{"title":"Ner\u016bdijan\u010dio plieno i\u0161orin\u0117 krosnel\u0117 50cm 28KW (AISI304) | Ignista","description":"Ner\u016bdijan\u010dio plieno i\u0161orin\u0117 krosnel\u0117 50cm 28KW (AISI304) I\u0161orin\u0117 malkin\u0117 krosnel\u0117 kubilui - greitas ir ekonomi\u0161kas lauko kubilo \u0161ildymas. Ner\u016bdijan\u010dio plieno krosnel\u0117 patikimam naudojimui visais met\u0173 laikais.","robots":{"index":"index","follow":"follow","max-snippet":"max-snippet:-1","max-image-preview":"max-image-preview:large","max-video-preview":"max-video-preview:-1"},"canonical":"https:\/\/ignista.lt\/ru\/parduotuve\/krosneles\/nerudijancio-plieno-isorine-krosnele37kw-aisi304\/","og_locale":"ru_RU","og_type":"article","og_title":"Ner\u016bdijan\u010dio plieno i\u0161orin\u0117 krosnel\u0117 50cm 28KW (AISI304) | Ignista","og_description":"Ner\u016bdijan\u010dio plieno i\u0161orin\u0117 krosnel\u0117 50cm 28KW (AISI304) I\u0161orin\u0117 malkin\u0117 krosnel\u0117 kubilui - greitas ir ekonomi\u0161kas lauko kubilo \u0161ildymas. Ner\u016bdijan\u010dio plieno krosnel\u0117 patikimam naudojimui visais met\u0173 laikais.","og_url":"https:\/\/ignista.lt\/ru\/parduotuve\/krosneles\/nerudijancio-plieno-isorine-krosnele37kw-aisi304\/","og_site_name":"Ignista","article_modified_time":"2026-02-10T14:07:31+00:00","og_image":[{"width":1149,"height":1084,"url":"https:\/\/ignista.lt\/wp-content\/uploads\/2023\/09\/Layer-Visibility1.jpg","type":"image\/jpeg"}],"schema":{"@context":"https:\/\/schema.org","@graph":[{"@type":"WebPage","@id":"https:\/\/ignista.lt\/parduotuve\/krosneles\/nerudijancio-plieno-isorine-krosnele37kw-aisi304\/","url":"https:\/\/ignista.lt\/parduotuve\/krosneles\/nerudijancio-plieno-isorine-krosnele37kw-aisi304\/","name":"Ner\u016bdijan\u010dio plieno i\u0161orin\u0117 krosnel\u0117 50cm 28KW (AISI304) | Ignista","isPartOf":{"@id":"https:\/\/ignista.lt\/#website"},"primaryImageOfPage":{"@id":"https:\/\/ignista.lt\/parduotuve\/krosneles\/nerudijancio-plieno-isorine-krosnele37kw-aisi304\/#primaryimage"},"image":{"@id":"https:\/\/ignista.lt\/parduotuve\/krosneles\/nerudijancio-plieno-isorine-krosnele37kw-aisi304\/#primaryimage"},"thumbnailUrl":"https:\/\/ignista.lt\/wp-content\/uploads\/2023\/09\/Layer-Visibility1.jpg","datePublished":"2023-09-27T06:51:19+00:00","dateModified":"2026-02-10T14:07:31+00:00","description":"Ner\u016bdijan\u010dio plieno i\u0161orin\u0117 krosnel\u0117 50cm 28KW (AISI304) I\u0161orin\u0117 malkin\u0117 krosnel\u0117 kubilui - greitas ir ekonomi\u0161kas lauko kubilo \u0161ildymas. Ner\u016bdijan\u010dio plieno krosnel\u0117 patikimam naudojimui visais met\u0173 laikais.","breadcrumb":{"@id":"https:\/\/ignista.lt\/parduotuve\/krosneles\/nerudijancio-plieno-isorine-krosnele37kw-aisi304\/#breadcrumb"},"inLanguage":"ru-RU","potentialAction":[{"@type":"ReadAction","target":["https:\/\/ignista.lt\/parduotuve\/krosneles\/nerudijancio-plieno-isorine-krosnele37kw-aisi304\/"]}]},{"@type":"ImageObject","inLanguage":"ru-RU","@id":"https:\/\/ignista.lt\/parduotuve\/krosneles\/nerudijancio-plieno-isorine-krosnele37kw-aisi304\/#primaryimage","url":"https:\/\/ignista.lt\/wp-content\/uploads\/2023\/09\/Layer-Visibility1.jpg","contentUrl":"https:\/\/ignista.lt\/wp-content\/uploads\/2023\/09\/Layer-Visibility1.jpg","width":1149,"height":1084},{"@type":"BreadcrumbList","@id":"https:\/\/ignista.lt\/parduotuve\/krosneles\/nerudijancio-plieno-isorine-krosnele37kw-aisi304\/#breadcrumb","itemListElement":[{"@type":"ListItem","position":1,"name":"Home","item":"https:\/\/ignista.lt\/lt\/"},{"@type":"ListItem","position":2,"name":"Parduotuv\u0117","item":"https:\/\/ignista.lt\/lt\/parduotuve\/"},{"@type":"ListItem","position":3,"name":"Ner\u016bdijan\u010dio plieno i\u0161orin\u0117 krosnel\u0117 50cm 28KW (AISI304)"}]},{"@type":"WebSite","@id":"https:\/\/ignista.lt\/#website","url":"https:\/\/ignista.lt\/","name":"Ignista","description":"ner\u016bdijan\u010dio plieno krosnel\u0117s kubilams ir \u012fvair\u016bs metalo gaminiai","potentialAction":[{"@type":"SearchAction","target":{"@type":"EntryPoint","urlTemplate":"https:\/\/ignista.lt\/?s={search_term_string}"},"query-input":{"@type":"PropertyValueSpecification","valueRequired":true,"valueName":"search_term_string"}}],"inLanguage":"ru-RU"}]}},"_links":{"self":[{"href":"https:\/\/ignista.lt\/ru\/wp-json\/wp\/v2\/product\/410","targetHints":{"allow":["GET"]}}],"collection":[{"href":"https:\/\/ignista.lt\/ru\/wp-json\/wp\/v2\/product"}],"about":[{"href":"https:\/\/ignista.lt\/ru\/wp-json\/wp\/v2\/types\/product"}],"wp:featuredmedia":[{"embeddable":true,"href":"https:\/\/ignista.lt\/ru\/wp-json\/wp\/v2\/media\/564"}],"wp:attachment":[{"href":"https:\/\/ignista.lt\/ru\/wp-json\/wp\/v2\/media?parent=410"}],"wp:term":[{"taxonomy":"product_brand","embeddable":true,"href":"https:\/\/ignista.lt\/ru\/wp-json\/wp\/v2\/product_brand?post=410"},{"taxonomy":"product_cat","embeddable":true,"href":"https:\/\/ignista.lt\/ru\/wp-json\/wp\/v2\/product_cat?post=410"},{"taxonomy":"product_tag","embeddable":true,"href":"https:\/\/ignista.lt\/ru\/wp-json\/wp\/v2\/product_tag?post=410"}],"curies":[{"name":"wp","href":"https:\/\/api.w.org\/{rel}","templated":true}]}}