{"id":601,"date":"2025-09-23T17:24:51","date_gmt":"2025-09-23T14:24:51","guid":{"rendered":"https:\/\/ignista.lt\/?post_type=product&#038;p=601"},"modified":"2026-05-15T15:38:27","modified_gmt":"2026-05-15T12:38:27","slug":"gerimu-laikiklis-4-iu-skyliu","status":"publish","type":"product","link":"https:\/\/ignista.lt\/ru\/parduotuve\/kubilu-priedai\/gerimu-laikiklis-4-iu-skyliu\/","title":{"rendered":"\u0414\u0435\u0440\u0436\u0430\u0442\u0435\u043b\u044c \u0434\u043b\u044f \u043d\u0430\u043f\u0438\u0442\u043a\u043e\u0432 \u0441 4 \u043e\u0442\u0432\u0435\u0440\u0441\u0442\u0438\u044f\u043c\u0438"},"content":{"rendered":"<p>\u0423\u0434\u043e\u0431\u043d\u043e\u0435 \u0438 \u043f\u0440\u0430\u043a\u0442\u0438\u0447\u043d\u043e\u0435 \u0440\u0435\u0448\u0435\u043d\u0438\u0435 \u0434\u043b\u044f \u0412\u0430\u0448\u0435\u0433\u043e \u043e\u0442\u0434\u044b\u0445\u0430 \u0432 \u0433\u0438\u0434\u0440\u043e\u043c\u0430\u0441\u0441\u0430\u0436\u043d\u043e\u0439 \u0432\u0430\u043d\u043d\u0435. \u0414\u0435\u0440\u0436\u0430\u0442\u0435\u043b\u044c \u0438\u0437\u0433\u043e\u0442\u043e\u0432\u043b\u0435\u043d \u0438\u0437 \u043f\u0440\u043e\u0447\u043d\u043e\u0433\u043e \u043c\u0435\u0442\u0430\u043b\u043b\u0430, \u043b\u0435\u0433\u043a\u043e \u0443\u0441\u0442\u0430\u043d\u0430\u0432\u043b\u0438\u0432\u0430\u0435\u0442\u0441\u044f \u0438 \u043f\u0440\u0435\u0434\u043d\u0430\u0437\u043d\u0430\u0447\u0435\u043d \u0434\u043b\u044f \u0431\u0435\u0437\u043e\u043f\u0430\u0441\u043d\u043e\u0433\u043e \u0445\u0440\u0430\u043d\u0435\u043d\u0438\u044f \u043d\u0430\u043f\u0438\u0442\u043a\u043e\u0432 \u0438\u043b\u0438 \u0434\u0440\u0443\u0433\u043e\u0439 \u043f\u043e\u0441\u0443\u0434\u044b, \u0447\u0442\u043e\u0431\u044b \u0432\u0441\u0435 \u0431\u044b\u043b\u043e \u043f\u043e\u0434 \u0440\u0443\u043a\u043e\u0439.<\/p>\n<p>&nbsp;<\/p>\n<p>&nbsp;<\/p>","protected":false},"excerpt":{"rendered":"<p>Patogus ir prakti\u0161kas sprendimas J\u016bs\u0173 poilsiui kubile. Laikiklis pagamintas i\u0161 patvaraus metalo, lengvai montuojamas, pritaikytas saugiai laikyti g\u0117rimus ar kitus<\/p>","protected":false},"featured_media":602,"template":"","meta":[],"product_brand":[],"product_cat":[98],"product_tag":[],"class_list":{"0":"post-601","1":"product","2":"type-product","3":"status-publish","4":"has-post-thumbnail","6":"product_cat-kubilu-priedai","8":"first","9":"instock","10":"taxable","11":"shipping-taxable","12":"purchasable","13":"product-type-simple"},"yoast_head":"<!-- This site is optimized with the Yoast SEO plugin v27.4 - https:\/\/yoast.com\/product\/yoast-seo-wordpress\/ -->\n<title>G\u0117rim\u0173 laikiklis 4-i\u0173 skyli\u0173 | Ignista<\/title>\n<meta name=\"description\" content=\"Patogus ir prakti\u0161kas sprendimas J\u016bs\u0173 poilsiui kubile. Laikiklis pagamintas i\u0161 patvaraus metalo, lengvai montuojamas, pritaikytas saugiai laikyti g\u0117rimus.\" \/>\n<meta name=\"robots\" content=\"index, follow, max-snippet:-1, max-image-preview:large, max-video-preview:-1\" \/>\n<link rel=\"canonical\" href=\"https:\/\/ignista.lt\/ru\/parduotuve\/kubilu-priedai\/gerimu-laikiklis-4-iu-skyliu\/\" \/>\n<meta property=\"og:locale\" content=\"ru_RU\" \/>\n<meta property=\"og:type\" content=\"article\" \/>\n<meta property=\"og:title\" content=\"G\u0117rim\u0173 laikiklis 4-i\u0173 skyli\u0173 | Ignista\" \/>\n<meta property=\"og:description\" content=\"Patogus ir prakti\u0161kas sprendimas J\u016bs\u0173 poilsiui kubile. Laikiklis pagamintas i\u0161 patvaraus metalo, lengvai montuojamas, pritaikytas saugiai laikyti g\u0117rimus.\" \/>\n<meta property=\"og:url\" content=\"https:\/\/ignista.lt\/ru\/parduotuve\/kubilu-priedai\/gerimu-laikiklis-4-iu-skyliu\/\" \/>\n<meta property=\"og:site_name\" content=\"Ignista\" \/>\n<meta property=\"article:modified_time\" content=\"2026-05-15T12:38:27+00:00\" \/>\n<meta property=\"og:image\" content=\"https:\/\/ignista.lt\/wp-content\/uploads\/2025\/09\/34a93493-a4fd-4f66-b341-76ea550b9634.jpg\" \/>\n\t<meta property=\"og:image:width\" content=\"1920\" \/>\n\t<meta property=\"og:image:height\" content=\"1440\" \/>\n\t<meta property=\"og:image:type\" content=\"image\/jpeg\" \/>\n<script type=\"application\/ld+json\" class=\"yoast-schema-graph\">{\"@context\":\"https:\\\/\\\/schema.org\",\"@graph\":[{\"@type\":\"WebPage\",\"@id\":\"https:\\\/\\\/ignista.lt\\\/parduotuve\\\/kubilu-priedai\\\/gerimu-laikiklis-4-iu-skyliu\\\/\",\"url\":\"https:\\\/\\\/ignista.lt\\\/parduotuve\\\/kubilu-priedai\\\/gerimu-laikiklis-4-iu-skyliu\\\/\",\"name\":\"G\u0117rim\u0173 laikiklis 4-i\u0173 skyli\u0173 | Ignista\",\"isPartOf\":{\"@id\":\"https:\\\/\\\/ignista.lt\\\/#website\"},\"primaryImageOfPage\":{\"@id\":\"https:\\\/\\\/ignista.lt\\\/parduotuve\\\/kubilu-priedai\\\/gerimu-laikiklis-4-iu-skyliu\\\/#primaryimage\"},\"image\":{\"@id\":\"https:\\\/\\\/ignista.lt\\\/parduotuve\\\/kubilu-priedai\\\/gerimu-laikiklis-4-iu-skyliu\\\/#primaryimage\"},\"thumbnailUrl\":\"https:\\\/\\\/ignista.lt\\\/wp-content\\\/uploads\\\/2025\\\/09\\\/34a93493-a4fd-4f66-b341-76ea550b9634.jpg\",\"datePublished\":\"2025-09-23T14:24:51+00:00\",\"dateModified\":\"2026-05-15T12:38:27+00:00\",\"description\":\"Patogus ir prakti\u0161kas sprendimas J\u016bs\u0173 poilsiui kubile. Laikiklis pagamintas i\u0161 patvaraus metalo, lengvai montuojamas, pritaikytas saugiai laikyti g\u0117rimus.\",\"breadcrumb\":{\"@id\":\"https:\\\/\\\/ignista.lt\\\/parduotuve\\\/kubilu-priedai\\\/gerimu-laikiklis-4-iu-skyliu\\\/#breadcrumb\"},\"inLanguage\":\"ru-RU\",\"potentialAction\":[{\"@type\":\"ReadAction\",\"target\":[\"https:\\\/\\\/ignista.lt\\\/parduotuve\\\/kubilu-priedai\\\/gerimu-laikiklis-4-iu-skyliu\\\/\"]}]},{\"@type\":\"ImageObject\",\"inLanguage\":\"ru-RU\",\"@id\":\"https:\\\/\\\/ignista.lt\\\/parduotuve\\\/kubilu-priedai\\\/gerimu-laikiklis-4-iu-skyliu\\\/#primaryimage\",\"url\":\"https:\\\/\\\/ignista.lt\\\/wp-content\\\/uploads\\\/2025\\\/09\\\/34a93493-a4fd-4f66-b341-76ea550b9634.jpg\",\"contentUrl\":\"https:\\\/\\\/ignista.lt\\\/wp-content\\\/uploads\\\/2025\\\/09\\\/34a93493-a4fd-4f66-b341-76ea550b9634.jpg\",\"width\":1920,\"height\":1440},{\"@type\":\"BreadcrumbList\",\"@id\":\"https:\\\/\\\/ignista.lt\\\/parduotuve\\\/kubilu-priedai\\\/gerimu-laikiklis-4-iu-skyliu\\\/#breadcrumb\",\"itemListElement\":[{\"@type\":\"ListItem\",\"position\":1,\"name\":\"Home\",\"item\":\"https:\\\/\\\/ignista.lt\\\/lt\\\/\"},{\"@type\":\"ListItem\",\"position\":2,\"name\":\"Parduotuv\u0117\",\"item\":\"https:\\\/\\\/ignista.lt\\\/lt\\\/parduotuve\\\/\"},{\"@type\":\"ListItem\",\"position\":3,\"name\":\"G\u0117rim\u0173 laikiklis 4-i\u0173 skyli\u0173\"}]},{\"@type\":\"WebSite\",\"@id\":\"https:\\\/\\\/ignista.lt\\\/#website\",\"url\":\"https:\\\/\\\/ignista.lt\\\/\",\"name\":\"Ignista\",\"description\":\"ner\u016bdijan\u010dio plieno krosnel\u0117s kubilams ir \u012fvair\u016bs metalo gaminiai\",\"potentialAction\":[{\"@type\":\"SearchAction\",\"target\":{\"@type\":\"EntryPoint\",\"urlTemplate\":\"https:\\\/\\\/ignista.lt\\\/?s={search_term_string}\"},\"query-input\":{\"@type\":\"PropertyValueSpecification\",\"valueRequired\":true,\"valueName\":\"search_term_string\"}}],\"inLanguage\":\"ru-RU\"}]}<\/script>\n<!-- \/ Yoast SEO plugin. -->","yoast_head_json":{"title":"G\u0117rim\u0173 laikiklis 4-i\u0173 skyli\u0173 | Ignista","description":"Patogus ir prakti\u0161kas sprendimas J\u016bs\u0173 poilsiui kubile. Laikiklis pagamintas i\u0161 patvaraus metalo, lengvai montuojamas, pritaikytas saugiai laikyti g\u0117rimus.","robots":{"index":"index","follow":"follow","max-snippet":"max-snippet:-1","max-image-preview":"max-image-preview:large","max-video-preview":"max-video-preview:-1"},"canonical":"https:\/\/ignista.lt\/ru\/parduotuve\/kubilu-priedai\/gerimu-laikiklis-4-iu-skyliu\/","og_locale":"ru_RU","og_type":"article","og_title":"G\u0117rim\u0173 laikiklis 4-i\u0173 skyli\u0173 | Ignista","og_description":"Patogus ir prakti\u0161kas sprendimas J\u016bs\u0173 poilsiui kubile. Laikiklis pagamintas i\u0161 patvaraus metalo, lengvai montuojamas, pritaikytas saugiai laikyti g\u0117rimus.","og_url":"https:\/\/ignista.lt\/ru\/parduotuve\/kubilu-priedai\/gerimu-laikiklis-4-iu-skyliu\/","og_site_name":"Ignista","article_modified_time":"2026-05-15T12:38:27+00:00","og_image":[{"width":1920,"height":1440,"url":"https:\/\/ignista.lt\/wp-content\/uploads\/2025\/09\/34a93493-a4fd-4f66-b341-76ea550b9634.jpg","type":"image\/jpeg"}],"schema":{"@context":"https:\/\/schema.org","@graph":[{"@type":"WebPage","@id":"https:\/\/ignista.lt\/parduotuve\/kubilu-priedai\/gerimu-laikiklis-4-iu-skyliu\/","url":"https:\/\/ignista.lt\/parduotuve\/kubilu-priedai\/gerimu-laikiklis-4-iu-skyliu\/","name":"G\u0117rim\u0173 laikiklis 4-i\u0173 skyli\u0173 | Ignista","isPartOf":{"@id":"https:\/\/ignista.lt\/#website"},"primaryImageOfPage":{"@id":"https:\/\/ignista.lt\/parduotuve\/kubilu-priedai\/gerimu-laikiklis-4-iu-skyliu\/#primaryimage"},"image":{"@id":"https:\/\/ignista.lt\/parduotuve\/kubilu-priedai\/gerimu-laikiklis-4-iu-skyliu\/#primaryimage"},"thumbnailUrl":"https:\/\/ignista.lt\/wp-content\/uploads\/2025\/09\/34a93493-a4fd-4f66-b341-76ea550b9634.jpg","datePublished":"2025-09-23T14:24:51+00:00","dateModified":"2026-05-15T12:38:27+00:00","description":"Patogus ir prakti\u0161kas sprendimas J\u016bs\u0173 poilsiui kubile. Laikiklis pagamintas i\u0161 patvaraus metalo, lengvai montuojamas, pritaikytas saugiai laikyti g\u0117rimus.","breadcrumb":{"@id":"https:\/\/ignista.lt\/parduotuve\/kubilu-priedai\/gerimu-laikiklis-4-iu-skyliu\/#breadcrumb"},"inLanguage":"ru-RU","potentialAction":[{"@type":"ReadAction","target":["https:\/\/ignista.lt\/parduotuve\/kubilu-priedai\/gerimu-laikiklis-4-iu-skyliu\/"]}]},{"@type":"ImageObject","inLanguage":"ru-RU","@id":"https:\/\/ignista.lt\/parduotuve\/kubilu-priedai\/gerimu-laikiklis-4-iu-skyliu\/#primaryimage","url":"https:\/\/ignista.lt\/wp-content\/uploads\/2025\/09\/34a93493-a4fd-4f66-b341-76ea550b9634.jpg","contentUrl":"https:\/\/ignista.lt\/wp-content\/uploads\/2025\/09\/34a93493-a4fd-4f66-b341-76ea550b9634.jpg","width":1920,"height":1440},{"@type":"BreadcrumbList","@id":"https:\/\/ignista.lt\/parduotuve\/kubilu-priedai\/gerimu-laikiklis-4-iu-skyliu\/#breadcrumb","itemListElement":[{"@type":"ListItem","position":1,"name":"Home","item":"https:\/\/ignista.lt\/lt\/"},{"@type":"ListItem","position":2,"name":"Parduotuv\u0117","item":"https:\/\/ignista.lt\/lt\/parduotuve\/"},{"@type":"ListItem","position":3,"name":"G\u0117rim\u0173 laikiklis 4-i\u0173 skyli\u0173"}]},{"@type":"WebSite","@id":"https:\/\/ignista.lt\/#website","url":"https:\/\/ignista.lt\/","name":"Ignista","description":"ner\u016bdijan\u010dio plieno krosnel\u0117s kubilams ir \u012fvair\u016bs metalo gaminiai","potentialAction":[{"@type":"SearchAction","target":{"@type":"EntryPoint","urlTemplate":"https:\/\/ignista.lt\/?s={search_term_string}"},"query-input":{"@type":"PropertyValueSpecification","valueRequired":true,"valueName":"search_term_string"}}],"inLanguage":"ru-RU"}]}},"_links":{"self":[{"href":"https:\/\/ignista.lt\/ru\/wp-json\/wp\/v2\/product\/601","targetHints":{"allow":["GET"]}}],"collection":[{"href":"https:\/\/ignista.lt\/ru\/wp-json\/wp\/v2\/product"}],"about":[{"href":"https:\/\/ignista.lt\/ru\/wp-json\/wp\/v2\/types\/product"}],"wp:featuredmedia":[{"embeddable":true,"href":"https:\/\/ignista.lt\/ru\/wp-json\/wp\/v2\/media\/602"}],"wp:attachment":[{"href":"https:\/\/ignista.lt\/ru\/wp-json\/wp\/v2\/media?parent=601"}],"wp:term":[{"taxonomy":"product_brand","embeddable":true,"href":"https:\/\/ignista.lt\/ru\/wp-json\/wp\/v2\/product_brand?post=601"},{"taxonomy":"product_cat","embeddable":true,"href":"https:\/\/ignista.lt\/ru\/wp-json\/wp\/v2\/product_cat?post=601"},{"taxonomy":"product_tag","embeddable":true,"href":"https:\/\/ignista.lt\/ru\/wp-json\/wp\/v2\/product_tag?post=601"}],"curies":[{"name":"wp","href":"https:\/\/api.w.org\/{rel}","templated":true}]}}