{"id":652,"date":"2025-09-24T14:56:04","date_gmt":"2025-09-24T11:56:04","guid":{"rendered":"https:\/\/ignista.lt\/?post_type=product&#038;p=652"},"modified":"2026-03-21T15:01:13","modified_gmt":"2026-03-21T13:01:13","slug":"zarna-48-57mm-4bar","status":"publish","type":"product","link":"https:\/\/ignista.lt\/ru\/parduotuve\/krosneliu-priedai\/zarna-48-57mm-4bar\/","title":{"rendered":"\u0428\u043b\u0430\u043d\u0433 48\/57 \u043c\u043c 4 \u0431\u0430\u0440 1 \u043c"},"content":{"rendered":"<h3 data-start=\"78\" data-end=\"114\">\u041e\u0445\u043b\u0430\u0436\u0434\u0430\u044e\u0449\u0438\u0439 \u0448\u043b\u0430\u043d\u0433 48\/57 \u043c\u043c, 4 \u0431\u0430\u0440<\/h3>\n<p data-start=\"116\" data-end=\"282\">\u0412\u044b\u0441\u043e\u043a\u043e\u043a\u0430\u0447\u0435\u0441\u0442\u0432\u0435\u043d\u043d\u044b\u0439 \u043e\u0445\u043b\u0430\u0436\u0434\u0430\u044e\u0449\u0438\u0439 \u0448\u043b\u0430\u043d\u0433 \u0434\u043b\u044f \u0446\u0438\u0440\u043a\u0443\u043b\u044f\u0446\u0438\u0438 \u0432\u043e\u0434\u044b \u0432 \u043f\u0435\u0447\u0430\u0445 \u0438 \u0433\u043e\u0440\u044f\u0447\u0438\u0445 \u0432\u0430\u043d\u043d\u0430\u0445. \u0418\u0437\u0433\u043e\u0442\u043e\u0432\u043b\u0435\u043d \u0438\u0437 \u043f\u0440\u043e\u0447\u043d\u043e\u0433\u043e \u043c\u0430\u0442\u0435\u0440\u0438\u0430\u043b\u0430, \u0443\u0441\u0442\u043e\u0439\u0447\u0438\u0432\u043e\u0433\u043e \u043a \u0434\u0430\u0432\u043b\u0435\u043d\u0438\u044e \u0438 \u043f\u0435\u0440\u0435\u043f\u0430\u0434\u0430\u043c \u0442\u0435\u043c\u043f\u0435\u0440\u0430\u0442\u0443\u0440\u044b.<\/p>\n<p data-start=\"284\" data-end=\"310\"><strong data-start=\"284\" data-end=\"308\">\u0422\u0435\u0445\u043d\u0438\u0447\u0435\u0441\u043a\u0438\u0435 \u0434\u0430\u043d\u043d\u044b\u0435:<\/strong><\/p>\n<ul data-start=\"311\" data-end=\"408\">\n<li data-start=\"311\" data-end=\"343\">\n<p data-start=\"313\" data-end=\"343\">\u0412\u043d\u0443\u0442\u0440\u0435\u043d\u043d\u0438\u0439 \u0434\u0438\u0430\u043c\u0435\u0442\u0440: <strong data-start=\"332\" data-end=\"341\">48 \u043c\u043c<\/strong><\/p>\n<\/li>\n<li data-start=\"344\" data-end=\"377\">\n<p data-start=\"346\" data-end=\"377\">\u0412\u043d\u0435\u0448\u043d\u0438\u0439 \u0434\u0438\u0430\u043c\u0435\u0442\u0440: <strong data-start=\"366\" data-end=\"375\">57 \u043c\u043c<\/strong><\/p>\n<\/li>\n<li data-start=\"378\" data-end=\"408\">\n<p data-start=\"380\" data-end=\"408\">\u0420\u0430\u0431\u043e\u0447\u0435\u0435 \u0434\u0430\u0432\u043b\u0435\u043d\u0438\u0435: <strong data-start=\"397\" data-end=\"406\">4 \u0431\u0430\u0440<\/strong><\/p>\n<\/li>\n<\/ul>\n<p data-start=\"410\" data-end=\"465\">\u041d\u0430\u0434\u0435\u0436\u043d\u043e\u0435 \u0438 \u0434\u043e\u043b\u0433\u043e\u0432\u0435\u0447\u043d\u043e\u0435 \u0440\u0435\u0448\u0435\u043d\u0438\u0435 \u0434\u043b\u044f \u0441\u0438\u0441\u0442\u0435\u043c \u043e\u0445\u043b\u0430\u0436\u0434\u0435\u043d\u0438\u044f.<\/p>\n<p>&nbsp;<\/p>","protected":false},"excerpt":{"rendered":"<p>\u017darna au\u0161inimo 48\/57 mm, 4 bar Auk\u0161tos kokyb\u0117s au\u0161inimo \u017earna, skirta vandens cirkuliacijai krosnel\u0117se ir kubiluose. Pagaminta i\u0161 patvarios med\u017eiagos,<\/p>","protected":false},"featured_media":632,"template":"","meta":[],"product_brand":[],"product_cat":[99],"product_tag":[],"class_list":{"0":"post-652","1":"product","2":"type-product","3":"status-publish","4":"has-post-thumbnail","6":"product_cat-krosneliu-priedai","8":"first","9":"instock","10":"taxable","11":"shipping-taxable","12":"purchasable","13":"product-type-simple"},"yoast_head":"<!-- This site is optimized with the Yoast SEO plugin v27.4 - https:\/\/yoast.com\/product\/yoast-seo-wordpress\/ -->\n<title>\u017darna 48\/57mm 4bar 1m | Ignista<\/title>\n<meta name=\"description\" content=\"Auk\u0161tos kokyb\u0117s au\u0161inimo \u017earna, skirta vandens cirkuliacijai krosnel\u0117se ir kubiluose. Pagaminta i\u0161 patvarios med\u017eiagos, atsparios sl\u0117giui ir temperat\u016bros poky\u010diams.\" \/>\n<meta name=\"robots\" content=\"index, follow, max-snippet:-1, max-image-preview:large, max-video-preview:-1\" \/>\n<link rel=\"canonical\" href=\"https:\/\/ignista.lt\/ru\/parduotuve\/krosneliu-priedai\/zarna-48-57mm-4bar\/\" \/>\n<meta property=\"og:locale\" content=\"ru_RU\" \/>\n<meta property=\"og:type\" content=\"article\" \/>\n<meta property=\"og:title\" content=\"\u017darna 48\/57mm 4bar 1m | Ignista\" \/>\n<meta property=\"og:description\" content=\"Auk\u0161tos kokyb\u0117s au\u0161inimo \u017earna, skirta vandens cirkuliacijai krosnel\u0117se ir kubiluose. Pagaminta i\u0161 patvarios med\u017eiagos, atsparios sl\u0117giui ir temperat\u016bros poky\u010diams.\" \/>\n<meta property=\"og:url\" content=\"https:\/\/ignista.lt\/ru\/parduotuve\/krosneliu-priedai\/zarna-48-57mm-4bar\/\" \/>\n<meta property=\"og:site_name\" content=\"Ignista\" \/>\n<meta property=\"article:modified_time\" content=\"2026-03-21T13:01:13+00:00\" \/>\n<meta property=\"og:image\" content=\"https:\/\/ignista.lt\/wp-content\/uploads\/2025\/09\/WhatsApp-Image-2025-09-24-at-12.07.29_26d6b0b9.jpg\" \/>\n\t<meta property=\"og:image:width\" content=\"1600\" \/>\n\t<meta property=\"og:image:height\" content=\"1200\" \/>\n\t<meta property=\"og:image:type\" content=\"image\/jpeg\" \/>\n<script type=\"application\/ld+json\" class=\"yoast-schema-graph\">{\"@context\":\"https:\\\/\\\/schema.org\",\"@graph\":[{\"@type\":\"WebPage\",\"@id\":\"https:\\\/\\\/ignista.lt\\\/parduotuve\\\/krosneliu-priedai\\\/zarna-48-57mm-4bar\\\/\",\"url\":\"https:\\\/\\\/ignista.lt\\\/parduotuve\\\/krosneliu-priedai\\\/zarna-48-57mm-4bar\\\/\",\"name\":\"\u017darna 48\\\/57mm 4bar 1m | Ignista\",\"isPartOf\":{\"@id\":\"https:\\\/\\\/ignista.lt\\\/#website\"},\"primaryImageOfPage\":{\"@id\":\"https:\\\/\\\/ignista.lt\\\/parduotuve\\\/krosneliu-priedai\\\/zarna-48-57mm-4bar\\\/#primaryimage\"},\"image\":{\"@id\":\"https:\\\/\\\/ignista.lt\\\/parduotuve\\\/krosneliu-priedai\\\/zarna-48-57mm-4bar\\\/#primaryimage\"},\"thumbnailUrl\":\"https:\\\/\\\/ignista.lt\\\/wp-content\\\/uploads\\\/2025\\\/09\\\/WhatsApp-Image-2025-09-24-at-12.07.29_26d6b0b9.jpg\",\"datePublished\":\"2025-09-24T11:56:04+00:00\",\"dateModified\":\"2026-03-21T13:01:13+00:00\",\"description\":\"Auk\u0161tos kokyb\u0117s au\u0161inimo \u017earna, skirta vandens cirkuliacijai krosnel\u0117se ir kubiluose. Pagaminta i\u0161 patvarios med\u017eiagos, atsparios sl\u0117giui ir temperat\u016bros poky\u010diams.\",\"breadcrumb\":{\"@id\":\"https:\\\/\\\/ignista.lt\\\/parduotuve\\\/krosneliu-priedai\\\/zarna-48-57mm-4bar\\\/#breadcrumb\"},\"inLanguage\":\"ru-RU\",\"potentialAction\":[{\"@type\":\"ReadAction\",\"target\":[\"https:\\\/\\\/ignista.lt\\\/parduotuve\\\/krosneliu-priedai\\\/zarna-48-57mm-4bar\\\/\"]}]},{\"@type\":\"ImageObject\",\"inLanguage\":\"ru-RU\",\"@id\":\"https:\\\/\\\/ignista.lt\\\/parduotuve\\\/krosneliu-priedai\\\/zarna-48-57mm-4bar\\\/#primaryimage\",\"url\":\"https:\\\/\\\/ignista.lt\\\/wp-content\\\/uploads\\\/2025\\\/09\\\/WhatsApp-Image-2025-09-24-at-12.07.29_26d6b0b9.jpg\",\"contentUrl\":\"https:\\\/\\\/ignista.lt\\\/wp-content\\\/uploads\\\/2025\\\/09\\\/WhatsApp-Image-2025-09-24-at-12.07.29_26d6b0b9.jpg\",\"width\":1600,\"height\":1200},{\"@type\":\"BreadcrumbList\",\"@id\":\"https:\\\/\\\/ignista.lt\\\/parduotuve\\\/krosneliu-priedai\\\/zarna-48-57mm-4bar\\\/#breadcrumb\",\"itemListElement\":[{\"@type\":\"ListItem\",\"position\":1,\"name\":\"Home\",\"item\":\"https:\\\/\\\/ignista.lt\\\/lt\\\/\"},{\"@type\":\"ListItem\",\"position\":2,\"name\":\"Parduotuv\u0117\",\"item\":\"https:\\\/\\\/ignista.lt\\\/lt\\\/parduotuve\\\/\"},{\"@type\":\"ListItem\",\"position\":3,\"name\":\"\u017darna 48\\\/57mm 4bar 1m\"}]},{\"@type\":\"WebSite\",\"@id\":\"https:\\\/\\\/ignista.lt\\\/#website\",\"url\":\"https:\\\/\\\/ignista.lt\\\/\",\"name\":\"Ignista\",\"description\":\"ner\u016bdijan\u010dio plieno krosnel\u0117s kubilams ir \u012fvair\u016bs metalo gaminiai\",\"potentialAction\":[{\"@type\":\"SearchAction\",\"target\":{\"@type\":\"EntryPoint\",\"urlTemplate\":\"https:\\\/\\\/ignista.lt\\\/?s={search_term_string}\"},\"query-input\":{\"@type\":\"PropertyValueSpecification\",\"valueRequired\":true,\"valueName\":\"search_term_string\"}}],\"inLanguage\":\"ru-RU\"}]}<\/script>\n<!-- \/ Yoast SEO plugin. -->","yoast_head_json":{"title":"\u017darna 48\/57mm 4bar 1m | Ignista","description":"\u0412\u044b\u0441\u043e\u043a\u043e\u043a\u0430\u0447\u0435\u0441\u0442\u0432\u0435\u043d\u043d\u044b\u0439 \u043e\u0445\u043b\u0430\u0436\u0434\u0430\u044e\u0449\u0438\u0439 \u0448\u043b\u0430\u043d\u0433 \u0434\u043b\u044f \u0446\u0438\u0440\u043a\u0443\u043b\u044f\u0446\u0438\u0438 \u0432\u043e\u0434\u044b \u0432 \u043f\u0435\u0447\u0430\u0445 \u0438 \u0433\u043e\u0440\u044f\u0447\u0438\u0445 \u0432\u0430\u043d\u043d\u0430\u0445. \u0418\u0437\u0433\u043e\u0442\u043e\u0432\u043b\u0435\u043d \u0438\u0437 \u043f\u0440\u043e\u0447\u043d\u043e\u0433\u043e \u043c\u0430\u0442\u0435\u0440\u0438\u0430\u043b\u0430, \u0443\u0441\u0442\u043e\u0439\u0447\u0438\u0432\u043e\u0433\u043e \u043a \u0434\u0430\u0432\u043b\u0435\u043d\u0438\u044e \u0438 \u043f\u0435\u0440\u0435\u043f\u0430\u0434\u0430\u043c \u0442\u0435\u043c\u043f\u0435\u0440\u0430\u0442\u0443\u0440\u044b.","robots":{"index":"index","follow":"follow","max-snippet":"max-snippet:-1","max-image-preview":"max-image-preview:large","max-video-preview":"max-video-preview:-1"},"canonical":"https:\/\/ignista.lt\/ru\/parduotuve\/krosneliu-priedai\/zarna-48-57mm-4bar\/","og_locale":"ru_RU","og_type":"article","og_title":"\u017darna 48\/57mm 4bar 1m | Ignista","og_description":"Auk\u0161tos kokyb\u0117s au\u0161inimo \u017earna, skirta vandens cirkuliacijai krosnel\u0117se ir kubiluose. Pagaminta i\u0161 patvarios med\u017eiagos, atsparios sl\u0117giui ir temperat\u016bros poky\u010diams.","og_url":"https:\/\/ignista.lt\/ru\/parduotuve\/krosneliu-priedai\/zarna-48-57mm-4bar\/","og_site_name":"Ignista","article_modified_time":"2026-03-21T13:01:13+00:00","og_image":[{"width":1600,"height":1200,"url":"https:\/\/ignista.lt\/wp-content\/uploads\/2025\/09\/WhatsApp-Image-2025-09-24-at-12.07.29_26d6b0b9.jpg","type":"image\/jpeg"}],"schema":{"@context":"https:\/\/schema.org","@graph":[{"@type":"WebPage","@id":"https:\/\/ignista.lt\/parduotuve\/krosneliu-priedai\/zarna-48-57mm-4bar\/","url":"https:\/\/ignista.lt\/parduotuve\/krosneliu-priedai\/zarna-48-57mm-4bar\/","name":"\u017darna 48\/57mm 4bar 1m | Ignista","isPartOf":{"@id":"https:\/\/ignista.lt\/#website"},"primaryImageOfPage":{"@id":"https:\/\/ignista.lt\/parduotuve\/krosneliu-priedai\/zarna-48-57mm-4bar\/#primaryimage"},"image":{"@id":"https:\/\/ignista.lt\/parduotuve\/krosneliu-priedai\/zarna-48-57mm-4bar\/#primaryimage"},"thumbnailUrl":"https:\/\/ignista.lt\/wp-content\/uploads\/2025\/09\/WhatsApp-Image-2025-09-24-at-12.07.29_26d6b0b9.jpg","datePublished":"2025-09-24T11:56:04+00:00","dateModified":"2026-03-21T13:01:13+00:00","description":"\u0412\u044b\u0441\u043e\u043a\u043e\u043a\u0430\u0447\u0435\u0441\u0442\u0432\u0435\u043d\u043d\u044b\u0439 \u043e\u0445\u043b\u0430\u0436\u0434\u0430\u044e\u0449\u0438\u0439 \u0448\u043b\u0430\u043d\u0433 \u0434\u043b\u044f \u0446\u0438\u0440\u043a\u0443\u043b\u044f\u0446\u0438\u0438 \u0432\u043e\u0434\u044b \u0432 \u043f\u0435\u0447\u0430\u0445 \u0438 \u0433\u043e\u0440\u044f\u0447\u0438\u0445 \u0432\u0430\u043d\u043d\u0430\u0445. \u0418\u0437\u0433\u043e\u0442\u043e\u0432\u043b\u0435\u043d \u0438\u0437 \u043f\u0440\u043e\u0447\u043d\u043e\u0433\u043e \u043c\u0430\u0442\u0435\u0440\u0438\u0430\u043b\u0430, \u0443\u0441\u0442\u043e\u0439\u0447\u0438\u0432\u043e\u0433\u043e \u043a \u0434\u0430\u0432\u043b\u0435\u043d\u0438\u044e \u0438 \u043f\u0435\u0440\u0435\u043f\u0430\u0434\u0430\u043c \u0442\u0435\u043c\u043f\u0435\u0440\u0430\u0442\u0443\u0440\u044b.","breadcrumb":{"@id":"https:\/\/ignista.lt\/parduotuve\/krosneliu-priedai\/zarna-48-57mm-4bar\/#breadcrumb"},"inLanguage":"ru-RU","potentialAction":[{"@type":"ReadAction","target":["https:\/\/ignista.lt\/parduotuve\/krosneliu-priedai\/zarna-48-57mm-4bar\/"]}]},{"@type":"ImageObject","inLanguage":"ru-RU","@id":"https:\/\/ignista.lt\/parduotuve\/krosneliu-priedai\/zarna-48-57mm-4bar\/#primaryimage","url":"https:\/\/ignista.lt\/wp-content\/uploads\/2025\/09\/WhatsApp-Image-2025-09-24-at-12.07.29_26d6b0b9.jpg","contentUrl":"https:\/\/ignista.lt\/wp-content\/uploads\/2025\/09\/WhatsApp-Image-2025-09-24-at-12.07.29_26d6b0b9.jpg","width":1600,"height":1200},{"@type":"BreadcrumbList","@id":"https:\/\/ignista.lt\/parduotuve\/krosneliu-priedai\/zarna-48-57mm-4bar\/#breadcrumb","itemListElement":[{"@type":"ListItem","position":1,"name":"Home","item":"https:\/\/ignista.lt\/lt\/"},{"@type":"ListItem","position":2,"name":"Parduotuv\u0117","item":"https:\/\/ignista.lt\/lt\/parduotuve\/"},{"@type":"ListItem","position":3,"name":"\u017darna 48\/57mm 4bar 1m"}]},{"@type":"WebSite","@id":"https:\/\/ignista.lt\/#website","url":"https:\/\/ignista.lt\/","name":"Ignista","description":"ner\u016bdijan\u010dio plieno krosnel\u0117s kubilams ir \u012fvair\u016bs metalo gaminiai","potentialAction":[{"@type":"SearchAction","target":{"@type":"EntryPoint","urlTemplate":"https:\/\/ignista.lt\/?s={search_term_string}"},"query-input":{"@type":"PropertyValueSpecification","valueRequired":true,"valueName":"search_term_string"}}],"inLanguage":"ru-RU"}]}},"_links":{"self":[{"href":"https:\/\/ignista.lt\/ru\/wp-json\/wp\/v2\/product\/652","targetHints":{"allow":["GET"]}}],"collection":[{"href":"https:\/\/ignista.lt\/ru\/wp-json\/wp\/v2\/product"}],"about":[{"href":"https:\/\/ignista.lt\/ru\/wp-json\/wp\/v2\/types\/product"}],"wp:featuredmedia":[{"embeddable":true,"href":"https:\/\/ignista.lt\/ru\/wp-json\/wp\/v2\/media\/632"}],"wp:attachment":[{"href":"https:\/\/ignista.lt\/ru\/wp-json\/wp\/v2\/media?parent=652"}],"wp:term":[{"taxonomy":"product_brand","embeddable":true,"href":"https:\/\/ignista.lt\/ru\/wp-json\/wp\/v2\/product_brand?post=652"},{"taxonomy":"product_cat","embeddable":true,"href":"https:\/\/ignista.lt\/ru\/wp-json\/wp\/v2\/product_cat?post=652"},{"taxonomy":"product_tag","embeddable":true,"href":"https:\/\/ignista.lt\/ru\/wp-json\/wp\/v2\/product_tag?post=652"}],"curies":[{"name":"wp","href":"https:\/\/api.w.org\/{rel}","templated":true}]}}